{"id":916,"date":"2022-03-03T12:05:14","date_gmt":"2022-03-03T12:05:14","guid":{"rendered":"http:\/\/percursoseideias.iscet.pt\/?page_id=916"},"modified":"2022-03-06T08:23:34","modified_gmt":"2022-03-06T08:23:34","slug":"pi_2013_n05_rhi3-2","status":"publish","type":"page","link":"https:\/\/percursoseideias.iscet.pt\/index.php\/pi_2013_n05_rhi3-2\/","title":{"rendered":"Volume 5 &#8211; 2013 &#8211; Human Resources and Internationalization Issue (RHI3)"},"content":{"rendered":"\n<div class=\"wp-block-columns is-layout-flex wp-container-core-columns-is-layout-9d6595d7 wp-block-columns-is-layout-flex\">\n<div class=\"wp-block-column is-layout-flow wp-block-column-is-layout-flow\" style=\"flex-basis:20%\">\n<figure class=\"wp-block-image size-large\"><img loading=\"lazy\" decoding=\"async\" width=\"740\" height=\"1024\" src=\"https:\/\/percursoseideias.iscet.pt\/wp-content\/uploads\/2022\/03\/revista-percursos-ideias-5_rh-740x1024.png\" alt=\"\" class=\"wp-image-268\" srcset=\"https:\/\/percursoseideias.iscet.pt\/wp-content\/uploads\/2022\/03\/revista-percursos-ideias-5_rh-740x1024.png 740w, https:\/\/percursoseideias.iscet.pt\/wp-content\/uploads\/2022\/03\/revista-percursos-ideias-5_rh-217x300.png 217w, https:\/\/percursoseideias.iscet.pt\/wp-content\/uploads\/2022\/03\/revista-percursos-ideias-5_rh-768x1063.png 768w, https:\/\/percursoseideias.iscet.pt\/wp-content\/uploads\/2022\/03\/revista-percursos-ideias-5_rh-1110x1536.png 1110w, https:\/\/percursoseideias.iscet.pt\/wp-content\/uploads\/2022\/03\/revista-percursos-ideias-5_rh-1480x2048.png 1480w, https:\/\/percursoseideias.iscet.pt\/wp-content\/uploads\/2022\/03\/revista-percursos-ideias-5_rh.png 1786w\" sizes=\"auto, (max-width: 740px) 100vw, 740px\" \/><\/figure>\n\n\n\n<p class=\"has-text-align-center\" style=\"font-size:16px\"><a href=\"https:\/\/percursoseideias.iscet.pt\/index.php\/pi_2013_n05_rhi1-2\/\"><img loading=\"lazy\" decoding=\"async\" width=\"16\" height=\"13\" class=\"wp-image-373\" style=\"width: 16px;\" src=\"https:\/\/percursoseideias.iscet.pt\/wp-content\/uploads\/2022\/03\/DoubleArrow_Left.jpg\" alt=\"\" srcset=\"https:\/\/percursoseideias.iscet.pt\/wp-content\/uploads\/2022\/03\/DoubleArrow_Left.jpg 1150w, https:\/\/percursoseideias.iscet.pt\/wp-content\/uploads\/2022\/03\/DoubleArrow_Left-300x239.jpg 300w, https:\/\/percursoseideias.iscet.pt\/wp-content\/uploads\/2022\/03\/DoubleArrow_Left-1024x816.jpg 1024w, https:\/\/percursoseideias.iscet.pt\/wp-content\/uploads\/2022\/03\/DoubleArrow_Left-768x612.jpg 768w\" sizes=\"auto, (max-width: 16px) 100vw, 16px\" \/><\/a>  <a href=\"https:\/\/percursoseideias.iscet.pt\/index.php\/pi_2013_n05_rhi2-2\/\"><img loading=\"lazy\" decoding=\"async\" width=\"11\" height=\"12\" class=\"wp-image-371\" style=\"width: 11px;\" src=\"https:\/\/percursoseideias.iscet.pt\/wp-content\/uploads\/2022\/03\/Arrow_Left.jpg\" alt=\"\" srcset=\"https:\/\/percursoseideias.iscet.pt\/wp-content\/uploads\/2022\/03\/Arrow_Left.jpg 820w, https:\/\/percursoseideias.iscet.pt\/wp-content\/uploads\/2022\/03\/Arrow_Left-269x300.jpg 269w, https:\/\/percursoseideias.iscet.pt\/wp-content\/uploads\/2022\/03\/Arrow_Left-150x150.jpg 150w, https:\/\/percursoseideias.iscet.pt\/wp-content\/uploads\/2022\/03\/Arrow_Left-768x858.jpg 768w, https:\/\/percursoseideias.iscet.pt\/wp-content\/uploads\/2022\/03\/Arrow_Left-80x80.jpg 80w, https:\/\/percursoseideias.iscet.pt\/wp-content\/uploads\/2022\/03\/Arrow_Left-320x320.jpg 320w\" sizes=\"auto, (max-width: 11px) 100vw, 11px\" \/><\/a>  <a href=\"https:\/\/percursoseideias.iscet.pt\/index.php\/volume-5-2013-human-resources-and-internationalization-issue\/\">Contents<\/a>  <a href=\"https:\/\/percursoseideias.iscet.pt\/index.php\/pi_2013_n05_rhi4-2\/\"><img loading=\"lazy\" decoding=\"async\" width=\"11\" height=\"12\" class=\"wp-image-372\" style=\"width: 11px;\" src=\"https:\/\/percursoseideias.iscet.pt\/wp-content\/uploads\/2022\/03\/Arrow_Right.jpg\" alt=\"\" srcset=\"https:\/\/percursoseideias.iscet.pt\/wp-content\/uploads\/2022\/03\/Arrow_Right.jpg 820w, https:\/\/percursoseideias.iscet.pt\/wp-content\/uploads\/2022\/03\/Arrow_Right-269x300.jpg 269w, https:\/\/percursoseideias.iscet.pt\/wp-content\/uploads\/2022\/03\/Arrow_Right-150x150.jpg 150w, https:\/\/percursoseideias.iscet.pt\/wp-content\/uploads\/2022\/03\/Arrow_Right-768x858.jpg 768w, https:\/\/percursoseideias.iscet.pt\/wp-content\/uploads\/2022\/03\/Arrow_Right-80x80.jpg 80w, https:\/\/percursoseideias.iscet.pt\/wp-content\/uploads\/2022\/03\/Arrow_Right-320x320.jpg 320w\" sizes=\"auto, (max-width: 11px) 100vw, 11px\" \/><\/a>  <a href=\"https:\/\/percursoseideias.iscet.pt\/index.php\/pi_2013_n05_rhi4-2\/\"><img loading=\"lazy\" decoding=\"async\" width=\"16\" height=\"13\" class=\"wp-image-374\" style=\"width: 16px;\" src=\"https:\/\/percursoseideias.iscet.pt\/wp-content\/uploads\/2022\/03\/DoubleArrow_Right.jpg\" alt=\"\" srcset=\"https:\/\/percursoseideias.iscet.pt\/wp-content\/uploads\/2022\/03\/DoubleArrow_Right.jpg 1150w, https:\/\/percursoseideias.iscet.pt\/wp-content\/uploads\/2022\/03\/DoubleArrow_Right-300x239.jpg 300w, https:\/\/percursoseideias.iscet.pt\/wp-content\/uploads\/2022\/03\/DoubleArrow_Right-1024x816.jpg 1024w, https:\/\/percursoseideias.iscet.pt\/wp-content\/uploads\/2022\/03\/DoubleArrow_Right-768x612.jpg 768w\" sizes=\"auto, (max-width: 16px) 100vw, 16px\" \/><\/a><br><a href=\"https:\/\/percursoseideias.iscet.pt\/index.php\/archive\/\">Archive<\/a><br><a href=\"https:\/\/percursoseideias.iscet.pt\/index.php\/current-issues\/\">Current issue<\/a><\/p>\n<\/div>\n\n\n\n<div class=\"wp-block-column is-layout-flow wp-block-column-is-layout-flow\" style=\"flex-basis:66.66%\">\n<p style=\"font-size:30px\"><strong>O Transporte A\u00e9reo como Fator de Integra\u00e7\u00e3o do Com\u00e9rcio Internacional &#8211; Evolu\u00e7\u00e3o Regulamentar Internacional<\/strong><\/p>\n\n\n\n<p class=\"has-medium-font-size\">Marta Borges<sup>1<\/sup><\/p>\n\n\n\n<p style=\"font-size:15px\"><sup>1<\/sup> ISCET \u2013 High Institute of Business and Tourism Sciences, Porto, Portugal<\/p>\n\n\n\n<p style=\"font-size:15px\"><\/p>\n\n\n\n<p style=\"font-size:16px\">To cite this text:<\/p>\n\n\n\n<p style=\"font-size:15px\">Borges, M. (2013), O Transporte A\u00e9reo como Fator de Integra\u00e7\u00e3o do Com\u00e9rcio Internacional &#8211; Evolu\u00e7\u00e3o Regulamentar Internacional, <em>Percursos &amp; Ideias<\/em>, Vol. 5, pp. 23-28.<\/p>\n\n\n\n<p style=\"font-size:15px\"><a rel=\"noreferrer noopener\" href=\"https:\/\/percursoseideias.iscet.pt\/wp-content\/uploads\/2022\/03\/PI_2013_N05_RHI3.pdf\" target=\"_blank\">V<\/a><a rel=\"noreferrer noopener\" href=\"https:\/\/percursoseideias.iscet.pt\/wp-content\/uploads\/2022\/03\/PI_2013_N05_RHI3.pdf\" target=\"_blank\">i<\/a><a rel=\"noreferrer noopener\" href=\"https:\/\/percursoseideias.iscet.pt\/wp-content\/uploads\/2022\/03\/PI_2013_N05_RHI3.pdf\" target=\"_blank\">e<\/a><a rel=\"noreferrer noopener\" href=\"https:\/\/percursoseideias.iscet.pt\/wp-content\/uploads\/2022\/03\/PI_2013_N05_RHI3.pdf\" target=\"_blank\">w<\/a><a rel=\"noreferrer noopener\" href=\"https:\/\/percursoseideias.iscet.pt\/wp-content\/uploads\/2022\/03\/PI_2013_N05_RHI3.pdf\" target=\"_blank\"> <\/a><a rel=\"noreferrer noopener\" href=\"https:\/\/percursoseideias.iscet.pt\/wp-content\/uploads\/2022\/03\/PI_2013_N05_RHI3.pdf\" target=\"_blank\">f<\/a><a rel=\"noreferrer noopener\" href=\"https:\/\/percursoseideias.iscet.pt\/wp-content\/uploads\/2022\/03\/PI_2013_N05_RHI3.pdf\" target=\"_blank\">u<\/a><a rel=\"noreferrer noopener\" href=\"https:\/\/percursoseideias.iscet.pt\/wp-content\/uploads\/2022\/03\/PI_2013_N05_RHI3.pdf\" target=\"_blank\">l<\/a><a rel=\"noreferrer noopener\" href=\"https:\/\/percursoseideias.iscet.pt\/wp-content\/uploads\/2022\/03\/PI_2013_N05_RHI3.pdf\" target=\"_blank\">l<\/a><a rel=\"noreferrer noopener\" href=\"https:\/\/percursoseideias.iscet.pt\/wp-content\/uploads\/2022\/03\/PI_2013_N05_RHI3.pdf\" target=\"_blank\"> <\/a><a rel=\"noreferrer noopener\" href=\"https:\/\/percursoseideias.iscet.pt\/wp-content\/uploads\/2022\/03\/PI_2013_N05_RHI3.pdf\" target=\"_blank\">t<\/a><a rel=\"noreferrer noopener\" href=\"https:\/\/percursoseideias.iscet.pt\/wp-content\/uploads\/2022\/03\/PI_2013_N05_RHI3.pdf\" target=\"_blank\">e<\/a><a rel=\"noreferrer noopener\" href=\"https:\/\/percursoseideias.iscet.pt\/wp-content\/uploads\/2022\/03\/PI_2013_N05_RHI3.pdf\" target=\"_blank\">x<\/a><a href=\"https:\/\/percursoseideias.iscet.pt\/wp-content\/uploads\/2022\/03\/PI_2013_N05_RHI3.pdf\" target=\"_blank\" rel=\"noreferrer noopener\">t<\/a><a rel=\"noreferrer noopener\" href=\"https:\/\/percursoseideias.iscet.pt\/wp-content\/uploads\/2022\/03\/PI_2013_N05_RHI3.pdf\" target=\"_blank\"> PDF<\/a> <a rel=\"noreferrer noopener\" href=\"https:\/\/percursoseideias.iscet.pt\/wp-content\/uploads\/2022\/03\/PI_2013_N05_RHI3.pdf\" target=\"_blank\"><img decoding=\"async\" class=\"wp-image-213\" style=\"width: 20px;\" src=\"http:\/\/magano.com\/percursoseideias\/wp-content\/uploads\/2022\/02\/PDF_logo.jpeg\" alt=\"\"><\/a> <\/p>\n\n\n\n<p><strong>Abstract<\/strong><\/p>\n\n\n\n<p style=\"font-size:16px\">Air transport was the last means of transport to be invented: it dates back to the 18th century, notwithstanding its use for commercial purposes, its development only took place in the second half of the 20th century, after the Second World War (1939\/1945). Since early times, given its international outlook, air transport has drawn the attention of several sovereign states and international organisations related to air transport.<\/p>\n\n\n\n<p><strong>Keywords<\/strong><\/p>\n\n\n\n<p style=\"font-size:16px\">Air transport, International convention, Goods (cargo).<\/p>\n\n\n\n<p><strong>References<\/strong><\/p>\n\n\n\n<p style=\"font-size:14px\">Almeida, Carlos Alberto Neves (2010) \u201cDo Contrato de Transporte A\u00e9reo e da Responsabilidade Civil do Transportador A\u00e9reo\u201d, Coimbra, Almedina.<\/p>\n\n\n\n<p style=\"font-size:14px\">Buono, Barbara J., (1989), \u201cThe Recoverability of Punitive Damages Under the Warsaw Convention in Cases of Wilful Misconduct: Is the Sky the Limit?\u201d, Volume 13, Issue 4, Article 6, Fordham International Law Journal, pag. 573 e ss.<\/p>\n\n\n\n<p style=\"font-size:14px\">Coutinho, J. Martins Pereira (2008) \u201cTransportes A\u00e9reo Exporta\u00e7\u00e3o e Aeroportos\u201d, Santa Iria de Az\u00f3ia, Carga Edi\u00e7\u00f5es, Lda..<\/p>\n\n\n\n<p style=\"font-size:14px\">Parra, Agust\u00edn Madrid (coordenador) (1998) \u201cDerecho uniforme del transporte internacional, cuestiones de actualidad\u201d, McGraw-Hill\/Interamericana de Espa\u00f1a, S. A.U..<\/p>\n\n\n\n<p style=\"font-size:14px\">Proen\u00e7a, Alfredo\/ J. Espanha (2004) \u201cTransporte de Mercadorias\u201d, Coimbra, Almedina.<\/p>\n\n\n\n<p style=\"font-size:14px\">Quintas, Helder\/Martins, Amilcar (2002) \u201cDireito dos Transportes, Legisla\u00e7\u00e3o Nacional, Internacional e Comunit\u00e1ria, Jurisprud\u00eancia Nacional e Comunit\u00e1ria\u201d, Coimbra, Almedina, p\u00e1gs 1067 e ss.<\/p>\n<\/div>\n<\/div>\n\n\n\n<p><\/p>\n","protected":false},"excerpt":{"rendered":"<p>Contents ArchiveCurrent issue O Transporte A\u00e9reo como Fator de Integra\u00e7\u00e3o do Com\u00e9rcio Internacional &#8211; Evolu\u00e7\u00e3o Regulamentar Internacional Marta Borges1 1 ISCET \u2013 High Institute of Business and Tourism Sciences, Porto, Portugal To cite this&#46;&#46;&#46;<\/p>\n","protected":false},"author":6,"featured_media":0,"parent":0,"menu_order":0,"comment_status":"closed","ping_status":"closed","template":"","meta":{"footnotes":""},"class_list":["post-916","page","type-page","status-publish","hentry"],"_links":{"self":[{"href":"https:\/\/percursoseideias.iscet.pt\/index.php\/wp-json\/wp\/v2\/pages\/916","targetHints":{"allow":["GET"]}}],"collection":[{"href":"https:\/\/percursoseideias.iscet.pt\/index.php\/wp-json\/wp\/v2\/pages"}],"about":[{"href":"https:\/\/percursoseideias.iscet.pt\/index.php\/wp-json\/wp\/v2\/types\/page"}],"author":[{"embeddable":true,"href":"https:\/\/percursoseideias.iscet.pt\/index.php\/wp-json\/wp\/v2\/users\/6"}],"replies":[{"embeddable":true,"href":"https:\/\/percursoseideias.iscet.pt\/index.php\/wp-json\/wp\/v2\/comments?post=916"}],"version-history":[{"count":4,"href":"https:\/\/percursoseideias.iscet.pt\/index.php\/wp-json\/wp\/v2\/pages\/916\/revisions"}],"predecessor-version":[{"id":1868,"href":"https:\/\/percursoseideias.iscet.pt\/index.php\/wp-json\/wp\/v2\/pages\/916\/revisions\/1868"}],"wp:attachment":[{"href":"https:\/\/percursoseideias.iscet.pt\/index.php\/wp-json\/wp\/v2\/media?parent=916"}],"curies":[{"name":"wp","href":"https:\/\/api.w.org\/{rel}","templated":true}]}}