{"id":912,"date":"2022-03-03T12:03:43","date_gmt":"2022-03-03T12:03:43","guid":{"rendered":"http:\/\/percursoseideias.iscet.pt\/?page_id=912"},"modified":"2022-03-06T08:24:38","modified_gmt":"2022-03-06T08:24:38","slug":"pi_2013_n05_rhi1-2","status":"publish","type":"page","link":"https:\/\/percursoseideias.iscet.pt\/index.php\/pi_2013_n05_rhi1-2\/","title":{"rendered":"Volume 5 &#8211; 2013 &#8211; Human Resources and Internationalization Issue (RHI1)"},"content":{"rendered":"\n<div class=\"wp-block-columns is-layout-flex wp-container-core-columns-is-layout-9d6595d7 wp-block-columns-is-layout-flex\">\n<div class=\"wp-block-column is-layout-flow wp-block-column-is-layout-flow\" style=\"flex-basis:20%\">\n<figure class=\"wp-block-image size-large\"><img loading=\"lazy\" decoding=\"async\" width=\"740\" height=\"1024\" src=\"https:\/\/percursoseideias.iscet.pt\/wp-content\/uploads\/2022\/03\/revista-percursos-ideias-5_rh-740x1024.png\" alt=\"\" class=\"wp-image-268\" srcset=\"https:\/\/percursoseideias.iscet.pt\/wp-content\/uploads\/2022\/03\/revista-percursos-ideias-5_rh-740x1024.png 740w, https:\/\/percursoseideias.iscet.pt\/wp-content\/uploads\/2022\/03\/revista-percursos-ideias-5_rh-217x300.png 217w, https:\/\/percursoseideias.iscet.pt\/wp-content\/uploads\/2022\/03\/revista-percursos-ideias-5_rh-768x1063.png 768w, https:\/\/percursoseideias.iscet.pt\/wp-content\/uploads\/2022\/03\/revista-percursos-ideias-5_rh-1110x1536.png 1110w, https:\/\/percursoseideias.iscet.pt\/wp-content\/uploads\/2022\/03\/revista-percursos-ideias-5_rh-1480x2048.png 1480w, https:\/\/percursoseideias.iscet.pt\/wp-content\/uploads\/2022\/03\/revista-percursos-ideias-5_rh.png 1786w\" sizes=\"auto, (max-width: 740px) 100vw, 740px\" \/><\/figure>\n\n\n\n<p class=\"has-text-align-center\" style=\"font-size:16px\">   <a href=\"https:\/\/percursoseideias.iscet.pt\/index.php\/volume-5-2013-human-resources-and-internationalization-issue\/\">Contents<\/a>  <a href=\"https:\/\/percursoseideias.iscet.pt\/index.php\/pi_2013_n05_rhi2-2\/\"><img loading=\"lazy\" decoding=\"async\" width=\"11\" height=\"12\" class=\"wp-image-372\" style=\"width: 11px;\" src=\"https:\/\/percursoseideias.iscet.pt\/wp-content\/uploads\/2022\/03\/Arrow_Right.jpg\" alt=\"\" srcset=\"https:\/\/percursoseideias.iscet.pt\/wp-content\/uploads\/2022\/03\/Arrow_Right.jpg 820w, https:\/\/percursoseideias.iscet.pt\/wp-content\/uploads\/2022\/03\/Arrow_Right-269x300.jpg 269w, https:\/\/percursoseideias.iscet.pt\/wp-content\/uploads\/2022\/03\/Arrow_Right-150x150.jpg 150w, https:\/\/percursoseideias.iscet.pt\/wp-content\/uploads\/2022\/03\/Arrow_Right-768x858.jpg 768w, https:\/\/percursoseideias.iscet.pt\/wp-content\/uploads\/2022\/03\/Arrow_Right-80x80.jpg 80w, https:\/\/percursoseideias.iscet.pt\/wp-content\/uploads\/2022\/03\/Arrow_Right-320x320.jpg 320w\" sizes=\"auto, (max-width: 11px) 100vw, 11px\" \/><\/a>  <a href=\"https:\/\/percursoseideias.iscet.pt\/index.php\/pi_2013_n05_rhi4-2\/\"><img loading=\"lazy\" decoding=\"async\" width=\"16\" height=\"13\" class=\"wp-image-374\" style=\"width: 16px;\" src=\"https:\/\/percursoseideias.iscet.pt\/wp-content\/uploads\/2022\/03\/DoubleArrow_Right.jpg\" alt=\"\" srcset=\"https:\/\/percursoseideias.iscet.pt\/wp-content\/uploads\/2022\/03\/DoubleArrow_Right.jpg 1150w, https:\/\/percursoseideias.iscet.pt\/wp-content\/uploads\/2022\/03\/DoubleArrow_Right-300x239.jpg 300w, https:\/\/percursoseideias.iscet.pt\/wp-content\/uploads\/2022\/03\/DoubleArrow_Right-1024x816.jpg 1024w, https:\/\/percursoseideias.iscet.pt\/wp-content\/uploads\/2022\/03\/DoubleArrow_Right-768x612.jpg 768w\" sizes=\"auto, (max-width: 16px) 100vw, 16px\" \/><\/a><br><a href=\"https:\/\/percursoseideias.iscet.pt\/index.php\/archive\/\">Archive<\/a><br><a href=\"https:\/\/percursoseideias.iscet.pt\/index.php\/current-issues\/\">Current issue<\/a><\/p>\n<\/div>\n\n\n\n<div class=\"wp-block-column is-layout-flow wp-block-column-is-layout-flow\" style=\"flex-basis:66.66%\">\n<p style=\"font-size:30px\"><strong>O Com\u00e9rcio Internacional Portugu\u00eas &#8211; Notas Sobre o Papel Hist\u00f3rico do Vinho do Porto na Exporta\u00e7\u00e3o<\/strong><\/p>\n\n\n\n<p class=\"has-medium-font-size\">Adelino Pereira<sup>1<\/sup><\/p>\n\n\n\n<p style=\"font-size:15px\"><sup>1<\/sup> ISCET \u2013 High Institute of Business and Tourism Sciences, Porto, Portugal<\/p>\n\n\n\n<p style=\"font-size:15px\"><\/p>\n\n\n\n<p style=\"font-size:16px\">To cite this text:<\/p>\n\n\n\n<p style=\"font-size:15px\">Pereira, A. (2013), O Com\u00e9rcio Internacional Portugu\u00eas &#8211; Notas Sobre o Papel Hist\u00f3rico do Vinho do Porto na Exporta\u00e7\u00e3o, <em>Percursos &amp; Ideias<\/em>, Vol. 5, pp. 5-13.<\/p>\n\n\n\n<p style=\"font-size:15px\"><a rel=\"noreferrer noopener\" href=\"https:\/\/percursoseideias.iscet.pt\/wp-content\/uploads\/2022\/03\/PI_2013_N05_RHI1.pdf\" target=\"_blank\">View full text PDF<\/a> <a rel=\"noreferrer noopener\" href=\"https:\/\/percursoseideias.iscet.pt\/wp-content\/uploads\/2022\/03\/PI_2013_N05_RHI1.pdf\" target=\"_blank\"><img decoding=\"async\" class=\"wp-image-213\" style=\"width: 20px;\" src=\"http:\/\/magano.com\/percursoseideias\/wp-content\/uploads\/2022\/02\/PDF_logo.jpeg\" alt=\"\"><\/a> <\/p>\n\n\n\n<p><strong>Abstract<\/strong><\/p>\n\n\n\n<p style=\"font-size:16px\">At a time when international trade has acquired increasing importance for the Portuguese economy, this paper provides a brief historical overview about a product \u2013 Port Wine \u2013 which had a particularly relevant role in the Portuguese exports. Today, this product is still one of the country\u2019s brand image abroad. Linked to the international trade, it also arises the classic role of Customs including here the traditional procedures and custom duties related with exports, which are also now briefly reviewed, taking also into account the current European integration of the Portuguese economy.<\/p>\n\n\n\n<p><strong>Keywords<\/strong><\/p>\n\n\n\n<p style=\"font-size:16px\">Foreign trade, Port Wine, Customs procedures.<\/p>\n\n\n\n<p><strong>References<\/strong><\/p>\n\n\n\n<p style=\"font-size:14px\">Autoridade Tribut\u00e1ria (2007),<em> A Hist\u00f3ria das Alf\u00e2ndegas vista atrav\u00e9s do Arquivo Hist\u00f3rico<\/em>, Dispon\u00edvel em: <a href=\"http:\/\/www.dgaiec.min-financas.pt\/pt\/quem_somos\/arquivo_historico\/notas_historicas\/\" target=\"_blank\" rel=\"noreferrer noopener\">http:\/\/www.dgaiec.min-financas.pt\/pt\/quem_somos\/arquivo_historico\/notas_historicas\/<\/a> [Acedido em 22 de mar\u00e7o de 2013].<\/p>\n\n\n\n<p style=\"font-size:14px\">Campos, Jo\u00e3o Mota (2002), <em>Contencioso Comunit\u00e1rio<\/em>, Coimbra, Coimbra Editora.<\/p>\n\n\n\n<p style=\"font-size:14px\"><\/p>\n\n\n\n<p style=\"font-size:14px\"><a><\/a><a>Fernandes, J. P. Teixeira (2013) <em>Elementos de Economia Pol\u00edtica Internacional<\/em>, 2\u00aa ed., Coimbra, Livraria Almedina<\/a>.<\/p>\n\n\n\n<p style=\"font-size:14px\"><a><\/a><a>Medeiros, Eduardo Raposo (1996), <em>Novas Regras do Com\u00e9rcio Internacional<\/em>, Lisboa: Instituto Superior de Ci\u00eancias Sociais e Pol\u00edticas<\/a>.<\/p>\n\n\n\n<p style=\"font-size:14px\">____ (1985) <em>O Direito Aduaneiro sua vertente Internacional<\/em>, Lisboa, Instituto Superior de Ci\u00eancias Sociais e Pol\u00edticas.<\/p>\n\n\n\n<p style=\"font-size:14px\"><a><\/a><a>Neves, Jo\u00e3o C\u00e9sar (2003), <em>Princ\u00edpios de Economia Pol\u00edtica<\/em>, Lisboa, Editorial Verbo<\/a><\/p>\n\n\n\n<p style=\"font-size:14px\"><a><\/a><a>Ricardo, David<\/a> (2001), <em>Princ\u00edpios de Economia Pol\u00edtica e de Tributa\u00e7\u00e3o<\/em>, 4\u00aa ed., Lisboa, Funda\u00e7\u00e3o Calouste Gulbenkian.<\/p>\n\n\n\n<p style=\"font-size:14px\"><a><\/a><a>Sousa, Fernando [ed] (2008), <em>Dicion\u00e1rio de Rela\u00e7\u00f5es Internacionais<\/em>, Porto, Edi\u00e7\u00f5es Afrontamento<\/a>.<\/p>\n<\/div>\n<\/div>\n","protected":false},"excerpt":{"rendered":"<p>Contents ArchiveCurrent issue O Com\u00e9rcio Internacional Portugu\u00eas &#8211; Notas Sobre o Papel Hist\u00f3rico do Vinho do Porto na Exporta\u00e7\u00e3o Adelino Pereira1 1 ISCET \u2013 High Institute of Business and Tourism Sciences, Porto, Portugal To&#46;&#46;&#46;<\/p>\n","protected":false},"author":6,"featured_media":0,"parent":0,"menu_order":0,"comment_status":"closed","ping_status":"closed","template":"","meta":{"footnotes":""},"class_list":["post-912","page","type-page","status-publish","hentry"],"_links":{"self":[{"href":"https:\/\/percursoseideias.iscet.pt\/index.php\/wp-json\/wp\/v2\/pages\/912","targetHints":{"allow":["GET"]}}],"collection":[{"href":"https:\/\/percursoseideias.iscet.pt\/index.php\/wp-json\/wp\/v2\/pages"}],"about":[{"href":"https:\/\/percursoseideias.iscet.pt\/index.php\/wp-json\/wp\/v2\/types\/page"}],"author":[{"embeddable":true,"href":"https:\/\/percursoseideias.iscet.pt\/index.php\/wp-json\/wp\/v2\/users\/6"}],"replies":[{"embeddable":true,"href":"https:\/\/percursoseideias.iscet.pt\/index.php\/wp-json\/wp\/v2\/comments?post=912"}],"version-history":[{"count":8,"href":"https:\/\/percursoseideias.iscet.pt\/index.php\/wp-json\/wp\/v2\/pages\/912\/revisions"}],"predecessor-version":[{"id":1870,"href":"https:\/\/percursoseideias.iscet.pt\/index.php\/wp-json\/wp\/v2\/pages\/912\/revisions\/1870"}],"wp:attachment":[{"href":"https:\/\/percursoseideias.iscet.pt\/index.php\/wp-json\/wp\/v2\/media?parent=912"}],"curies":[{"name":"wp","href":"https:\/\/api.w.org\/{rel}","templated":true}]}}