{"id":886,"date":"2022-03-03T11:42:29","date_gmt":"2022-03-03T11:42:29","guid":{"rendered":"http:\/\/percursoseideias.iscet.pt\/?page_id=886"},"modified":"2022-03-05T22:56:25","modified_gmt":"2022-03-05T22:56:25","slug":"pi_2014_n06_ci04-2","status":"publish","type":"page","link":"https:\/\/percursoseideias.iscet.pt\/index.php\/pi_2014_n06_ci04-2\/","title":{"rendered":"Volume 6 &#8211; 2014 &#8211; International Commerce Issue (CI04)"},"content":{"rendered":"\n<div class=\"wp-block-columns is-layout-flex wp-container-core-columns-is-layout-9d6595d7 wp-block-columns-is-layout-flex\">\n<div class=\"wp-block-column is-layout-flow wp-block-column-is-layout-flow\" style=\"flex-basis:20%\">\n<figure class=\"wp-block-image size-large\"><img loading=\"lazy\" decoding=\"async\" width=\"741\" height=\"1024\" src=\"https:\/\/percursoseideias.iscet.pt\/wp-content\/uploads\/2022\/03\/revista-percursos-ideias-6_ci-741x1024.png\" alt=\"\" class=\"wp-image-263\" srcset=\"https:\/\/percursoseideias.iscet.pt\/wp-content\/uploads\/2022\/03\/revista-percursos-ideias-6_ci-741x1024.png 741w, https:\/\/percursoseideias.iscet.pt\/wp-content\/uploads\/2022\/03\/revista-percursos-ideias-6_ci-217x300.png 217w, https:\/\/percursoseideias.iscet.pt\/wp-content\/uploads\/2022\/03\/revista-percursos-ideias-6_ci-768x1061.png 768w, https:\/\/percursoseideias.iscet.pt\/wp-content\/uploads\/2022\/03\/revista-percursos-ideias-6_ci-1111x1536.png 1111w, https:\/\/percursoseideias.iscet.pt\/wp-content\/uploads\/2022\/03\/revista-percursos-ideias-6_ci-1482x2048.png 1482w, https:\/\/percursoseideias.iscet.pt\/wp-content\/uploads\/2022\/03\/revista-percursos-ideias-6_ci.png 1790w\" sizes=\"auto, (max-width: 741px) 100vw, 741px\" \/><\/figure>\n\n\n\n<p class=\"has-text-align-center\" style=\"font-size:16px\"><a href=\"https:\/\/percursoseideias.iscet.pt\/index.php\/pi_2014_n06_ci01-2\/\"><img loading=\"lazy\" decoding=\"async\" width=\"16\" height=\"13\" class=\"wp-image-373\" style=\"width: 16px;\" src=\"https:\/\/percursoseideias.iscet.pt\/wp-content\/uploads\/2022\/03\/DoubleArrow_Left.jpg\" alt=\"\" srcset=\"https:\/\/percursoseideias.iscet.pt\/wp-content\/uploads\/2022\/03\/DoubleArrow_Left.jpg 1150w, https:\/\/percursoseideias.iscet.pt\/wp-content\/uploads\/2022\/03\/DoubleArrow_Left-300x239.jpg 300w, https:\/\/percursoseideias.iscet.pt\/wp-content\/uploads\/2022\/03\/DoubleArrow_Left-1024x816.jpg 1024w, https:\/\/percursoseideias.iscet.pt\/wp-content\/uploads\/2022\/03\/DoubleArrow_Left-768x612.jpg 768w\" sizes=\"auto, (max-width: 16px) 100vw, 16px\" \/><\/a>  <a href=\"https:\/\/percursoseideias.iscet.pt\/index.php\/pi_2014_n06_ci03-2\/\"><img loading=\"lazy\" decoding=\"async\" width=\"11\" height=\"12\" class=\"wp-image-371\" style=\"width: 11px;\" src=\"https:\/\/percursoseideias.iscet.pt\/wp-content\/uploads\/2022\/03\/Arrow_Left.jpg\" alt=\"\" srcset=\"https:\/\/percursoseideias.iscet.pt\/wp-content\/uploads\/2022\/03\/Arrow_Left.jpg 820w, https:\/\/percursoseideias.iscet.pt\/wp-content\/uploads\/2022\/03\/Arrow_Left-269x300.jpg 269w, https:\/\/percursoseideias.iscet.pt\/wp-content\/uploads\/2022\/03\/Arrow_Left-150x150.jpg 150w, https:\/\/percursoseideias.iscet.pt\/wp-content\/uploads\/2022\/03\/Arrow_Left-768x858.jpg 768w, https:\/\/percursoseideias.iscet.pt\/wp-content\/uploads\/2022\/03\/Arrow_Left-80x80.jpg 80w, https:\/\/percursoseideias.iscet.pt\/wp-content\/uploads\/2022\/03\/Arrow_Left-320x320.jpg 320w\" sizes=\"auto, (max-width: 11px) 100vw, 11px\" \/><\/a>  <a href=\"https:\/\/percursoseideias.iscet.pt\/index.php\/volume-6-2014-international-commerce-issue\/\">Contents<\/a>  <br><a href=\"https:\/\/percursoseideias.iscet.pt\/index.php\/archive\/\">Archive<\/a><br><a href=\"https:\/\/percursoseideias.iscet.pt\/index.php\/current-issues\/\">Current issue<\/a><\/p>\n<\/div>\n\n\n\n<div class=\"wp-block-column is-layout-flow wp-block-column-is-layout-flow\" style=\"flex-basis:66.66%\">\n<p style=\"font-size:30px\"><strong>A Implementa\u00e7\u00e3o de Regras Comuns de Acesso \u00e0 Atividade e ao Mercado do Transportador A\u00e9reo Comunit\u00e1rio<\/strong><\/p>\n\n\n\n<p class=\"has-medium-font-size\">Marta Borges<\/p>\n\n\n\n<p style=\"font-size:15px\"><\/p>\n\n\n\n<p style=\"font-size:16px\">To cite this text:<\/p>\n\n\n\n<p style=\"font-size:15px\">Borges, M. (2014), A Implementa\u00e7\u00e3o de Regras Comuns de Acesso \u00e0 Atividade e ao Mercado do Transportador A\u00e9reo Comunit\u00e1rio, <em>Percursos &amp; Ideias<\/em>, Vol. 6, pp. 27-34.<\/p>\n\n\n\n<p style=\"font-size:15px\"><a href=\"https:\/\/percursoseideias.iscet.pt\/wp-content\/uploads\/2022\/03\/PI_2014_N06_CI04.pdf\" target=\"_blank\" rel=\"noreferrer noopener\">Download PDF<\/a> <a href=\"https:\/\/percursoseideias.iscet.pt\/wp-content\/uploads\/2022\/03\/PI_2014_N06_CI04.pdf\" target=\"_blank\" rel=\"noreferrer noopener\"><img decoding=\"async\" class=\"wp-image-213\" style=\"width: 20px;\" src=\"http:\/\/magano.com\/percursoseideias\/wp-content\/uploads\/2022\/02\/PDF_logo.jpeg\" alt=\"\"><\/a> <\/p>\n\n\n\n<p><strong>Abstract<\/strong><\/p>\n\n\n\n<p style=\"font-size:16px\">The transports are one of the first policies of the EU. Since Rome Treaty, in 1958, EU Transports Policy is focus in eliminating the obstacles in crossing frontiers in Member States. The main orientations of this policy are related to the establishment of an internal market, assuring a sustainable development, building big European network infrastructures, controlling the space, improving safety and security and developing international cooperation.<\/p>\n\n\n\n<p><strong>Keywords<\/strong><\/p>\n\n\n\n<p style=\"font-size:16px\">Air Transport, Access Rules, European Union.<\/p>\n<\/div>\n<\/div>\n","protected":false},"excerpt":{"rendered":"<p>Contents ArchiveCurrent issue A Implementa\u00e7\u00e3o de Regras Comuns de Acesso \u00e0 Atividade e ao Mercado do Transportador A\u00e9reo Comunit\u00e1rio Marta Borges To cite this text: Borges, M. (2014), A Implementa\u00e7\u00e3o de Regras Comuns de&#46;&#46;&#46;<\/p>\n","protected":false},"author":6,"featured_media":0,"parent":0,"menu_order":0,"comment_status":"closed","ping_status":"closed","template":"","meta":{"footnotes":""},"class_list":["post-886","page","type-page","status-publish","hentry"],"_links":{"self":[{"href":"https:\/\/percursoseideias.iscet.pt\/index.php\/wp-json\/wp\/v2\/pages\/886","targetHints":{"allow":["GET"]}}],"collection":[{"href":"https:\/\/percursoseideias.iscet.pt\/index.php\/wp-json\/wp\/v2\/pages"}],"about":[{"href":"https:\/\/percursoseideias.iscet.pt\/index.php\/wp-json\/wp\/v2\/types\/page"}],"author":[{"embeddable":true,"href":"https:\/\/percursoseideias.iscet.pt\/index.php\/wp-json\/wp\/v2\/users\/6"}],"replies":[{"embeddable":true,"href":"https:\/\/percursoseideias.iscet.pt\/index.php\/wp-json\/wp\/v2\/comments?post=886"}],"version-history":[{"count":3,"href":"https:\/\/percursoseideias.iscet.pt\/index.php\/wp-json\/wp\/v2\/pages\/886\/revisions"}],"predecessor-version":[{"id":1851,"href":"https:\/\/percursoseideias.iscet.pt\/index.php\/wp-json\/wp\/v2\/pages\/886\/revisions\/1851"}],"wp:attachment":[{"href":"https:\/\/percursoseideias.iscet.pt\/index.php\/wp-json\/wp\/v2\/media?parent=886"}],"curies":[{"name":"wp","href":"https:\/\/api.w.org\/{rel}","templated":true}]}}