{"id":882,"date":"2022-03-03T11:41:15","date_gmt":"2022-03-03T11:41:15","guid":{"rendered":"http:\/\/percursoseideias.iscet.pt\/?page_id=882"},"modified":"2022-03-05T22:46:06","modified_gmt":"2022-03-05T22:46:06","slug":"pi_2014_n06_ci02-2","status":"publish","type":"page","link":"https:\/\/percursoseideias.iscet.pt\/index.php\/pi_2014_n06_ci02-2\/","title":{"rendered":"Volume 6 &#8211; 2014 &#8211; International Commerce Issue (CI02)"},"content":{"rendered":"\n<div class=\"wp-block-columns is-layout-flex wp-container-core-columns-is-layout-9d6595d7 wp-block-columns-is-layout-flex\">\n<div class=\"wp-block-column is-layout-flow wp-block-column-is-layout-flow\" style=\"flex-basis:20%\">\n<figure class=\"wp-block-image size-large\"><img loading=\"lazy\" decoding=\"async\" width=\"741\" height=\"1024\" src=\"https:\/\/percursoseideias.iscet.pt\/wp-content\/uploads\/2022\/03\/revista-percursos-ideias-6_ci-741x1024.png\" alt=\"\" class=\"wp-image-263\" srcset=\"https:\/\/percursoseideias.iscet.pt\/wp-content\/uploads\/2022\/03\/revista-percursos-ideias-6_ci-741x1024.png 741w, https:\/\/percursoseideias.iscet.pt\/wp-content\/uploads\/2022\/03\/revista-percursos-ideias-6_ci-217x300.png 217w, https:\/\/percursoseideias.iscet.pt\/wp-content\/uploads\/2022\/03\/revista-percursos-ideias-6_ci-768x1061.png 768w, https:\/\/percursoseideias.iscet.pt\/wp-content\/uploads\/2022\/03\/revista-percursos-ideias-6_ci-1111x1536.png 1111w, https:\/\/percursoseideias.iscet.pt\/wp-content\/uploads\/2022\/03\/revista-percursos-ideias-6_ci-1482x2048.png 1482w, https:\/\/percursoseideias.iscet.pt\/wp-content\/uploads\/2022\/03\/revista-percursos-ideias-6_ci.png 1790w\" sizes=\"auto, (max-width: 741px) 100vw, 741px\" \/><\/figure>\n\n\n\n<p class=\"has-text-align-center\" style=\"font-size:16px\"><a href=\"https:\/\/percursoseideias.iscet.pt\/index.php\/pi_2014_n06_ci01-2\/\"><img loading=\"lazy\" decoding=\"async\" width=\"16\" height=\"13\" class=\"wp-image-373\" style=\"width: 16px;\" src=\"https:\/\/percursoseideias.iscet.pt\/wp-content\/uploads\/2022\/03\/DoubleArrow_Left.jpg\" alt=\"\" srcset=\"https:\/\/percursoseideias.iscet.pt\/wp-content\/uploads\/2022\/03\/DoubleArrow_Left.jpg 1150w, https:\/\/percursoseideias.iscet.pt\/wp-content\/uploads\/2022\/03\/DoubleArrow_Left-300x239.jpg 300w, https:\/\/percursoseideias.iscet.pt\/wp-content\/uploads\/2022\/03\/DoubleArrow_Left-1024x816.jpg 1024w, https:\/\/percursoseideias.iscet.pt\/wp-content\/uploads\/2022\/03\/DoubleArrow_Left-768x612.jpg 768w\" sizes=\"auto, (max-width: 16px) 100vw, 16px\" \/><\/a>  <a href=\"https:\/\/percursoseideias.iscet.pt\/index.php\/pi_2014_n06_ci01-2\/\"><img loading=\"lazy\" decoding=\"async\" width=\"11\" height=\"12\" class=\"wp-image-371\" style=\"width: 11px;\" src=\"https:\/\/percursoseideias.iscet.pt\/wp-content\/uploads\/2022\/03\/Arrow_Left.jpg\" alt=\"\" srcset=\"https:\/\/percursoseideias.iscet.pt\/wp-content\/uploads\/2022\/03\/Arrow_Left.jpg 820w, https:\/\/percursoseideias.iscet.pt\/wp-content\/uploads\/2022\/03\/Arrow_Left-269x300.jpg 269w, https:\/\/percursoseideias.iscet.pt\/wp-content\/uploads\/2022\/03\/Arrow_Left-150x150.jpg 150w, https:\/\/percursoseideias.iscet.pt\/wp-content\/uploads\/2022\/03\/Arrow_Left-768x858.jpg 768w, https:\/\/percursoseideias.iscet.pt\/wp-content\/uploads\/2022\/03\/Arrow_Left-80x80.jpg 80w, https:\/\/percursoseideias.iscet.pt\/wp-content\/uploads\/2022\/03\/Arrow_Left-320x320.jpg 320w\" sizes=\"auto, (max-width: 11px) 100vw, 11px\" \/><\/a>  <a href=\"https:\/\/percursoseideias.iscet.pt\/index.php\/volume-6-2014-international-commerce-issue\/\">Contents<\/a>  <a href=\"https:\/\/percursoseideias.iscet.pt\/index.php\/pi_2014_n06_ci03-2\/\"><img loading=\"lazy\" decoding=\"async\" width=\"11\" height=\"12\" class=\"wp-image-372\" style=\"width: 11px;\" src=\"https:\/\/percursoseideias.iscet.pt\/wp-content\/uploads\/2022\/03\/Arrow_Right.jpg\" alt=\"\" srcset=\"https:\/\/percursoseideias.iscet.pt\/wp-content\/uploads\/2022\/03\/Arrow_Right.jpg 820w, https:\/\/percursoseideias.iscet.pt\/wp-content\/uploads\/2022\/03\/Arrow_Right-269x300.jpg 269w, https:\/\/percursoseideias.iscet.pt\/wp-content\/uploads\/2022\/03\/Arrow_Right-150x150.jpg 150w, https:\/\/percursoseideias.iscet.pt\/wp-content\/uploads\/2022\/03\/Arrow_Right-768x858.jpg 768w, https:\/\/percursoseideias.iscet.pt\/wp-content\/uploads\/2022\/03\/Arrow_Right-80x80.jpg 80w, https:\/\/percursoseideias.iscet.pt\/wp-content\/uploads\/2022\/03\/Arrow_Right-320x320.jpg 320w\" sizes=\"auto, (max-width: 11px) 100vw, 11px\" \/><\/a>  <a href=\"https:\/\/percursoseideias.iscet.pt\/index.php\/pi_2014_n06_ci04-2\/\"><img loading=\"lazy\" decoding=\"async\" width=\"16\" height=\"13\" class=\"wp-image-374\" style=\"width: 16px;\" src=\"https:\/\/percursoseideias.iscet.pt\/wp-content\/uploads\/2022\/03\/DoubleArrow_Right.jpg\" alt=\"\" srcset=\"https:\/\/percursoseideias.iscet.pt\/wp-content\/uploads\/2022\/03\/DoubleArrow_Right.jpg 1150w, https:\/\/percursoseideias.iscet.pt\/wp-content\/uploads\/2022\/03\/DoubleArrow_Right-300x239.jpg 300w, https:\/\/percursoseideias.iscet.pt\/wp-content\/uploads\/2022\/03\/DoubleArrow_Right-1024x816.jpg 1024w, https:\/\/percursoseideias.iscet.pt\/wp-content\/uploads\/2022\/03\/DoubleArrow_Right-768x612.jpg 768w\" sizes=\"auto, (max-width: 16px) 100vw, 16px\" \/><\/a><br><a href=\"https:\/\/percursoseideias.iscet.pt\/index.php\/archive\/\">Archive<\/a><br><a href=\"https:\/\/percursoseideias.iscet.pt\/index.php\/current-issues\/\">Current issue<\/a><\/p>\n<\/div>\n\n\n\n<div class=\"wp-block-column is-layout-flow wp-block-column-is-layout-flow\" style=\"flex-basis:66.66%\">\n<p style=\"font-size:30px\"><strong>A Diplomacia Econ\u00f3mica num Mundo Multic\u00eantrico &#8211; Notas Sobre o Caso Portugu\u00eas (Parte II)<\/strong><\/p>\n\n\n\n<p class=\"has-medium-font-size\">Jos\u00e9 Pedro Teixeira Fernandes\u00a0<a href=\"https:\/\/orcid.org\/0000-0002-5633-4443\" target=\"_blank\" rel=\"noreferrer noopener\"><img loading=\"lazy\" decoding=\"async\" width=\"15\" height=\"15\" class=\"wp-image-174\" style=\"width: 15px;\" src=\"https:\/\/percursoseideias.iscet.pt\/wp-content\/uploads\/2022\/03\/orcid-og-image.png\" alt=\"\" srcset=\"https:\/\/percursoseideias.iscet.pt\/wp-content\/uploads\/2022\/03\/orcid-og-image.png 263w, https:\/\/percursoseideias.iscet.pt\/wp-content\/uploads\/2022\/03\/orcid-og-image-150x150.png 150w, https:\/\/percursoseideias.iscet.pt\/wp-content\/uploads\/2022\/03\/orcid-og-image-80x80.png 80w\" sizes=\"auto, (max-width: 15px) 100vw, 15px\" \/><\/a> <a href=\"mailto:jfernandes@iscet.pt\" target=\"_blank\" rel=\"noreferrer noopener\"><img decoding=\"async\" class=\"wp-image-299\" style=\"width: 15px;\" src=\"http:\/\/magano.com\/percursoseideias\/wp-content\/uploads\/2022\/02\/envelope.png\" alt=\"\"><\/a><sup>1<\/sup><\/p>\n\n\n\n<p style=\"font-size:15px\"><sup>1<\/sup> ISCET \u2013 High Institute of Business and Tourism Sciences, Porto, Portugal<\/p>\n\n\n\n<p style=\"font-size:15px\"><\/p>\n\n\n\n<p style=\"font-size:16px\">To cite this text:<\/p>\n\n\n\n<p style=\"font-size:15px\">Fernandes, J. P. T. (2014), A Diplomacia Econ\u00f3mica num Mundo Multic\u00eantrico &#8211; Notas Sobre o Caso Portugu\u00eas (Parte II), <em>Percursos &amp; Ideias<\/em>, Vol. 6, pp. 12-21.<\/p>\n\n\n\n<p style=\"font-size:15px\"><a href=\"https:\/\/percursoseideias.iscet.pt\/wp-content\/uploads\/2022\/03\/PI_2014_N06_CI02.pdf\" target=\"_blank\" rel=\"noreferrer noopener\">Download PDF<\/a> <a href=\"https:\/\/percursoseideias.iscet.pt\/wp-content\/uploads\/2022\/03\/PI_2014_N06_CI02.pdf\" target=\"_blank\" rel=\"noreferrer noopener\"><img decoding=\"async\" class=\"wp-image-213\" style=\"width: 20px;\" src=\"http:\/\/magano.com\/percursoseideias\/wp-content\/uploads\/2022\/02\/PDF_logo.jpeg\" alt=\"\"><\/a> <\/p>\n\n\n\n<p><strong>Abstract<\/strong><\/p>\n\n\n\n<p style=\"font-size:16px\">The globalisation of markets is not only a challenge for large enterprises but also concerns more and more medium sized companies. Small and medium sized companies (SMEs) are more engaged today in the course of new technological developments, new markets and especially services than often assumed and statistically recorded (cf. Feldmeier 2006). Especially because of their innovative drive SMEs are becoming an ever increasing decisive factor in the international competitiveness of national and regional economies. Not least owing to increased (domestic and foreign) competitive pressure, regional and national market potentials, which are too small and limited fields of market activities SMEs are today more and more faced with the challenge of positioning themselves on foreign markets.<\/p>\n\n\n\n<p><strong>Keywords<\/strong><\/p>\n\n\n\n<p style=\"font-size:16px\">Globalisation, SMEs, International competitiveness.<\/p>\n\n\n\n<p><strong>References<\/strong><\/p>\n\n\n\n<p style=\"font-size:14px\">Chavagneux, Christian (1999), \u201cLa diplomatie \u00e9conomique: plus seulement une affaire d\u2019\u00c9tats\u201d in <em>Pouvoirs &#8211; revue fran\u00e7aise d&#8217;\u00e9tudes constitutionnelles et politiques<\/em> n\u00b088, janeiro, pp.33-42.<\/p>\n\n\n\n<p style=\"font-size:14px\">CCIP-Chambre de Commerce et d\u2019 Industrie de Paris (2012), <em>Annexe technique\/D\u00e9veloppement international des entreprises: Quel apport de la diplomatie \u00e9conomique?<\/em>, Acess\u00edvel em <a href=\"http:\/\/www.etudes.ccip.fr\/rapport\/337-diplomatie-economique\" target=\"_blank\" rel=\"noreferrer noopener\">http:\/\/www.etudes.ccip.fr\/rapport\/337-diplomatie-economique<\/a> [Acedido em 16\/01\/2014].<\/p>\n\n\n\n<p style=\"font-size:14px\">Farto, Manuel (2005), \u201cObjetivos e tarefas da nova diplomacia econ\u00f3mica\u201d in <em>Janus<\/em> <em>Online<\/em> 2006, Universidade Aut\u00f3noma de Lisboa, Acess\u00edvel em <a href=\"http:\/\/janusonline.pt\/2006\/2006_3_2_2.html\" target=\"_blank\" rel=\"noreferrer noopener\">http:\/\/janusonline.pt\/2006\/2006_3_2_2.html<\/a> [Acedido a 16\/01\/2014].<\/p>\n\n\n\n<p style=\"font-size:14px\">Ferreira, Manuel Ennes e Gon\u00e7alves, Francisco Rocha (2009), \u201cDiplomacia Econ\u00f3mica e Empresas de Bandeira: o caso da Galp e da Unicer em Angola\u201d in <em>Rela\u00e7\u00f5es Internacionais<\/em> n\u00ba 24, dezembro, pp. 115-133. Acess\u00edvel em <a href=\"http:\/\/www.scielo.oces.mctes.pt\/pdf\/ri\/n24\/n24a12.pdf\" target=\"_blank\" rel=\"noreferrer noopener\">http:\/\/www.scielo.oces.mctes.pt\/pdf\/ri\/n24\/n24a12.pdf <\/a>[Acedido a 16\/01\/2014].<\/p>\n\n\n\n<p style=\"font-size:14px\">Fernandes, Jos\u00e9 Pedro Teixeira (2013), \u201cA diplomacia econ\u00f3mica num mundo multic\u00eantrico (parte I)\u201d, in <em>Percursos &amp; Ideias<\/em>, 2\u00aa s\u00e9rie<em>, <\/em>n\u00ba 5, pp. 14-22, Acess\u00edvel em <a href=\"http:\/\/www.iscet.pt\/sites\/default\/files\/PercursosIdeias\/N_5\/2013_RHI.pdf\" target=\"_blank\" rel=\"noreferrer noopener\">http:\/\/www.iscet.pt\/sites\/default\/files\/PercursosIdeias\/N_5\/2013_RHI.pdf <\/a>[Acedido 16\/01\/2014].<\/p>\n\n\n\n<p style=\"font-size:14px\">IAPMEI (2003), Sabia que a sua empresa tem um embaixador no estrangeiro? Diplomacia Econ\u00f3mica, Acess\u00edvel em <a href=\"http:\/\/www.iapmei.pt\/iapmei-art-03.php?id=1523\" target=\"_blank\" rel=\"noreferrer noopener\">http:\/\/www.iapmei.pt\/iapmei-art-03.php?id=1523<\/a> [Acedido 16\/01\/2014].<\/p>\n\n\n\n<p style=\"font-size:14px\">Tiago, Luc\u00edlia (2011), \u201cOs tr\u00eas cen\u00e1rios para a diplomacia econ\u00f3mica\u201d in <em>Dinheiro Vivo<\/em>, 26 de setembro, Acess\u00edvel em <a href=\"http:\/\/www.dinheirovivo.pt\/CIECO015922.html\" target=\"_blank\" rel=\"noreferrer noopener\">http:\/\/www.dinheirovivo.pt\/CIECO015922.html<\/a> \u00a0[Acedido a 16\/01\/2014].<\/p>\n\n\n\n<p style=\"font-size:14px\">Saraiva, Ant\u00f3nio (2012), <em>Como fazer diplomacia econ\u00f3mica<\/em>, comunica\u00e7\u00e3o apresentada no Semin\u00e1rio \u201cQue diplomacia econ\u00f3mica para Portugal?\u201d 23 maio, ISCSP-Instituto Superior de Ci\u00eancias Sociais e Pol\u00edticas. Strange, Susan (1998), <em>The Retreat of the State. The Diffusion of Power in the World Economy<\/em>, Cambridge, Cambridge University Press.<\/p>\n<\/div>\n<\/div>\n","protected":false},"excerpt":{"rendered":"<p>Contents ArchiveCurrent issue A Diplomacia Econ\u00f3mica num Mundo Multic\u00eantrico &#8211; Notas Sobre o Caso Portugu\u00eas (Parte II) Jos\u00e9 Pedro Teixeira Fernandes\u00a0 1 1 ISCET \u2013 High Institute of Business and Tourism Sciences, Porto, Portugal&#46;&#46;&#46;<\/p>\n","protected":false},"author":6,"featured_media":0,"parent":0,"menu_order":0,"comment_status":"closed","ping_status":"closed","template":"","meta":{"footnotes":""},"class_list":["post-882","page","type-page","status-publish","hentry"],"_links":{"self":[{"href":"https:\/\/percursoseideias.iscet.pt\/index.php\/wp-json\/wp\/v2\/pages\/882","targetHints":{"allow":["GET"]}}],"collection":[{"href":"https:\/\/percursoseideias.iscet.pt\/index.php\/wp-json\/wp\/v2\/pages"}],"about":[{"href":"https:\/\/percursoseideias.iscet.pt\/index.php\/wp-json\/wp\/v2\/types\/page"}],"author":[{"embeddable":true,"href":"https:\/\/percursoseideias.iscet.pt\/index.php\/wp-json\/wp\/v2\/users\/6"}],"replies":[{"embeddable":true,"href":"https:\/\/percursoseideias.iscet.pt\/index.php\/wp-json\/wp\/v2\/comments?post=882"}],"version-history":[{"count":7,"href":"https:\/\/percursoseideias.iscet.pt\/index.php\/wp-json\/wp\/v2\/pages\/882\/revisions"}],"predecessor-version":[{"id":1842,"href":"https:\/\/percursoseideias.iscet.pt\/index.php\/wp-json\/wp\/v2\/pages\/882\/revisions\/1842"}],"wp:attachment":[{"href":"https:\/\/percursoseideias.iscet.pt\/index.php\/wp-json\/wp\/v2\/media?parent=882"}],"curies":[{"name":"wp","href":"https:\/\/api.w.org\/{rel}","templated":true}]}}