{"id":880,"date":"2022-03-03T11:40:34","date_gmt":"2022-03-03T11:40:34","guid":{"rendered":"http:\/\/percursoseideias.iscet.pt\/?page_id=880"},"modified":"2022-03-06T21:24:31","modified_gmt":"2022-03-06T21:24:31","slug":"pi_2014_n06_ci01-2","status":"publish","type":"page","link":"https:\/\/percursoseideias.iscet.pt\/index.php\/pi_2014_n06_ci01-2\/","title":{"rendered":"Volume 6 &#8211; 2014 &#8211; International Commerce Issue (CI01)"},"content":{"rendered":"\n<div class=\"wp-block-columns is-layout-flex wp-container-core-columns-is-layout-9d6595d7 wp-block-columns-is-layout-flex\">\n<div class=\"wp-block-column is-layout-flow wp-block-column-is-layout-flow\" style=\"flex-basis:20%\">\n<figure class=\"wp-block-image size-large\"><img loading=\"lazy\" decoding=\"async\" width=\"741\" height=\"1024\" src=\"https:\/\/percursoseideias.iscet.pt\/wp-content\/uploads\/2022\/03\/revista-percursos-ideias-6_ci-741x1024.png\" alt=\"\" class=\"wp-image-263\" srcset=\"https:\/\/percursoseideias.iscet.pt\/wp-content\/uploads\/2022\/03\/revista-percursos-ideias-6_ci-741x1024.png 741w, https:\/\/percursoseideias.iscet.pt\/wp-content\/uploads\/2022\/03\/revista-percursos-ideias-6_ci-217x300.png 217w, https:\/\/percursoseideias.iscet.pt\/wp-content\/uploads\/2022\/03\/revista-percursos-ideias-6_ci-768x1061.png 768w, https:\/\/percursoseideias.iscet.pt\/wp-content\/uploads\/2022\/03\/revista-percursos-ideias-6_ci-1111x1536.png 1111w, https:\/\/percursoseideias.iscet.pt\/wp-content\/uploads\/2022\/03\/revista-percursos-ideias-6_ci-1482x2048.png 1482w, https:\/\/percursoseideias.iscet.pt\/wp-content\/uploads\/2022\/03\/revista-percursos-ideias-6_ci.png 1790w\" sizes=\"auto, (max-width: 741px) 100vw, 741px\" \/><\/figure>\n\n\n\n<p class=\"has-text-align-center\" style=\"font-size:16px\">   <a href=\"https:\/\/percursoseideias.iscet.pt\/index.php\/volume-6-2014-international-commerce-issue\/\">Contents<\/a>  <a href=\"https:\/\/percursoseideias.iscet.pt\/index.php\/pi_2014_n06_ci02-2\/\"><img loading=\"lazy\" decoding=\"async\" width=\"11\" height=\"12\" class=\"wp-image-372\" style=\"width: 11px;\" src=\"https:\/\/percursoseideias.iscet.pt\/wp-content\/uploads\/2022\/03\/Arrow_Right.jpg\" alt=\"\" srcset=\"https:\/\/percursoseideias.iscet.pt\/wp-content\/uploads\/2022\/03\/Arrow_Right.jpg 820w, https:\/\/percursoseideias.iscet.pt\/wp-content\/uploads\/2022\/03\/Arrow_Right-269x300.jpg 269w, https:\/\/percursoseideias.iscet.pt\/wp-content\/uploads\/2022\/03\/Arrow_Right-150x150.jpg 150w, https:\/\/percursoseideias.iscet.pt\/wp-content\/uploads\/2022\/03\/Arrow_Right-768x858.jpg 768w, https:\/\/percursoseideias.iscet.pt\/wp-content\/uploads\/2022\/03\/Arrow_Right-80x80.jpg 80w, https:\/\/percursoseideias.iscet.pt\/wp-content\/uploads\/2022\/03\/Arrow_Right-320x320.jpg 320w\" sizes=\"auto, (max-width: 11px) 100vw, 11px\" \/><\/a>  <a href=\"https:\/\/percursoseideias.iscet.pt\/index.php\/pi_2014_n06_ci04-2\/\"><img loading=\"lazy\" decoding=\"async\" width=\"16\" height=\"13\" class=\"wp-image-374\" style=\"width: 16px;\" src=\"https:\/\/percursoseideias.iscet.pt\/wp-content\/uploads\/2022\/03\/DoubleArrow_Right.jpg\" alt=\"\" srcset=\"https:\/\/percursoseideias.iscet.pt\/wp-content\/uploads\/2022\/03\/DoubleArrow_Right.jpg 1150w, https:\/\/percursoseideias.iscet.pt\/wp-content\/uploads\/2022\/03\/DoubleArrow_Right-300x239.jpg 300w, https:\/\/percursoseideias.iscet.pt\/wp-content\/uploads\/2022\/03\/DoubleArrow_Right-1024x816.jpg 1024w, https:\/\/percursoseideias.iscet.pt\/wp-content\/uploads\/2022\/03\/DoubleArrow_Right-768x612.jpg 768w\" sizes=\"auto, (max-width: 16px) 100vw, 16px\" \/><\/a><br><a href=\"https:\/\/percursoseideias.iscet.pt\/index.php\/archive\/\">Archive<\/a><br><a href=\"https:\/\/percursoseideias.iscet.pt\/index.php\/current-issues\/\">Current issue<\/a><\/p>\n<\/div>\n\n\n\n<div class=\"wp-block-column is-layout-flow wp-block-column-is-layout-flow\" style=\"flex-basis:66.66%\">\n<p style=\"font-size:30px\"><strong>Small and Medium Sized Enterprises (SMEs) &#8211; Winners of Globalisation?<\/strong><\/p>\n\n\n\n<p class=\"has-medium-font-size\">Gerhard Feldmeier <a href=\"mailto:gfeldmeier@hs-bremerhaven.de\" target=\"_blank\" rel=\"noreferrer noopener\"><img decoding=\"async\" class=\"wp-image-299\" style=\"width: 15px;\" src=\"http:\/\/magano.com\/percursoseideias\/wp-content\/uploads\/2022\/02\/envelope.png\" alt=\"\"><\/a><sup>1<\/sup><\/p>\n\n\n\n<p style=\"font-size:15px\"><sup>1<\/sup> Hochschule Bremerhaven, University of Applied Sciences, Germany<\/p>\n\n\n\n<p style=\"font-size:16px\">To cite this text:<\/p>\n\n\n\n<p style=\"font-size:15px\">Feldmeier, G. (2014), Small and Medium Sized Enterprises (SMEs) &#8211; Winners of Globalisation?, <em>Percursos &amp; Ideias<\/em>, Vol. 6, pp. 5-11.<\/p>\n\n\n\n<p style=\"font-size:15px\"><a href=\"https:\/\/percursoseideias.iscet.pt\/wp-content\/uploads\/2022\/03\/PI_2014_N06_CI01.pdf\" target=\"_blank\" rel=\"noreferrer noopener\">Download PDF<\/a> <a href=\"https:\/\/percursoseideias.iscet.pt\/wp-content\/uploads\/2022\/03\/PI_2014_N06_CI01.pdf\" target=\"_blank\" rel=\"noreferrer noopener\"><img decoding=\"async\" class=\"wp-image-213\" style=\"width: 20px;\" src=\"http:\/\/magano.com\/percursoseideias\/wp-content\/uploads\/2022\/02\/PDF_logo.jpeg\" alt=\"\"><\/a> <\/p>\n\n\n\n<p><strong>Abstract<\/strong><\/p>\n\n\n\n<p style=\"font-size:16px\">The globalisation of markets is not only a challenge for large enterprises but also concerns more and more medium sized companies. Small and medium sized companies (SMEs) are more engaged today in the course of new technological developments, new markets and especially services than often assumed and statistically recorded (cf. Feldmeier 2006). Especially because of their innovative drive SMEs are becoming an ever increasing decisive factor in the international competitiveness of national and regional economies. Not least owing to increased (domestic and foreign) competitive pressure, regional and national market potentials, which are too small and limited fields of market activities SMEs are today more and more faced with the challenge of positioning themselves on foreign markets.<\/p>\n\n\n\n<p><strong>Keywords<\/strong><\/p>\n\n\n\n<p style=\"font-size:16px\">Globalisation, SMEs, International competitiveness.<\/p>\n\n\n\n<p><strong>References<\/strong><\/p>\n\n\n\n<p style=\"font-size:14px\">Dieckmann, J. (2007): Globalisierung KMU \u2013 Entwicklungstendenzen, Erfolgskonzepte und Handlungsempfehlungen, edited by: Feldmeier, G.\/ Lukas, W.\/ Simmet, H., Leonberg 2007.<\/p>\n\n\n\n<p style=\"font-size:14px\">DIHK (2005): Deutscher Industrie- und Handelskammertag (ed.): Going International: Erfolgsfaktoren im Auslandsgesch\u00e4ft \u2013 Erfahrungen, L\u00f6sungen, Perspektiven, Berlin 2005.<\/p>\n\n\n\n<p style=\"font-size:14px\">EU-Kommission (2003): Generaldirektion Unternehmen (ed.): Beobachtungsnetz der europ\u00e4ischen KMU, Internationalisierung von KMU, No. 4\/2003, Br\u00fcssel 2003.<\/p>\n\n\n\n<p style=\"font-size:14px\">En\u00dflinger, B. (2003): Born Globals \u2013 Begriff und Bedeutung; in: Holtbr\u00fcgge, D. (ed.): Die Internationalisierung von kleinen und mittleren Unternehmungen, Stuttgart 2003, pp. 129-149.<\/p>\n\n\n\n<p style=\"font-size:14px\">Feldmeier, G. (2006): Die Internationalisierung kleiner und mittelgro\u00dfer Unternehmen (KMU) \u2013 Stand der Wissenschaft, Erkl\u00e4rungsdefizite sowie neuere Ans\u00e4tze f\u00fcr die KMU-Internationalisierungsforschung; in: Abel, R.\/ Bass, H.H.\/ Ernst-Siebert, R. (ed.): Kleine und mittelgro\u00dfe Unternehmen im globalen Innovationswettbewerb \u2013 Technikgestaltung, Internationalisierungsstrategien, Besch\u00e4ftigungsschaffung, Mering 2006, pp. 340-354.<\/p>\n\n\n\n<p style=\"font-size:14px\">Feldmeier, G. (2007): Die Internationalisierung von KMU \u2013 Stiefkind im Schatten multinationaler Konzerne; in: Bass, H.H.\/ Gostomski, E. (ed.): Kleine und mittelgro\u00dfe Unternehmen in Polen und Deutschland \u2013 Finanzierung, Internationalisierung, Strukturwandel, Sopot\/ Bremen 2007, pp. 145-158.<\/p>\n\n\n\n<p style=\"font-size:14px\">Gerum, E. (1999): Internationalisierung mittelst\u00e4ndischer Unternehmen durch Netzwerke; in: Gutmann, R.\/ Kabst, R. (ed.): Internationalisierung im Mittelstand, Wiesbaden 1999, pp. 273-285.<\/p>\n\n\n\n<p style=\"font-size:14px\">Kr\u00e4mer, W. (2003): Mittelstands\u00f6konomik, M\u00fcnchen 2003.<\/p>\n\n\n\n<p style=\"font-size:14px\">O.V. (2005): Wachsen mit dem deutschen Standort; in: Frankfurter Allgemeine Zeitung (FAZ) 14-11-2005, p. 26.<\/p>\n\n\n\n<p style=\"font-size:14px\">Schrey\u00f6gg, G.\/ Sydow, J.\/ Koch, J. (2003): Organisatorische Pfade \u2013 Von der Pfadabh\u00e4ngigkeit zur Pfadreaktion?; in: Jahrbuch Managementforschung, 13. Jg., pp. 257-294.<\/p>\n\n\n\n<p style=\"font-size:14px\">Simon, H. (2007): Hidden Champions des 21. Jahrhunderts: Erfolgsstrategien, unbekannter Weltmarktf\u00fchrer, Frankfurt\/ New York 2007. Venohr, B.\/ Meyer, K. (2007): The German Miracle Keeps Running: How Germany\u2019s Hidden Champions Stay Ahead in the Global Economy, Working Paper des Institute of Management an der Fachhochschule f\u00fcr Wirtschaft Berlin (IMB), Section: Business &amp; Management, Paper No. 30, 05\/2007.<\/p>\n<\/div>\n<\/div>\n","protected":false},"excerpt":{"rendered":"<p>Contents ArchiveCurrent issue Small and Medium Sized Enterprises (SMEs) &#8211; Winners of Globalisation? Gerhard Feldmeier 1 1 Hochschule Bremerhaven, University of Applied Sciences, Germany To cite this text: Feldmeier, G. (2014), Small and Medium&#46;&#46;&#46;<\/p>\n","protected":false},"author":6,"featured_media":0,"parent":0,"menu_order":0,"comment_status":"closed","ping_status":"closed","template":"","meta":{"footnotes":""},"class_list":["post-880","page","type-page","status-publish","hentry"],"_links":{"self":[{"href":"https:\/\/percursoseideias.iscet.pt\/index.php\/wp-json\/wp\/v2\/pages\/880","targetHints":{"allow":["GET"]}}],"collection":[{"href":"https:\/\/percursoseideias.iscet.pt\/index.php\/wp-json\/wp\/v2\/pages"}],"about":[{"href":"https:\/\/percursoseideias.iscet.pt\/index.php\/wp-json\/wp\/v2\/types\/page"}],"author":[{"embeddable":true,"href":"https:\/\/percursoseideias.iscet.pt\/index.php\/wp-json\/wp\/v2\/users\/6"}],"replies":[{"embeddable":true,"href":"https:\/\/percursoseideias.iscet.pt\/index.php\/wp-json\/wp\/v2\/comments?post=880"}],"version-history":[{"count":8,"href":"https:\/\/percursoseideias.iscet.pt\/index.php\/wp-json\/wp\/v2\/pages\/880\/revisions"}],"predecessor-version":[{"id":2178,"href":"https:\/\/percursoseideias.iscet.pt\/index.php\/wp-json\/wp\/v2\/pages\/880\/revisions\/2178"}],"wp:attachment":[{"href":"https:\/\/percursoseideias.iscet.pt\/index.php\/wp-json\/wp\/v2\/media?parent=880"}],"curies":[{"name":"wp","href":"https:\/\/api.w.org\/{rel}","templated":true}]}}