{"id":811,"date":"2022-03-03T10:00:39","date_gmt":"2022-03-03T10:00:39","guid":{"rendered":"http:\/\/percursoseideias.iscet.pt\/?page_id=811"},"modified":"2022-03-05T22:10:52","modified_gmt":"2022-03-05T22:10:52","slug":"pi_2016_n07_sol7-2","status":"publish","type":"page","link":"https:\/\/percursoseideias.iscet.pt\/index.php\/pi_2016_n07_sol7-2\/","title":{"rendered":"Volume 7 &#8211; 2016 &#8211; Solicitor (SOL7)"},"content":{"rendered":"\n<div class=\"wp-block-columns is-layout-flex wp-container-core-columns-is-layout-9d6595d7 wp-block-columns-is-layout-flex\">\n<div class=\"wp-block-column is-layout-flow wp-block-column-is-layout-flow\" style=\"flex-basis:20%\">\n<figure class=\"wp-block-image size-large\"><img loading=\"lazy\" decoding=\"async\" width=\"742\" height=\"1024\" src=\"https:\/\/percursoseideias.iscet.pt\/wp-content\/uploads\/2022\/03\/revista-percursos-ideias-7_sol-742x1024.png\" alt=\"\" class=\"wp-image-251\" srcset=\"https:\/\/percursoseideias.iscet.pt\/wp-content\/uploads\/2022\/03\/revista-percursos-ideias-7_sol-742x1024.png 742w, https:\/\/percursoseideias.iscet.pt\/wp-content\/uploads\/2022\/03\/revista-percursos-ideias-7_sol-217x300.png 217w, https:\/\/percursoseideias.iscet.pt\/wp-content\/uploads\/2022\/03\/revista-percursos-ideias-7_sol-768x1060.png 768w, https:\/\/percursoseideias.iscet.pt\/wp-content\/uploads\/2022\/03\/revista-percursos-ideias-7_sol-1112x1536.png 1112w, https:\/\/percursoseideias.iscet.pt\/wp-content\/uploads\/2022\/03\/revista-percursos-ideias-7_sol-1483x2048.png 1483w, https:\/\/percursoseideias.iscet.pt\/wp-content\/uploads\/2022\/03\/revista-percursos-ideias-7_sol.png 1794w\" sizes=\"auto, (max-width: 742px) 100vw, 742px\" \/><\/figure>\n\n\n\n<p class=\"has-text-align-center\" style=\"font-size:16px\"><a href=\"https:\/\/percursoseideias.iscet.pt\/index.php\/pi_2016_n07_sol1-2\/\"><img loading=\"lazy\" decoding=\"async\" width=\"16\" height=\"13\" class=\"wp-image-373\" style=\"width: 16px;\" src=\"https:\/\/percursoseideias.iscet.pt\/wp-content\/uploads\/2022\/03\/DoubleArrow_Left.jpg\" alt=\"\" srcset=\"https:\/\/percursoseideias.iscet.pt\/wp-content\/uploads\/2022\/03\/DoubleArrow_Left.jpg 1150w, https:\/\/percursoseideias.iscet.pt\/wp-content\/uploads\/2022\/03\/DoubleArrow_Left-300x239.jpg 300w, https:\/\/percursoseideias.iscet.pt\/wp-content\/uploads\/2022\/03\/DoubleArrow_Left-1024x816.jpg 1024w, https:\/\/percursoseideias.iscet.pt\/wp-content\/uploads\/2022\/03\/DoubleArrow_Left-768x612.jpg 768w\" sizes=\"auto, (max-width: 16px) 100vw, 16px\" \/><\/a>  <a href=\"https:\/\/percursoseideias.iscet.pt\/index.php\/pi_2016_n07_sol6-2\/\"><img loading=\"lazy\" decoding=\"async\" width=\"11\" height=\"12\" class=\"wp-image-371\" style=\"width: 11px;\" src=\"https:\/\/percursoseideias.iscet.pt\/wp-content\/uploads\/2022\/03\/Arrow_Left.jpg\" alt=\"\" srcset=\"https:\/\/percursoseideias.iscet.pt\/wp-content\/uploads\/2022\/03\/Arrow_Left.jpg 820w, https:\/\/percursoseideias.iscet.pt\/wp-content\/uploads\/2022\/03\/Arrow_Left-269x300.jpg 269w, https:\/\/percursoseideias.iscet.pt\/wp-content\/uploads\/2022\/03\/Arrow_Left-150x150.jpg 150w, https:\/\/percursoseideias.iscet.pt\/wp-content\/uploads\/2022\/03\/Arrow_Left-768x858.jpg 768w, https:\/\/percursoseideias.iscet.pt\/wp-content\/uploads\/2022\/03\/Arrow_Left-80x80.jpg 80w, https:\/\/percursoseideias.iscet.pt\/wp-content\/uploads\/2022\/03\/Arrow_Left-320x320.jpg 320w\" sizes=\"auto, (max-width: 11px) 100vw, 11px\" \/><\/a>  <a href=\"https:\/\/percursoseideias.iscet.pt\/index.php\/volume-7-2016-solicitor-issue\/\">Contents<\/a>  <br><a href=\"https:\/\/percursoseideias.iscet.pt\/index.php\/archive\/\">Archive<\/a><br><a href=\"https:\/\/percursoseideias.iscet.pt\/index.php\/current-issues\/\">Current issue<\/a><\/p>\n<\/div>\n\n\n\n<div class=\"wp-block-column is-layout-flow wp-block-column-is-layout-flow\" style=\"flex-basis:66.66%\">\n<p style=\"font-size:30px\"><strong>A Responsabilidade Tribut\u00e1ria dos Gestores: A Evolu\u00e7\u00e3o do Regime de Revers\u00e3o Fiscal no Ordenamento Jur\u00eddico Portugu\u00eas &#8211; O \u00d3nus da Prova<\/strong><\/p>\n\n\n\n<p class=\"has-medium-font-size\">Rodrigo Maria de Azevedo Soares Cordeiro da Silveira<sup>1<\/sup><\/p>\n\n\n\n<p style=\"font-size:15px\"><sup>1<\/sup> ISCET &#8211; High Institute of Business and Tourism Sciences, Porto, Portugal<\/p>\n\n\n\n<p style=\"font-size:16px\"><\/p>\n\n\n\n<p style=\"font-size:16px\">To cite this text:<\/p>\n\n\n\n<p style=\"font-size:15px\">Cordeiro, R. M. A. S. (2016), A Responsabilidade Tribut\u00e1ria dos Gestores: A Evolu\u00e7\u00e3o do Regime de Revers\u00e3o Fiscal no Ordenamento Jur\u00eddico Portugu\u00eas &#8211; O \u00d3nus da Prova, <em>Percursos &amp; Ideias<\/em>, Vol. 7, pp. 52-61.<\/p>\n\n\n\n<p style=\"font-size:15px\"><a href=\"https:\/\/percursoseideias.iscet.pt\/wp-content\/uploads\/2022\/03\/PI_2016_N07_SOL7.pdf\" target=\"_blank\" rel=\"noreferrer noopener\">Download PDF<\/a> <a href=\"https:\/\/percursoseideias.iscet.pt\/wp-content\/uploads\/2022\/03\/PI_2016_N07_SOL7.pdf\" target=\"_blank\" rel=\"noreferrer noopener\"><img decoding=\"async\" class=\"wp-image-213\" style=\"width: 20px;\" src=\"http:\/\/magano.com\/percursoseideias\/wp-content\/uploads\/2022\/02\/PDF_logo.jpeg\" alt=\"\"><\/a> <\/p>\n\n\n\n<p><strong>Abstract<\/strong><\/p>\n\n\n\n<p style=\"font-size:16px\">A responsabilidade dos gestores pelas d\u00edvidas tribut\u00e1rias das empresas por si administradas e o respectivo processo de revers\u00e3o do processo executivo contra aqueles tem sido alvo de v\u00e1rias abordagens de estudo e de an\u00e1lise por parte da doutrina e da jurisprud\u00eancia. Na sua evolu\u00e7\u00e3o legislativa, o respectivo regime jur\u00eddico tem vindo a sofrer relevantes altera\u00e7\u00f5es, com especial incid\u00eancia na quest\u00e3o do \u00f3nus da prova dos seus pressupostos. A tem\u00e1tica em causa tem um interesse intr\u00ednseco do ponto de vista do Direito Fiscal substantivo \u2013 nomeadamente, no que se refere \u00e0 an\u00e1lise do instituto da responsabilidade tribut\u00e1ria \u2013 e, tamb\u00e9m, do Direito Fiscal adjectivo ou processual \u2013 na an\u00e1lise da revers\u00e3o do processo de execu\u00e7\u00e3o fiscal e dos respectivos meios de defesa ou garantias do sujeito passivo.<\/p>\n\n\n\n<p><strong>Keywords<\/strong><\/p>\n\n\n\n<p style=\"font-size:16px\">Responsabilidade tribut\u00e1ria, Gestores, Responsabilidade tribut\u00e1ria subsidi\u00e1ria, Revers\u00e3o fiscal, \u00d3nus da prova, Lei Geral Tribut\u00e1ria.<\/p>\n<\/div>\n<\/div>\n","protected":false},"excerpt":{"rendered":"<p>Contents ArchiveCurrent issue A Responsabilidade Tribut\u00e1ria dos Gestores: A Evolu\u00e7\u00e3o do Regime de Revers\u00e3o Fiscal no Ordenamento Jur\u00eddico Portugu\u00eas &#8211; O \u00d3nus da Prova Rodrigo Maria de Azevedo Soares Cordeiro da Silveira1 1 ISCET&#46;&#46;&#46;<\/p>\n","protected":false},"author":6,"featured_media":0,"parent":0,"menu_order":0,"comment_status":"closed","ping_status":"closed","template":"","meta":{"footnotes":""},"class_list":["post-811","page","type-page","status-publish","hentry"],"_links":{"self":[{"href":"https:\/\/percursoseideias.iscet.pt\/index.php\/wp-json\/wp\/v2\/pages\/811","targetHints":{"allow":["GET"]}}],"collection":[{"href":"https:\/\/percursoseideias.iscet.pt\/index.php\/wp-json\/wp\/v2\/pages"}],"about":[{"href":"https:\/\/percursoseideias.iscet.pt\/index.php\/wp-json\/wp\/v2\/types\/page"}],"author":[{"embeddable":true,"href":"https:\/\/percursoseideias.iscet.pt\/index.php\/wp-json\/wp\/v2\/users\/6"}],"replies":[{"embeddable":true,"href":"https:\/\/percursoseideias.iscet.pt\/index.php\/wp-json\/wp\/v2\/comments?post=811"}],"version-history":[{"count":4,"href":"https:\/\/percursoseideias.iscet.pt\/index.php\/wp-json\/wp\/v2\/pages\/811\/revisions"}],"predecessor-version":[{"id":1817,"href":"https:\/\/percursoseideias.iscet.pt\/index.php\/wp-json\/wp\/v2\/pages\/811\/revisions\/1817"}],"wp:attachment":[{"href":"https:\/\/percursoseideias.iscet.pt\/index.php\/wp-json\/wp\/v2\/media?parent=811"}],"curies":[{"name":"wp","href":"https:\/\/api.w.org\/{rel}","templated":true}]}}