{"id":703,"date":"2022-03-03T08:10:43","date_gmt":"2022-03-03T08:10:43","guid":{"rendered":"http:\/\/percursoseideias.iscet.pt\/?page_id=703"},"modified":"2022-03-07T18:30:56","modified_gmt":"2022-03-07T18:30:56","slug":"pi_2018_n08_0009-2","status":"publish","type":"page","link":"https:\/\/percursoseideias.iscet.pt\/index.php\/pi_2018_n08_0009-2\/","title":{"rendered":"Volume 8 &#8211; 2018 (0009)"},"content":{"rendered":"\n<div class=\"wp-block-columns is-layout-flex wp-container-core-columns-is-layout-9d6595d7 wp-block-columns-is-layout-flex\">\n<div class=\"wp-block-column is-layout-flow wp-block-column-is-layout-flow\" style=\"flex-basis:20%\">\n<figure class=\"wp-block-image size-full\"><img loading=\"lazy\" decoding=\"async\" width=\"436\" height=\"640\" src=\"https:\/\/percursoseideias.iscet.pt\/wp-content\/uploads\/2022\/03\/revista-percursos-ideias-8.png\" alt=\"\" class=\"wp-image-230\" srcset=\"https:\/\/percursoseideias.iscet.pt\/wp-content\/uploads\/2022\/03\/revista-percursos-ideias-8.png 436w, https:\/\/percursoseideias.iscet.pt\/wp-content\/uploads\/2022\/03\/revista-percursos-ideias-8-204x300.png 204w\" sizes=\"auto, (max-width: 436px) 100vw, 436px\" \/><\/figure>\n\n\n\n<p class=\"has-text-align-center\" style=\"font-size:16px\"><a href=\"https:\/\/percursoseideias.iscet.pt\/index.php\/pi_2018_n08_0001-2\/\"><img loading=\"lazy\" decoding=\"async\" width=\"16\" height=\"13\" class=\"wp-image-373\" style=\"width: 16px;\" src=\"https:\/\/percursoseideias.iscet.pt\/wp-content\/uploads\/2022\/03\/DoubleArrow_Left.jpg\" alt=\"\" srcset=\"https:\/\/percursoseideias.iscet.pt\/wp-content\/uploads\/2022\/03\/DoubleArrow_Left.jpg 1150w, https:\/\/percursoseideias.iscet.pt\/wp-content\/uploads\/2022\/03\/DoubleArrow_Left-300x239.jpg 300w, https:\/\/percursoseideias.iscet.pt\/wp-content\/uploads\/2022\/03\/DoubleArrow_Left-1024x816.jpg 1024w, https:\/\/percursoseideias.iscet.pt\/wp-content\/uploads\/2022\/03\/DoubleArrow_Left-768x612.jpg 768w\" sizes=\"auto, (max-width: 16px) 100vw, 16px\" \/><\/a>  <a href=\"https:\/\/percursoseideias.iscet.pt\/index.php\/pi_2018_n08_0008-2\/\"><img loading=\"lazy\" decoding=\"async\" width=\"11\" height=\"12\" class=\"wp-image-371\" style=\"width: 11px;\" src=\"https:\/\/percursoseideias.iscet.pt\/wp-content\/uploads\/2022\/03\/Arrow_Left.jpg\" alt=\"\" srcset=\"https:\/\/percursoseideias.iscet.pt\/wp-content\/uploads\/2022\/03\/Arrow_Left.jpg 820w, https:\/\/percursoseideias.iscet.pt\/wp-content\/uploads\/2022\/03\/Arrow_Left-269x300.jpg 269w, https:\/\/percursoseideias.iscet.pt\/wp-content\/uploads\/2022\/03\/Arrow_Left-150x150.jpg 150w, https:\/\/percursoseideias.iscet.pt\/wp-content\/uploads\/2022\/03\/Arrow_Left-768x858.jpg 768w, https:\/\/percursoseideias.iscet.pt\/wp-content\/uploads\/2022\/03\/Arrow_Left-80x80.jpg 80w, https:\/\/percursoseideias.iscet.pt\/wp-content\/uploads\/2022\/03\/Arrow_Left-320x320.jpg 320w\" sizes=\"auto, (max-width: 11px) 100vw, 11px\" \/><\/a>  <a href=\"https:\/\/percursoseideias.iscet.pt\/index.php\/volume-8-2018\/\">Contents<\/a>  <a href=\"https:\/\/percursoseideias.iscet.pt\/index.php\/pi_2018_n08_0010-2\/\"><img loading=\"lazy\" decoding=\"async\" width=\"11\" height=\"12\" class=\"wp-image-372\" style=\"width: 11px;\" src=\"https:\/\/percursoseideias.iscet.pt\/wp-content\/uploads\/2022\/03\/Arrow_Right.jpg\" alt=\"\" srcset=\"https:\/\/percursoseideias.iscet.pt\/wp-content\/uploads\/2022\/03\/Arrow_Right.jpg 820w, https:\/\/percursoseideias.iscet.pt\/wp-content\/uploads\/2022\/03\/Arrow_Right-269x300.jpg 269w, https:\/\/percursoseideias.iscet.pt\/wp-content\/uploads\/2022\/03\/Arrow_Right-150x150.jpg 150w, https:\/\/percursoseideias.iscet.pt\/wp-content\/uploads\/2022\/03\/Arrow_Right-768x858.jpg 768w, https:\/\/percursoseideias.iscet.pt\/wp-content\/uploads\/2022\/03\/Arrow_Right-80x80.jpg 80w, https:\/\/percursoseideias.iscet.pt\/wp-content\/uploads\/2022\/03\/Arrow_Right-320x320.jpg 320w\" sizes=\"auto, (max-width: 11px) 100vw, 11px\" \/><\/a>  <a href=\"https:\/\/percursoseideias.iscet.pt\/index.php\/pi_2018_n08_0010-2\/\"><img loading=\"lazy\" decoding=\"async\" width=\"16\" height=\"13\" class=\"wp-image-374\" style=\"width: 16px;\" src=\"https:\/\/percursoseideias.iscet.pt\/wp-content\/uploads\/2022\/03\/DoubleArrow_Right.jpg\" alt=\"\" srcset=\"https:\/\/percursoseideias.iscet.pt\/wp-content\/uploads\/2022\/03\/DoubleArrow_Right.jpg 1150w, https:\/\/percursoseideias.iscet.pt\/wp-content\/uploads\/2022\/03\/DoubleArrow_Right-300x239.jpg 300w, https:\/\/percursoseideias.iscet.pt\/wp-content\/uploads\/2022\/03\/DoubleArrow_Right-1024x816.jpg 1024w, https:\/\/percursoseideias.iscet.pt\/wp-content\/uploads\/2022\/03\/DoubleArrow_Right-768x612.jpg 768w\" sizes=\"auto, (max-width: 16px) 100vw, 16px\" \/><\/a><br><a href=\"https:\/\/percursoseideias.iscet.pt\/index.php\/archive\/\">Archive<\/a><br><a href=\"https:\/\/percursoseideias.iscet.pt\/index.php\/current-issues\/\">Current issue<\/a><\/p>\n<\/div>\n\n\n\n<div class=\"wp-block-column is-layout-flow wp-block-column-is-layout-flow\" style=\"flex-basis:66.66%\">\n<p style=\"font-size:30px\"><strong>Duas turistas estrangeiras no Porto de Oitocentos: da condi\u00e7\u00e3o feminina aos limites do turismo<\/strong><\/p>\n\n\n\n<p class=\"has-medium-font-size\">Jorge Ricardo Pinto <a href=\"https:\/\/orcid.org\/0000-0002-0195-3853\" target=\"_blank\" rel=\"noreferrer noopener\"><img loading=\"lazy\" decoding=\"async\" width=\"15\" height=\"15\" class=\"wp-image-174\" style=\"width: 15px;\" src=\"https:\/\/percursoseideias.iscet.pt\/wp-content\/uploads\/2022\/03\/orcid-og-image.png\" alt=\"\" srcset=\"https:\/\/percursoseideias.iscet.pt\/wp-content\/uploads\/2022\/03\/orcid-og-image.png 263w, https:\/\/percursoseideias.iscet.pt\/wp-content\/uploads\/2022\/03\/orcid-og-image-150x150.png 150w, https:\/\/percursoseideias.iscet.pt\/wp-content\/uploads\/2022\/03\/orcid-og-image-80x80.png 80w\" sizes=\"auto, (max-width: 15px) 100vw, 15px\" \/><\/a> <a rel=\"noreferrer noopener\" href=\"mailto:jpinto@iscet.pt\" target=\"_blank\"><img decoding=\"async\" class=\"wp-image-299\" style=\"width: 15px;\" src=\"http:\/\/magano.com\/percursoseideias\/wp-content\/uploads\/2022\/02\/envelope.png\" alt=\"\"><\/a><sup>1<\/sup>, Daniela Alves <a rel=\"noreferrer noopener\" href=\"mailto:danielafdalves@hotmail.com\" target=\"_blank\"><img decoding=\"async\" class=\"wp-image-299\" style=\"width: 15px;\" src=\"http:\/\/magano.com\/percursoseideias\/wp-content\/uploads\/2022\/02\/envelope.png\" alt=\"\"><\/a><sup>1<\/sup>, H\u00e9lder Barbosa <a rel=\"noreferrer noopener\" href=\"mailto:helder.filipe.barbosa@hotmail.com\" target=\"_blank\"><img decoding=\"async\" class=\"wp-image-299\" style=\"width: 15px;\" src=\"http:\/\/magano.com\/percursoseideias\/wp-content\/uploads\/2022\/02\/envelope.png\" alt=\"\"><\/a><sup>1<\/sup> and Marta Lopes <a rel=\"noreferrer noopener\" href=\"mailto:mlogorta@gmail.com\" target=\"_blank\"><img decoding=\"async\" class=\"wp-image-299\" style=\"width: 15px;\" src=\"http:\/\/magano.com\/percursoseideias\/wp-content\/uploads\/2022\/02\/envelope.png\" alt=\"\"><\/a><sup>1<\/sup><\/p>\n\n\n\n<p style=\"font-size:15px\"><sup>1<\/sup> ISCET &#8211; High Institute of Business and Tourism Sciences, Porto, Portugal<\/p>\n\n\n\n<p style=\"font-size:16px\"><\/p>\n\n\n\n<p style=\"font-size:16px\">To cite this text:<\/p>\n\n\n\n<p style=\"font-size:15px\">Pinto, J. R., Alves, D., Barbosa, H. &amp; Lopes, M. (2018), Duas turistas estrangeiras no Porto de Oitocentos: da condi\u00e7\u00e3o feminina aos limites do turismo, <em>Percursos &amp; Ideias<\/em>, Vol. 8, pp. 93-103.<\/p>\n\n\n\n<p style=\"font-size:15px\"><a rel=\"noreferrer noopener\" href=\"https:\/\/percursoseideias.iscet.pt\/wp-content\/uploads\/2022\/03\/PI_2018_N08_0009.pdf\" target=\"_blank\">View full text PDF<\/a> <a rel=\"noreferrer noopener\" href=\"https:\/\/percursoseideias.iscet.pt\/wp-content\/uploads\/2022\/03\/PI_2018_N08_0009.pdf\" target=\"_blank\"><img decoding=\"async\" class=\"wp-image-213\" style=\"width: 20px;\" src=\"http:\/\/magano.com\/percursoseideias\/wp-content\/uploads\/2022\/02\/PDF_logo.jpeg\" alt=\"\"><\/a> <\/p>\n\n\n\n<p><strong>Abstract<\/strong><\/p>\n\n\n\n<p style=\"font-size:16px\">From the travelogue of two tourists in Porto, Maria Rattazzi and Lady Jackson, the text intends to understand the touristic reality of the city at the entrance of the last quarter of the nineteenth century, exploring the observations and reflections presented by the two travelers during the course of their stay. The richness and depth of the texts allows the analysis of other topics such as the feminine condition in the Portuguese romantic society or the understanding of the urban space of Porto. Using compared analysis of the two texts and comparing them with other documents of the time, it is also intended to understand the limitations and problems of a tourist in face of the late nineteen century constraints.<\/p>\n\n\n\n<p><strong>Keywords<\/strong><\/p>\n\n\n\n<p style=\"font-size:16px\">Tourism, 19th century, Porto, Feminism, Hospitality.<\/p>\n\n\n\n<p><strong>References<\/strong><\/p>\n\n\n\n<p style=\"font-size:14px\">AAVV (1856), <em>A Handbook for Travellers in Portugal: With a Travelling Map<\/em>, London: John Murray.<\/p>\n\n\n\n<p style=\"font-size:14px\">Alves, D. et al (2016), \u201cGaspar Joaquim Borges de Castro e o Gaveto da Rua do Ros\u00e1rio\u201d, <em>in<\/em> G. Sousa (coord.) (2016), <em>II Congresso O Porto Rom\u00e2ntico \u2013 Actas<\/em>, Porto: Citar.<\/p>\n\n\n\n<p style=\"font-size:14px\">Branco, C. (1880), <em>A Senhora Rattazzi<\/em>, Porto: Livraria Internacional.<\/p>\n\n\n\n<p style=\"font-size:14px\">Cabete, S. (2010), <em>A narrativa de viagem em Portugal no s\u00e9culo XIX: alteridade e identidade nacional<\/em>, Paris: Universit\u00e9 de la Sorbonne Nouvelle.<\/p>\n\n\n\n<p style=\"font-size:14px\">Carvalho, F. (1997), <em>Arquitectura e vilegiatura na Foz do Douro (1850-1910)<\/em>, Tese de Mestrado em Hist\u00f3ria da Arte, Porto: Faculdade de Letras da Universidade do Porto.<\/p>\n\n\n\n<p style=\"font-size:14px\">Charnock, F. et al. (1894), <em>Bradshaw&#8217;s Illustrated Hand-book to Spain and Portugal: complete guide for travelers in the peninsula<\/em>, London: W. J. Adams &amp; Sons.<\/p>\n\n\n\n<p style=\"font-size:14px\">Jackson, C. (1877), <em>A Formosa Lusit\u00e2nia<\/em>, Porto: Livraria Internacional.<\/p>\n\n\n\n<p style=\"font-size:14px\">Jorge, R. (1899), <em>Demographia e Hygiene na Cidade do Porto<\/em>, Porto: C\u00e2mara Municipal do Porto.<\/p>\n\n\n\n<p style=\"font-size:14px\">Lousada, M. (2010), \u201cViajantes e turistas. Portugal, 1850 \u2013 1926\u201d<em>, in<\/em> AAVV (2010), <em>Viajar. Viajantes e Turistas \u00e0 descoberta de Portugal no tempo da I Rep\u00fablica<\/em>, Lisboa: CNCCR, pp. 65-75.<\/p>\n\n\n\n<p style=\"font-size:14px\">Ortig\u00e3o, R. (1876), <em>As praias de Portugal: guia do banhista e do viajante<\/em>, Porto: Livraria Universal.<\/p>\n\n\n\n<p style=\"font-size:14px\">\u2014 (1943 [1887]), <em>As farpas, o pa\u00eds e a sociedade portuguesa<\/em>,Lisboa: Livraria Cl\u00e1ssica Editora.<\/p>\n\n\n\n<p style=\"font-size:14px\">Os\u00f3rio, P. (1908), \u00abOnde iremos passar o Ver\u00e3o?\u00bb, Ilustra\u00e7\u00e3o Portuguesa, 128, citado <em>in<\/em> E. Henriques e M. Lousada (2010), \u201cF\u00e9rias em Portugal no primeiro quartel do s\u00e9culo XX. A arte de ser turista\u201d, <em>in<\/em> AAVV (2010), <em>Viajar. Viajantes e Turistas \u00e0 descoberta de Portugal no tempo da I Rep\u00fablica<\/em>, Lisboa: CNCCR, pp. 77-106.<\/p>\n\n\n\n<p style=\"font-size:14px\">Panarello, C. (2016), \u201cEmilia Peruzzi versus Maria Rattazzi\u201d, <em>in<\/em> M. Guardiola et al (eds.) (2016), <em>Mujeres de letras: pioneras en el arte, el ensayismo y la educaci\u00f3n<\/em>, Murcia: IX Congreso Internacional AUDEM.<\/p>\n\n\n\n<p style=\"font-size:14px\">Pereira, G. (1997), <em>No Porto Rom\u00e2ntico, com Camilo<\/em>, Porto: Casa Comum \u2013 Centro Cultural \/ O Progresso da Foz.<\/p>\n\n\n\n<p style=\"font-size:14px\">Pereira, H. (2010), \u201cAs viagens ferrovi\u00e1rias em Portugal (1845-1896)\u201d, <em>in<\/em> <em>CEM, Cultura Espa\u00e7o &amp; Mem\u00f3ria<\/em>, 1, pp. 25-40.<\/p>\n\n\n\n<p style=\"font-size:14px\">Pimentel, A. (1877), <em>Guia do Viajante na cidade do Porto e seus Arrabaldes<\/em>, Porto: Costa Mesquita.<\/p>\n\n\n\n<p style=\"font-size:14px\">\u2014 (1893), <em>O Porto h\u00e1 Trinta Annos<\/em>, Porto: Livraria Universal.<\/p>\n\n\n\n<p style=\"font-size:14px\">\u2014 (1894), <em>O Porto na Berlinda<\/em>, Porto: Livraria Chadron.<\/p>\n\n\n\n<p style=\"font-size:14px\">Pinto, J. (2015), \u201cAs Ilhas do Porto\u201d, <em>in<\/em> I. V\u00e1zquez e P. Concei\u00e7\u00e3o (2015), <em>\u201cIlhas\u201d do Porto \u2013 levantamento e caracteriza\u00e7\u00e3o<\/em>, Porto: C\u00e2mara Municipal do Porto, pp. 5-17.<\/p>\n\n\n\n<p style=\"font-size:14px\">Pinto, J.; Azevedo, A. (2010), \u201cPadr\u00f5es de distribui\u00e7\u00e3o hoteleira no Porto no final do s\u00e9culo XIX\u201d, <em>in<\/em> <em>Percursos &amp; Ideias<\/em>, cadernos de Turismo, 2 (2.\u00aa s\u00e9rie), pp. 155-166.<\/p>\n\n\n\n<p style=\"font-size:14px\">Rattazzi, M. (1880), <em>Portugal de Relance<\/em>, Lisboa: Livraria editora de Henrique Zeferino.<\/p>\n\n\n\n<p style=\"font-size:14px\">Rines, G. (ed.) (1920), <em>Rattazzi, Marie Studolmine de Solms<\/em>, S.l.: Encyclopedia Americana.<\/p>\n\n\n\n<p style=\"font-size:14px\">Santos, M. (2017), \u201cA Evolu\u00e7\u00e3o do Alojamento nos Prim\u00f3rdios do Turismo em Portugal: Discursos e Realiza\u00e7\u00f5es (1800-1906)\u201d, <em>in<\/em> <em>Revista Rosa dos Ventos \u2013 Turismo e Hospitalidade<\/em>, 9 (IV), pp. 506-520.<\/p>\n\n\n\n<p style=\"font-size:14px\">Sharma, K. (2004), <em>Tourism and Regional Development<\/em>, New Delhi: Sarup &amp; Sons.<\/p>\n<\/div>\n<\/div>\n","protected":false},"excerpt":{"rendered":"<p>Contents ArchiveCurrent issue Duas turistas estrangeiras no Porto de Oitocentos: da condi\u00e7\u00e3o feminina aos limites do turismo Jorge Ricardo Pinto 1, Daniela Alves 1, H\u00e9lder Barbosa 1 and Marta Lopes 1 1 ISCET &#8211;&#46;&#46;&#46;<\/p>\n","protected":false},"author":6,"featured_media":0,"parent":0,"menu_order":0,"comment_status":"closed","ping_status":"closed","template":"","meta":{"footnotes":""},"class_list":["post-703","page","type-page","status-publish","hentry"],"_links":{"self":[{"href":"https:\/\/percursoseideias.iscet.pt\/index.php\/wp-json\/wp\/v2\/pages\/703","targetHints":{"allow":["GET"]}}],"collection":[{"href":"https:\/\/percursoseideias.iscet.pt\/index.php\/wp-json\/wp\/v2\/pages"}],"about":[{"href":"https:\/\/percursoseideias.iscet.pt\/index.php\/wp-json\/wp\/v2\/types\/page"}],"author":[{"embeddable":true,"href":"https:\/\/percursoseideias.iscet.pt\/index.php\/wp-json\/wp\/v2\/users\/6"}],"replies":[{"embeddable":true,"href":"https:\/\/percursoseideias.iscet.pt\/index.php\/wp-json\/wp\/v2\/comments?post=703"}],"version-history":[{"count":7,"href":"https:\/\/percursoseideias.iscet.pt\/index.php\/wp-json\/wp\/v2\/pages\/703\/revisions"}],"predecessor-version":[{"id":2261,"href":"https:\/\/percursoseideias.iscet.pt\/index.php\/wp-json\/wp\/v2\/pages\/703\/revisions\/2261"}],"wp:attachment":[{"href":"https:\/\/percursoseideias.iscet.pt\/index.php\/wp-json\/wp\/v2\/media?parent=703"}],"curies":[{"name":"wp","href":"https:\/\/api.w.org\/{rel}","templated":true}]}}