{"id":701,"date":"2022-03-03T08:10:27","date_gmt":"2022-03-03T08:10:27","guid":{"rendered":"http:\/\/percursoseideias.iscet.pt\/?page_id=701"},"modified":"2022-03-07T18:30:37","modified_gmt":"2022-03-07T18:30:37","slug":"pi_2018_n08_0008-2","status":"publish","type":"page","link":"https:\/\/percursoseideias.iscet.pt\/index.php\/pi_2018_n08_0008-2\/","title":{"rendered":"Volume 8 &#8211; 2018 (0008)"},"content":{"rendered":"\n<div class=\"wp-block-columns is-layout-flex wp-container-core-columns-is-layout-9d6595d7 wp-block-columns-is-layout-flex\">\n<div class=\"wp-block-column is-layout-flow wp-block-column-is-layout-flow\" style=\"flex-basis:20%\">\n<figure class=\"wp-block-image size-full\"><img loading=\"lazy\" decoding=\"async\" width=\"436\" height=\"640\" src=\"https:\/\/percursoseideias.iscet.pt\/wp-content\/uploads\/2022\/03\/revista-percursos-ideias-8.png\" alt=\"\" class=\"wp-image-230\" srcset=\"https:\/\/percursoseideias.iscet.pt\/wp-content\/uploads\/2022\/03\/revista-percursos-ideias-8.png 436w, https:\/\/percursoseideias.iscet.pt\/wp-content\/uploads\/2022\/03\/revista-percursos-ideias-8-204x300.png 204w\" sizes=\"auto, (max-width: 436px) 100vw, 436px\" \/><\/figure>\n\n\n\n<p class=\"has-text-align-center\" style=\"font-size:16px\"><a href=\"https:\/\/percursoseideias.iscet.pt\/index.php\/pi_2018_n08_0001-2\/\"><img loading=\"lazy\" decoding=\"async\" width=\"16\" height=\"13\" class=\"wp-image-373\" style=\"width: 16px;\" src=\"https:\/\/percursoseideias.iscet.pt\/wp-content\/uploads\/2022\/03\/DoubleArrow_Left.jpg\" alt=\"\" srcset=\"https:\/\/percursoseideias.iscet.pt\/wp-content\/uploads\/2022\/03\/DoubleArrow_Left.jpg 1150w, https:\/\/percursoseideias.iscet.pt\/wp-content\/uploads\/2022\/03\/DoubleArrow_Left-300x239.jpg 300w, https:\/\/percursoseideias.iscet.pt\/wp-content\/uploads\/2022\/03\/DoubleArrow_Left-1024x816.jpg 1024w, https:\/\/percursoseideias.iscet.pt\/wp-content\/uploads\/2022\/03\/DoubleArrow_Left-768x612.jpg 768w\" sizes=\"auto, (max-width: 16px) 100vw, 16px\" \/><\/a>  <a href=\"https:\/\/percursoseideias.iscet.pt\/index.php\/pi_2018_n08_0007-2\/\"><img loading=\"lazy\" decoding=\"async\" width=\"11\" height=\"12\" class=\"wp-image-371\" style=\"width: 11px;\" src=\"https:\/\/percursoseideias.iscet.pt\/wp-content\/uploads\/2022\/03\/Arrow_Left.jpg\" alt=\"\" srcset=\"https:\/\/percursoseideias.iscet.pt\/wp-content\/uploads\/2022\/03\/Arrow_Left.jpg 820w, https:\/\/percursoseideias.iscet.pt\/wp-content\/uploads\/2022\/03\/Arrow_Left-269x300.jpg 269w, https:\/\/percursoseideias.iscet.pt\/wp-content\/uploads\/2022\/03\/Arrow_Left-150x150.jpg 150w, https:\/\/percursoseideias.iscet.pt\/wp-content\/uploads\/2022\/03\/Arrow_Left-768x858.jpg 768w, https:\/\/percursoseideias.iscet.pt\/wp-content\/uploads\/2022\/03\/Arrow_Left-80x80.jpg 80w, https:\/\/percursoseideias.iscet.pt\/wp-content\/uploads\/2022\/03\/Arrow_Left-320x320.jpg 320w\" sizes=\"auto, (max-width: 11px) 100vw, 11px\" \/><\/a>  <a href=\"https:\/\/percursoseideias.iscet.pt\/index.php\/volume-8-2018\/\">Contents<\/a>  <a href=\"https:\/\/percursoseideias.iscet.pt\/index.php\/pi_2018_n08_0009-2\/\"><img loading=\"lazy\" decoding=\"async\" width=\"11\" height=\"12\" class=\"wp-image-372\" style=\"width: 11px;\" src=\"https:\/\/percursoseideias.iscet.pt\/wp-content\/uploads\/2022\/03\/Arrow_Right.jpg\" alt=\"\" srcset=\"https:\/\/percursoseideias.iscet.pt\/wp-content\/uploads\/2022\/03\/Arrow_Right.jpg 820w, https:\/\/percursoseideias.iscet.pt\/wp-content\/uploads\/2022\/03\/Arrow_Right-269x300.jpg 269w, https:\/\/percursoseideias.iscet.pt\/wp-content\/uploads\/2022\/03\/Arrow_Right-150x150.jpg 150w, https:\/\/percursoseideias.iscet.pt\/wp-content\/uploads\/2022\/03\/Arrow_Right-768x858.jpg 768w, https:\/\/percursoseideias.iscet.pt\/wp-content\/uploads\/2022\/03\/Arrow_Right-80x80.jpg 80w, https:\/\/percursoseideias.iscet.pt\/wp-content\/uploads\/2022\/03\/Arrow_Right-320x320.jpg 320w\" sizes=\"auto, (max-width: 11px) 100vw, 11px\" \/><\/a>  <a href=\"https:\/\/percursoseideias.iscet.pt\/index.php\/pi_2018_n08_0010-2\/\"><img loading=\"lazy\" decoding=\"async\" width=\"16\" height=\"13\" class=\"wp-image-374\" style=\"width: 16px;\" src=\"https:\/\/percursoseideias.iscet.pt\/wp-content\/uploads\/2022\/03\/DoubleArrow_Right.jpg\" alt=\"\" srcset=\"https:\/\/percursoseideias.iscet.pt\/wp-content\/uploads\/2022\/03\/DoubleArrow_Right.jpg 1150w, https:\/\/percursoseideias.iscet.pt\/wp-content\/uploads\/2022\/03\/DoubleArrow_Right-300x239.jpg 300w, https:\/\/percursoseideias.iscet.pt\/wp-content\/uploads\/2022\/03\/DoubleArrow_Right-1024x816.jpg 1024w, https:\/\/percursoseideias.iscet.pt\/wp-content\/uploads\/2022\/03\/DoubleArrow_Right-768x612.jpg 768w\" sizes=\"auto, (max-width: 16px) 100vw, 16px\" \/><\/a><br><a href=\"https:\/\/percursoseideias.iscet.pt\/index.php\/archive\/\">Archive<\/a><br><a href=\"https:\/\/percursoseideias.iscet.pt\/index.php\/current-issues\/\">Current issue<\/a><\/p>\n<\/div>\n\n\n\n<div class=\"wp-block-column is-layout-flow wp-block-column-is-layout-flow\" style=\"flex-basis:66.66%\">\n<p style=\"font-size:30px\"><strong>A fronteira e o turismo<\/strong><\/p>\n\n\n\n<p class=\"has-medium-font-size\">Jos\u00e9 Henrique Rocha Mour\u00e3o <a rel=\"noreferrer noopener\" href=\"mailto:jmourao@iscet.pt\" target=\"_blank\"><img decoding=\"async\" class=\"wp-image-299\" style=\"width: 15px;\" src=\"http:\/\/magano.com\/percursoseideias\/wp-content\/uploads\/2022\/02\/envelope.png\" alt=\"\"><\/a><sup>1<\/sup><\/p>\n\n\n\n<p style=\"font-size:15px\"><sup>1<\/sup> ISCET &#8211; High Institute of Business and Tourism Sciences, Porto, Portugal<\/p>\n\n\n\n<p style=\"font-size:16px\"><\/p>\n\n\n\n<p style=\"font-size:16px\">To cite this text:<\/p>\n\n\n\n<p style=\"font-size:15px\">Mour\u00e3o, J. H. R. (2018), A fronteira e o turismo, <em>Percursos &amp; Ideias<\/em>, Vol. 8, pp. 85-92.<\/p>\n\n\n\n<p style=\"font-size:15px\"><a rel=\"noreferrer noopener\" href=\"https:\/\/percursoseideias.iscet.pt\/wp-content\/uploads\/2022\/03\/PI_2018_N08_0008.pdf\" target=\"_blank\">View full text PDF<\/a> <a rel=\"noreferrer noopener\" href=\"https:\/\/percursoseideias.iscet.pt\/wp-content\/uploads\/2022\/03\/PI_2018_N08_0008.pdf\" target=\"_blank\"><img decoding=\"async\" class=\"wp-image-213\" style=\"width: 20px;\" src=\"http:\/\/magano.com\/percursoseideias\/wp-content\/uploads\/2022\/02\/PDF_logo.jpeg\" alt=\"\"><\/a> <\/p>\n\n\n\n<p><strong>Abstract<\/strong><\/p>\n\n\n\n<p style=\"font-size:16px\">Borders are more than dividing lines that mark the sovereignty of countries. They are territorial transition fringes that hold an important cultural and natural heritage maintaining symbols and differentiating elements, which are currently becoming tourist attractions responding to the new demand flows. In the specific case of the Luso-Spanish border, this fringe comprehends in its great generality an interior territory with characteristics of desertification and depopulation that in the European space is only surpassed by the polar regions. The agricultural work and the use of the landscape need innovative strategies, so that the human presence can be maintained, and to be able to manage economically and socially a territory more resistant to catastrophic disturbances, like the great fires. Tourism emerges as one of the engines of development of this space, with the potential to reverse the cycle that has been the target for decades.<\/p>\n\n\n\n<p><strong>Keywords<\/strong><\/p>\n\n\n\n<p style=\"font-size:16px\">Tourism, Heritage, Portuguese-Spanish border, Depopulation, Desertification.<\/p>\n\n\n\n<p><strong>References<\/strong><\/p>\n\n\n\n<p style=\"font-size:14px\">Almonte, J.; Garcia, F. (2018), \u201cLa Frontera como Recurso Tur\u00edstico. Posibilidades del Bajo\/Baixo Guadiana\u201d, <em>in<\/em> <em>Revista de Estudios Andaluces<\/em>, 35, [Consult. a 14.08.2018]. Dispon\u00edvel em: <a href=\"http:\/\/institucional.us.es\/revistas\/andaluces\/35\/ARTICULOS\/art1_Jose%20Manuel%20Jurado-Almonte%20y%20Francisco%20Jose%20Pazos-Garcia.pdf\" target=\"_blank\" rel=\"noreferrer noopener\">http:\/\/institucional.us.es\/revistas\/andaluces\/35\/ARTICULOS\/art1_Jose%20Manuel%20Jurado-Almonte%20y%20Francisco%20Jose%20Pazos-Garcia.pdf<\/a><\/p>\n\n\n\n<p style=\"font-size:14px\">Bica, A. (2016), \u201cA progressiva desertifica\u00e7\u00e3o humana no norte e centro do pa\u00eds\u201d, <em>in<\/em> <em>Esquerda.net, <\/em>5 de Mar\u00e7o, [Consult. a 27.05.2018]. Dispon\u00edvel em: <a href=\"https:\/\/www.esquerda.net\/artigo\/progressiva-desertificacao-humana-no-norte-e-centro-do-pais\/41579\" target=\"_blank\" rel=\"noreferrer noopener\">https:\/\/www.esquerda.net\/artigo\/progressiva-desertificacao-humana-no-norte-e-centro-do-pais\/41579<\/a><\/p>\n\n\n\n<p style=\"font-size:14px\">Blasco, D. (2013), <em>Tourism Destination Zoning and Governance in Border Regions<\/em>, Ph.D Thesis, Girona: Universitat de Girona, [Consult. a 06.06.2018]. Dispon\u00edvel em: <a href=\"https:\/\/dugi-doc.udg.edu\/bitstream\/handle\/10256\/9217\/tdbf.pdf?sequence=6\" target=\"_blank\" rel=\"noreferrer noopener\">https:\/\/dugi-doc.udg.edu\/bitstream\/handle\/10256\/9217\/tdbf.pdf?sequence=6<\/a><\/p>\n\n\n\n<p style=\"font-size:14px\">Cairo, M., <em>Border-Crossing as a tourist experience in the spanishportuguese border<\/em>, Madrid: Facultad de Ciencias Pol\u00edticas y Sociolog\u00eda \u2013 Universidad Complutense de Madrid. Trabalho em curso, [Consult. a 14.08.2018]. Dispon\u00edvel em: <a href=\"http:\/\/paperroom.ipsa.org\/papers\/paper_14882.pdf\" target=\"_blank\" rel=\"noreferrer noopener\">http:\/\/paperroom.ipsa.org\/papers\/paper_14882.pdf<\/a><\/p>\n\n\n\n<p style=\"font-size:14px\">C\u00e2mara Municipal de Melga\u00e7o (2017), <em>Lan\u00e7amento do Projeto da \u201cRaia Termal\u201d: um destino dois pa\u00edses\u201d<\/em>, [Consult. a 16.08.2018]. Dispon\u00edvel em: <a href=\"http:\/\/www.cm-melgaco.pt\/lancamento-do-projeto-da-raia-termal-um-destino-dois-paises\/\" target=\"_blank\" rel=\"noreferrer noopener\">http:\/\/www.cm-melgaco.pt\/lancamento-do-projeto-da-raia-termal-um-destino-dois-paises\/<\/a><\/p>\n\n\n\n<p style=\"font-size:14px\">Conselho de Ministros (1999), <em>Resolu\u00e7\u00e3o 69\/99 de 09-07. Programa de Ac\u00e7\u00e3o Nacional de Combate \u00e0 Desertifica\u00e7\u00e3o<\/em>, Lisboa: DRE.<\/p>\n\n\n\n<p style=\"font-size:14px\">Costa, L.; Cisne, R.; Oliveira, C. (2012), \u201cDo Turismo de Fronteiras \u00e0s Fronteiras do Turismo: repensando os espa\u00e7os fronteiri\u00e7os\u201d, <em>in Anais do VII Semin\u00e1rio de Pesquisa em Turismo do Mercosul<\/em>, 16 e 17 de novembro de 2012, Caxias do Sul: Universidade de Caxias do Sul, [Consult. a 14.06.2018]. Dispon\u00edvel em: <a href=\"https:\/\/www.ucs.br\/ucs\/eventos\/seminarios_semintur\/semin_tur_7\/arquivos\/07\/04_47_47_Costa_Cisne_Oliveira.pdf\" target=\"_blank\" rel=\"noreferrer noopener\">https:\/\/www.ucs.br\/ucs\/eventos\/seminarios_semintur\/semin_tur_7\/arquivos\/07\/04_47_47_Costa_Cisne_Oliveira.pdf<\/a><\/p>\n\n\n\n<p style=\"font-size:14px\">CPC \u2013 Consultores de pol\u00edticas comunit\u00e1rias (2014), <em>An\u00e1lise da situa\u00e7\u00e3o econ\u00f3mica, social e ambiental da zona fronteiri\u00e7a de Espanha e Portugal<\/em>, FEDER- Programa de Coopera\u00e7\u00e3o Transfronteiri\u00e7a Espanha\/Portugal.<\/p>\n\n\n\n<p style=\"font-size:14px\">Fernandez, A.; Almonte, J. (2014), <em>Turismo de fronteira (III). Productos tur\u00edsticos de la Raya ib\u00e9rica.<\/em> Huelva: Servicio de Publicaciones de la Universidad de Huelva.<\/p>\n\n\n\n<p style=\"font-size:14px\">Ferreira, M. (1998), \u201cAs regi\u00f5es fronteiri\u00e7as portuguesas: potencialidades de desenvolvimento no actual contexto de internacionaliza\u00e7\u00e3o\u201d, <em>in<\/em> <em>Revista da Faculdade de Ci\u00eancias Sociais e Humanas<\/em>, 11, pp. 337-353.<\/p>\n\n\n\n<p style=\"font-size:14px\">Freitas, M. (2017), <em>Observat\u00f3rio da Desertifica\u00e7\u00e3o: da sensibilidade \u00e0 prioridade das pol\u00edticas<\/em>, [Consult. a 27.05.2018]. Dispon\u00edvel em: <a href=\"https:\/\/www.dn.pt\/opiniao\/opiniao-dn\/convidados\/interior\/observatorio-da-desertificacao-da-sensibilidade-a-prioridade-das-politicas-5737746.html\" target=\"_blank\" rel=\"noreferrer noopener\">https:\/\/www.dn.pt\/opiniao\/opiniao-dn\/convidados\/interior\/observatorio-da-desertificacao-da-sensibilidade-a-prioridade-das-politicas-5737746.html<\/a><\/p>\n\n\n\n<p style=\"font-size:14px\">Gon\u00e7alves, M. (2004), <em>Din\u00e2micas territoriais em espa\u00e7os transfronteiri\u00e7os: Terras de Bouro (Portugal) e L\u00f3bios (Espanha)<\/em>, Disserta\u00e7\u00e3o de Mestrado em Patrim\u00f3nio e Turismo, Braga: Universidade do Minho.<\/p>\n\n\n\n<p style=\"font-size:14px\">Lacoste, Y. Cl\u00e9ro, J. (2007), \u201cLe d\u00e9p\u00e9rissement de l&#8217;id\u00e9e de fronti\u00e8re?\u201d, <em>in<\/em> <em>Cit\u00e9s<\/em>, 3 (31), [Consult. a 06.06.2018]. Dispon\u00edvel em: <a href=\"https:\/\/www.cairn.info\/revue-cites-2007-3-page-127.htm\" target=\"_blank\" rel=\"noreferrer noopener\">https:\/\/www.cairn.info\/revue-cites-2007-3-page-127.htm<\/a><\/p>\n\n\n\n<p style=\"font-size:14px\">Liberato, D.; Gonz\u00e1lez, M.; Liberato, P. (2016), <em>Turismo de Fronteira, Aplica\u00e7\u00e3o \u00e0 Raia Seca Luso-Espanhola, Regi\u00e3o Norte de Portugal e Galiza<\/em>, Castell\u00f3n de la Plana: AECIT \u2013 Asociaci\u00f3n Espa\u00f1ola de Expertos Cientifico en Turismo.<\/p>\n\n\n\n<p style=\"font-size:14px\">Machado, L. (2000), \u201cLimites e Fronteiras: da Alta Diplomacia aos Circuitos da Ilegalidade\u201d, <em>in<\/em> <em>Revista Territ\u00f3rio<\/em>, ano V, 8, pp. 7-23, [Consult. a 27.05.2018]. Dispon\u00edvel em: <a href=\"http:\/\/www.revistaterritorio.com.br\/pdf\/08_6_lia_osorio.pdf\" target=\"_blank\" rel=\"noreferrer noopener\">http:\/\/www.revistaterritorio.com.br\/pdf\/08_6_lia_osorio.pdf<\/a> &nbsp;<\/p>\n\n\n\n<p style=\"font-size:14px\">Mart\u00edn, J.; Gallego, J. (2016), \u201cAtractivos naturales y culturales vs desarrollo tur\u00edstico en la raya Luso-Extreme\u00f1a\u201d, <em>in<\/em> <em>PASOS \u2013 Revista de Turismo y Patrim\u00f3nio Cultural<\/em>, 14 (4), [Consult. a 16.08.2018]. Dispon\u00edvel em: <a href=\"http:\/\/www.pasosonline.org\" target=\"_blank\" rel=\"noreferrer noopener\">www.pasosonline.org<\/a><\/p>\n\n\n\n<p style=\"font-size:14px\">Medeiros, E. (2010), <em>A Coopera\u00e7\u00e3o Transfronteiri\u00e7a Portugal-Espanha e Su\u00e9cia-Noruega<\/em> \u2013 <em>Efeito Barreira e Impactes Territoriais do INTERREG-A<\/em>, Tese de Doutoramento, Lisboa: IGOT \u2013 Universidade de Lisboa.<\/p>\n\n\n\n<p style=\"font-size:14px\">Paix\u00e3o, R. (2006), <em>Globaliza\u00e7\u00e3o, Turismo de Fronteira, Identidade e Planejamento da Regi\u00e3o Internacional de Corumb\u00e1\/MS<\/em>, Tese \u2013 Programa de P\u00f3s-Gradua\u00e7\u00e3o em Geografia Humana, S\u00e3o Paulo: Faculdade de Filosofia, Letras e Ci\u00eancias Humanas \u2013 Universidade de S\u00e3o Paulo, [Consult. a 29.05.2018]. Dispon\u00edvel em: <a href=\"http:\/\/www.teses.usp.br\/teses\/disponiveis\/8\/8136\/tde-21062007-141550\/pt-br.php\" target=\"_blank\" rel=\"noreferrer noopener\">http:\/\/www.teses.usp.br\/teses\/disponiveis\/8\/8136\/tde-21062007-141550\/pt-br.php<\/a><\/p>\n\n\n\n<p style=\"font-size:14px\">Ramirez, J. (2017), \u201cTurismo en la frontera: patrimonializaci\u00f3n y cooperaci\u00f3n transfronteriza en una periferia de la Uni\u00f3n Europea\u201d, <em>in<\/em> <em>Etnogr\u00e1fica &#8211; Revista do Centro em Rede de Investiga\u00e7\u00e3o em Antropologia<\/em>, 21 (2), [Consult. a 14.06.2018]. Dispon\u00edvel em: <a href=\"http:\/\/journals.openedition.org\/etnografica\/4940\" target=\"_blank\" rel=\"noreferrer noopener\">http:\/\/journals.openedition.org\/etnografica\/4940<\/a><\/p>\n\n\n\n<p style=\"font-size:14px\">Rankin, K.; Schofield, R. (2004), \u201cThe troubled historiography of classical boundary terminology\u201d, <em>in<\/em> <em>Ancullary Paper<\/em>, 2, [Consult. a 27.05.2018]. Dispon\u00edvel em: <a href=\"https:\/\/www.qub.ac.uk\/research-centres\/CentreforInternationalBordersResearch\/Publications\/WorkingPapers\/MappingFrontiersworkingpapers\/Filetoupload,175431,en.pdf\" target=\"_blank\" rel=\"noreferrer noopener\">https:\/\/www.qub.ac.uk\/research-centres\/CentreforInternationalBordersResearch\/Publications\/WorkingPapers\/MappingFrontiersworkingpapers\/Filetoupload,175431,en.pdf<\/a><\/p>\n\n\n\n<p style=\"font-size:14px\">RIET \u2013 Rede Ib\u00e9rica de Entidades Fronteiri\u00e7as (2018), <em>A RIET apresenta uma proposta para um novo tratado entre Espanha e Portugal<\/em>, [Consult. a 22.08.2018]<em>.<\/em> Dispon\u00edvel em: <a href=\"http:\/\/www.rietiberica.eu\/pt\/actualidad-pt\/noticias-pt\/item\/402-a-riet-apresenta-uma-proposta-para-um-novo-tratado-entre-espanha-e-portugal\" target=\"_blank\" rel=\"noreferrer noopener\">http:\/\/www.rietiberica.eu\/pt\/actualidad-pt\/noticias-pt\/item\/402-a-riet-apresenta-uma-proposta-para-um-novo-tratado-entre-espanha-e-portugal<\/a><\/p>\n\n\n\n<p style=\"font-size:14px\">Santos, J. (2013), <em>O Turismo como motor de desenvolvimento de zonas com tend\u00eancia ao despovoamento. Os concelhos de Idanha-a-Nova e de Penamacor como casos de estudo<\/em>, Disserta\u00e7\u00e3o de Mestrado, Lisboa: Faculdade de Arquitectura da Universidade T\u00e9cnica de Lisboa.<\/p>\n<\/div>\n<\/div>\n","protected":false},"excerpt":{"rendered":"<p>Contents ArchiveCurrent issue A fronteira e o turismo Jos\u00e9 Henrique Rocha Mour\u00e3o 1 1 ISCET &#8211; High Institute of Business and Tourism Sciences, Porto, Portugal To cite this text: Mour\u00e3o, J. H. R. (2018),&#46;&#46;&#46;<\/p>\n","protected":false},"author":6,"featured_media":0,"parent":0,"menu_order":0,"comment_status":"closed","ping_status":"closed","template":"","meta":{"footnotes":""},"class_list":["post-701","page","type-page","status-publish","hentry"],"_links":{"self":[{"href":"https:\/\/percursoseideias.iscet.pt\/index.php\/wp-json\/wp\/v2\/pages\/701","targetHints":{"allow":["GET"]}}],"collection":[{"href":"https:\/\/percursoseideias.iscet.pt\/index.php\/wp-json\/wp\/v2\/pages"}],"about":[{"href":"https:\/\/percursoseideias.iscet.pt\/index.php\/wp-json\/wp\/v2\/types\/page"}],"author":[{"embeddable":true,"href":"https:\/\/percursoseideias.iscet.pt\/index.php\/wp-json\/wp\/v2\/users\/6"}],"replies":[{"embeddable":true,"href":"https:\/\/percursoseideias.iscet.pt\/index.php\/wp-json\/wp\/v2\/comments?post=701"}],"version-history":[{"count":4,"href":"https:\/\/percursoseideias.iscet.pt\/index.php\/wp-json\/wp\/v2\/pages\/701\/revisions"}],"predecessor-version":[{"id":2260,"href":"https:\/\/percursoseideias.iscet.pt\/index.php\/wp-json\/wp\/v2\/pages\/701\/revisions\/2260"}],"wp:attachment":[{"href":"https:\/\/percursoseideias.iscet.pt\/index.php\/wp-json\/wp\/v2\/media?parent=701"}],"curies":[{"name":"wp","href":"https:\/\/api.w.org\/{rel}","templated":true}]}}