{"id":690,"date":"2022-03-03T08:05:29","date_gmt":"2022-03-03T08:05:29","guid":{"rendered":"http:\/\/percursoseideias.iscet.pt\/?page_id=690"},"modified":"2022-03-07T18:29:36","modified_gmt":"2022-03-07T18:29:36","slug":"pi_2018_n08_0003-2","status":"publish","type":"page","link":"https:\/\/percursoseideias.iscet.pt\/index.php\/pi_2018_n08_0003-2\/","title":{"rendered":"Volume 8 &#8211; 2018 (0003)"},"content":{"rendered":"\n<div class=\"wp-block-columns is-layout-flex wp-container-core-columns-is-layout-9d6595d7 wp-block-columns-is-layout-flex\">\n<div class=\"wp-block-column is-layout-flow wp-block-column-is-layout-flow\" style=\"flex-basis:20%\">\n<figure class=\"wp-block-image size-full\"><img loading=\"lazy\" decoding=\"async\" width=\"436\" height=\"640\" src=\"https:\/\/percursoseideias.iscet.pt\/wp-content\/uploads\/2022\/03\/revista-percursos-ideias-8.png\" alt=\"\" class=\"wp-image-230\" srcset=\"https:\/\/percursoseideias.iscet.pt\/wp-content\/uploads\/2022\/03\/revista-percursos-ideias-8.png 436w, https:\/\/percursoseideias.iscet.pt\/wp-content\/uploads\/2022\/03\/revista-percursos-ideias-8-204x300.png 204w\" sizes=\"auto, (max-width: 436px) 100vw, 436px\" \/><\/figure>\n\n\n\n<p class=\"has-text-align-center\" style=\"font-size:16px\"><a href=\"https:\/\/percursoseideias.iscet.pt\/index.php\/pi_2018_n08_0001-2\/\"><img loading=\"lazy\" decoding=\"async\" width=\"16\" height=\"13\" class=\"wp-image-373\" style=\"width: 16px;\" src=\"https:\/\/percursoseideias.iscet.pt\/wp-content\/uploads\/2022\/03\/DoubleArrow_Left.jpg\" alt=\"\" srcset=\"https:\/\/percursoseideias.iscet.pt\/wp-content\/uploads\/2022\/03\/DoubleArrow_Left.jpg 1150w, https:\/\/percursoseideias.iscet.pt\/wp-content\/uploads\/2022\/03\/DoubleArrow_Left-300x239.jpg 300w, https:\/\/percursoseideias.iscet.pt\/wp-content\/uploads\/2022\/03\/DoubleArrow_Left-1024x816.jpg 1024w, https:\/\/percursoseideias.iscet.pt\/wp-content\/uploads\/2022\/03\/DoubleArrow_Left-768x612.jpg 768w\" sizes=\"auto, (max-width: 16px) 100vw, 16px\" \/><\/a>  <a href=\"https:\/\/percursoseideias.iscet.pt\/index.php\/pi_2018_n08_0002-2\/\"><img loading=\"lazy\" decoding=\"async\" width=\"11\" height=\"12\" class=\"wp-image-371\" style=\"width: 11px;\" src=\"https:\/\/percursoseideias.iscet.pt\/wp-content\/uploads\/2022\/03\/Arrow_Left.jpg\" alt=\"\" srcset=\"https:\/\/percursoseideias.iscet.pt\/wp-content\/uploads\/2022\/03\/Arrow_Left.jpg 820w, https:\/\/percursoseideias.iscet.pt\/wp-content\/uploads\/2022\/03\/Arrow_Left-269x300.jpg 269w, https:\/\/percursoseideias.iscet.pt\/wp-content\/uploads\/2022\/03\/Arrow_Left-150x150.jpg 150w, https:\/\/percursoseideias.iscet.pt\/wp-content\/uploads\/2022\/03\/Arrow_Left-768x858.jpg 768w, https:\/\/percursoseideias.iscet.pt\/wp-content\/uploads\/2022\/03\/Arrow_Left-80x80.jpg 80w, https:\/\/percursoseideias.iscet.pt\/wp-content\/uploads\/2022\/03\/Arrow_Left-320x320.jpg 320w\" sizes=\"auto, (max-width: 11px) 100vw, 11px\" \/><\/a>  <a href=\"https:\/\/percursoseideias.iscet.pt\/index.php\/volume-8-2018\/\">Contents<\/a>  <a href=\"https:\/\/percursoseideias.iscet.pt\/index.php\/pi_2018_n08_0004-2\/\"><img loading=\"lazy\" decoding=\"async\" width=\"11\" height=\"12\" class=\"wp-image-372\" style=\"width: 11px;\" src=\"https:\/\/percursoseideias.iscet.pt\/wp-content\/uploads\/2022\/03\/Arrow_Right.jpg\" alt=\"\" srcset=\"https:\/\/percursoseideias.iscet.pt\/wp-content\/uploads\/2022\/03\/Arrow_Right.jpg 820w, https:\/\/percursoseideias.iscet.pt\/wp-content\/uploads\/2022\/03\/Arrow_Right-269x300.jpg 269w, https:\/\/percursoseideias.iscet.pt\/wp-content\/uploads\/2022\/03\/Arrow_Right-150x150.jpg 150w, https:\/\/percursoseideias.iscet.pt\/wp-content\/uploads\/2022\/03\/Arrow_Right-768x858.jpg 768w, https:\/\/percursoseideias.iscet.pt\/wp-content\/uploads\/2022\/03\/Arrow_Right-80x80.jpg 80w, https:\/\/percursoseideias.iscet.pt\/wp-content\/uploads\/2022\/03\/Arrow_Right-320x320.jpg 320w\" sizes=\"auto, (max-width: 11px) 100vw, 11px\" \/><\/a>  <a href=\"https:\/\/percursoseideias.iscet.pt\/index.php\/pi_2018_n08_0010-2\/\"><img loading=\"lazy\" decoding=\"async\" width=\"16\" height=\"13\" class=\"wp-image-374\" style=\"width: 16px;\" src=\"https:\/\/percursoseideias.iscet.pt\/wp-content\/uploads\/2022\/03\/DoubleArrow_Right.jpg\" alt=\"\" srcset=\"https:\/\/percursoseideias.iscet.pt\/wp-content\/uploads\/2022\/03\/DoubleArrow_Right.jpg 1150w, https:\/\/percursoseideias.iscet.pt\/wp-content\/uploads\/2022\/03\/DoubleArrow_Right-300x239.jpg 300w, https:\/\/percursoseideias.iscet.pt\/wp-content\/uploads\/2022\/03\/DoubleArrow_Right-1024x816.jpg 1024w, https:\/\/percursoseideias.iscet.pt\/wp-content\/uploads\/2022\/03\/DoubleArrow_Right-768x612.jpg 768w\" sizes=\"auto, (max-width: 16px) 100vw, 16px\" \/><\/a><br><a href=\"https:\/\/percursoseideias.iscet.pt\/index.php\/archive\/\">Archive<\/a><br><a href=\"https:\/\/percursoseideias.iscet.pt\/index.php\/current-issues\/\">Current issue<\/a><\/p>\n<\/div>\n\n\n\n<div class=\"wp-block-column is-layout-flow wp-block-column-is-layout-flow\" style=\"flex-basis:66.66%\">\n<p style=\"font-size:30px\"><strong>Os institutos da prescri\u00e7\u00e3o e da caducidade no C\u00f3digo Civil<\/strong><\/p>\n\n\n\n<p class=\"has-medium-font-size\">Melanie de Oliveira Neiva Santos <a rel=\"noreferrer noopener\" href=\"https:\/\/orcid.org\/0000-0001-7000-200X\" target=\"_blank\"><img loading=\"lazy\" decoding=\"async\" width=\"15\" height=\"15\" class=\"wp-image-174\" style=\"width: 15px;\" src=\"https:\/\/percursoseideias.iscet.pt\/wp-content\/uploads\/2022\/03\/orcid-og-image.png\" alt=\"\" srcset=\"https:\/\/percursoseideias.iscet.pt\/wp-content\/uploads\/2022\/03\/orcid-og-image.png 263w, https:\/\/percursoseideias.iscet.pt\/wp-content\/uploads\/2022\/03\/orcid-og-image-150x150.png 150w, https:\/\/percursoseideias.iscet.pt\/wp-content\/uploads\/2022\/03\/orcid-og-image-80x80.png 80w\" sizes=\"auto, (max-width: 15px) 100vw, 15px\" \/><\/a> <a href=\"mailto:moliveira@iscet.pt\" target=\"_blank\" rel=\"noreferrer noopener\"><img decoding=\"async\" class=\"wp-image-299\" style=\"width: 15px;\" src=\"http:\/\/magano.com\/percursoseideias\/wp-content\/uploads\/2022\/02\/envelope.png\" alt=\"\"><\/a><sup>1<\/sup><\/p>\n\n\n\n<p style=\"font-size:15px\"><sup>1<\/sup> ISCET &#8211; High Institute of Business and Tourism Sciences, Porto, Portugal<\/p>\n\n\n\n<p style=\"font-size:16px\"><\/p>\n\n\n\n<p style=\"font-size:16px\">To cite this text:<\/p>\n\n\n\n<p style=\"font-size:15px\">Santos, M. O. N. (2018), Os institutos da prescri\u00e7\u00e3o e da caducidade no C\u00f3digo Civil, <em>Percursos &amp; Ideias<\/em>, Vol. 8, pp. 21-29.<\/p>\n\n\n\n<p style=\"font-size:15px\"><a rel=\"noreferrer noopener\" href=\"https:\/\/percursoseideias.iscet.pt\/wp-content\/uploads\/2022\/03\/PI_2018_N08_0003.pdf\" target=\"_blank\">View full text PDF<\/a> <a rel=\"noreferrer noopener\" href=\"https:\/\/percursoseideias.iscet.pt\/wp-content\/uploads\/2022\/03\/PI_2018_N08_0003.pdf\" target=\"_blank\"><img decoding=\"async\" class=\"wp-image-213\" style=\"width: 20px;\" src=\"http:\/\/magano.com\/percursoseideias\/wp-content\/uploads\/2022\/02\/PDF_logo.jpeg\" alt=\"\"><\/a> <\/p>\n\n\n\n<p><strong>Abstract<\/strong><\/p>\n\n\n\n<p style=\"font-size:16px\">An effective legal order recognizes and protects rights accompanied by limits to its exercise. These limits arise from values such as equity, justice and certainty. Limitation and expiration periods lead to the termination of rights. Legal provisions that enshrine such periods aim at justice and certainty in legal relations. Under Portuguese law the legal regimen differs whether we face a limitation or expiration period and there are several provisions establishing such periods. The application and operation of this legal framework has a significant impact on legal relations and hence its importance and practical value.<\/p>\n\n\n\n<p><strong>Keywords<\/strong><\/p>\n\n\n\n<p style=\"font-size:16px\">Limitation period, Expiration, Legal framework, Legal term, Termination of rights.<\/p>\n\n\n\n<p><strong>References<\/strong><\/p>\n\n\n\n<p style=\"font-size:14px\">Andrade, Manuel A. Domingues de (1992), <em>Teoria Geral da Rela\u00e7\u00e3o Jur\u00eddica, Vol. II \u2013 Facto Jur\u00eddico, em especial Neg\u00f3cio Jur\u00eddico<\/em>, Almedina: Coimbra.<\/p>\n\n\n\n<p style=\"font-size:14px\">Cordeiro, Ant\u00f3nio Menezes (2001), <em>Da prescri\u00e7\u00e3o do pagamento dos denominados servi\u00e7os p\u00fablicos essenciais<\/em>, <em>O Direito, 133.\u00ba, tomo IV<\/em>, Almedina: Coimbra.<\/p>\n\n\n\n<p style=\"font-size:14px\">Costa, M\u00e1rio J\u00falio de Almeida (1991), <em>No\u00e7\u00f5es de Direito Civil<\/em> (3\u00aa edi\u00e7\u00e3o), Almedina: Coimbra.<\/p>\n\n\n\n<p style=\"font-size:14px\">H\u00f6rster, Heinrich Ewald (1992), <em>A Parte Geral do C\u00f3digo Civil Portugu\u00eas, Teoria Geral do Direito Civil<\/em>, Almedina: Coimbra.<\/p>\n\n\n\n<p style=\"font-size:14px\">Justo, Santos (2015), <em>Introdu\u00e7\u00e3o ao Estudo do Direito<\/em> (3\u00aa edi\u00e7\u00e3o), Coimbra: Coimbra Editora.<\/p>\n\n\n\n<p style=\"font-size:14px\">Lima, Pires de; varela, Antunes (1987), <em>C\u00f3digo Civil Anotado<\/em>,Volume I (4\u00aa edi\u00e7\u00e3o rev. e act.), com a colabora\u00e7\u00e3o M. Henrique Mesquita, Coimbra: Coimbra Editora.<\/p>\n\n\n\n<p style=\"font-size:14px\">Machado, J. Baptista (1991), <em>Introdu\u00e7\u00e3o ao Direito e ao Discurso Legitimador<\/em>, Coimbra: Almedina.<\/p>\n\n\n\n<p style=\"font-size:14px\">Mariano, Elsa (2013), \u201cPrescri\u00e7\u00e3o e Caducidade \u2013 Algumas considera\u00e7\u00f5es sobre prazos\u201d,<em> in Boletim da Ordem dos Advogados<\/em>, 108-109, pp. 30-34.<\/p>\n\n\n\n<p style=\"font-size:14px\">Neto, Ab\u00edlio (2010), <em>C\u00f3digo Civil Anotado<\/em> (17\u00aa edi\u00e7\u00e3o ver. e act.), Lisboa: Ediforum.<\/p>\n\n\n\n<p style=\"font-size:14px\">Oliveira, Fernando (1996), <em>Breve gloss\u00e1rio de latim para juristas<\/em>, Lisboa: Edi\u00e7\u00f5es Cosmos.<\/p>\n\n\n\n<p style=\"font-size:14px\">Pinto, Carlos Alberto da Mota (2005), <em>Teoria Geral do Direito Civil<\/em> (4\u00aa edi\u00e7\u00e3o por Ant\u00f3nio Pinto Monteiro e Paulo Mota Pinto), Coimbra: Coimbra Editora.<\/p>\n\n\n\n<p style=\"font-size:14px\">Prata, Ana (1992), <em>Dicion\u00e1rio Jur\u00eddico<\/em>, Volume I (3\u00aa edi\u00e7\u00e3o), Coimbra: Almedina.<\/p>\n\n\n\n<p style=\"font-size:14px\">Silva, Calv\u00e3o da (1999), \u201cAplica\u00e7\u00e3o da Lei n.\u00ba 23\/96 ao Servi\u00e7o M\u00f3vel de Telefone e natureza extintiva da prescri\u00e7\u00e3o referida no seu art. 10\u00ba\u201d, <em>in Revista de Legisla\u00e7\u00e3o e Jurisprud\u00eancia<\/em>, Ano 132\u00ba, pp. 133-159.<\/p>\n\n\n\n<p style=\"font-size:14px\">\u2014 (2008), \u201cServi\u00e7os p\u00fablicos essenciais: altera\u00e7\u00f5es \u00e0 Lei n.\u00ba 23\/96 pelas Leis n.\u00bas 12\/2008 e 24\/2008\u201d, <em>in<\/em> <em>Revista de Legisla\u00e7\u00e3o e Jurisprud\u00eancia<\/em>, Ano 137\u00ba, pp. 165-181.<\/p>\n<\/div>\n<\/div>\n","protected":false},"excerpt":{"rendered":"<p>Contents ArchiveCurrent issue Os institutos da prescri\u00e7\u00e3o e da caducidade no C\u00f3digo Civil Melanie de Oliveira Neiva Santos 1 1 ISCET &#8211; High Institute of Business and Tourism Sciences, Porto, Portugal To cite this&#46;&#46;&#46;<\/p>\n","protected":false},"author":6,"featured_media":0,"parent":0,"menu_order":0,"comment_status":"closed","ping_status":"closed","template":"","meta":{"footnotes":""},"class_list":["post-690","page","type-page","status-publish","hentry"],"_links":{"self":[{"href":"https:\/\/percursoseideias.iscet.pt\/index.php\/wp-json\/wp\/v2\/pages\/690","targetHints":{"allow":["GET"]}}],"collection":[{"href":"https:\/\/percursoseideias.iscet.pt\/index.php\/wp-json\/wp\/v2\/pages"}],"about":[{"href":"https:\/\/percursoseideias.iscet.pt\/index.php\/wp-json\/wp\/v2\/types\/page"}],"author":[{"embeddable":true,"href":"https:\/\/percursoseideias.iscet.pt\/index.php\/wp-json\/wp\/v2\/users\/6"}],"replies":[{"embeddable":true,"href":"https:\/\/percursoseideias.iscet.pt\/index.php\/wp-json\/wp\/v2\/comments?post=690"}],"version-history":[{"count":5,"href":"https:\/\/percursoseideias.iscet.pt\/index.php\/wp-json\/wp\/v2\/pages\/690\/revisions"}],"predecessor-version":[{"id":2255,"href":"https:\/\/percursoseideias.iscet.pt\/index.php\/wp-json\/wp\/v2\/pages\/690\/revisions\/2255"}],"wp:attachment":[{"href":"https:\/\/percursoseideias.iscet.pt\/index.php\/wp-json\/wp\/v2\/media?parent=690"}],"curies":[{"name":"wp","href":"https:\/\/api.w.org\/{rel}","templated":true}]}}