{"id":609,"date":"2022-03-03T00:24:10","date_gmt":"2022-03-03T00:24:10","guid":{"rendered":"http:\/\/percursoseideias.iscet.pt\/?page_id=609"},"modified":"2022-03-06T21:44:26","modified_gmt":"2022-03-06T21:44:26","slug":"pi_2019_n09_0006","status":"publish","type":"page","link":"https:\/\/percursoseideias.iscet.pt\/index.php\/pi_2019_n09_0006\/","title":{"rendered":"Volume 9 &#8211; 2019 (0006)"},"content":{"rendered":"\n<div class=\"wp-block-columns is-layout-flex wp-container-core-columns-is-layout-9d6595d7 wp-block-columns-is-layout-flex\">\n<div class=\"wp-block-column is-layout-flow wp-block-column-is-layout-flow\" style=\"flex-basis:20%\">\n<figure class=\"wp-block-image size-full\"><img loading=\"lazy\" decoding=\"async\" width=\"538\" height=\"785\" src=\"https:\/\/percursoseideias.iscet.pt\/wp-content\/uploads\/2022\/03\/revista-percursos-ideias-9.png\" alt=\"\" class=\"wp-image-226\" srcset=\"https:\/\/percursoseideias.iscet.pt\/wp-content\/uploads\/2022\/03\/revista-percursos-ideias-9.png 538w, https:\/\/percursoseideias.iscet.pt\/wp-content\/uploads\/2022\/03\/revista-percursos-ideias-9-206x300.png 206w\" sizes=\"auto, (max-width: 538px) 100vw, 538px\" \/><\/figure>\n\n\n\n<p class=\"has-text-align-center\" style=\"font-size:16px\"><a href=\"https:\/\/percursoseideias.iscet.pt\/index.php\/pi_2019_n09_0001\/\"><img loading=\"lazy\" decoding=\"async\" width=\"16\" height=\"13\" class=\"wp-image-373\" style=\"width: 16px;\" src=\"https:\/\/percursoseideias.iscet.pt\/wp-content\/uploads\/2022\/03\/DoubleArrow_Left.jpg\" alt=\"\" srcset=\"https:\/\/percursoseideias.iscet.pt\/wp-content\/uploads\/2022\/03\/DoubleArrow_Left.jpg 1150w, https:\/\/percursoseideias.iscet.pt\/wp-content\/uploads\/2022\/03\/DoubleArrow_Left-300x239.jpg 300w, https:\/\/percursoseideias.iscet.pt\/wp-content\/uploads\/2022\/03\/DoubleArrow_Left-1024x816.jpg 1024w, https:\/\/percursoseideias.iscet.pt\/wp-content\/uploads\/2022\/03\/DoubleArrow_Left-768x612.jpg 768w\" sizes=\"auto, (max-width: 16px) 100vw, 16px\" \/><\/a>  <a href=\"https:\/\/percursoseideias.iscet.pt\/index.php\/pi_2019_n09_0005\/\"><img loading=\"lazy\" decoding=\"async\" width=\"11\" height=\"12\" class=\"wp-image-371\" style=\"width: 11px;\" src=\"https:\/\/percursoseideias.iscet.pt\/wp-content\/uploads\/2022\/03\/Arrow_Left.jpg\" alt=\"\" srcset=\"https:\/\/percursoseideias.iscet.pt\/wp-content\/uploads\/2022\/03\/Arrow_Left.jpg 820w, https:\/\/percursoseideias.iscet.pt\/wp-content\/uploads\/2022\/03\/Arrow_Left-269x300.jpg 269w, https:\/\/percursoseideias.iscet.pt\/wp-content\/uploads\/2022\/03\/Arrow_Left-150x150.jpg 150w, https:\/\/percursoseideias.iscet.pt\/wp-content\/uploads\/2022\/03\/Arrow_Left-768x858.jpg 768w, https:\/\/percursoseideias.iscet.pt\/wp-content\/uploads\/2022\/03\/Arrow_Left-80x80.jpg 80w, https:\/\/percursoseideias.iscet.pt\/wp-content\/uploads\/2022\/03\/Arrow_Left-320x320.jpg 320w\" sizes=\"auto, (max-width: 11px) 100vw, 11px\" \/><\/a>  <a href=\"https:\/\/percursoseideias.iscet.pt\/index.php\/volume-9-2019\/\">Contents<\/a>  <a href=\"https:\/\/percursoseideias.iscet.pt\/index.php\/pi_2019_n09_0007\/\"><img loading=\"lazy\" decoding=\"async\" width=\"11\" height=\"12\" class=\"wp-image-372\" style=\"width: 11px;\" src=\"https:\/\/percursoseideias.iscet.pt\/wp-content\/uploads\/2022\/03\/Arrow_Right.jpg\" alt=\"\" srcset=\"https:\/\/percursoseideias.iscet.pt\/wp-content\/uploads\/2022\/03\/Arrow_Right.jpg 820w, https:\/\/percursoseideias.iscet.pt\/wp-content\/uploads\/2022\/03\/Arrow_Right-269x300.jpg 269w, https:\/\/percursoseideias.iscet.pt\/wp-content\/uploads\/2022\/03\/Arrow_Right-150x150.jpg 150w, https:\/\/percursoseideias.iscet.pt\/wp-content\/uploads\/2022\/03\/Arrow_Right-768x858.jpg 768w, https:\/\/percursoseideias.iscet.pt\/wp-content\/uploads\/2022\/03\/Arrow_Right-80x80.jpg 80w, https:\/\/percursoseideias.iscet.pt\/wp-content\/uploads\/2022\/03\/Arrow_Right-320x320.jpg 320w\" sizes=\"auto, (max-width: 11px) 100vw, 11px\" \/><\/a>  <a href=\"https:\/\/percursoseideias.iscet.pt\/index.php\/pi_2019_n09_0007\/\"><img loading=\"lazy\" decoding=\"async\" width=\"16\" height=\"13\" class=\"wp-image-374\" style=\"width: 16px;\" src=\"https:\/\/percursoseideias.iscet.pt\/wp-content\/uploads\/2022\/03\/DoubleArrow_Right.jpg\" alt=\"\" srcset=\"https:\/\/percursoseideias.iscet.pt\/wp-content\/uploads\/2022\/03\/DoubleArrow_Right.jpg 1150w, https:\/\/percursoseideias.iscet.pt\/wp-content\/uploads\/2022\/03\/DoubleArrow_Right-300x239.jpg 300w, https:\/\/percursoseideias.iscet.pt\/wp-content\/uploads\/2022\/03\/DoubleArrow_Right-1024x816.jpg 1024w, https:\/\/percursoseideias.iscet.pt\/wp-content\/uploads\/2022\/03\/DoubleArrow_Right-768x612.jpg 768w\" sizes=\"auto, (max-width: 16px) 100vw, 16px\" \/><\/a><br><a href=\"https:\/\/percursoseideias.iscet.pt\/index.php\/archive\/\">Archive<\/a><br><a href=\"https:\/\/percursoseideias.iscet.pt\/index.php\/current-issues\/\">Current issue<\/a><\/p>\n<\/div>\n\n\n\n<div class=\"wp-block-column is-layout-flow wp-block-column-is-layout-flow\" style=\"flex-basis:66.66%\">\n<p style=\"font-size:30px\"><strong>Organiza\u00e7\u00e3o e desenvolvimento tur\u00edstico do Concelho de Valongo: um contributo<\/strong><\/p>\n\n\n\n<p class=\"has-medium-font-size\">L\u00eddia Aguiar <a href=\"https:\/\/orcid.org\/0000-0003-1815-8546\" target=\"_blank\" rel=\"noreferrer noopener\"><img decoding=\"async\" class=\"wp-image-258\" style=\"width: 15px;\" src=\"http:\/\/magano.com\/percursoseideias\/wp-content\/uploads\/2022\/02\/orcid-og-image.png\" alt=\"\"><\/a> <a href=\"mailto:laguiar@iscet.pt\" target=\"_blank\" rel=\"noreferrer noopener\"><img decoding=\"async\" class=\"wp-image-299\" style=\"width: 15px;\" src=\"http:\/\/magano.com\/percursoseideias\/wp-content\/uploads\/2022\/02\/envelope.png\" alt=\"\"><\/a><sup>1<\/sup><\/p>\n\n\n\n<p style=\"font-size:15px\"><sup>1<\/sup> ISCET &#8211; High Institute of Business and Tourism Sciences, Porto, Portugal<\/p>\n\n\n\n<p style=\"font-size:16px\"><\/p>\n\n\n\n<p style=\"font-size:16px\">To cite this text:<\/p>\n\n\n\n<p style=\"font-size:15px\">Aguiar, L. (2019), Organiza\u00e7\u00e3o e desenvolvimento tur\u00edstico do Concelho de Valongo: um contributo, <em>Percursos &amp; Ideias<\/em>, Vol. 9, pp. 73-81.<\/p>\n\n\n\n<p style=\"font-size:15px\"><a rel=\"noreferrer noopener\" href=\"https:\/\/percursoseideias.iscet.pt\/wp-content\/uploads\/2022\/03\/PI_2019_N09_0006.pdf\" target=\"_blank\">View full text PDF<\/a> <a rel=\"noreferrer noopener\" href=\"https:\/\/percursoseideias.iscet.pt\/wp-content\/uploads\/2022\/03\/PI_2019_N09_0006.pdf\" target=\"_blank\"><img decoding=\"async\" class=\"wp-image-213\" style=\"width: 20px;\" src=\"http:\/\/magano.com\/percursoseideias\/wp-content\/uploads\/2022\/02\/PDF_logo.jpeg\" alt=\"\"><\/a> <\/p>\n\n\n\n<p><strong>Abstract<\/strong><\/p>\n\n\n\n<p style=\"font-size:16px\">Since its foundation, the county of Valongo is an example of overturning frontiers before the will of men. In this way, created memories of the economic evolution throughout the 19th had early 20th centuries need to be safeguarded. Methodologically, the literature review, Valongo City Hall statistics and field recognition were used. The purpose of this article is to encourage the methodological study of all cultural and natural heritage of which the county is the holder by placing it at the service of tourism. The intention is to contribute to a tourism organization and development of the county and consequent economic increase apart from also to contribute for the pride of inhabitants.<\/p>\n\n\n\n<p><strong>Keywords<\/strong><\/p>\n\n\n\n<p style=\"font-size:16px\">Valongo county, Memory places, Cultural heritage, Natural heritage, Tourist development.<\/p>\n\n\n\n<p><strong>References<\/strong><\/p>\n\n\n\n<p style=\"font-size:14px\">Aguiar, L\u00eddia (2015), <em>Routes de la contrebande dans les r\u00e9gions frontali\u00e8res Galice-Portugal (Melga\u00e7o): la mus\u00e9alisation de la memoire et des traditions<\/em>, Girona: Universitat de Girona.<\/p>\n\n\n\n<p style=\"font-size:14px\">Almeida Lima, Maria Adelaide Gon\u00e7alves (2000), <em>A Padeira de Valongo &#8211; Entre o mito e a realidade<\/em>, Tese de Mestrado, Porto: FLUP.<\/p>\n\n\n\n<p style=\"font-size:14px\">Azevedo, Maria Jos\u00e9 Coelho (1999), <em>A Igreja Matriz de Valongo &#8211; Arquitetura (1794 &#8211; 1836)<\/em>, I volume, Tese de Mestrado, Porto: FLUP.<\/p>\n\n\n\n<p style=\"font-size:14px\">Beni, M\u00e1rio Carlos (2007), <em>An\u00e1lise estrutural do turismo<\/em>, S. Paulo: Senac.<\/p>\n\n\n\n<p style=\"font-size:14px\">Cabrita, Ant\u00f3nio Russo; Silva, Maria Margarida (1973), <em>Monografia do Concelho de Valongo<\/em>, Porto: Oficinas Gr\u00e1ficas de O Com\u00e9rcio do Porto.<\/p>\n\n\n\n<p style=\"font-size:14px\">Carvalho, E., Azevedo, F., Soares, I.; Gon\u00e7alves, M. (2015), <em>Diagn\u00f3stico Social do Concelho de Valongo<\/em>,Valongo: Municipio de Valongo.<\/p>\n\n\n\n<p style=\"font-size:14px\">Cerro, Francisco Leno (1993), <em>Tecnicas de Evaluacion del Potencial Tur\u00edstico<\/em>,Madrid: Minist\u00e9rio da Industria Comercio e Turismo.<\/p>\n\n\n\n<p style=\"font-size:14px\">Dias, Manuel Augusto; Pereira, Manuel Concei\u00e7\u00e3o (2001), <em>Ermesinde: registos monogr\u00e1ficos vol I e II<\/em>,Valongo: C\u00e2mara Municipal de Valongo.<\/p>\n\n\n\n<p style=\"font-size:14px\">Estev\u00e3o, Cristina; Ferreira, Jo\u00e3o (2015), <em>A Competitividade no sector do turismo: Contributos, desafios e implica\u00e7\u00f5es<\/em>, Castelo Branco: Idioteque.<\/p>\n\n\n\n<p style=\"font-size:14px\">Figueira, Mota Lu\u00eds (2003), <em>Manual para a elabora\u00e7\u00e3o de roteiros de turismo cultural<\/em>,Tomar: Instituto Polit\u00e9cnico de Tomar.<\/p>\n\n\n\n<p style=\"font-size:14px\">Kastenhols, Elisabeth (2012), \u201cA experi\u00eancia integral do turismo em meio rural &#8211; conceptualiza\u00e7\u00e3o na perspetiva tur\u00edstica e reflex\u00e3o sobre a natureza da experiencia tur\u00edstica, com base em dados recolhidos em 3 aldeias portuguesas\u201d,<em> cit in atas VIII CIRTUDES<\/em>,<em> <\/em>Chaves: UTAD.<\/p>\n\n\n\n<p style=\"font-size:14px\">Lloyd, Hodges (1833), <em>Narrative of the Expedition to Portugal in 1832 under the orders of his Imperial Magesty Dom Pedro, Duke of Braganza<\/em>, Vol I, London: James Fraser.<\/p>\n\n\n\n<p style=\"font-size:14px\">Lopes, Fl\u00e1vio (1999), <em>Turismo uma Ponte para o Patrim\u00f3nio<\/em>, s.l.: Jornal do Programa de Incremento de Turismo Cultural, ano 2 (2), Maio.<\/p>\n\n\n\n<p style=\"font-size:14px\">Moreira, Paulo Caetano (2012), <em>A Batalha de Ponte Ferreira (Campo, Valongo, 1832): um processo memoralista e de valoriza\u00e7\u00e3o patrimonial<\/em>, Tese de Mestrado,Porto: FLUP.<\/p>\n\n\n\n<p style=\"font-size:14px\">Mouriscada, Centro de Documenta\u00e7\u00e3o da Bugiada e (2018), <em>IPorto ag\u00eancia metropolitana da cultura<\/em>, [Consult. a 23.07.2018]. Dispon\u00edvel em: <a href=\"iporto.amp.pt\/localizacoes\/centro-cultural-de-sobrado\">i<\/a><a href=\"http:\/\/iporto.amp.pt\/localizacoes\/centro-cultural-de-sobrado\" target=\"_blank\" rel=\"noreferrer noopener\">porto.amp.pt\/localizacoes\/centro-cultural-de-sobrado<\/a><\/p>\n\n\n\n<p style=\"font-size:14px\">Nora, Pierre (1993), <em>Entre mem\u00f3ria e hist\u00f3ria: a problem\u00e1tica dos lugares<\/em>, S\u00e3o Paulo: Projeto Hist\u00f3ria.<\/p>\n\n\n\n<p style=\"font-size:14px\">\u2014 (1997), <em>Les Lieux de M\u00e8moire<\/em>,Fran\u00e7a: Gallimard.<\/p>\n\n\n\n<p style=\"font-size:14px\">Nunes, Manuel; Nunes, Jorge (2002), <em>\u00c1reas naturais da regi\u00e3o do Porto<\/em>, Porto: Ozono.<\/p>\n\n\n\n<p style=\"font-size:14px\">Silva, Francisco; Umbelino, Jorge (2017), <em>Planeamento e Desenvolvimento Tur\u00edstico<\/em>, Lisboa: Lidel &#8211; Edi\u00e7\u00f5es T\u00e9cnicas.<\/p>\n\n\n\n<p style=\"font-size:14px\">Turismo Porto e Norte (2018), <em>Bugiada e Mouriscada &#8211; Sobrado &#8211; Valongo<\/em>, Valongo: Turismo Porto e Norte.<\/p>\n\n\n\n<p style=\"font-size:14px\">Valongo, C\u00e2mara Municipal de (2018), [Consult. a 23.07.2018]. Dispon\u00edvel em: <a href=\"http:\/\/www.cm-valongo\/pages\/425\" target=\"_blank\" rel=\"noreferrer noopener\">www.cm-valongo\/pages\/425<\/a><\/p>\n<\/div>\n<\/div>\n\n\n\n<p><\/p>\n","protected":false},"excerpt":{"rendered":"<p>Contents ArchiveCurrent issue Organiza\u00e7\u00e3o e desenvolvimento tur\u00edstico do Concelho de Valongo: um contributo L\u00eddia Aguiar 1 1 ISCET &#8211; High Institute of Business and Tourism Sciences, Porto, Portugal To cite this text: Aguiar, L.&#46;&#46;&#46;<\/p>\n","protected":false},"author":6,"featured_media":0,"parent":0,"menu_order":0,"comment_status":"closed","ping_status":"closed","template":"","meta":{"footnotes":""},"class_list":["post-609","page","type-page","status-publish","hentry"],"_links":{"self":[{"href":"https:\/\/percursoseideias.iscet.pt\/index.php\/wp-json\/wp\/v2\/pages\/609","targetHints":{"allow":["GET"]}}],"collection":[{"href":"https:\/\/percursoseideias.iscet.pt\/index.php\/wp-json\/wp\/v2\/pages"}],"about":[{"href":"https:\/\/percursoseideias.iscet.pt\/index.php\/wp-json\/wp\/v2\/types\/page"}],"author":[{"embeddable":true,"href":"https:\/\/percursoseideias.iscet.pt\/index.php\/wp-json\/wp\/v2\/users\/6"}],"replies":[{"embeddable":true,"href":"https:\/\/percursoseideias.iscet.pt\/index.php\/wp-json\/wp\/v2\/comments?post=609"}],"version-history":[{"count":8,"href":"https:\/\/percursoseideias.iscet.pt\/index.php\/wp-json\/wp\/v2\/pages\/609\/revisions"}],"predecessor-version":[{"id":2221,"href":"https:\/\/percursoseideias.iscet.pt\/index.php\/wp-json\/wp\/v2\/pages\/609\/revisions\/2221"}],"wp:attachment":[{"href":"https:\/\/percursoseideias.iscet.pt\/index.php\/wp-json\/wp\/v2\/media?parent=609"}],"curies":[{"name":"wp","href":"https:\/\/api.w.org\/{rel}","templated":true}]}}