{"id":605,"date":"2022-03-03T00:23:33","date_gmt":"2022-03-03T00:23:33","guid":{"rendered":"http:\/\/percursoseideias.iscet.pt\/?page_id=605"},"modified":"2022-03-06T21:43:58","modified_gmt":"2022-03-06T21:43:58","slug":"pi_2019_n09_0004","status":"publish","type":"page","link":"https:\/\/percursoseideias.iscet.pt\/index.php\/pi_2019_n09_0004\/","title":{"rendered":"Volume 9 &#8211; 2019 (0004)"},"content":{"rendered":"\n<div class=\"wp-block-columns is-layout-flex wp-container-core-columns-is-layout-9d6595d7 wp-block-columns-is-layout-flex\">\n<div class=\"wp-block-column is-layout-flow wp-block-column-is-layout-flow\" style=\"flex-basis:20%\">\n<figure class=\"wp-block-image size-full\"><img loading=\"lazy\" decoding=\"async\" width=\"538\" height=\"785\" src=\"https:\/\/percursoseideias.iscet.pt\/wp-content\/uploads\/2022\/03\/revista-percursos-ideias-9.png\" alt=\"\" class=\"wp-image-226\" srcset=\"https:\/\/percursoseideias.iscet.pt\/wp-content\/uploads\/2022\/03\/revista-percursos-ideias-9.png 538w, https:\/\/percursoseideias.iscet.pt\/wp-content\/uploads\/2022\/03\/revista-percursos-ideias-9-206x300.png 206w\" sizes=\"auto, (max-width: 538px) 100vw, 538px\" \/><\/figure>\n\n\n\n<p class=\"has-text-align-center\" style=\"font-size:16px\"><a href=\"https:\/\/percursoseideias.iscet.pt\/index.php\/pi_2019_n09_0001\/\"><img loading=\"lazy\" decoding=\"async\" width=\"16\" height=\"13\" class=\"wp-image-373\" style=\"width: 16px;\" src=\"https:\/\/percursoseideias.iscet.pt\/wp-content\/uploads\/2022\/03\/DoubleArrow_Left.jpg\" alt=\"\" srcset=\"https:\/\/percursoseideias.iscet.pt\/wp-content\/uploads\/2022\/03\/DoubleArrow_Left.jpg 1150w, https:\/\/percursoseideias.iscet.pt\/wp-content\/uploads\/2022\/03\/DoubleArrow_Left-300x239.jpg 300w, https:\/\/percursoseideias.iscet.pt\/wp-content\/uploads\/2022\/03\/DoubleArrow_Left-1024x816.jpg 1024w, https:\/\/percursoseideias.iscet.pt\/wp-content\/uploads\/2022\/03\/DoubleArrow_Left-768x612.jpg 768w\" sizes=\"auto, (max-width: 16px) 100vw, 16px\" \/><\/a>  <a href=\"https:\/\/percursoseideias.iscet.pt\/index.php\/pi_2019_n09_0003\/\"><img loading=\"lazy\" decoding=\"async\" width=\"11\" height=\"12\" class=\"wp-image-371\" style=\"width: 11px;\" src=\"https:\/\/percursoseideias.iscet.pt\/wp-content\/uploads\/2022\/03\/Arrow_Left.jpg\" alt=\"\" srcset=\"https:\/\/percursoseideias.iscet.pt\/wp-content\/uploads\/2022\/03\/Arrow_Left.jpg 820w, https:\/\/percursoseideias.iscet.pt\/wp-content\/uploads\/2022\/03\/Arrow_Left-269x300.jpg 269w, https:\/\/percursoseideias.iscet.pt\/wp-content\/uploads\/2022\/03\/Arrow_Left-150x150.jpg 150w, https:\/\/percursoseideias.iscet.pt\/wp-content\/uploads\/2022\/03\/Arrow_Left-768x858.jpg 768w, https:\/\/percursoseideias.iscet.pt\/wp-content\/uploads\/2022\/03\/Arrow_Left-80x80.jpg 80w, https:\/\/percursoseideias.iscet.pt\/wp-content\/uploads\/2022\/03\/Arrow_Left-320x320.jpg 320w\" sizes=\"auto, (max-width: 11px) 100vw, 11px\" \/><\/a>  <a href=\"https:\/\/percursoseideias.iscet.pt\/index.php\/volume-9-2019\/\">Contents<\/a>  <a href=\"https:\/\/percursoseideias.iscet.pt\/index.php\/pi_2019_n09_0005\/\"><img loading=\"lazy\" decoding=\"async\" width=\"11\" height=\"12\" class=\"wp-image-372\" style=\"width: 11px;\" src=\"https:\/\/percursoseideias.iscet.pt\/wp-content\/uploads\/2022\/03\/Arrow_Right.jpg\" alt=\"\" srcset=\"https:\/\/percursoseideias.iscet.pt\/wp-content\/uploads\/2022\/03\/Arrow_Right.jpg 820w, https:\/\/percursoseideias.iscet.pt\/wp-content\/uploads\/2022\/03\/Arrow_Right-269x300.jpg 269w, https:\/\/percursoseideias.iscet.pt\/wp-content\/uploads\/2022\/03\/Arrow_Right-150x150.jpg 150w, https:\/\/percursoseideias.iscet.pt\/wp-content\/uploads\/2022\/03\/Arrow_Right-768x858.jpg 768w, https:\/\/percursoseideias.iscet.pt\/wp-content\/uploads\/2022\/03\/Arrow_Right-80x80.jpg 80w, https:\/\/percursoseideias.iscet.pt\/wp-content\/uploads\/2022\/03\/Arrow_Right-320x320.jpg 320w\" sizes=\"auto, (max-width: 11px) 100vw, 11px\" \/><\/a>  <a href=\"https:\/\/percursoseideias.iscet.pt\/index.php\/pi_2019_n09_0007\/\"><img loading=\"lazy\" decoding=\"async\" width=\"16\" height=\"13\" class=\"wp-image-374\" style=\"width: 16px;\" src=\"https:\/\/percursoseideias.iscet.pt\/wp-content\/uploads\/2022\/03\/DoubleArrow_Right.jpg\" alt=\"\" srcset=\"https:\/\/percursoseideias.iscet.pt\/wp-content\/uploads\/2022\/03\/DoubleArrow_Right.jpg 1150w, https:\/\/percursoseideias.iscet.pt\/wp-content\/uploads\/2022\/03\/DoubleArrow_Right-300x239.jpg 300w, https:\/\/percursoseideias.iscet.pt\/wp-content\/uploads\/2022\/03\/DoubleArrow_Right-1024x816.jpg 1024w, https:\/\/percursoseideias.iscet.pt\/wp-content\/uploads\/2022\/03\/DoubleArrow_Right-768x612.jpg 768w\" sizes=\"auto, (max-width: 16px) 100vw, 16px\" \/><\/a><br><a href=\"https:\/\/percursoseideias.iscet.pt\/index.php\/archive\/\">Archive<\/a><br><a href=\"https:\/\/percursoseideias.iscet.pt\/index.php\/current-issues\/\">Current issue<\/a><\/p>\n<\/div>\n\n\n\n<div class=\"wp-block-column is-layout-flow wp-block-column-is-layout-flow\" style=\"flex-basis:66.66%\">\n<p style=\"font-size:30px\"><strong>A internacionaliza\u00e7\u00e3o no setor do mobili\u00e1rio: estudo explorat\u00f3rio \u00e0s empresas<\/strong><\/p>\n\n\n\n<p class=\"has-medium-font-size\">Tiago Andr\u00e9 Martins<sup>1<\/sup>, Lu\u00eds Dias Pacheco<sup>1<\/sup> and Fernando Oliveira Tavares<a rel=\"noreferrer noopener\" href=\"https:\/\/orcid.org\/0000-0002-9672-8770\" target=\"_blank\"><img decoding=\"async\" class=\"wp-image-258\" style=\"width: 15px;\" src=\"http:\/\/magano.com\/percursoseideias\/wp-content\/uploads\/2022\/02\/orcid-og-image.png\" alt=\"\"><\/a> <a rel=\"noreferrer noopener\" href=\"mailto:ftavares@iscet.pt\" target=\"_blank\"><img decoding=\"async\" class=\"wp-image-299\" style=\"width: 15px;\" src=\"http:\/\/magano.com\/percursoseideias\/wp-content\/uploads\/2022\/02\/envelope.png\" alt=\"\"><\/a><sup>2<\/sup><\/p>\n\n\n\n<p style=\"font-size:15px\"><sup>1<\/sup> Universidade Portucalense Infante D. Henrique, Porto, Portugal<br><sup>2<\/sup> ISCET &#8211; High Institute of Business and Tourism Sciences, Porto, Portugal<\/p>\n\n\n\n<p style=\"font-size:16px\"><\/p>\n\n\n\n<p style=\"font-size:16px\">To cite this text:<\/p>\n\n\n\n<p style=\"font-size:15px\">Martins, A., Pacheco, L. D. &amp; Tavares, F. O. (2019), A internacionaliza\u00e7\u00e3o no setor do mobili\u00e1rio: estudo explorat\u00f3rio \u00e0s empresas, <em>Percursos &amp; Ideias<\/em>, Vol. 9, pp. 44-61.<\/p>\n\n\n\n<p style=\"font-size:15px\"><a rel=\"noreferrer noopener\" href=\"https:\/\/percursoseideias.iscet.pt\/wp-content\/uploads\/2022\/03\/PI_2019_N09_0004.pdf\" target=\"_blank\">View full text PDF<\/a> <a rel=\"noreferrer noopener\" href=\"https:\/\/percursoseideias.iscet.pt\/wp-content\/uploads\/2022\/03\/PI_2019_N09_0004.pdf\" target=\"_blank\"><img decoding=\"async\" class=\"wp-image-213\" style=\"width: 20px;\" src=\"http:\/\/magano.com\/percursoseideias\/wp-content\/uploads\/2022\/02\/PDF_logo.jpeg\" alt=\"\"><\/a> <\/p>\n\n\n\n<p><strong>Abstract<\/strong><\/p>\n\n\n\n<p style=\"font-size:16px\">The main purposes of this exploratory study are to understand the main motivations responsible for the internationalization processes and to obtain information on the impact of the creation of a furniture cluster in the region of Pa\u00e7os de Ferreira, Portugal. The utilized method is quantitative and exploratory. It was found that the lack of self-funding and the scarcity of international distribution channels are the main obstacles to the internationalization of furniture companies. The companies operate in markets of less psychic distance, that is, geographically close (Spain and France), and with cultural and linguistic levels very similar to the domestic market (Angola). It is also concluded that the volume of business does not influence the internationalization and that there is no correlation between the company\u2019s antiquity and internationalization too.<\/p>\n\n\n\n<p><strong>Keywords<\/strong><\/p>\n\n\n\n<p style=\"font-size:16px\">Internationalization, Cluster, Furniture, International brand, Global strategy.<\/p>\n\n\n\n<p><strong>References<\/strong><\/p>\n\n\n\n<p style=\"font-size:14px\">Altenburg, T.; Meyer-Stamer, J. (1999), \u201cHow to promote clusters: policy experiences from Latin America\u201d,&nbsp;<em>in<\/em> <em>World Development<\/em>,&nbsp;27 (9), pp. 1693-1713.<\/p>\n\n\n\n<p style=\"font-size:14px\">Andreff, W. (2009), \u201cOutsourcing in the new strategy of multinational companies: Foreign investment, international subcontracting and production relocation\u201d, <em>in<\/em>&nbsp;<em>Papeles de Europa<\/em>,&nbsp;18, pp. 5-34.<\/p>\n\n\n\n<p style=\"font-size:14px\">Arbaugh, J.; Camp, S.; Cox, L. (2008), \u201cWhy don&#8217;t entrepreneurial firms internationalize more?\u201d, <em>in<\/em> <em>Journal of Managerial Issues<\/em>, 20 (3),pp. 366-382.<\/p>\n\n\n\n<p style=\"font-size:14px\">Bahlmann, M.; Huysman, M. (2008), \u201cThe emergence of a knowledge-based view of clusters and its implications for cluster governance\u201d, <em>in<\/em>&nbsp;<em>The Information Society<\/em>,&nbsp;24 (5), pp. 304-318.<\/p>\n\n\n\n<p style=\"font-size:14px\">Bara\u00f1ano, A. (2004),&nbsp;<em>M\u00e9todos e t\u00e9cnicas de investiga\u00e7\u00e3o em gest\u00e3o: manual de apoio \u00e0 realiza\u00e7\u00e3o de trabalhos de investiga\u00e7\u00e3o<\/em>, Edi\u00e7\u00f5es S\u00edlabo: Lisboa.<\/p>\n\n\n\n<p style=\"font-size:14px\">Baum, M.; Schwens, C.; Kabst, R. (2015), \u201cA latent class analysis of small firms\u2019 internationalization patterns\u201d, <em>in<\/em>&nbsp;<em>Journal of World Business<\/em>,&nbsp;50 (4), pp. 754-768.<\/p>\n\n\n\n<p style=\"font-size:14px\">Baylis, J.; Smith, S.; Owens, P. (eds.) (2017),&nbsp;<em>The globalization of world politics: an introduction to international relations<\/em>, Oxford University Press: Oxford.<\/p>\n\n\n\n<p style=\"font-size:14px\">Bryman, A.; Bell, E. (2015),&nbsp;<em>Business research methods<\/em>, Oxford: Oxford University Press.<\/p>\n\n\n\n<p style=\"font-size:14px\">Buckley, P. (1993), \u201cBarriers to internationalization\u201d, <em>in<\/em>&nbsp;Luca&nbsp;<strong>Zan, <\/strong>Stefano <strong>Zambon<\/strong>e&nbsp;&amp; Andrew M. <strong>Pettigrew<\/strong> (eds.),<em> Perspectives on strategic change<\/em>, Dordrecht: Springer, pp. 79-106.<\/p>\n\n\n\n<p style=\"font-size:14px\">Caniels, M.; Romijn, H. (2003), \u201cSME clusters, acquisition of technological capabilities and development: concepts, practice and policy lessons\u201d, <em>in<\/em>&nbsp;<em>Journal of Industry, Competition and Trade<\/em>,&nbsp;3 (3), pp. 187-210.<\/p>\n\n\n\n<p style=\"font-size:14px\">Filipe, L.; Montgomery, D. (2005), \u201cThe relationship between export assistance and performance improvement in Portuguese export ventures: An empirical test of the mediating role of pricing strategy adaptation\u201d, in <em>European Journal of marketing<\/em>,&nbsp;39 (7\/8), pp. 755-784.<\/p>\n\n\n\n<p style=\"font-size:14px\">George, D.; Mallery, D. (2003),<em>&nbsp;SPSS for windows step by step: A simple study guide and reference, 17.0 update, 10\/e<\/em>, Delhi: Pearson Education India.<\/p>\n\n\n\n<p style=\"font-size:14px\">Giuliani, E. (2005), \u201cCluster absorptive capacity: why do some clusters forge ahead and others lag behind?\u201d, <em>in<\/em>&nbsp;<em>European Urban and Regional Studies<\/em>,&nbsp;12 (3), pp. 269-288.<\/p>\n\n\n\n<p style=\"font-size:14px\">Hansson, A.; Hedin, K. (2007), <em>Motives for internationalization<\/em>,&nbsp;MSC diss., Uppsala: Uppsala University.<\/p>\n\n\n\n<p style=\"font-size:14px\">Johanson, J.; Wiedersheim\u2010Paul, F. (1975), \u201cThe internationalization of the firm \u2013 four Swedish cases\u201d, <em>in<\/em>&nbsp;<em>Journal of Management Studies<\/em>,&nbsp;12 (3), pp. 305-323.<\/p>\n\n\n\n<p style=\"font-size:14px\">Kadokawa, K. (2013), \u201cA search for an industrial cluster in Japanese manufacturing sector: evidence from a location survey\u201d, <em>in<\/em>&nbsp;<em>GeoJournal<\/em>,&nbsp;78 (1), pp. 85-101.<\/p>\n\n\n\n<p style=\"font-size:14px\">Keohane, R.; Milner, H. (1996),&nbsp;<em>Internationalization and domestic politics<\/em>, Cambridge: Cambridge University Press.<\/p>\n\n\n\n<p style=\"font-size:14px\">Larrinaga, O. (2005), \u201cLa internacionalizaci\u00f3n de la empresa y la empresa multinacional: una revisi\u00f3n conceptual contempor\u00e2nea\u201d, <em>in<\/em>&nbsp;<em>Cuadernos de Gesti\u00f3n<\/em>,&nbsp;5 (2), pp. 55-73.<\/p>\n\n\n\n<p style=\"font-size:14px\">Lawson, B.; Potter, A. (2012), \u201cDeterminants of knowledge transfer in inter-firm new product development projects\u201d, <em>in<\/em>&nbsp;<em>International Journal of Operations &amp; Production Management<\/em>,&nbsp;32 (10), pp. 1228-1247.<\/p>\n\n\n\n<p style=\"font-size:14px\">Lee, K.; Carter, S. (2011), \u201cGlobal marketing management\u201d, <em>in<\/em>&nbsp;<em>Strategic Direction<\/em>,&nbsp;27 (1), [Consult. a 01.02.2018]. Dispon\u00edvel em: <a href=\"https:\/\/doi.org\/10.1108\/sd.2011.05627aae.001\" target=\"_blank\" rel=\"noreferrer noopener\">https:\/\/doi.org\/10.1108\/sd.2011.05627aae.001<\/a><\/p>\n\n\n\n<p style=\"font-size:14px\">Maggioni, M. (2002),&nbsp;<em>Clustering dynamics and the location of high-tech-firms<\/em>, Heidelberg: Springer Verlag.<\/p>\n\n\n\n<p style=\"font-size:14px\">Marano, V.; Tashman, P.; Kostova, T. (2017), \u201cEscaping the iron cage: Liabilities of origin and CSR reporting of emerging market multinational enterprises\u201d, <em>in&nbsp;Journal of International Business Studies<\/em>,&nbsp;48 (3), pp. 386-408.<\/p>\n\n\n\n<p style=\"font-size:14px\">Mar\u00f4co, J. (2011),&nbsp;<em>An\u00e1lise estat\u00edstica com o SPSS Statistics<\/em>, P\u00earo Pinheiro: ReportNumber.<\/p>\n\n\n\n<p style=\"font-size:14px\">Martins, C. (2011), <em>Manual de an\u00e1lise de dados quantitativos com recurso ao IBM SPSS: saber decidir, fazer, interpretar e redigir<\/em>,&nbsp;Braga: Psiquil\u00edbrios Edi\u00e7\u00f5es.<\/p>\n\n\n\n<p style=\"font-size:14px\">Mason, C.; Castleman, T.; Parker, C. (2005), \u201cCan knowledge management save regional development?\u201d, <em>in<\/em>&nbsp;<em>Proceedings of the CRIC Cluster Conference: Beyond clusters: Current Practices &amp; Future Strategies Conference Proceedings<\/em>), Ballarat, University of Ballarat, Centre for Regional Innovation and Competitiveness, pp. 1-15.<\/p>\n\n\n\n<p style=\"font-size:14px\">Masum, M.; Fernandez, A. (2008), <em>Internationalization Process of SMEs: Strategies and Methods<\/em>, Master Thesis EFO705, V\u00e4ster\u00e5s: M\u00e4lardalen University School of Sustainable Development of Society and Technology.<\/p>\n\n\n\n<p style=\"font-size:14px\">Oviatt, B.; McDougall, P. (2005), \u201cDefining international entrepreneurship and modeling the speed of internationalization\u201d, <em>in<\/em> <em>Entrepreneurship Theory and Practice<\/em>, 29 (5), pp. 537-554.<\/p>\n\n\n\n<p style=\"font-size:14px\">Pereira, A. (2008), <em>SPSS: Guia pr\u00e1tico de utiliza\u00e7\u00e3o.<\/em>&nbsp;<em>An\u00e1lise de dados para ci\u00eancias sociais e psicologia<\/em>, Lisboa: Edi\u00e7\u00f5es S\u00edlabo.<\/p>\n\n\n\n<p style=\"font-size:14px\">Pestana, M. H.; Gageiro, J. N. (2003), <em>An\u00e1lise de dados para ci\u00eancias sociais: a complementaridade do SPSS<\/em>, Lisboa: Edi\u00e7\u00f5es S\u00edlabo.<\/p>\n\n\n\n<p style=\"font-size:14px\">Pinho, J.; Martins, L. (2010), \u201cExporting barriers: Insights from Portuguese small-and medium-sized exporters and non-exporters\u201d, <em>in<\/em>&nbsp;<em>Journal of International Entrepreneurship<\/em>,&nbsp;8 (3), pp. 254-272.<\/p>\n\n\n\n<p style=\"font-size:14px\">Porter, M. (1998), \u201cClusters and the new economics of competition\u201d, <em>in<\/em> <em>Harvard Business Review<\/em>, 76 (6), pp. 77-90.<\/p>\n\n\n\n<p style=\"font-size:14px\">\u2014 (2000), \u201cLocations, clusters, and company strategy\u201d,&nbsp;<em>in<\/em> G. Clark, M. Feldman &amp; M. Gertler (eds.),<em> The Oxford Handbook of E<\/em><em>conomic Geography<\/em>,&nbsp;Oxford: Oxford University Press, pp. 253-274.<\/p>\n\n\n\n<p style=\"font-size:14px\">Reuer, J.; Ari\u00f1o, A.; Mellewigt, T. (2006), \u201cEntrepreneurial alliances as contractual forms\u201d, <em>in<\/em>&nbsp;<em>Journal of Business Venturing<\/em>,&nbsp;21 (3), pp. 306-325.<\/p>\n\n\n\n<p style=\"font-size:14px\">Ryzhkova, E.; Prosvirkin, N. (2015), \u201cCluster initiatives as a competitiveness factor of modern enterprises\u201d, <em>in<\/em>&nbsp;<em>European Research Studies<\/em>,&nbsp;18 (3), pp. 21-30.<\/p>\n\n\n\n<p style=\"font-size:14px\">Saunders, M. (2011),&nbsp;<em>Research methods for business students<\/em>, 5<sup>th<\/sup> ed., India: Pearson Education India.<\/p>\n\n\n\n<p style=\"font-size:14px\">Sim\u00f5es, V. (1997), <em>Inova\u00e7\u00e3o e Gest\u00e3o em PME, Temas de Economia<\/em>,Lisboa: Gabinete de Estudos e Prospectiva Econ\u00f3mica \u2013 Minist\u00e9rio da Economia.<\/p>\n\n\n\n<p style=\"font-size:14px\">Smarzynska, J. (2004), \u201cDoes foreign direct investment increase the productivity of domestic firms? In search of spillovers through backward linkages\u201d, <em>in<\/em>&nbsp;<em>American Economic Review<\/em>,&nbsp;94 (3), pp. 605-627.<\/p>\n\n\n\n<p style=\"font-size:14px\">Tavares, F.; Marques, A. (2013), \u201cA internacionaliza\u00e7\u00e3o no setor da corti\u00e7a: Estudo explorat\u00f3rio \u00e0s empresas\u201d, <em>in<\/em> <em>Revista Portuguesa e Brasileira de Gest\u00e3o<\/em>, 12 (4), pp. 37-49.<\/p>\n\n\n\n<p style=\"font-size:14px\">Tavares, F.; Pacheco, L.; Rodrigues Pires, M. (2016), \u201cGest\u00e3o do Risco nas \u2018PME de Excel\u00eancia\u2019 Portuguesas\u201d, <em>in<\/em>&nbsp;<em>Tourism &amp; Management Studies<\/em>,&nbsp;12 (2), pp. 135-144.<\/p>\n\n\n\n<p style=\"font-size:14px\">Walter, S. (2017), \u201cGlobalization and the demand-side of politics: How globalization shapes labor market risk perceptions and policy preferences\u201d, <em>in<\/em>&nbsp;<em>Political Science Research and Methods<\/em>,&nbsp;5 (1), pp. 55-80.<\/p>\n<\/div>\n<\/div>\n","protected":false},"excerpt":{"rendered":"<p>Contents ArchiveCurrent issue A internacionaliza\u00e7\u00e3o no setor do mobili\u00e1rio: estudo explorat\u00f3rio \u00e0s empresas Tiago Andr\u00e9 Martins1, Lu\u00eds Dias Pacheco1 and Fernando Oliveira Tavares 2 1 Universidade Portucalense Infante D. Henrique, Porto, Portugal2 ISCET &#8211;&#46;&#46;&#46;<\/p>\n","protected":false},"author":6,"featured_media":0,"parent":0,"menu_order":0,"comment_status":"closed","ping_status":"closed","template":"","meta":{"footnotes":""},"class_list":["post-605","page","type-page","status-publish","hentry"],"_links":{"self":[{"href":"https:\/\/percursoseideias.iscet.pt\/index.php\/wp-json\/wp\/v2\/pages\/605","targetHints":{"allow":["GET"]}}],"collection":[{"href":"https:\/\/percursoseideias.iscet.pt\/index.php\/wp-json\/wp\/v2\/pages"}],"about":[{"href":"https:\/\/percursoseideias.iscet.pt\/index.php\/wp-json\/wp\/v2\/types\/page"}],"author":[{"embeddable":true,"href":"https:\/\/percursoseideias.iscet.pt\/index.php\/wp-json\/wp\/v2\/users\/6"}],"replies":[{"embeddable":true,"href":"https:\/\/percursoseideias.iscet.pt\/index.php\/wp-json\/wp\/v2\/comments?post=605"}],"version-history":[{"count":6,"href":"https:\/\/percursoseideias.iscet.pt\/index.php\/wp-json\/wp\/v2\/pages\/605\/revisions"}],"predecessor-version":[{"id":2219,"href":"https:\/\/percursoseideias.iscet.pt\/index.php\/wp-json\/wp\/v2\/pages\/605\/revisions\/2219"}],"wp:attachment":[{"href":"https:\/\/percursoseideias.iscet.pt\/index.php\/wp-json\/wp\/v2\/media?parent=605"}],"curies":[{"name":"wp","href":"https:\/\/api.w.org\/{rel}","templated":true}]}}