{"id":601,"date":"2022-03-03T00:22:54","date_gmt":"2022-03-03T00:22:54","guid":{"rendered":"http:\/\/percursoseideias.iscet.pt\/?page_id=601"},"modified":"2022-03-06T21:43:37","modified_gmt":"2022-03-06T21:43:37","slug":"pi_2019_n09_0002","status":"publish","type":"page","link":"https:\/\/percursoseideias.iscet.pt\/index.php\/pi_2019_n09_0002\/","title":{"rendered":"Volume 9 &#8211; 2019 (0002)"},"content":{"rendered":"\n<div class=\"wp-block-columns is-layout-flex wp-container-core-columns-is-layout-9d6595d7 wp-block-columns-is-layout-flex\">\n<div class=\"wp-block-column is-layout-flow wp-block-column-is-layout-flow\" style=\"flex-basis:20%\">\n<figure class=\"wp-block-image size-full\"><img loading=\"lazy\" decoding=\"async\" width=\"538\" height=\"785\" src=\"https:\/\/percursoseideias.iscet.pt\/wp-content\/uploads\/2022\/03\/revista-percursos-ideias-9.png\" alt=\"\" class=\"wp-image-226\" srcset=\"https:\/\/percursoseideias.iscet.pt\/wp-content\/uploads\/2022\/03\/revista-percursos-ideias-9.png 538w, https:\/\/percursoseideias.iscet.pt\/wp-content\/uploads\/2022\/03\/revista-percursos-ideias-9-206x300.png 206w\" sizes=\"auto, (max-width: 538px) 100vw, 538px\" \/><\/figure>\n\n\n\n<p class=\"has-text-align-center\" style=\"font-size:16px\"><a href=\"https:\/\/percursoseideias.iscet.pt\/index.php\/pi_2019_n09_0001\/\"><img loading=\"lazy\" decoding=\"async\" width=\"16\" height=\"13\" class=\"wp-image-373\" style=\"width: 16px;\" src=\"https:\/\/percursoseideias.iscet.pt\/wp-content\/uploads\/2022\/03\/DoubleArrow_Left.jpg\" alt=\"\" srcset=\"https:\/\/percursoseideias.iscet.pt\/wp-content\/uploads\/2022\/03\/DoubleArrow_Left.jpg 1150w, https:\/\/percursoseideias.iscet.pt\/wp-content\/uploads\/2022\/03\/DoubleArrow_Left-300x239.jpg 300w, https:\/\/percursoseideias.iscet.pt\/wp-content\/uploads\/2022\/03\/DoubleArrow_Left-1024x816.jpg 1024w, https:\/\/percursoseideias.iscet.pt\/wp-content\/uploads\/2022\/03\/DoubleArrow_Left-768x612.jpg 768w\" sizes=\"auto, (max-width: 16px) 100vw, 16px\" \/><\/a>  <a href=\"https:\/\/percursoseideias.iscet.pt\/index.php\/pi_2019_n09_0001\/\"><img loading=\"lazy\" decoding=\"async\" width=\"11\" height=\"12\" class=\"wp-image-371\" style=\"width: 11px;\" src=\"https:\/\/percursoseideias.iscet.pt\/wp-content\/uploads\/2022\/03\/Arrow_Left.jpg\" alt=\"\" srcset=\"https:\/\/percursoseideias.iscet.pt\/wp-content\/uploads\/2022\/03\/Arrow_Left.jpg 820w, https:\/\/percursoseideias.iscet.pt\/wp-content\/uploads\/2022\/03\/Arrow_Left-269x300.jpg 269w, https:\/\/percursoseideias.iscet.pt\/wp-content\/uploads\/2022\/03\/Arrow_Left-150x150.jpg 150w, https:\/\/percursoseideias.iscet.pt\/wp-content\/uploads\/2022\/03\/Arrow_Left-768x858.jpg 768w, https:\/\/percursoseideias.iscet.pt\/wp-content\/uploads\/2022\/03\/Arrow_Left-80x80.jpg 80w, https:\/\/percursoseideias.iscet.pt\/wp-content\/uploads\/2022\/03\/Arrow_Left-320x320.jpg 320w\" sizes=\"auto, (max-width: 11px) 100vw, 11px\" \/><\/a>  <a href=\"https:\/\/percursoseideias.iscet.pt\/index.php\/volume-9-2019\/\">Contents<\/a>  <a href=\"https:\/\/percursoseideias.iscet.pt\/index.php\/pi_2019_n09_0003\/\"><img loading=\"lazy\" decoding=\"async\" width=\"11\" height=\"12\" class=\"wp-image-372\" style=\"width: 11px;\" src=\"https:\/\/percursoseideias.iscet.pt\/wp-content\/uploads\/2022\/03\/Arrow_Right.jpg\" alt=\"\" srcset=\"https:\/\/percursoseideias.iscet.pt\/wp-content\/uploads\/2022\/03\/Arrow_Right.jpg 820w, https:\/\/percursoseideias.iscet.pt\/wp-content\/uploads\/2022\/03\/Arrow_Right-269x300.jpg 269w, https:\/\/percursoseideias.iscet.pt\/wp-content\/uploads\/2022\/03\/Arrow_Right-150x150.jpg 150w, https:\/\/percursoseideias.iscet.pt\/wp-content\/uploads\/2022\/03\/Arrow_Right-768x858.jpg 768w, https:\/\/percursoseideias.iscet.pt\/wp-content\/uploads\/2022\/03\/Arrow_Right-80x80.jpg 80w, https:\/\/percursoseideias.iscet.pt\/wp-content\/uploads\/2022\/03\/Arrow_Right-320x320.jpg 320w\" sizes=\"auto, (max-width: 11px) 100vw, 11px\" \/><\/a>  <a href=\"https:\/\/percursoseideias.iscet.pt\/index.php\/pi_2019_n09_0007\/\"><img loading=\"lazy\" decoding=\"async\" width=\"16\" height=\"13\" class=\"wp-image-374\" style=\"width: 16px;\" src=\"https:\/\/percursoseideias.iscet.pt\/wp-content\/uploads\/2022\/03\/DoubleArrow_Right.jpg\" alt=\"\" srcset=\"https:\/\/percursoseideias.iscet.pt\/wp-content\/uploads\/2022\/03\/DoubleArrow_Right.jpg 1150w, https:\/\/percursoseideias.iscet.pt\/wp-content\/uploads\/2022\/03\/DoubleArrow_Right-300x239.jpg 300w, https:\/\/percursoseideias.iscet.pt\/wp-content\/uploads\/2022\/03\/DoubleArrow_Right-1024x816.jpg 1024w, https:\/\/percursoseideias.iscet.pt\/wp-content\/uploads\/2022\/03\/DoubleArrow_Right-768x612.jpg 768w\" sizes=\"auto, (max-width: 16px) 100vw, 16px\" \/><\/a><br><a href=\"https:\/\/percursoseideias.iscet.pt\/index.php\/archive\/\">Archive<\/a><br><a href=\"https:\/\/percursoseideias.iscet.pt\/index.php\/current-issues\/\">Current issue<\/a><\/p>\n<\/div>\n\n\n\n<div class=\"wp-block-column is-layout-flow wp-block-column-is-layout-flow\" style=\"flex-basis:66.66%\">\n<p style=\"font-size:30px\"><strong>\u201cFr\u00e1gil, sinto-me fr\u00e1gil\u201d: vulnerabilidades do teletrabalhador<\/strong><\/p>\n\n\n\n<p class=\"has-medium-font-size\">Susana Ferreira dos Santos <a rel=\"noreferrer noopener\" href=\"mailto:susanafs@ipb.pt\" target=\"_blank\"><img decoding=\"async\" class=\"wp-image-299\" style=\"width: 15px;\" src=\"http:\/\/magano.com\/percursoseideias\/wp-content\/uploads\/2022\/02\/envelope.png\" alt=\"\"><\/a><sup>1<\/sup><\/p>\n\n\n\n<p style=\"font-size:15px\"><sup>1<\/sup> Escola Superior de Comunica\u00e7\u00e3o, Administra\u00e7\u00e3o e Turismo, Instituto Polit\u00e9cnico de Bragan\u00e7a, Portugal<\/p>\n\n\n\n<p style=\"font-size:16px\"><\/p>\n\n\n\n<p style=\"font-size:16px\">To cite this text:<\/p>\n\n\n\n<p style=\"font-size:15px\">Santos, S. F. (2019), \u201cFr\u00e1gil, sinto-me fr\u00e1gil\u201d: vulnerabilidades do teletrabalhador, <em>Percursos &amp; Ideias<\/em>, Vol. 9, pp. 18-29.<\/p>\n\n\n\n<p style=\"font-size:15px\"><a rel=\"noreferrer noopener\" href=\"https:\/\/percursoseideias.iscet.pt\/wp-content\/uploads\/2022\/03\/PI_2019_N09_0002.pdf\" target=\"_blank\">View full text PDF<\/a> <a rel=\"noreferrer noopener\" href=\"https:\/\/percursoseideias.iscet.pt\/wp-content\/uploads\/2022\/03\/PI_2019_N09_0002.pdf\" target=\"_blank\"><img decoding=\"async\" class=\"wp-image-213\" style=\"width: 20px;\" src=\"http:\/\/magano.com\/percursoseideias\/wp-content\/uploads\/2022\/02\/PDF_logo.jpeg\" alt=\"\"><\/a> <\/p>\n\n\n\n<p><strong>Abstract<\/strong><\/p>\n\n\n\n<p style=\"font-size:16px\">Some teleworkers&#8217; rights are vulnerable, because of their potential lack of effectiveness. We will focus on working time, as there are many oppressions to the feasibility of the rules related to the maximum limits of the normal working period: dubious situations related to working time or a rest period, which means that is at stake the control of the working time; as well as the compliance with the obligation to maintain a record of working time. The exercise of collective rights is also unstable, as well as the bargaining power of teleworkers, in the context of the structures of the industrial relations. It will be also adressed the delicate issue of occupational safety and health and the system of occupational accidents, mandatory reflection, even because in home-based telework, the worker&#8217;s workplace is his\/her own home.<\/p>\n\n\n\n<p><strong>Keywords<\/strong><\/p>\n\n\n\n<p style=\"font-size:16px\">Telework, Globalisation, Information and communication technologies, Work organisation.<\/p>\n\n\n\n<p><strong>References<\/strong><\/p>\n\n\n\n<p style=\"font-size:14px\">Barrero Fern\u00e1ndez, Antonio (1999), <em>El Teletrabajo<\/em>, Madrid: Agata.<\/p>\n\n\n\n<p style=\"font-size:14px\">Batista, Albino Mendes (2008), <em>Acidentes de trabalho: contexto social, processo e cultura dos tribunais, Prontu\u00e1rio de Direito do Trabalho<\/em>, 79-80-81, pp. 135-156.<\/p>\n\n\n\n<p style=\"font-size:14px\">Carvalho, Ant\u00f3nio Nunes de (2011), \u201cNotas sobre o Regime do Tempo de Trabalho na Revis\u00e3o do C\u00f3digo do Trabalho\u201d, <em>in<\/em> Paulo Morgado de Carvalho (coord,), <em>C\u00f3digo do Trabalho \u2013 A revis\u00e3o de 2009<\/em>, Coimbra: Coimbra Editora.<\/p>\n\n\n\n<p style=\"font-size:14px\">Favennec-H\u00e9ry, Fran\u00e7oise (2007), \u201cL\u2019obligation de s\u00e9curit\u00e9 du salari\u00e9\u201d, <em>in<\/em> <em>Droit Social<\/em>, 6, pp. 687-696.<\/p>\n\n\n\n<p style=\"font-size:14px\">Fundaci\u00f3n M\u00e1sFamilia (2012), <em>El Libro Blanco del teletrabajo en Espa\u00f1a<\/em>, Madrid: Fundaci\u00f3n M\u00e1sFamilia.<\/p>\n\n\n\n<p style=\"font-size:14px\">Gomes, J\u00falio (2007), <em>Direito do Trabalho<\/em>, <em>Volume I \u2013 Rela\u00e7\u00f5es individuais de Trabalho<\/em>, Coimbra: Coimbra Editora.<\/p>\n\n\n\n<p style=\"font-size:14px\">Leit\u00e3o, Lu\u00eds Teles de Menezes (2012), <em>Direito do Trabalho<\/em>, Coimbra: Almedina.<\/p>\n\n\n\n<p style=\"font-size:14px\">Martinez, Pedro Romano (2013), <em>Direito do Trabalho<\/em>, Coimbra: Almedina.<\/p>\n\n\n\n<p style=\"font-size:14px\">Mercader Uguina, Jes\u00fas (2002), <em>Derecho del Trabajo, Nuevas Tecnolog\u00edas y Sociedad de la Informaci\u00f3n<\/em>, Valladolid: Editorial LEX NOVA.<\/p>\n\n\n\n<p style=\"font-size:14px\">Moreira, Teresa Coelho (2011), \u201cAs novas tecnologias de informa\u00e7\u00e3o e comunica\u00e7\u00e3o e o poder de controlo electr\u00f3nico do empregador\u201d, <em>in<\/em> <em>Estudos de Direito do Trabalho<\/em>, Coimbra: Almedina, pp. 11-34.<\/p>\n\n\n\n<p style=\"font-size:14px\">\u2013 (2012),<strong> \u201c<\/strong>As Novas Tecnologias de Informa\u00e7\u00e3o e Comunica\u00e7\u00e3o: um Admir\u00e1vel Mundo Novo do Trabalho?\u201d, <em>inEstudos de Homenagem ao Prof. Doutor Jorge Miranda<\/em>, Volume VI, Coimbra: Coimbra Editora, pp. 953-973.<\/p>\n\n\n\n<p style=\"font-size:14px\">Ramalho, Maria do Ros\u00e1rio Palma (2012), T<em>ratado de Direito do Trabalho. Parte II \u2013 Situa\u00e7\u00f5es Laborais Individuais<\/em>, Coimbra: Almedina.<\/p>\n\n\n\n<p style=\"font-size:14px\">Ray, Jean-Emmanuel (1996), \u201cLe Droit du Travail \u00e0 l\u00b4\u00c9preuve des NTIC: une necessaire adaptation\u201d, <em>in Droit Social<\/em>, 4, pp. 351-358.<\/p>\n\n\n\n<p style=\"font-size:14px\">\u2013 (2001), <em>Le Droit du Travail \u00e0 l\u00b4\u00c9preuve des NTIC<\/em>, Paris: Editions Liaisons.<\/p>\n\n\n\n<p style=\"font-size:14px\">Rebelo, Gl\u00f3ria (2004), \u201cReflex\u00e3o sobre o teletrabalho: entre a vida privada e a vida profissional\u201d, <em>in<\/em> <em>Quest\u00f5es Laborais<\/em>, 23, Ano XI, pp. 98-116.<\/p>\n\n\n\n<p style=\"font-size:14px\">Redinha, Maria Regina (2001), \u201cO teletrabalho\u201d, <em>in<\/em> <em>Quest\u00f5es Laborais<\/em>, 17, Ano VIII, pp. 87-107.<\/p>\n\n\n\n<p style=\"font-size:14px\">Rodrigues, Patr\u00edcia Pinto (2011), \u201cO Teletrabalho: Enquadramento Jus-Laboral\u201d, <em>in<\/em> Ant\u00f3nio Monteiro Fernandes (org.), <em>Estudos de Direito do Trabalho<\/em>, Coimbra: Almedina, pp. 89-164.<\/p>\n\n\n\n<p style=\"font-size:14px\">Rodr\u00edguez-Sa\u00f1udo, Ferm\u00edn (1999), \u201cLa Integraci\u00f3n del Teletrabajo en el \u00c1mbito de la Relaci\u00f3n Laboral\u201d, <em>in<\/em> <em>Trabajo Subordinado y Trabajo Aut\u00f3nomo en Delimitaci\u00f3n de fronteras del Derecho del Trabajo, Estudios en Homenaje al Professor Jos\u00e9 Cabrera Baz\u00e1n<\/em>, Edici\u00f3n preparada por Jes\u00fas Cruz Villal\u00f3n, Colecci\u00f3n Andaluza de Relaciones Laborales, Vol. II, Madrid: Technos, pp. 103-122.<\/p>\n\n\n\n<p style=\"font-size:14px\">Santos, Susana Ferreira dos (2017), \u201cAlgumas Notas sobre o Eterno Mundo Novo: o Teletrabalho\u201d, <em>in<\/em> Bernardo da Gama Lobo Xavier et al. (coord.), <em>Estudos de Direito do Trabalho em Homenagem ao Professor Ant\u00f3nio Monteiro Fernandes \u2013 Parte II<\/em>, Vila Nova de Famalic\u00e3o: Nova Causa Edi\u00e7\u00f5es Jur\u00eddicas, pp. 641-673.<\/p>\n\n\n\n<p style=\"font-size:14px\">Serrano Olivares, Raquel (2004), \u201cJurisdicci\u00f3n Competente y La Ley Aplicable Al Ciberempleo Transnacional: algunas propuestas sobre c\u00f3mo afrontar el riesgo de \u2018dumping social\u2019\u201d, <em>in<\/em> <em>Derecho social y nuevas tecnolog\u00edas, Cuadernos de Derecho Judicial<\/em>, Madrid: Consejo General del Poder Judicial, pp. 213-278.<\/p>\n\n\n\n<p style=\"font-size:14px\">Thibault Aranda, Javier (2000), <em>El teletrabajo: an\u00e1lisis jur\u00eddico-laboral<\/em>, Madrid: Consejo Economico y Social.<\/p>\n\n\n\n<p style=\"font-size:14px\">Thibault Aranda, Javier et al. (1998), \u201c<a href=\"http:\/\/dialnet.unirioja.es\/servlet\/articulo?codigo=170247\" target=\"_blank\" rel=\"noreferrer noopener\">El teletrabajo<\/a>\u201d, <em>in Acciones e Investigaciones Sociales<\/em>, 8, pp. 201-234.<\/p>\n\n\n\n<p style=\"font-size:14px\">Vald\u00e9s Alonso, Alberto (2014), \u201cLa conflictiva valoraci\u00f3n del \u2018tiempo de trabajo\u2019 en la presunci\u00f3n de existencia de accidente laboral. (Comentario de la STS de 4 de octubre de 2012)\u201d, <em>in<\/em> <em>Relaciones laborales: Revista cr\u00edtica de teor\u00eda y pr\u00e1ctica<\/em>, 12, pp. 133-149. Xavier, Bernardo da Gama Lobo (2005), <em>Inicia\u00e7\u00e3o ao Direito do Trabalho<\/em>, Lisboa: Verbo.<\/p>\n<\/div>\n<\/div>\n","protected":false},"excerpt":{"rendered":"<p>Contents ArchiveCurrent issue \u201cFr\u00e1gil, sinto-me fr\u00e1gil\u201d: vulnerabilidades do teletrabalhador Susana Ferreira dos Santos 1 1 Escola Superior de Comunica\u00e7\u00e3o, Administra\u00e7\u00e3o e Turismo, Instituto Polit\u00e9cnico de Bragan\u00e7a, Portugal To cite this text: Santos, S. F.&#46;&#46;&#46;<\/p>\n","protected":false},"author":6,"featured_media":0,"parent":0,"menu_order":0,"comment_status":"closed","ping_status":"closed","template":"","meta":{"footnotes":""},"class_list":["post-601","page","type-page","status-publish","hentry"],"_links":{"self":[{"href":"https:\/\/percursoseideias.iscet.pt\/index.php\/wp-json\/wp\/v2\/pages\/601","targetHints":{"allow":["GET"]}}],"collection":[{"href":"https:\/\/percursoseideias.iscet.pt\/index.php\/wp-json\/wp\/v2\/pages"}],"about":[{"href":"https:\/\/percursoseideias.iscet.pt\/index.php\/wp-json\/wp\/v2\/types\/page"}],"author":[{"embeddable":true,"href":"https:\/\/percursoseideias.iscet.pt\/index.php\/wp-json\/wp\/v2\/users\/6"}],"replies":[{"embeddable":true,"href":"https:\/\/percursoseideias.iscet.pt\/index.php\/wp-json\/wp\/v2\/comments?post=601"}],"version-history":[{"count":5,"href":"https:\/\/percursoseideias.iscet.pt\/index.php\/wp-json\/wp\/v2\/pages\/601\/revisions"}],"predecessor-version":[{"id":2217,"href":"https:\/\/percursoseideias.iscet.pt\/index.php\/wp-json\/wp\/v2\/pages\/601\/revisions\/2217"}],"wp:attachment":[{"href":"https:\/\/percursoseideias.iscet.pt\/index.php\/wp-json\/wp\/v2\/media?parent=601"}],"curies":[{"name":"wp","href":"https:\/\/api.w.org\/{rel}","templated":true}]}}