{"id":599,"date":"2022-03-03T00:22:14","date_gmt":"2022-03-03T00:22:14","guid":{"rendered":"http:\/\/percursoseideias.iscet.pt\/?page_id=599"},"modified":"2022-03-06T21:43:27","modified_gmt":"2022-03-06T21:43:27","slug":"pi_2019_n09_0001","status":"publish","type":"page","link":"https:\/\/percursoseideias.iscet.pt\/index.php\/pi_2019_n09_0001\/","title":{"rendered":"Volume 9 &#8211; 2019 (0001)"},"content":{"rendered":"\n<div class=\"wp-block-columns is-layout-flex wp-container-core-columns-is-layout-9d6595d7 wp-block-columns-is-layout-flex\">\n<div class=\"wp-block-column is-layout-flow wp-block-column-is-layout-flow\" style=\"flex-basis:20%\">\n<figure class=\"wp-block-image size-full\"><img loading=\"lazy\" decoding=\"async\" width=\"538\" height=\"785\" src=\"https:\/\/percursoseideias.iscet.pt\/wp-content\/uploads\/2022\/03\/revista-percursos-ideias-9.png\" alt=\"\" class=\"wp-image-226\" srcset=\"https:\/\/percursoseideias.iscet.pt\/wp-content\/uploads\/2022\/03\/revista-percursos-ideias-9.png 538w, https:\/\/percursoseideias.iscet.pt\/wp-content\/uploads\/2022\/03\/revista-percursos-ideias-9-206x300.png 206w\" sizes=\"auto, (max-width: 538px) 100vw, 538px\" \/><\/figure>\n\n\n\n<p class=\"has-text-align-center\" style=\"font-size:16px\">   <a href=\"https:\/\/percursoseideias.iscet.pt\/index.php\/volume-9-2019\/\">Contents<\/a>  <a href=\"https:\/\/percursoseideias.iscet.pt\/index.php\/pi_2019_n09_0002\/\"><img loading=\"lazy\" decoding=\"async\" width=\"11\" height=\"12\" class=\"wp-image-372\" style=\"width: 11px;\" src=\"https:\/\/percursoseideias.iscet.pt\/wp-content\/uploads\/2022\/03\/Arrow_Right.jpg\" alt=\"\" srcset=\"https:\/\/percursoseideias.iscet.pt\/wp-content\/uploads\/2022\/03\/Arrow_Right.jpg 820w, https:\/\/percursoseideias.iscet.pt\/wp-content\/uploads\/2022\/03\/Arrow_Right-269x300.jpg 269w, https:\/\/percursoseideias.iscet.pt\/wp-content\/uploads\/2022\/03\/Arrow_Right-150x150.jpg 150w, https:\/\/percursoseideias.iscet.pt\/wp-content\/uploads\/2022\/03\/Arrow_Right-768x858.jpg 768w, https:\/\/percursoseideias.iscet.pt\/wp-content\/uploads\/2022\/03\/Arrow_Right-80x80.jpg 80w, https:\/\/percursoseideias.iscet.pt\/wp-content\/uploads\/2022\/03\/Arrow_Right-320x320.jpg 320w\" sizes=\"auto, (max-width: 11px) 100vw, 11px\" \/><\/a>  <a href=\"https:\/\/percursoseideias.iscet.pt\/index.php\/pi_2019_n09_0007\/\"><img loading=\"lazy\" decoding=\"async\" width=\"16\" height=\"13\" class=\"wp-image-374\" style=\"width: 16px;\" src=\"https:\/\/percursoseideias.iscet.pt\/wp-content\/uploads\/2022\/03\/DoubleArrow_Right.jpg\" alt=\"\" srcset=\"https:\/\/percursoseideias.iscet.pt\/wp-content\/uploads\/2022\/03\/DoubleArrow_Right.jpg 1150w, https:\/\/percursoseideias.iscet.pt\/wp-content\/uploads\/2022\/03\/DoubleArrow_Right-300x239.jpg 300w, https:\/\/percursoseideias.iscet.pt\/wp-content\/uploads\/2022\/03\/DoubleArrow_Right-1024x816.jpg 1024w, https:\/\/percursoseideias.iscet.pt\/wp-content\/uploads\/2022\/03\/DoubleArrow_Right-768x612.jpg 768w\" sizes=\"auto, (max-width: 16px) 100vw, 16px\" \/><\/a><br><a href=\"https:\/\/percursoseideias.iscet.pt\/index.php\/archive\/\">Archive<\/a><br><a href=\"https:\/\/percursoseideias.iscet.pt\/index.php\/current-issues\/\">Current issue<\/a><\/p>\n<\/div>\n\n\n\n<div class=\"wp-block-column is-layout-flow wp-block-column-is-layout-flow\" style=\"flex-basis:66.66%\">\n<p style=\"font-size:30px\"><strong>O direito do administrado \u00e0 informa\u00e7\u00e3o: conte\u00fado e limites<\/strong><\/p>\n\n\n\n<p class=\"has-medium-font-size\">Isa Ant\u00f3nio <a href=\"https:\/\/orcid.org\/0000-0003-4431-7010\"><img decoding=\"async\" class=\"wp-image-258\" style=\"width: 15px;\" src=\"http:\/\/magano.com\/percursoseideias\/wp-content\/uploads\/2022\/02\/orcid-og-image.png\" alt=\"\"><\/a> <a href=\"mailto:iantonio@iscet.pt\" target=\"_blank\" rel=\"noreferrer noopener\"><img decoding=\"async\" class=\"wp-image-299\" style=\"width: 15px;\" src=\"http:\/\/magano.com\/percursoseideias\/wp-content\/uploads\/2022\/02\/envelope.png\" alt=\"\"><\/a><sup>1<\/sup><\/p>\n\n\n\n<p style=\"font-size:15px\"><sup>1<\/sup> ISCET &#8211; High Institute of Business and Tourism Sciences, Porto, Portugal<\/p>\n\n\n\n<p style=\"font-size:16px\"><\/p>\n\n\n\n<p style=\"font-size:16px\">To cite this text:<\/p>\n\n\n\n<p style=\"font-size:15px\">Ant\u00f3nio, I. (2019), O direito do administrado \u00e0 informa\u00e7\u00e3o: conte\u00fado e limites, <em>Percursos &amp; Ideias<\/em>, Vol. 9, pp. 7-17.<\/p>\n\n\n\n<p style=\"font-size:15px\"><a rel=\"noreferrer noopener\" href=\"https:\/\/percursoseideias.iscet.pt\/wp-content\/uploads\/2022\/03\/PI_2019_N09_0001.pdf\" target=\"_blank\">View full text PDF<\/a> <a rel=\"noreferrer noopener\" href=\"https:\/\/percursoseideias.iscet.pt\/wp-content\/uploads\/2022\/03\/PI_2019_N09_0001.pdf\" target=\"_blank\"><img decoding=\"async\" class=\"wp-image-213\" style=\"width: 20px;\" src=\"http:\/\/magano.com\/percursoseideias\/wp-content\/uploads\/2022\/02\/PDF_logo.jpeg\" alt=\"\"><\/a> <\/p>\n\n\n\n<p><strong>Abstract<\/strong><\/p>\n\n\n\n<p style=\"font-size:16px\">The right to information by the administered has a decisive relevance for the realization of the \u201cPublic Administration\u201d that fulfills the constitutional values and principles. That right has several dimensions, not only the right to access to information, clarifications, explanations, public documents and administrative records, but also as a mechanism of defense before the Public Administration. The main purpose of this right is, in our point of view, to strengthen the guarantee\u2019s position of the administered, in the phase of previous hearing, by the participation in decisions that concern him directly or that concerns the \u201cdiffuse rights\u201d. The other important dimension of the right to information is that contributes to the greater democraticity and legitimacy of the Public Administration because it implements transparency, impartiality and objectivity in its procedure. For these reasons, the Public Administration will always aim, whenever possible, for the best option for the public interest and, therefore, the \u201cWell-Being of the Collectivity\u201d. Any deviation from the public interest will be of public knowledge, since the scrutiny that the information enhances serves as a control of the administrative activity.<\/p>\n\n\n\n<p><strong>Keywords<\/strong><\/p>\n\n\n\n<p style=\"font-size:16px\">Right to information, Scope and extent, Limits on access to administrative information, The administered guarantees, General principles of Administrative Law.<\/p>\n\n\n\n<p><strong>References<\/strong><\/p>\n\n\n\n<p style=\"font-size:14px\">Ant\u00f3nio, Isa (2018a), \u201cA Administra\u00e7\u00e3o P\u00fablica Eletr\u00f3nica: vantagens e perigos para os direitos fundamentais dos administrados\u201d, <em>in<\/em> <em>Direito na Lusofonia. Direito e novas tecnologias. V Congresso Internacional de Direito na Lusofonia<\/em>, Braga, Escola de Direito da Universidade do Minho e Centro de Investiga\u00e7\u00e3o em Justi\u00e7a e Governa\u00e7\u00e3o (JUSGOV), pp. 155-166.<\/p>\n\n\n\n<p style=\"font-size:14px\">\u2014 (2018b), \u201cDireitos e Mecanismos Graciosos do Cidad\u00e3o no Procedimento do Ato Administrativo sob a perspetiva da lei portuguesa\u201d, <em>in Revista de Direito da Administra\u00e7\u00e3o P\u00fablica<\/em>, Ano 4, 1 (1), pp.15-34.<\/p>\n\n\n\n<p style=\"font-size:14px\">Aroso de Almeida, M\u00e1rio (2015a), <em>Teoria Geral do Direito Administrativo. O novo regime do C\u00f3digo do Procedimento Administrativo<\/em> (3.\u00aa ed.), Coimbra: Almedina.<\/p>\n\n\n\n<p style=\"font-size:14px\">\u2014 (2015b), <em>Manual de Processo Administrativo<\/em>, Coimbra: Almedina.<\/p>\n\n\n\n<p style=\"font-size:14px\">Aroso de Almeida, M\u00e1rio; Cadilha, Carlos Alberto Fernandes (2017), <em>Coment\u00e1rio ao C\u00f3digo de Processo nos Tribunais Administrativos<\/em> (4.\u00aa ed.), Coimbra: Almedina.<\/p>\n\n\n\n<p style=\"font-size:14px\">Caetano, Marcello Caetano (2003 [1977]), <em>Princ\u00edpios Fundamentais do Direito Administrativo<\/em> (2.\u00aa reimp. port.), Coimbra: Almedina.<\/p>\n\n\n\n<p style=\"font-size:14px\">Cordeiro, Gabriel; Pratas, S\u00e9rgio, <em>O acesso \u00e0 informa\u00e7\u00e3o nas autarquias locais: as prerrogativas dos eleitos<\/em>, [Consult. a 09.07.2018]. Dispon\u00edvel em:<a href=\"http:\/\/www.cada.pt\/uploads\/autarquias_locais.pdf\" target=\"_blank\" rel=\"noreferrer noopener\">http:\/\/www.cada.pt\/uploads\/autarquias_locais.pdf <\/a>&nbsp;<\/p>\n\n\n\n<p style=\"font-size:14px\">Coutinho, Juliana Ferraz; Perlingeiro, Ricardo (coord.) (2018), <em>Direito Administrativo de Garantia. Contributos sobre os Mecanismos de Prote\u00e7\u00e3o dos Administrados<\/em>, Porto: Centro de Investiga\u00e7\u00e3o Jur\u00eddico-Econ\u00f3mica da Faculdade de Direito da Universidade do Porto.<\/p>\n\n\n\n<p style=\"font-size:14px\">Dire\u00e7\u00e3o-Geral dos Direitos do Homem; Conselho da Europa (2004), <em>O Acesso aos Documentos Administrativos. Guia<\/em>, [Consult. a 09.07.2018]. Dispon\u00edvel em:&nbsp;<a rel=\"noreferrer noopener\" href=\"http:\/\/www.cada.pt\/uploads\/guia.html\" target=\"_blank\">http:\/\/www.cada.pt\/uploads\/guia.html<\/a><\/p>\n\n\n\n<p style=\"font-size:14px\">Figueiredo Dias, Jos\u00e9 Eduardo (2015), \u201cO direito \u00e0 informa\u00e7\u00e3o no novo C\u00f3digo do Procedimento Administrativo\u201d, <em>in<\/em> Carla Amado Gomes, Ana Fernanda Neves e Tiago Serr\u00e3o (coord.), <em>Coment\u00e1rios ao novo C\u00f3digo do Procedimento Administrativo<\/em> (2.\u00aa reimp.), Lisboa: Associa\u00e7\u00e3o Acad\u00e9mica da Faculdade de Direito de Lisboa, pp.371-397.<\/p>\n\n\n\n<p style=\"font-size:14px\">Figueiredo Dias, Jos\u00e9 Eduardo; Paula Oliveira, Fernanda (2017), <em>No\u00e7\u00f5es Fundamentais de Direito Administrativo<\/em> (5.\u00aa ed.), Coimbra: Almedina.<\/p>\n\n\n\n<p style=\"font-size:14px\">Freitas do Amaral, Diogo (2001), <em>Curso de Direito Administrativo<\/em> \u2013 vol. II (3.\u00aa ed.), Coimbra: Almedina.<\/p>\n\n\n\n<p style=\"font-size:14px\">\u2014 (2009 [2006]), <em>Curso de Direito Administrativo<\/em> \u2013 vol. I (3.\u00aa ed.), Coimbra: Almedina.<\/p>\n\n\n\n<p style=\"font-size:14px\">Gon\u00e7alves, Jos\u00e9 Renato (2002), <em>Acesso \u00e0 Informa\u00e7\u00e3o das Entidades P\u00fablicas<\/em>, Coimbra: Almedina.<\/p>\n\n\n\n<p style=\"font-size:14px\">Pratas, S\u00e9rgio (2007), <em>O acesso \u00e0 informa\u00e7\u00e3o administrativa no s\u00e9culo XXI<\/em>, [Consult. a 09.07.2018]. Dispon\u00edvel em: <a href=\"http:\/\/www.cada.pt\/uploads\/estudos\/O_Acesso_Informacao_Administrativa_no_seculo_XXI.pdf\" target=\"_blank\" rel=\"noreferrer noopener\">http:\/\/www.cada.pt\/uploads\/estudos\/O_Acesso_Informacao_Administrativa_no_seculo_XXI.pdf<\/a><\/p>\n\n\n\n<p style=\"font-size:14px\">Raimundo, Miguel Assis (2015), \u201cOs princ\u00edpios no novo CPA e o princ\u00edpio da boa administra\u00e7\u00e3o, em particular\u201d, <em>in<\/em> Carla Amado Gomes, Ana Fernanda Neves e Tiago Serr\u00e3o (coord.), <em>Coment\u00e1rios ao novo C\u00f3digo do Procedimento Administrativo<\/em> (2.\u00aa reimp.), Lisboa: Associa\u00e7\u00e3o Acad\u00e9mica da Faculdade de Direito de Lisboa, pp. 151-188.<\/p>\n<\/div>\n<\/div>\n\n\n\n<p><\/p>\n","protected":false},"excerpt":{"rendered":"<p>Contents ArchiveCurrent issue O direito do administrado \u00e0 informa\u00e7\u00e3o: conte\u00fado e limites Isa Ant\u00f3nio 1 1 ISCET &#8211; High Institute of Business and Tourism Sciences, Porto, Portugal To cite this text: Ant\u00f3nio, I. (2019),&#46;&#46;&#46;<\/p>\n","protected":false},"author":6,"featured_media":0,"parent":0,"menu_order":0,"comment_status":"closed","ping_status":"closed","template":"","meta":{"footnotes":""},"class_list":["post-599","page","type-page","status-publish","hentry"],"_links":{"self":[{"href":"https:\/\/percursoseideias.iscet.pt\/index.php\/wp-json\/wp\/v2\/pages\/599","targetHints":{"allow":["GET"]}}],"collection":[{"href":"https:\/\/percursoseideias.iscet.pt\/index.php\/wp-json\/wp\/v2\/pages"}],"about":[{"href":"https:\/\/percursoseideias.iscet.pt\/index.php\/wp-json\/wp\/v2\/types\/page"}],"author":[{"embeddable":true,"href":"https:\/\/percursoseideias.iscet.pt\/index.php\/wp-json\/wp\/v2\/users\/6"}],"replies":[{"embeddable":true,"href":"https:\/\/percursoseideias.iscet.pt\/index.php\/wp-json\/wp\/v2\/comments?post=599"}],"version-history":[{"count":8,"href":"https:\/\/percursoseideias.iscet.pt\/index.php\/wp-json\/wp\/v2\/pages\/599\/revisions"}],"predecessor-version":[{"id":2216,"href":"https:\/\/percursoseideias.iscet.pt\/index.php\/wp-json\/wp\/v2\/pages\/599\/revisions\/2216"}],"wp:attachment":[{"href":"https:\/\/percursoseideias.iscet.pt\/index.php\/wp-json\/wp\/v2\/media?parent=599"}],"curies":[{"name":"wp","href":"https:\/\/api.w.org\/{rel}","templated":true}]}}