{"id":529,"date":"2022-03-02T22:00:23","date_gmt":"2022-03-02T22:00:23","guid":{"rendered":"http:\/\/percursoseideias.iscet.pt\/?page_id=529"},"modified":"2022-10-20T12:42:44","modified_gmt":"2022-10-20T12:42:44","slug":"pi_2020_n10_0007","status":"publish","type":"page","link":"https:\/\/percursoseideias.iscet.pt\/index.php\/pi_2020_n10_0007\/","title":{"rendered":"Volume 10 \u2013 2020 (0007)"},"content":{"rendered":"\n<div class=\"wp-block-columns is-layout-flex wp-container-core-columns-is-layout-9d6595d7 wp-block-columns-is-layout-flex\">\n<div class=\"wp-block-column is-layout-flow wp-block-column-is-layout-flow\" style=\"flex-basis:20%\">\n<figure class=\"wp-block-image size-full\"><img loading=\"lazy\" decoding=\"async\" width=\"656\" height=\"929\" src=\"https:\/\/percursoseideias.iscet.pt\/wp-content\/uploads\/2022\/03\/PI_10.jpeg\" alt=\"\" class=\"wp-image-216\" srcset=\"https:\/\/percursoseideias.iscet.pt\/wp-content\/uploads\/2022\/03\/PI_10.jpeg 656w, https:\/\/percursoseideias.iscet.pt\/wp-content\/uploads\/2022\/03\/PI_10-212x300.jpeg 212w\" sizes=\"auto, (max-width: 656px) 100vw, 656px\" \/><\/figure>\n\n\n\n<p class=\"has-text-align-center\" style=\"font-size:16px\"><a href=\"https:\/\/percursoseideias.iscet.pt\/index.php\/pi_2020_n10_0001\/\"><img loading=\"lazy\" decoding=\"async\" width=\"16\" height=\"13\" class=\"wp-image-373\" style=\"width: 16px;\" src=\"https:\/\/percursoseideias.iscet.pt\/wp-content\/uploads\/2022\/03\/DoubleArrow_Left.jpg\" alt=\"\" srcset=\"https:\/\/percursoseideias.iscet.pt\/wp-content\/uploads\/2022\/03\/DoubleArrow_Left.jpg 1150w, https:\/\/percursoseideias.iscet.pt\/wp-content\/uploads\/2022\/03\/DoubleArrow_Left-300x239.jpg 300w, https:\/\/percursoseideias.iscet.pt\/wp-content\/uploads\/2022\/03\/DoubleArrow_Left-1024x816.jpg 1024w, https:\/\/percursoseideias.iscet.pt\/wp-content\/uploads\/2022\/03\/DoubleArrow_Left-768x612.jpg 768w\" sizes=\"auto, (max-width: 16px) 100vw, 16px\" \/><\/a>  <a href=\"https:\/\/percursoseideias.iscet.pt\/index.php\/pi_2020_n10_0006\/\"><img loading=\"lazy\" decoding=\"async\" width=\"11\" height=\"12\" class=\"wp-image-371\" style=\"width: 11px;\" src=\"https:\/\/percursoseideias.iscet.pt\/wp-content\/uploads\/2022\/03\/Arrow_Left.jpg\" alt=\"\" srcset=\"https:\/\/percursoseideias.iscet.pt\/wp-content\/uploads\/2022\/03\/Arrow_Left.jpg 820w, https:\/\/percursoseideias.iscet.pt\/wp-content\/uploads\/2022\/03\/Arrow_Left-269x300.jpg 269w, https:\/\/percursoseideias.iscet.pt\/wp-content\/uploads\/2022\/03\/Arrow_Left-150x150.jpg 150w, https:\/\/percursoseideias.iscet.pt\/wp-content\/uploads\/2022\/03\/Arrow_Left-768x858.jpg 768w, https:\/\/percursoseideias.iscet.pt\/wp-content\/uploads\/2022\/03\/Arrow_Left-80x80.jpg 80w, https:\/\/percursoseideias.iscet.pt\/wp-content\/uploads\/2022\/03\/Arrow_Left-320x320.jpg 320w\" sizes=\"auto, (max-width: 11px) 100vw, 11px\" \/><\/a>  <a href=\"https:\/\/percursoseideias.iscet.pt\/index.php\/volume-10-2020\/\">Contents<\/a>  <br><a href=\"https:\/\/percursoseideias.iscet.pt\/index.php\/archive\/\">Archive<\/a><br><a href=\"https:\/\/percursoseideias.iscet.pt\/index.php\/current-issues\/\">Current issue<\/a><\/p>\n<\/div>\n\n\n\n<div class=\"wp-block-column is-layout-flow wp-block-column-is-layout-flow\" style=\"flex-basis:66.66%\">\n<p style=\"font-size:30px\"><strong>Prote\u00e7\u00e3o de dados pessoais versus prote\u00e7\u00e3o da Sa\u00fade em tempos de pandemia \u2013 Tend\u00eancias do presente que anunciam o futuro, a curto, m\u00e9dio e longo prazo versus sinais do futuro no presente<\/strong><\/p>\n\n\n\n<p class=\"has-medium-font-size\">Ana Paula Cabral <a rel=\"noreferrer noopener\" href=\"mailto:acabral@iscet.pt\" target=\"_blank\"><img decoding=\"async\" class=\"wp-image-299\" style=\"width: 15px;\" src=\"http:\/\/magano.com\/percursoseideias\/wp-content\/uploads\/2022\/02\/envelope.png\" alt=\"\"><\/a><sup>1<\/sup><\/p>\n\n\n\n<p style=\"font-size:15px\"><sup>1<\/sup> ISCET &#8211; High Institute of Business and Tourism Sciences, Porto, Portugal<\/p>\n\n\n\n<p style=\"font-size:16px\"><\/p>\n\n\n\n<p style=\"font-size:16px\">To cite this text:<\/p>\n\n\n\n<p style=\"font-size:15px\">Cabral, A. P. (2020), Prote\u00e7\u00e3o de dados pessoais versus prote\u00e7\u00e3o da Sa\u00fade em tempos de pandemia \u2013 Tend\u00eancias do presente que anunciam o futuro, a curto, m\u00e9dio e longo prazo versus sinais do futuro no presente, <em>Percursos &amp; Ideias<\/em>, Vol. 10, pp. 89-98.<\/p>\n\n\n\n<p style=\"font-size:15px\">doi: 10.56123\/percursos.2020.n10.89<\/p>\n\n\n\n<p style=\"font-size:15px\"><a rel=\"noreferrer noopener\" href=\"https:\/\/percursoseideias.iscet.pt\/wp-content\/uploads\/2022\/03\/PI_2020_N10_0007.pdf\" target=\"_blank\">View full text PDF<\/a> <a rel=\"noreferrer noopener\" href=\"https:\/\/percursoseideias.iscet.pt\/wp-content\/uploads\/2022\/03\/PI_2020_N10_0007.pdf\" target=\"_blank\"><img decoding=\"async\" class=\"wp-image-213\" style=\"width: 20px;\" src=\"http:\/\/magano.com\/percursoseideias\/wp-content\/uploads\/2022\/02\/PDF_logo.jpeg\" alt=\"\"><\/a> <\/p>\n\n\n\n<p><strong>Abstract<\/strong><\/p>\n\n\n\n<p style=\"font-size:16px\">The right to health is a fundamental right enshrined in the Constitution of the Portuguese Republic. The right to data protection is not an absolute right, so it may give way to other rights, depending on the circumstances. This right implies a care with the security of information, where personal data are integrated. This is a trend of the present that announces the future, in the short term. It is a sign of the future in the present. This trend has been reinforced by the abrupt intrusion of the coronavirus into national, European and global life, which is causing a pandemic, that must be urgently combated. We have taken a brief look at some of the mechanisms and tools used in this fight, with implications for the protection of personal data. Despite the imperative of defending personal data and their protection, this will always have to be given up when more relevant values are at stake, such as the cause of the individual health and public health in general, called into question by the pandemic.<\/p>\n\n\n\n<p><strong>Keywords<\/strong><\/p>\n\n\n\n<p style=\"font-size:16px\">Personal data, Protection, Health, Pandemic.<\/p>\n\n\n\n<p><strong>References<\/strong><\/p>\n\n\n\n<p style=\"font-size:14px\"><em>Andrade<\/em><em>, Jos\u00e9 Carlos Vieira de (2019), Os Direitos Fundamentais Na Constitui\u00e7\u00e3o Portuguesa de 1976, 6\u00aa edi\u00e7\u00e3o, Coimbra: Almedina.<\/em><\/p>\n\n\n\n<p style=\"font-size:14px\"><em>Calv\u00e3o<\/em><em>, Filipa Urbano (2018), Direito da Prote\u00e7\u00e3o de Dados Pessoais, Porto: Universidade Cat\u00f3lica.<\/em><em><\/em><\/p>\n\n\n\n<p style=\"font-size:14px\"><em>Canotilho<\/em><em>, J. J. Gomes; Moreira, Vital (2014), Constitui\u00e7\u00e3o da Rep\u00fablica Portuguesa Anotada, vol. I, 4\u00aa ed. revista &#8211; reimpress\u00e3o, Coimbra: Coimbra Editora.<\/em><em><\/em><\/p>\n\n\n\n<p style=\"font-size:14px\"><em>Canotilho<\/em><em>, J. J. Gomes (2018, Reimpress\u00e3o 2019), Direito Constitucional e Teoria da Constitui\u00e7\u00e3o, 7\u00aa ed., Coimbra: Almedina.<\/em><em><\/em><\/p>\n\n\n\n<p style=\"font-size:14px\">COMISS\u00c3O NACIONAL DE PROTE\u00c7\u00c3O DE DADOS (ed.) (2007), <em>Tratamento de dados de sa\u00fade: estudos e ensaios cl\u00ednicos<\/em>, 1\u00aa ed., Lisboa: Comiss\u00e3o Nacional de Prote\u00e7\u00e3o de Dados, D.L. 2007.<\/p>\n\n\n\n<p style=\"font-size:14px\"><em>Cordeiro<\/em><em>, A. Barreto Menezes (2020), Direito da Prote\u00e7\u00e3o de Dados- \u00c0 luz do RGPD e da Lei n.\u00ba 58\/2019, Coimbra: Almedina.<\/em><em><\/em><\/p>\n\n\n\n<p style=\"font-size:14px\"><em>European <\/em><em>CO<\/em><em>MMISSION (2020), Data protection as a pillar of citizens\u2019 empowerment and the EU\u2019s approach to the digital transition &#8211; two years of application of the General Data Protection Regulation, Communication from the Commission to the European Parliament and the Council, Brussels: European Commission.<\/em><em><\/em><\/p>\n\n\n\n<p style=\"font-size:14px\">galv\u00e3o, Filipa (2015), <em>F\u00f3rum De Prote\u00e7\u00e3o de Dados<\/em>, n.\u00ba 1, julho 2015, Lisboa: Comiss\u00e3o Nacional de Prote\u00e7\u00e3o de Dados.<\/p>\n\n\n\n<p style=\"font-size:14px\"><em>Leal<\/em><em>, Cristina (2016), O ac\u00f3rd\u00e3o Schrems do Tribunal de Justi\u00e7a da Uni\u00e3o Europeia: repercuss\u00f5es na esfera de a\u00e7\u00e3o das autoridades nacionais de prote\u00e7\u00e3o de dados<\/em>, s.l.: Comiss\u00e3o Nacional de Prote\u00e7\u00e3o de Dados.<\/p>\n\n\n\n<p style=\"font-size:14px\">Miranda, Jorge (2017), <em>Direitos Fundamentais<\/em>, <em>Coimbra: <\/em>Almedina.<\/p>\n\n\n\n<p style=\"font-size:14px\">Pinheiro, Alexandre Sousa <em>et al.<\/em> (2018), <em>Coment\u00e1rio ao Regulamento Geral de Prote\u00e7\u00e3o de Dados<\/em>, <em>Coimbra: <\/em>Almedina.<\/p>\n<\/div>\n<\/div>\n","protected":false},"excerpt":{"rendered":"<p>Contents ArchiveCurrent issue Prote\u00e7\u00e3o de dados pessoais versus prote\u00e7\u00e3o da Sa\u00fade em tempos de pandemia \u2013 Tend\u00eancias do presente que anunciam o futuro, a curto, m\u00e9dio e longo prazo versus sinais do futuro no&#46;&#46;&#46;<\/p>\n","protected":false},"author":6,"featured_media":0,"parent":0,"menu_order":0,"comment_status":"closed","ping_status":"closed","template":"","meta":{"footnotes":""},"class_list":["post-529","page","type-page","status-publish","hentry"],"_links":{"self":[{"href":"https:\/\/percursoseideias.iscet.pt\/index.php\/wp-json\/wp\/v2\/pages\/529","targetHints":{"allow":["GET"]}}],"collection":[{"href":"https:\/\/percursoseideias.iscet.pt\/index.php\/wp-json\/wp\/v2\/pages"}],"about":[{"href":"https:\/\/percursoseideias.iscet.pt\/index.php\/wp-json\/wp\/v2\/types\/page"}],"author":[{"embeddable":true,"href":"https:\/\/percursoseideias.iscet.pt\/index.php\/wp-json\/wp\/v2\/users\/6"}],"replies":[{"embeddable":true,"href":"https:\/\/percursoseideias.iscet.pt\/index.php\/wp-json\/wp\/v2\/comments?post=529"}],"version-history":[{"count":7,"href":"https:\/\/percursoseideias.iscet.pt\/index.php\/wp-json\/wp\/v2\/pages\/529\/revisions"}],"predecessor-version":[{"id":2918,"href":"https:\/\/percursoseideias.iscet.pt\/index.php\/wp-json\/wp\/v2\/pages\/529\/revisions\/2918"}],"wp:attachment":[{"href":"https:\/\/percursoseideias.iscet.pt\/index.php\/wp-json\/wp\/v2\/media?parent=529"}],"curies":[{"name":"wp","href":"https:\/\/api.w.org\/{rel}","templated":true}]}}