{"id":527,"date":"2022-03-02T22:00:07","date_gmt":"2022-03-02T22:00:07","guid":{"rendered":"http:\/\/percursoseideias.iscet.pt\/?page_id=527"},"modified":"2022-10-20T12:42:26","modified_gmt":"2022-10-20T12:42:26","slug":"pi_2020_n10_0006","status":"publish","type":"page","link":"https:\/\/percursoseideias.iscet.pt\/index.php\/pi_2020_n10_0006\/","title":{"rendered":"Volume 10 \u2013 2020 (0006)"},"content":{"rendered":"\n<div class=\"wp-block-columns is-layout-flex wp-container-core-columns-is-layout-9d6595d7 wp-block-columns-is-layout-flex\">\n<div class=\"wp-block-column is-layout-flow wp-block-column-is-layout-flow\" style=\"flex-basis:20%\">\n<figure class=\"wp-block-image size-full\"><img loading=\"lazy\" decoding=\"async\" width=\"656\" height=\"929\" src=\"https:\/\/percursoseideias.iscet.pt\/wp-content\/uploads\/2022\/03\/PI_10.jpeg\" alt=\"\" class=\"wp-image-216\" srcset=\"https:\/\/percursoseideias.iscet.pt\/wp-content\/uploads\/2022\/03\/PI_10.jpeg 656w, https:\/\/percursoseideias.iscet.pt\/wp-content\/uploads\/2022\/03\/PI_10-212x300.jpeg 212w\" sizes=\"auto, (max-width: 656px) 100vw, 656px\" \/><\/figure>\n\n\n\n<p class=\"has-text-align-center\" style=\"font-size:16px\"><a href=\"https:\/\/percursoseideias.iscet.pt\/index.php\/pi_2020_n10_0001\/\"><img loading=\"lazy\" decoding=\"async\" width=\"16\" height=\"13\" class=\"wp-image-373\" style=\"width: 16px;\" src=\"https:\/\/percursoseideias.iscet.pt\/wp-content\/uploads\/2022\/03\/DoubleArrow_Left.jpg\" alt=\"\" srcset=\"https:\/\/percursoseideias.iscet.pt\/wp-content\/uploads\/2022\/03\/DoubleArrow_Left.jpg 1150w, https:\/\/percursoseideias.iscet.pt\/wp-content\/uploads\/2022\/03\/DoubleArrow_Left-300x239.jpg 300w, https:\/\/percursoseideias.iscet.pt\/wp-content\/uploads\/2022\/03\/DoubleArrow_Left-1024x816.jpg 1024w, https:\/\/percursoseideias.iscet.pt\/wp-content\/uploads\/2022\/03\/DoubleArrow_Left-768x612.jpg 768w\" sizes=\"auto, (max-width: 16px) 100vw, 16px\" \/><\/a>  <a href=\"https:\/\/percursoseideias.iscet.pt\/index.php\/pi_2020_n10_0005\/\"><img loading=\"lazy\" decoding=\"async\" width=\"11\" height=\"12\" class=\"wp-image-371\" style=\"width: 11px;\" src=\"https:\/\/percursoseideias.iscet.pt\/wp-content\/uploads\/2022\/03\/Arrow_Left.jpg\" alt=\"\" srcset=\"https:\/\/percursoseideias.iscet.pt\/wp-content\/uploads\/2022\/03\/Arrow_Left.jpg 820w, https:\/\/percursoseideias.iscet.pt\/wp-content\/uploads\/2022\/03\/Arrow_Left-269x300.jpg 269w, https:\/\/percursoseideias.iscet.pt\/wp-content\/uploads\/2022\/03\/Arrow_Left-150x150.jpg 150w, https:\/\/percursoseideias.iscet.pt\/wp-content\/uploads\/2022\/03\/Arrow_Left-768x858.jpg 768w, https:\/\/percursoseideias.iscet.pt\/wp-content\/uploads\/2022\/03\/Arrow_Left-80x80.jpg 80w, https:\/\/percursoseideias.iscet.pt\/wp-content\/uploads\/2022\/03\/Arrow_Left-320x320.jpg 320w\" sizes=\"auto, (max-width: 11px) 100vw, 11px\" \/><\/a>  <a href=\"https:\/\/percursoseideias.iscet.pt\/index.php\/volume-10-2020\/\">Contents<\/a>  <a href=\"https:\/\/percursoseideias.iscet.pt\/index.php\/pi_2020_n10_0007\/\"><img loading=\"lazy\" decoding=\"async\" width=\"11\" height=\"12\" class=\"wp-image-372\" style=\"width: 11px;\" src=\"https:\/\/percursoseideias.iscet.pt\/wp-content\/uploads\/2022\/03\/Arrow_Right.jpg\" alt=\"\" srcset=\"https:\/\/percursoseideias.iscet.pt\/wp-content\/uploads\/2022\/03\/Arrow_Right.jpg 820w, https:\/\/percursoseideias.iscet.pt\/wp-content\/uploads\/2022\/03\/Arrow_Right-269x300.jpg 269w, https:\/\/percursoseideias.iscet.pt\/wp-content\/uploads\/2022\/03\/Arrow_Right-150x150.jpg 150w, https:\/\/percursoseideias.iscet.pt\/wp-content\/uploads\/2022\/03\/Arrow_Right-768x858.jpg 768w, https:\/\/percursoseideias.iscet.pt\/wp-content\/uploads\/2022\/03\/Arrow_Right-80x80.jpg 80w, https:\/\/percursoseideias.iscet.pt\/wp-content\/uploads\/2022\/03\/Arrow_Right-320x320.jpg 320w\" sizes=\"auto, (max-width: 11px) 100vw, 11px\" \/><\/a>  <a href=\"https:\/\/percursoseideias.iscet.pt\/index.php\/pi_2020_n10_0007\/\"><img loading=\"lazy\" decoding=\"async\" width=\"16\" height=\"13\" class=\"wp-image-374\" style=\"width: 16px;\" src=\"https:\/\/percursoseideias.iscet.pt\/wp-content\/uploads\/2022\/03\/DoubleArrow_Right.jpg\" alt=\"\" srcset=\"https:\/\/percursoseideias.iscet.pt\/wp-content\/uploads\/2022\/03\/DoubleArrow_Right.jpg 1150w, https:\/\/percursoseideias.iscet.pt\/wp-content\/uploads\/2022\/03\/DoubleArrow_Right-300x239.jpg 300w, https:\/\/percursoseideias.iscet.pt\/wp-content\/uploads\/2022\/03\/DoubleArrow_Right-1024x816.jpg 1024w, https:\/\/percursoseideias.iscet.pt\/wp-content\/uploads\/2022\/03\/DoubleArrow_Right-768x612.jpg 768w\" sizes=\"auto, (max-width: 16px) 100vw, 16px\" \/><\/a><br><a href=\"https:\/\/percursoseideias.iscet.pt\/index.php\/archive\/\">Archive<\/a><br><a href=\"https:\/\/percursoseideias.iscet.pt\/index.php\/current-issues\/\">Current issue<\/a><\/p>\n<\/div>\n\n\n\n<div class=\"wp-block-column is-layout-flow wp-block-column-is-layout-flow\" style=\"flex-basis:66.66%\">\n<p style=\"font-size:30px\"><strong>Perdida na (des)globaliza\u00e7\u00e3o? \u00c0 procura das causas da perda de relev\u00e2ncia da OMC<\/strong><\/p>\n\n\n\n<p class=\"has-medium-font-size\">Jos\u00e9 Pedro Teixeira Fernandes <a href=\"https:\/\/orcid.org\/0000-0002-5633-4443\" target=\"_blank\" rel=\"noreferrer noopener\"><img decoding=\"async\" class=\"wp-image-258\" style=\"width: 15px;\" src=\"http:\/\/magano.com\/percursoseideias\/wp-content\/uploads\/2022\/02\/orcid-og-image.png\" alt=\"\"><\/a> <a href=\"mailto:jfernandes@iscet.pt\" target=\"_blank\" rel=\"noreferrer noopener\"><img decoding=\"async\" class=\"wp-image-299\" style=\"width: 15px;\" src=\"http:\/\/magano.com\/percursoseideias\/wp-content\/uploads\/2022\/02\/envelope.png\" alt=\"\"><\/a><sup>1<\/sup><\/p>\n\n\n\n<p style=\"font-size:15px\"><sup>1<\/sup> ISCET &#8211; High Institute of Business and Tourism Sciences, Porto, Portugal<\/p>\n\n\n\n<p style=\"font-size:16px\"><\/p>\n\n\n\n<p style=\"font-size:16px\">To cite this text:<\/p>\n\n\n\n<p style=\"font-size:15px\">Fernandes, J. P. T. (2020), Perdida na (des)globaliza\u00e7\u00e3o? \u00c0 procura das causas da perda de relev\u00e2ncia da OMC, <em>Percursos &amp; Ideias<\/em>, Vol. 10, pp. 73-86.<\/p>\n\n\n\n<p style=\"font-size:15px\">doi: 10.56123\/percursos.2020.n10.73<\/p>\n\n\n\n<p style=\"font-size:15px\"><a rel=\"noreferrer noopener\" href=\"https:\/\/percursoseideias.iscet.pt\/wp-content\/uploads\/2022\/03\/PI_2020_N10_0006.pdf\" target=\"_blank\">View full text PDF<\/a> <a rel=\"noreferrer noopener\" href=\"https:\/\/percursoseideias.iscet.pt\/wp-content\/uploads\/2022\/03\/PI_2020_N10_0006.pdf\" target=\"_blank\"><img decoding=\"async\" class=\"wp-image-213\" style=\"width: 20px;\" src=\"http:\/\/magano.com\/percursoseideias\/wp-content\/uploads\/2022\/02\/PDF_logo.jpeg\" alt=\"\"><\/a> <\/p>\n\n\n\n<p><strong>Abstract<\/strong><\/p>\n\n\n\n<p style=\"font-size:16px\">The main purpose of this article is to try to answer the following question: what happened to the World Trade Organization (WTO) which today seems to have an increasingly smaller role in global trade? For this purpose, a short exploratory analysis was carried out based on a qualitative methodology trough documentary research and the use, albeit selective, of the literature on the subject. Additionally, it was also used an empirical study, the KOF globalization index. The approach to the subject was structured in several points. The first one was the contemporary commercial system. The second was the transformation of an initial optimism into disbelief due to the failure of the Doha Round. The third point was the decision-making at the WTO and the system for resolving trade disputes. Finally, the contradictory trends of globalization and deglobalization are addressed. The approach is concluded with brief reflections on the future of the WTO and topics for further research are also being pointed out.<\/p>\n\n\n\n<p><strong>Keywords<\/strong><\/p>\n\n\n\n<p style=\"font-size:16px\">WTO, International trade, Dispute settlement, Deglobalization, Geopolitics.<\/p>\n\n\n\n<p><strong>References<\/strong><\/p>\n\n\n\n<p style=\"font-size:14px\">BELLO, Walden (2005), <em>Deglobalization: Ideas for a New World Economy<\/em>, London: Zed.<\/p>\n\n\n\n<p style=\"font-size:14px\">CAMBRIDGE UNIVERSITY PRESS (2019), \u201cUnited States Continues to Block New Appellate Body Members for the World Trade Organization, Risking the Collapse of the Appellate Process\u201d, in <em>American Journal of International Law<\/em>, 113(4), pp. 822-831, [Consult. a 10.04.2020]. Dispon\u00edvel em: <a href=\"https:\/\/www.cambridge.org\/core\/journals\/american-journal-of-international-law\/article\/united-states-continues-to-block-new-appellate-body-members-for-the-world-trade-organization-risking-the-collapse-of-the-appellate-process\/EF3F564A66D3CDE698A9DFFF8FAEF77C\" target=\"_blank\" rel=\"noreferrer noopener\">https:\/\/www.cambridge.org\/core\/journals\/american-journal-of-international-law\/article\/united-states-continues-to-block-new-appellate-body-members-for-the-world-trade-organization-risking-the-collapse-of-the-appellate-process\/EF3F564A66D3CDE698A9DFFF8FAEF77C<\/a><\/p>\n\n\n\n<p style=\"font-size:14px\">EUROPEAN COMMISSION \/ TRADE (s\/d), <em>Negotiations and agreements<\/em> [Consult. a 18.04.2020]. Dispon\u00edvel em: <a href=\"https:\/\/ec.europa.eu\/trade\/policy\/countries-and-regions\/negotiations-and-agreements\/\" target=\"_blank\" rel=\"noreferrer noopener\">https:\/\/ec.europa.eu\/trade\/policy\/countries-and-regions\/negotiations-and-agreements\/<\/a><\/p>\n\n\n\n<p style=\"font-size:14px\">____, <em>EU negotiating texts in TTIP<\/em>, 22\/04\/2020 [Consult. a 18.04.2020]. Dispon\u00edvel em: https:\/\/trade.ec.europa.eu\/doclib\/press\/index.cfm?id=1230&nbsp;&nbsp;<\/p>\n\n\n\n<p style=\"font-size:14px\">FERNANDES, Jos\u00e9 Pedro Teixeira (2013), <em>Elementos de Economia Pol\u00edtica Internacional<\/em>, 2\u00aa ed., Coimbra: Almedina.<\/p>\n\n\n\n<p style=\"font-size:14px\">____ (2018), \u201cJogos com fronteiras: o regresso do proteccionismo e do mercantilismo\u201d, <em>in<\/em> <em>Percursos &amp; Ideias (Cadernos de Com\u00e9rcio Internacional)<\/em>, n\u00ba 8, 2\u00aa s\u00e9rie, pp. 55-62.<\/p>\n\n\n\n<p style=\"font-size:14px\">FINANCIAL TIMES (2015), \u201cThe Doha round finally dies a merciful death\u201d, in <em>Financial Times<\/em>, 21 de Dezembro de 2015 [Consult. a 04.04.2020]. Dispon\u00edvel em: https:\/\/www.ft.com\/content\/9cb1ab9e-a7e2-11e5-955c-1e1d6de94879<\/p>\n\n\n\n<p style=\"font-size:14px\">GRUPO DE LISBOA (1994), <em>Limites \u00e0 Competi\u00e7\u00e3o<\/em>, Lisboa, Publica\u00e7\u00f5es Europa-Am\u00e9rica.<\/p>\n\n\n\n<p style=\"font-size:14px\">GYGLI, Savina; HAELG, Florian; POTRAFKE, Niklas; STURM, Jan-\u200bEgbert (2019), \u201cThe KOF Globalisation Index \u2013 Revisited\u201d, <em>in<\/em> <em>Review of International Organizations<\/em>,&nbsp;14(3), pp. 543-\u200b574 [Consult. a 29.12.2019]. Dispon\u00edvel em: <a href=\"https:\/\/academic.oup.com\/cjres\/article\/11\/1\/59\/4821285\" target=\"_blank\" rel=\"noreferrer noopener\">https:\/\/academic.oup.com\/cjres\/article\/11\/1\/59\/4821285<\/a><\/p>\n\n\n\n<p style=\"font-size:14px\">KOF Swiss Economic Institute (2019), <em>KOF Globalisation Index: Weaker World Trade Slowing Globalisation<\/em>, Press release, 23 de Outubro [Consult. a 29.12.2019]. Dispon\u00edvel em:&nbsp; <a href=\"https:\/\/kof.ethz.ch\/en\/news-and-events\/media\/press-releases\/2019\/10\/weaker-world-trade-slowing-globalisation.html\" target=\"_blank\" rel=\"noreferrer noopener\">https:\/\/kof.ethz.ch\/en\/news-and-events\/media\/press-releases\/2019\/10\/weaker-world-trade-slowing-globalisation.html<\/a><\/p>\n\n\n\n<p style=\"font-size:14px\">KUCIK, Jeffrey (2018), \u201cWhy Trump\u2019s wrong about WTO treating US unfairly\u201d in The Conversation, 04\/09\/2018 [Consult. a 12.04.2020]. Dispon\u00edvel em: <a href=\"http:\/\/theconversation.com\/why-trumps-wrong-about-wto-treating-us-unfairly-102562\" target=\"_blank\" rel=\"noreferrer noopener\">http:\/\/theconversation.com\/why-trumps-wrong-about-wto-treating-us-unfairly-102562<\/a><\/p>\n\n\n\n<p style=\"font-size:14px\">LA\u00cfDI, Zaki (2008), \u201cHow trade become geopolitics\u201d, <em>in<\/em> <em>World Policy Journal<\/em>, Summer [Consult. a 19.12.2019]. Dispon\u00edvel em: <a href=\"http:\/\/www.laidi.com\/comment\/summer2008.pdf\" target=\"_blank\" rel=\"noreferrer noopener\">http:\/\/www.laidi.com\/comment\/summer2008.pdf<\/a><\/p>\n\n\n\n<p style=\"font-size:14px\">RESOLU\u00c7\u00c3O DA ASSEMBLEIA DA REP\u00daBLICA n.\u00ba 75-B\/94 (2.\u00aa Parte), <em>Acto Final, que consagra os resultados das negocia\u00e7\u00f5es comerciais multilaterais do Uruguay Round <\/em>[Consult. a 07.04.2020]. Dispon\u00edvel em: <a href=\"https:\/\/dre.pt\/application\/file\/a\/234013\" target=\"_blank\" rel=\"noreferrer noopener\">https:\/\/dre.pt\/application\/file\/a\/234013<\/a><\/p>\n\n\n\n<p style=\"font-size:14px\">RODRIK, Dani (2017), <em>Straight Talk on Trade: Ideas for a Sane World Economy<\/em>, Princeton, NJ: Princeton University Press [Consult. a 30.12.2019]. Dispon\u00edvel em: <a href=\"http:\/\/assets.press.princeton.edu\/chapters\/s11216.pdf\" target=\"_blank\" rel=\"noreferrer noopener\">http:\/\/assets.press.princeton.edu\/chapters\/s11216.pdf<\/a> (cap\u00edtulo 1)<\/p>\n\n\n\n<p style=\"font-size:14px\">SCHOTT, Jeffrey J.; JUNG, Euijin (2019) \u201cIn US-China Trade Disputes, the WTO Usually Sides with the United States\u201d <em>in<\/em> <em>Trade and Investment Policy Watch \/ Peterson Institute of International Economics<\/em>, 12 de Mar\u00e7o [Consult. a 30.12.2019]. Dispon\u00edvel em: <a href=\"https:\/\/www.piie.com\/blogs\/trade-and-investment-policy-watch\/us-china-trade-disputes-wto-usually-sides-united-states\" target=\"_blank\" rel=\"noreferrer noopener\">https:\/\/www.piie.com\/blogs\/trade-and-investment-policy-watch\/us-china-trade-disputes-wto-usually-sides-united-states<\/a><\/p>\n\n\n\n<p style=\"font-size:14px\">US TRADE REPRESENTATIVE (s\/d), Trade Agreements, TPP full text [Consult. a 18.04.2020]. Dispon\u00edvel em: <a href=\"https:\/\/ustr.gov\/trade-agreements\/free-trade-agreements\/trans-pacific-partnership\/tpp-full-text\" target=\"_blank\" rel=\"noreferrer noopener\">https:\/\/ustr.gov\/trade-agreements\/free-trade-agreements\/trans-pacific-partnership\/tpp-full-text<\/a><\/p>\n\n\n\n<p style=\"font-size:14px\">VAN BERGEIJK, Peter A.G. (2018). \u201cOn the brink of Deglobalisation &#8230; again\u201d, <em>in<\/em> <em>Cambridge Journal of Regions, Economy and Society<\/em>, Vol. 11(2), pp. 59-72 [Consult. a 29.12.2019]. Dispon\u00edvel em: <a href=\"https:\/\/academic.oup.com\/cjres\/article\/11\/1\/59\/4821285\" target=\"_blank\" rel=\"noreferrer noopener\">https:\/\/academic.oup.com\/cjres\/article\/11\/1\/59\/4821285<\/a><\/p>\n\n\n\n<p style=\"font-size:14px\">VAN BERGEIJK, P. A. G.; MOONS, Selwyn J. V. [eds] (2017) <em>Research Handbook of Economic Diplomacy<\/em>, Cheltenham, Edward Elgar.<\/p>\n\n\n\n<p style=\"font-size:14px\">WORLD TRADE REVIEW (s\/d), <em>Reporters&#8217; Studies of WTO Case Law from World Trade Review<\/em>, publicado pela Cambridge University Press [Consult. a 07.04.2020]. Dispon\u00edvel em: <a href=\"https:\/\/www.cambridge.org\/core\/journals\/world-trade-review\/information\/reporters-studies-of-wto-case-law-from-world-trade-review\" target=\"_blank\" rel=\"noreferrer noopener\">https:\/\/www.cambridge.org\/core\/journals\/world-trade-review\/information\/reporters-studies-of-wto-case-law-from-world-trade-review<\/a><\/p>\n\n\n\n<p style=\"font-size:14px\">WTO (s\/d), <em>Appellate Body Members<\/em> [Consult. a 10.04.2020]. Dispon\u00edvel em: <a href=\"https:\/\/www.wto.org\/english\/tratop_e\/dispu_e\/ab_members_descrp_e.htm\" target=\"_blank\" rel=\"noreferrer noopener\">https:\/\/www.wto.org\/english\/tratop_e\/dispu_e\/ab_members_descrp_e.htm<\/a><\/p>\n\n\n\n<p style=\"font-size:14px\">____ (s\/d), <em>WTO legal texts<\/em> [Consult. a 27.12.2019]. Dispon\u00edvel em: <a href=\"https:\/\/www.wto.org\/english\/docs_e\/legal_e\/legal_e.htm\" target=\"_blank\" rel=\"noreferrer noopener\">https:\/\/www.wto.org\/english\/docs_e\/legal_e\/legal_e.htm<\/a><\/p>\n<\/div>\n<\/div>\n\n\n\n<p><\/p>\n","protected":false},"excerpt":{"rendered":"<p>Contents ArchiveCurrent issue Perdida na (des)globaliza\u00e7\u00e3o? \u00c0 procura das causas da perda de relev\u00e2ncia da OMC Jos\u00e9 Pedro Teixeira Fernandes 1 1 ISCET &#8211; High Institute of Business and Tourism Sciences, Porto, Portugal To&#46;&#46;&#46;<\/p>\n","protected":false},"author":6,"featured_media":0,"parent":0,"menu_order":0,"comment_status":"closed","ping_status":"closed","template":"","meta":{"footnotes":""},"class_list":["post-527","page","type-page","status-publish","hentry"],"_links":{"self":[{"href":"https:\/\/percursoseideias.iscet.pt\/index.php\/wp-json\/wp\/v2\/pages\/527","targetHints":{"allow":["GET"]}}],"collection":[{"href":"https:\/\/percursoseideias.iscet.pt\/index.php\/wp-json\/wp\/v2\/pages"}],"about":[{"href":"https:\/\/percursoseideias.iscet.pt\/index.php\/wp-json\/wp\/v2\/types\/page"}],"author":[{"embeddable":true,"href":"https:\/\/percursoseideias.iscet.pt\/index.php\/wp-json\/wp\/v2\/users\/6"}],"replies":[{"embeddable":true,"href":"https:\/\/percursoseideias.iscet.pt\/index.php\/wp-json\/wp\/v2\/comments?post=527"}],"version-history":[{"count":9,"href":"https:\/\/percursoseideias.iscet.pt\/index.php\/wp-json\/wp\/v2\/pages\/527\/revisions"}],"predecessor-version":[{"id":2917,"href":"https:\/\/percursoseideias.iscet.pt\/index.php\/wp-json\/wp\/v2\/pages\/527\/revisions\/2917"}],"wp:attachment":[{"href":"https:\/\/percursoseideias.iscet.pt\/index.php\/wp-json\/wp\/v2\/media?parent=527"}],"curies":[{"name":"wp","href":"https:\/\/api.w.org\/{rel}","templated":true}]}}