{"id":525,"date":"2022-03-02T21:59:49","date_gmt":"2022-03-02T21:59:49","guid":{"rendered":"http:\/\/percursoseideias.iscet.pt\/?page_id=525"},"modified":"2022-10-20T12:42:13","modified_gmt":"2022-10-20T12:42:13","slug":"pi_2020_n10_0005","status":"publish","type":"page","link":"https:\/\/percursoseideias.iscet.pt\/index.php\/pi_2020_n10_0005\/","title":{"rendered":"Volume 10 \u2013 2020 (0005)"},"content":{"rendered":"\n<div class=\"wp-block-columns is-layout-flex wp-container-core-columns-is-layout-9d6595d7 wp-block-columns-is-layout-flex\">\n<div class=\"wp-block-column is-layout-flow wp-block-column-is-layout-flow\" style=\"flex-basis:20%\">\n<figure class=\"wp-block-image size-full\"><img loading=\"lazy\" decoding=\"async\" width=\"656\" height=\"929\" src=\"https:\/\/percursoseideias.iscet.pt\/wp-content\/uploads\/2022\/03\/PI_10.jpeg\" alt=\"\" class=\"wp-image-216\" srcset=\"https:\/\/percursoseideias.iscet.pt\/wp-content\/uploads\/2022\/03\/PI_10.jpeg 656w, https:\/\/percursoseideias.iscet.pt\/wp-content\/uploads\/2022\/03\/PI_10-212x300.jpeg 212w\" sizes=\"auto, (max-width: 656px) 100vw, 656px\" \/><\/figure>\n\n\n\n<p class=\"has-text-align-center\" style=\"font-size:16px\"><a href=\"https:\/\/percursoseideias.iscet.pt\/index.php\/pi_2020_n10_0001\/\"><img loading=\"lazy\" decoding=\"async\" width=\"16\" height=\"13\" class=\"wp-image-373\" style=\"width: 16px;\" src=\"https:\/\/percursoseideias.iscet.pt\/wp-content\/uploads\/2022\/03\/DoubleArrow_Left.jpg\" alt=\"\" srcset=\"https:\/\/percursoseideias.iscet.pt\/wp-content\/uploads\/2022\/03\/DoubleArrow_Left.jpg 1150w, https:\/\/percursoseideias.iscet.pt\/wp-content\/uploads\/2022\/03\/DoubleArrow_Left-300x239.jpg 300w, https:\/\/percursoseideias.iscet.pt\/wp-content\/uploads\/2022\/03\/DoubleArrow_Left-1024x816.jpg 1024w, https:\/\/percursoseideias.iscet.pt\/wp-content\/uploads\/2022\/03\/DoubleArrow_Left-768x612.jpg 768w\" sizes=\"auto, (max-width: 16px) 100vw, 16px\" \/><\/a>  <a href=\"https:\/\/percursoseideias.iscet.pt\/index.php\/pi_2020_n10_0004\/\"><img loading=\"lazy\" decoding=\"async\" width=\"11\" height=\"12\" class=\"wp-image-371\" style=\"width: 11px;\" src=\"https:\/\/percursoseideias.iscet.pt\/wp-content\/uploads\/2022\/03\/Arrow_Left.jpg\" alt=\"\" srcset=\"https:\/\/percursoseideias.iscet.pt\/wp-content\/uploads\/2022\/03\/Arrow_Left.jpg 820w, https:\/\/percursoseideias.iscet.pt\/wp-content\/uploads\/2022\/03\/Arrow_Left-269x300.jpg 269w, https:\/\/percursoseideias.iscet.pt\/wp-content\/uploads\/2022\/03\/Arrow_Left-150x150.jpg 150w, https:\/\/percursoseideias.iscet.pt\/wp-content\/uploads\/2022\/03\/Arrow_Left-768x858.jpg 768w, https:\/\/percursoseideias.iscet.pt\/wp-content\/uploads\/2022\/03\/Arrow_Left-80x80.jpg 80w, https:\/\/percursoseideias.iscet.pt\/wp-content\/uploads\/2022\/03\/Arrow_Left-320x320.jpg 320w\" sizes=\"auto, (max-width: 11px) 100vw, 11px\" \/><\/a>  <a href=\"https:\/\/percursoseideias.iscet.pt\/index.php\/volume-10-2020\/\">Contents<\/a>  <a href=\"https:\/\/percursoseideias.iscet.pt\/index.php\/pi_2020_n10_0006\/\"><img loading=\"lazy\" decoding=\"async\" width=\"11\" height=\"12\" class=\"wp-image-372\" style=\"width: 11px;\" src=\"https:\/\/percursoseideias.iscet.pt\/wp-content\/uploads\/2022\/03\/Arrow_Right.jpg\" alt=\"\" srcset=\"https:\/\/percursoseideias.iscet.pt\/wp-content\/uploads\/2022\/03\/Arrow_Right.jpg 820w, https:\/\/percursoseideias.iscet.pt\/wp-content\/uploads\/2022\/03\/Arrow_Right-269x300.jpg 269w, https:\/\/percursoseideias.iscet.pt\/wp-content\/uploads\/2022\/03\/Arrow_Right-150x150.jpg 150w, https:\/\/percursoseideias.iscet.pt\/wp-content\/uploads\/2022\/03\/Arrow_Right-768x858.jpg 768w, https:\/\/percursoseideias.iscet.pt\/wp-content\/uploads\/2022\/03\/Arrow_Right-80x80.jpg 80w, https:\/\/percursoseideias.iscet.pt\/wp-content\/uploads\/2022\/03\/Arrow_Right-320x320.jpg 320w\" sizes=\"auto, (max-width: 11px) 100vw, 11px\" \/><\/a>  <a href=\"https:\/\/percursoseideias.iscet.pt\/index.php\/pi_2020_n10_0007\/\"><img loading=\"lazy\" decoding=\"async\" width=\"16\" height=\"13\" class=\"wp-image-374\" style=\"width: 16px;\" src=\"https:\/\/percursoseideias.iscet.pt\/wp-content\/uploads\/2022\/03\/DoubleArrow_Right.jpg\" alt=\"\" srcset=\"https:\/\/percursoseideias.iscet.pt\/wp-content\/uploads\/2022\/03\/DoubleArrow_Right.jpg 1150w, https:\/\/percursoseideias.iscet.pt\/wp-content\/uploads\/2022\/03\/DoubleArrow_Right-300x239.jpg 300w, https:\/\/percursoseideias.iscet.pt\/wp-content\/uploads\/2022\/03\/DoubleArrow_Right-1024x816.jpg 1024w, https:\/\/percursoseideias.iscet.pt\/wp-content\/uploads\/2022\/03\/DoubleArrow_Right-768x612.jpg 768w\" sizes=\"auto, (max-width: 16px) 100vw, 16px\" \/><\/a><br><a href=\"https:\/\/percursoseideias.iscet.pt\/index.php\/archive\/\">Archive<\/a><br><a href=\"https:\/\/percursoseideias.iscet.pt\/index.php\/current-issues\/\">Current issue<\/a><\/p>\n<\/div>\n\n\n\n<div class=\"wp-block-column is-layout-flow wp-block-column-is-layout-flow\" style=\"flex-basis:66.66%\">\n<p style=\"font-size:30px\"><strong>Enoturismo em Melga\u00e7o: Caso de Estudo a Quinta de Soalheiro<\/strong><\/p>\n\n\n\n<p class=\"has-medium-font-size\">L\u00eddia Aguiar <a href=\"https:\/\/orcid.org\/0000-0003-1815-8546\" target=\"_blank\" rel=\"noreferrer noopener\"><img decoding=\"async\" class=\"wp-image-258\" style=\"width: 15px;\" src=\"http:\/\/magano.com\/percursoseideias\/wp-content\/uploads\/2022\/02\/orcid-og-image.png\" alt=\"\"><\/a> <a href=\"mailto:laguiar@iscet.pt\" target=\"_blank\" rel=\"noreferrer noopener\"><img decoding=\"async\" class=\"wp-image-299\" style=\"width: 15px;\" src=\"http:\/\/magano.com\/percursoseideias\/wp-content\/uploads\/2022\/02\/envelope.png\" alt=\"\"><\/a><sup>1<\/sup><\/p>\n\n\n\n<p style=\"font-size:15px\"><sup>1<\/sup> ISCET &#8211; High Institute of Business and Tourism Sciences, Porto, Portugal<\/p>\n\n\n\n<p style=\"font-size:16px\"><\/p>\n\n\n\n<p style=\"font-size:16px\">To cite this text:<\/p>\n\n\n\n<p style=\"font-size:15px\">Aguiar, L. (2020), Enoturismo em Melga\u00e7o: Caso de Estudo a Quinta de Soalheiro, <em>Percursos &amp; Ideias<\/em>, Vol. 10, pp. 62-70.<\/p>\n\n\n\n<p style=\"font-size:15px\">doi: 10.56123\/percursos.2020.n10.62<\/p>\n\n\n\n<p style=\"font-size:15px\"><a rel=\"noreferrer noopener\" href=\"https:\/\/percursoseideias.iscet.pt\/wp-content\/uploads\/2022\/03\/PI_2020_N10_0005.pdf\" target=\"_blank\">View full text PDF<\/a> <a rel=\"noreferrer noopener\" href=\"https:\/\/percursoseideias.iscet.pt\/wp-content\/uploads\/2022\/03\/PI_2020_N10_0005.pdf\" target=\"_blank\"><img decoding=\"async\" class=\"wp-image-213\" style=\"width: 20px;\" src=\"http:\/\/magano.com\/percursoseideias\/wp-content\/uploads\/2022\/02\/PDF_logo.jpeg\" alt=\"\"><\/a> <\/p>\n\n\n\n<p><strong>Abstract<\/strong><\/p>\n\n\n\n<p style=\"font-size:16px\">This article addresses the demarcated region of Vinho Verde, focusing on the Mon\u00e7\u00e3o \/ Melga\u00e7o sub-region. Wine tourism in Melga\u00e7o is considered complementary to the destination. This work contextualises Melga\u00e7o as a destination as well as the profile of the tourist who visits the area. A literature review was performed to frame this destination, referring to its wine tourism, particularly associated to Alvarinho wine, as a distinctive factor. The economic importance of this tourist product for the municipality is analysed and the promotion actions initiated by the municipality during the confinement period motivated by the pandemic COVID 19. As empirical support, a case study about the Soalheiro Brand is described; its history, evolution over the decades, performance in the market and its action to remain active in wine tourism using social networks during the pandemic. We describe the importance of digital media for the maintenance of the target audience of this brand and Melga\u00e7o as a destination. Lastly, we explored how Quinta de Soalheiro is preparing for the resumption, already in the summer of 2020.<\/p>\n\n\n\n<p><strong>Keywords<\/strong><\/p>\n\n\n\n<p style=\"font-size:16px\">Vinho Verde Region, Mon\u00e7\u00e3o\/Melga\u00e7o subregion, Wine tourism, Alvarinho, Soalheiro.<\/p>\n\n\n\n<p><strong>References<\/strong><\/p>\n\n\n\n<p style=\"font-size:14px\">Aguiar, L. (2015), <em>Routes de la contrebande dans les r\u00e9gions frontal\u00e8res Galice-Portugal (Melga\u00e7o): la mus\u00e9alisation de la m\u00e9moire et des traditions &#8211; Th\u00e8se Doctorale<\/em>, Girona: Universitat de Girona.<\/p>\n\n\n\n<p style=\"font-size:14px\">Cardeira, C. (2018), <em>Tudo Sobre a Origem do Alvarinho.<\/em> CVRVV.<\/p>\n\n\n\n<p style=\"font-size:14px\">Cross, R.; Plantinga, A.; Stavins, R. (2011), &#8220;What is the value of terroir?&#8221;, <em>in<\/em> <em>American Economic Review<\/em>, 101(3), pp. 152-156.<\/p>\n\n\n\n<p style=\"font-size:14px\">CVRVV (2020), <em>Regi\u00e3o Demarcada &#8211; Vinho Verde<\/em>, [Consult. a 09\/05\/2020]. Dispon\u00edvel em: <a href=\"https:\/\/www.vinhoverde.pt\/pt\/regiao-demarcada\" target=\"_blank\" rel=\"noreferrer noopener\">https:\/\/www.vinhoverde.pt\/pt\/regiao-demarcada<\/a><\/p>\n\n\n\n<p style=\"font-size:14px\">Leeuwen, C. V.; Segerin, G. (2007), &#8220;The Concept of Terroir in viticulture&#8221;, <em>in<\/em> <em>Journal of Wine Research<\/em>, vol. 17, pp. 1-10.<\/p>\n\n\n\n<p style=\"font-size:14px\">Melga\u00e7o, C. (2016), <em>Observat\u00f3rio do Turismo de Melga\u00e7o<\/em>, Melga\u00e7o: C\u00e2mara Municipal de Melga\u00e7o.<\/p>\n\n\n\n<p style=\"font-size:14px\">____ (2017), <em>Observat\u00f3rio do Turismo de Melga\u00e7o<\/em>, Melga\u00e7o: C\u00e2mara Municipal de Melga\u00e7o.<\/p>\n\n\n\n<p style=\"font-size:14px\">____ (2018), <em>Observat\u00f3rio do Turismo de Melga\u00e7o<\/em>, Melga\u00e7o: C\u00e2mara Municipal de Melga\u00e7o.<\/p>\n\n\n\n<p style=\"font-size:14px\">Melga\u00e7o, C.; IPDT (2017), <em>Plano Estrat\u00e9gico e de Marketing para o Turismo<\/em>, Melga\u00e7o: C\u00e2mara Municipal de Melga\u00e7o.<\/p>\n\n\n\n<p style=\"font-size:14px\">Os\u00f3rio, C. (2020), <em>Dados sobre o Enoturismo na Quinta de Soalheiro<\/em>. Melga\u00e7o: Viana do Castelo. Solheiro, Q. (2019), <em>Soalheiro vinhos<\/em>. [Consult. a 17\/05\/2020]. Dispon\u00edvel em: <a href=\"https:\/\/www.soalheiro.com\/pt\/home\" target=\"_blank\" rel=\"noreferrer noopener\">https:\/\/www.soalheiro.com\/pt\/home<\/a><\/p>\n<\/div>\n<\/div>\n","protected":false},"excerpt":{"rendered":"<p>Contents ArchiveCurrent issue Enoturismo em Melga\u00e7o: Caso de Estudo a Quinta de Soalheiro L\u00eddia Aguiar 1 1 ISCET &#8211; High Institute of Business and Tourism Sciences, Porto, Portugal To cite this text: Aguiar, L.&#46;&#46;&#46;<\/p>\n","protected":false},"author":6,"featured_media":0,"parent":0,"menu_order":0,"comment_status":"closed","ping_status":"closed","template":"","meta":{"footnotes":""},"class_list":["post-525","page","type-page","status-publish","hentry"],"_links":{"self":[{"href":"https:\/\/percursoseideias.iscet.pt\/index.php\/wp-json\/wp\/v2\/pages\/525","targetHints":{"allow":["GET"]}}],"collection":[{"href":"https:\/\/percursoseideias.iscet.pt\/index.php\/wp-json\/wp\/v2\/pages"}],"about":[{"href":"https:\/\/percursoseideias.iscet.pt\/index.php\/wp-json\/wp\/v2\/types\/page"}],"author":[{"embeddable":true,"href":"https:\/\/percursoseideias.iscet.pt\/index.php\/wp-json\/wp\/v2\/users\/6"}],"replies":[{"embeddable":true,"href":"https:\/\/percursoseideias.iscet.pt\/index.php\/wp-json\/wp\/v2\/comments?post=525"}],"version-history":[{"count":7,"href":"https:\/\/percursoseideias.iscet.pt\/index.php\/wp-json\/wp\/v2\/pages\/525\/revisions"}],"predecessor-version":[{"id":2916,"href":"https:\/\/percursoseideias.iscet.pt\/index.php\/wp-json\/wp\/v2\/pages\/525\/revisions\/2916"}],"wp:attachment":[{"href":"https:\/\/percursoseideias.iscet.pt\/index.php\/wp-json\/wp\/v2\/media?parent=525"}],"curies":[{"name":"wp","href":"https:\/\/api.w.org\/{rel}","templated":true}]}}