{"id":519,"date":"2022-03-02T21:58:45","date_gmt":"2022-03-02T21:58:45","guid":{"rendered":"http:\/\/percursoseideias.iscet.pt\/?page_id=519"},"modified":"2022-10-20T12:22:32","modified_gmt":"2022-10-20T12:22:32","slug":"pi_2020_n10_0002","status":"publish","type":"page","link":"https:\/\/percursoseideias.iscet.pt\/index.php\/pi_2020_n10_0002\/","title":{"rendered":"Volume 10 \u2013 2020 (0002)"},"content":{"rendered":"\n<div class=\"wp-block-columns is-layout-flex wp-container-core-columns-is-layout-9d6595d7 wp-block-columns-is-layout-flex\">\n<div class=\"wp-block-column is-layout-flow wp-block-column-is-layout-flow\" style=\"flex-basis:20%\">\n<figure class=\"wp-block-image size-full\"><img loading=\"lazy\" decoding=\"async\" width=\"656\" height=\"929\" src=\"https:\/\/percursoseideias.iscet.pt\/wp-content\/uploads\/2022\/03\/PI_10.jpeg\" alt=\"\" class=\"wp-image-216\" srcset=\"https:\/\/percursoseideias.iscet.pt\/wp-content\/uploads\/2022\/03\/PI_10.jpeg 656w, https:\/\/percursoseideias.iscet.pt\/wp-content\/uploads\/2022\/03\/PI_10-212x300.jpeg 212w\" sizes=\"auto, (max-width: 656px) 100vw, 656px\" \/><\/figure>\n\n\n\n<p class=\"has-text-align-center\" style=\"font-size:16px\"><a href=\"https:\/\/percursoseideias.iscet.pt\/index.php\/pi_2020_n10_0001\/\"><img loading=\"lazy\" decoding=\"async\" width=\"16\" height=\"13\" class=\"wp-image-373\" style=\"width: 16px;\" src=\"https:\/\/percursoseideias.iscet.pt\/wp-content\/uploads\/2022\/03\/DoubleArrow_Left.jpg\" alt=\"\" srcset=\"https:\/\/percursoseideias.iscet.pt\/wp-content\/uploads\/2022\/03\/DoubleArrow_Left.jpg 1150w, https:\/\/percursoseideias.iscet.pt\/wp-content\/uploads\/2022\/03\/DoubleArrow_Left-300x239.jpg 300w, https:\/\/percursoseideias.iscet.pt\/wp-content\/uploads\/2022\/03\/DoubleArrow_Left-1024x816.jpg 1024w, https:\/\/percursoseideias.iscet.pt\/wp-content\/uploads\/2022\/03\/DoubleArrow_Left-768x612.jpg 768w\" sizes=\"auto, (max-width: 16px) 100vw, 16px\" \/><\/a>  <a href=\"https:\/\/percursoseideias.iscet.pt\/index.php\/pi_2020_n10_0001\/\"><img loading=\"lazy\" decoding=\"async\" width=\"11\" height=\"12\" class=\"wp-image-371\" style=\"width: 11px;\" src=\"https:\/\/percursoseideias.iscet.pt\/wp-content\/uploads\/2022\/03\/Arrow_Left.jpg\" alt=\"\" srcset=\"https:\/\/percursoseideias.iscet.pt\/wp-content\/uploads\/2022\/03\/Arrow_Left.jpg 820w, https:\/\/percursoseideias.iscet.pt\/wp-content\/uploads\/2022\/03\/Arrow_Left-269x300.jpg 269w, https:\/\/percursoseideias.iscet.pt\/wp-content\/uploads\/2022\/03\/Arrow_Left-150x150.jpg 150w, https:\/\/percursoseideias.iscet.pt\/wp-content\/uploads\/2022\/03\/Arrow_Left-768x858.jpg 768w, https:\/\/percursoseideias.iscet.pt\/wp-content\/uploads\/2022\/03\/Arrow_Left-80x80.jpg 80w, https:\/\/percursoseideias.iscet.pt\/wp-content\/uploads\/2022\/03\/Arrow_Left-320x320.jpg 320w\" sizes=\"auto, (max-width: 11px) 100vw, 11px\" \/><\/a>  <a href=\"https:\/\/percursoseideias.iscet.pt\/index.php\/volume-10-2020\/\">Contents<\/a>  <a href=\"https:\/\/percursoseideias.iscet.pt\/index.php\/pi_2020_n10_0003\/\"><img loading=\"lazy\" decoding=\"async\" width=\"11\" height=\"12\" class=\"wp-image-372\" style=\"width: 11px;\" src=\"https:\/\/percursoseideias.iscet.pt\/wp-content\/uploads\/2022\/03\/Arrow_Right.jpg\" alt=\"\" srcset=\"https:\/\/percursoseideias.iscet.pt\/wp-content\/uploads\/2022\/03\/Arrow_Right.jpg 820w, https:\/\/percursoseideias.iscet.pt\/wp-content\/uploads\/2022\/03\/Arrow_Right-269x300.jpg 269w, https:\/\/percursoseideias.iscet.pt\/wp-content\/uploads\/2022\/03\/Arrow_Right-150x150.jpg 150w, https:\/\/percursoseideias.iscet.pt\/wp-content\/uploads\/2022\/03\/Arrow_Right-768x858.jpg 768w, https:\/\/percursoseideias.iscet.pt\/wp-content\/uploads\/2022\/03\/Arrow_Right-80x80.jpg 80w, https:\/\/percursoseideias.iscet.pt\/wp-content\/uploads\/2022\/03\/Arrow_Right-320x320.jpg 320w\" sizes=\"auto, (max-width: 11px) 100vw, 11px\" \/><\/a>  <a href=\"https:\/\/percursoseideias.iscet.pt\/index.php\/pi_2020_n10_0007\/\"><img loading=\"lazy\" decoding=\"async\" width=\"16\" height=\"13\" class=\"wp-image-374\" style=\"width: 16px;\" src=\"https:\/\/percursoseideias.iscet.pt\/wp-content\/uploads\/2022\/03\/DoubleArrow_Right.jpg\" alt=\"\" srcset=\"https:\/\/percursoseideias.iscet.pt\/wp-content\/uploads\/2022\/03\/DoubleArrow_Right.jpg 1150w, https:\/\/percursoseideias.iscet.pt\/wp-content\/uploads\/2022\/03\/DoubleArrow_Right-300x239.jpg 300w, https:\/\/percursoseideias.iscet.pt\/wp-content\/uploads\/2022\/03\/DoubleArrow_Right-1024x816.jpg 1024w, https:\/\/percursoseideias.iscet.pt\/wp-content\/uploads\/2022\/03\/DoubleArrow_Right-768x612.jpg 768w\" sizes=\"auto, (max-width: 16px) 100vw, 16px\" \/><\/a><br><a href=\"https:\/\/percursoseideias.iscet.pt\/index.php\/archive\/\">Archive<\/a><br><a href=\"https:\/\/percursoseideias.iscet.pt\/index.php\/current-issues\/\">Current issue<\/a><\/p>\n<\/div>\n\n\n\n<div class=\"wp-block-column is-layout-flow wp-block-column-is-layout-flow\" style=\"flex-basis:66.66%\">\n<p style=\"font-size:30px\"><strong>Marketing de influ\u00eancia e autenticidade: impacto no processo de compra da Gera\u00e7\u00e3o Z<\/strong><\/p>\n\n\n\n<p class=\"has-medium-font-size\">Mariana Mendes <a rel=\"noreferrer noopener\" href=\"https:\/\/orcid.org\/0000-0002-0137-5061\" target=\"_blank\"><img decoding=\"async\" class=\"wp-image-258\" style=\"width: 15px;\" src=\"http:\/\/magano.com\/percursoseideias\/wp-content\/uploads\/2022\/02\/orcid-og-image.png\" alt=\"\"><\/a> <sup>1<\/sup>, and Jos\u00e9 Magano <a rel=\"noreferrer noopener\" href=\"https:\/\/orcid.org\/0000-0003-2835-3169\" target=\"_blank\"><img decoding=\"async\" class=\"wp-image-258\" style=\"width: 15px;\" src=\"http:\/\/magano.com\/percursoseideias\/wp-content\/uploads\/2022\/02\/orcid-og-image.png\" alt=\"\"><\/a> <a rel=\"noreferrer noopener\" href=\"mailto:jmagano@iscet.pt\" target=\"_blank\"><img decoding=\"async\" class=\"wp-image-299\" style=\"width: 15px;\" src=\"http:\/\/magano.com\/percursoseideias\/wp-content\/uploads\/2022\/02\/envelope.png\" alt=\"\"><\/a><sup>1<\/sup> and Cl\u00e1udia Sousa e Silva <a rel=\"noreferrer noopener\" href=\"https:\/\/orcid.org\/0000-0002-3837-2809\" target=\"_blank\"><img decoding=\"async\" class=\"wp-image-258\" style=\"width: 15px;\" src=\"http:\/\/magano.com\/percursoseideias\/wp-content\/uploads\/2022\/02\/orcid-og-image.png\" alt=\"\"><\/a> <a href=\"mailto:claudia.margarida@ua.pt\" target=\"_blank\" rel=\"noreferrer noopener\"><img decoding=\"async\" class=\"wp-image-299\" style=\"width: 15px;\" src=\"http:\/\/magano.com\/percursoseideias\/wp-content\/uploads\/2022\/02\/envelope.png\" alt=\"\"><\/a><sup>2<\/sup><\/p>\n\n\n\n<p style=\"font-size:15px\"><sup>1<\/sup> ISCET &#8211; High Institute of Business and Tourism Sciences, Porto, Portugal<\/p>\n\n\n\n<p style=\"font-size:16px\"><sup>2<\/sup> Universidade de Aveiro, Portugal<\/p>\n\n\n\n<p style=\"font-size:16px\">To cite this text:<\/p>\n\n\n\n<p style=\"font-size:15px\">Mendes, M., Magano, J. &amp; Silva, C. S. (2020), Marketing de influ\u00eancia e autenticidade: impacto no processo de compra da Gera\u00e7\u00e3o Z, <em>Percursos &amp; Ideias<\/em>, Vol. 10, pp. 16-27.<\/p>\n\n\n\n<p style=\"font-size:15px\">doi: 10.56123\/percursos.2020.n10.16<\/p>\n\n\n\n<p style=\"font-size:15px\"><a rel=\"noreferrer noopener\" href=\"https:\/\/percursoseideias.iscet.pt\/wp-content\/uploads\/2022\/03\/PI_2020_N10_0002.pdf\" target=\"_blank\">View full text PDF<\/a> <a rel=\"noreferrer noopener\" href=\"https:\/\/percursoseideias.iscet.pt\/wp-content\/uploads\/2022\/03\/PI_2020_N10_0002.pdf\" target=\"_blank\"><img decoding=\"async\" class=\"wp-image-213\" style=\"width: 20px;\" src=\"http:\/\/magano.com\/percursoseideias\/wp-content\/uploads\/2022\/02\/PDF_logo.jpeg\" alt=\"\"><\/a> <\/p>\n\n\n\n<p><strong>Abstract<\/strong><\/p>\n\n\n\n<p style=\"font-size:16px\">At a time when more and more users of mobile devices and consumers spend more time online and on social networks, influencer marketing emerges as an effective and compelling marketing tool. However, its success depends, among other factors, on the influencers&#8217; authenticity. This article reviews concepts and trends on authenticity and influencer marketing. It seeks to explore and analyze the attitude and the way Generation Z&#8217; members react to influencers in the early stages of the buying process.<\/p>\n\n\n\n<p><strong>Keywords<\/strong><\/p>\n\n\n\n<p style=\"font-size:16px\">Influencer marketing, Authenticity, Generation Z.<\/p>\n\n\n\n<p><strong>References<\/strong><\/p>\n\n\n\n<p style=\"font-size:14px\">Assis, V. S. de; Ferreira, A. (2019), \u201cMarketing de influ\u00eancia: A era do Digital Influencer\u201d<em>,<\/em> <em>in<\/em> <em>Anais do Encontro de Marketing Cr\u00edtico da UESB<\/em>, 3(1), pp. 1-11. Dispon\u00edvel em: <a href=\"http:\/\/www2.uesb.br\/eventos\/workshopdemarketing\/wp-content\/uploads\/2018\/10\/VF-Marketing-de-Influ%C3%AAncia.pdf\" target=\"_blank\" rel=\"noreferrer noopener\">http:\/\/www2.uesb.br\/eventos\/workshopdemarketing\/wp-content\/uploads\/2018\/10\/VF-Marketing-de-Influ%C3%AAncia.pdf<\/a><\/p>\n\n\n\n<p style=\"font-size:14px\">Backaler, J. (2018a), \u201cThen vs. Now: Influencer Marketing (Re-)Defined\u201d, <em>in<\/em> Joel Backlaer, <em>Digital Influence: Unleash the Power of Influencer Marketing to Accelerate Your Global Business<\/em>, pp. 1-214. Dispon\u00edvel em: <a href=\"https:\/\/doi.org\/10.1007\/978-3-319-78396-3\">https:\/\/doi.org\/10.1007\/978-3-319-78396-3<\/a><\/p>\n\n\n\n<p style=\"font-size:14px\">Backaler, J. (2018b), \u201cWhat\u2019s Coming: The Future of Influencer Marketing\u201d, <em>in<\/em> Joel Backlaer, <em>Digital Influence: Unleash the Power of Influencer Marketing to Accelerate Your Global Business<\/em>, pp. 1-214. Dispon\u00edvel em: <a href=\"https:\/\/doi.org\/10.1007\/978-3-319-78396-3\" target=\"_blank\" rel=\"noreferrer noopener\">https:\/\/doi.org\/10.1007\/978-3-319-78396-3<\/a><\/p>\n\n\n\n<p style=\"font-size:14px\">Barreiro, T.; Dinis, G.; Breda, Z. (2019). \u201cMarketing de influ\u00eancia e influenciadores digitais: aplica\u00e7\u00e3o do conceito pelas DMO em Portugal\u201d, <em>in Marketing &amp; Tourism Review<\/em>, 4(1), pp. 1-19. Dispon\u00edvel em: <a rel=\"noreferrer noopener\" href=\"https:\/\/doi.org\/10.29149\/mtr.v4i1.5702\" target=\"_blank\">https:\/\/doi.org\/10.29149\/mtr.v4i1.5702<\/a>.<\/p>\n\n\n\n<p style=\"font-size:14px\">BERGER, J. (2013), <em>Review of Contagious: Why things catch on<\/em>, New York, NY: Simon &amp; Schuster Paperbacks.<\/p>\n\n\n\n<p style=\"font-size:14px\">Beverland, M. B. (2005), \u201cGrafting brand authenticity: The case of luxury wines\u201d, <em>in Journal of Management Studies<\/em>, 42 (5), pp. 1003-1029. Dispon\u00edvel em: <a href=\"https:\/\/doi.org\/10.1111\/j.1467-6486.2005.00530.x\" target=\"_blank\" rel=\"noreferrer noopener\">https:\/\/doi.org\/10.1111\/j.1467-6486.2005.00530.x<\/a><\/p>\n\n\n\n<p style=\"font-size:14px\">Beverland, M. B.; Farrelly, F. J. (2010), \u201cThe Quest for Authenticity in Consumption: Consumers\u2019 Purposive Choice of Authentic Cues to Shape Experienced Outcomes\u201d, <em>in Journal of <\/em>Consumer<em> Research<\/em>, 36(5), pp. 838-856. Dispon\u00edvel em: <a href=\"https:\/\/doi.org\/10.1086\/615047\" target=\"_blank\" rel=\"noreferrer noopener\">https:\/\/doi.org\/10.1086\/615047<\/a><\/p>\n\n\n\n<p style=\"font-size:14px\">Beverland, M. B.; Lindgreen, A.; Vink, M. W. (2008), \u201cProjecting Authenticity Through Advertising\u201d, <em>in Journal of Advertising<\/em>, 37(1), pp. 5-15. Dispon\u00edvel em: <a href=\"https:\/\/doi.org\/10.1017\/CBO9781107415324.004\" target=\"_blank\" rel=\"noreferrer noopener\">https:\/\/doi.org\/10.1017\/CBO9781107415324.004<\/a><\/p>\n\n\n\n<p style=\"font-size:14px\">Biaudet, S. (2017), <em>Influencer Marketing as a Marketing Tool \u2013 The Process of creating an Influencer Marketing Campaign on Instagram<\/em>. Dispon\u00edvel em: <a href=\"https:\/\/www.theseus.fi\/bitstream\/handle\/10024\/134139\/Biaudet_Sofie.pdf?sequence=1&amp;isAllowed=y\">https:\/\/www.theseus.fi\/bitstream\/handle\/10024\/134139\/Biaudet_Sofie.pdf?sequence=1&amp;isAllowed=y<\/a><\/p>\n\n\n\n<p style=\"font-size:14px\">Bradley, D. (2016), \u201cThe New Influencers\u201d, <em>in Investment Advisor<\/em>, 36(24), pp. 198-202. Dispon\u00edvel em: https:\/\/acces.bibl.ulaval.ca\/login?url=https:\/\/search.ebscohost.com\/login.aspx?direct=true&amp;db=buh&amp;AN=119574398&amp;lang=fr&amp;site=ehost-live%0Ahttps:\/\/acces.bibl.ulaval.ca\/login?url=https:\/\/search.ebscohost.com\/login.aspx?direct=true&amp;db=buh&amp;AN=114888918&amp;lang=fr<\/p>\n\n\n\n<p style=\"font-size:14px\">Brill, P. (2019), \u201cA closer look at Generation Z\u201d, <em>in<\/em> <em>Gifts &amp; Decorative Accessories<\/em>, 120(1), pp. 43-51.<\/p>\n\n\n\n<p style=\"font-size:14px\">Brown, D.; Hayes, N. (2008), \u201cInfluencer Marketing Who really influences your customers?\u201d, <em>in Journal of Chemical Information and Modeling<\/em>, vol. 53. Dispon\u00edvel em: <a href=\"https:\/\/doi.org\/10.1017\/CBO9781107415324.004\" target=\"_blank\" rel=\"noreferrer noopener\">https:\/\/doi.org\/10.1017\/CBO9781107415324.004<\/a><\/p>\n\n\n\n<p style=\"font-size:14px\">Bruns, I. (2018), <em>\u2018 Perceived Authenticity \u2019 and \u2018 Trust \u2019 in Social Media driven Influencer Marketing and their influence on intentions-to-buy of 18-24-year-olds in Ireland<\/em>, Master Thesis in Business Administration in Marketing, Dublin: Dublin Business School. Dispon\u00edvel em: <a href=\"https:\/\/esource.dbs.ie\/bitstream\/handle\/10788\/3536\/mba_bruns_i_2018.pdf?sequence=1&amp;isAllowed=y\" target=\"_blank\" rel=\"noreferrer noopener\">https:\/\/esource.dbs.ie\/bitstream\/handle\/10788\/3536\/mba_bruns_i_2018.pdf?sequence=1&amp;isAllowed=y <\/a>&nbsp;<\/p>\n\n\n\n<p style=\"font-size:14px\">Carlzon, J. (2001), <em>Moments of Truth.<\/em> Massachusetts, MA: Harper Business.<\/p>\n\n\n\n<p style=\"font-size:14px\">Cialdini, R.; Trost, M. R. (1998), \u201cSocial influence: social norms, conformity, and compliance\u201d, <em>in <\/em>D.T. Gilbert &amp; S.T. Fiske. <em>The Handbook of Social Psychology, <\/em>edited by Gardner Lindzey and Elliot Aronson, 4<sup>th<\/sup> ed., Boston, MA: Oxford University Press.<\/p>\n\n\n\n<p style=\"font-size:14px\">Cruz, M. (2016), <em>Generation Z: influencers of decision-making process. The influence of WOM and Peer Interaction in the Decision-Making Process<\/em>. (March), Tese de Mestrado em Marketing, Porto: Universidade Cat\u00f3lica Portuguesa.<\/p>\n\n\n\n<p style=\"font-size:14px\">Deges, F. (2018), <em>Quick Guide Influencer Marketing<\/em>, Wiesbaden: Springer Gabler.<\/p>\n\n\n\n<p style=\"font-size:14px\">Desai, S. P.; Lele, V. (2017), \u201cCorrelating Internet, Social Networks and Workplace \u2013 a Case of Generation Z Students\u201d, <em>in Journal of Commerce and Management Thought<\/em>, 8(4), pp. 802-815. Dispon\u00edvel em: <a href=\"https:\/\/doi.org\/10.5958\/0976-478x.2017.00050.7\" target=\"_blank\" rel=\"noreferrer noopener\">https:\/\/doi.org\/10.5958\/0976-478x.2017.00050.7<\/a><\/p>\n\n\n\n<p style=\"font-size:14px\">Dimock, M. (2019), \u201cDefining generations: Where millennials end and generation Z begins\u201d, <em>in Pew Research Center<\/em>, pp. 1-7. Dispon\u00edvel em: <a href=\"https:\/\/www.pewresearch.org\/fact-tank\/2019\/01\/17\/where-millennials-end-and-generation-z-begins\/\" target=\"_blank\" rel=\"noreferrer noopener\">https:\/\/www.pewresearch.org\/fact-tank\/2019\/01\/17\/where-millennials-end-and-generation-z-begins\/<\/a><\/p>\n\n\n\n<p style=\"font-size:14px\">Fine, G. A. (2003), \u201cCrafting authenticity: The validation of identity in self-taught art\u201d, <em>in Theory and Society<\/em>, 32(2), pp. 153-180. Dispon\u00edvel em: <a href=\"https:\/\/doi.org\/10.1023\/A:1023943503531\" target=\"_blank\" rel=\"noreferrer noopener\">https:\/\/doi.org\/10.1023\/A:1023943503531<\/a><\/p>\n\n\n\n<p style=\"font-size:14px\">Fritz, K.; Schoenmueller, V.; Bruhn, M. (2017), \u201cAuthenticity in branding \u2013 exploring antecedents and consequences of brand authenticity\u201d, <em>in European Journal of Marketing<\/em>, 51 (2), pp. 324-348. Dispon\u00edvel em: <a href=\"https:\/\/doi.org\/10.1108\/EJM-10-2014-0633\" target=\"_blank\" rel=\"noreferrer noopener\">https:\/\/doi.org\/10.1108\/EJM-10-2014-0633<\/a><\/p>\n\n\n\n<p style=\"font-size:14px\">Fromm, J.; Read, A. (2018), <em>Marketing to Gen Z &#8211; The rules for reaching this vast and very different generation of <\/em>influencers\u00b8New York, NY: American Managament Association.<\/p>\n\n\n\n<p style=\"font-size:14px\">Gilmore, J. H.; Pine, B. J. (2007), A<em>uthenticity: what consumers really want<\/em>, Boston, MA: Harvard Business School Press<em>.<\/em> Dispon\u00edvel em: <a href=\"https:\/\/doi.org\/10.5860\/choice.45-6277\">https:\/\/doi.org\/10.5860\/choice.45-6277<\/a><\/p>\n\n\n\n<p style=\"font-size:14px\">Gladwell, M. (2000), <em>The tipping point: how little things can make a big difference<\/em>, New York, NY: Hachette Book Group.<\/p>\n\n\n\n<p style=\"font-size:14px\">Glucksman, M. (2017), \u201cThe Rise of Social Media Influencer Marketing on Lifestyle Branding: A Case Study of Lucie Fink\u201d, <em>in<\/em> <em>Elon Journal of Undergraduate Research in Communications<\/em>, 8 (2), pp. 77-87.<\/p>\n\n\n\n<p style=\"font-size:14px\">Hulyk, T. (2015), \u201cMarketing to Gen Z: Uncovering a New World of Social Media Influencers\u201d, &nbsp;<em>in<\/em> <em>Franchising World<\/em> (December), 47(12), pp. 33-35.<\/p>\n\n\n\n<p style=\"font-size:14px\">Johansen, I. K.; Guldvik, C. S. (2017), <em>Influencer Marketing and Purchase Intentions<\/em>, Master Thesis in Marketing and Brand Management, Bergen: Norwegian School of Economics.<\/p>\n\n\n\n<p style=\"font-size:14px\">Kennick, W. E. (1985), \u201cArt and Inauthenticity\u201d, <em>in<\/em> <em>The Journal of Aesthetics and Art Criticism<\/em>. 44(1), pp. 3-12. Dispon\u00edvel em: <a href=\"https:\/\/doi.org\/10.2307\/430535\" target=\"_blank\" rel=\"noreferrer noopener\">https:\/\/doi.org\/10.2307\/430535<\/a><\/p>\n\n\n\n<p style=\"font-size:14px\">Lecinski, B. J. (2011), \u201cWinning the Zero Moment of Truth\u201d, <em>in Google<\/em>, 75. Dispon\u00edvel em: https:\/\/doi.org\/10.2501\/JAR-54-2-200-204<\/p>\n\n\n\n<p style=\"font-size:14px\">Moore, A.; Kim, H. M. (2018), \u201cInfluencer Marketing\u202f: Influentials\u2019 Authenticity , Likeability and Authority in Social Media\u201d, <em>in International Textile and Apparel Association (ITAA) Annual Conference Proceedings<\/em>, pp. 1-4.<\/p>\n\n\n\n<p style=\"font-size:14px\">Oh, H. <em>et al.<\/em> (2019), \u201cThe effect of brand authenticity on consumer-brand relationships\u201d, <em>in Journal of Product and Brand Management<\/em>, 28(2), pp. 231-241. Dispon\u00edvel em: <a href=\"https:\/\/doi.org\/10.1108\/JPBM-09-2017-1567\" target=\"_blank\" rel=\"noreferrer noopener\">https:\/\/doi.org\/10.1108\/JPBM-09-2017-1567<\/a><\/p>\n\n\n\n<p style=\"font-size:14px\">Pastore, A. (2020), \u201cYou Can\u2019t Fool Generation Z\u201d, <em>in WWW: Women&#8217;s Wear Daily<\/em>, 3\/9\/2020, pp. 18-18.<\/p>\n\n\n\n<p style=\"font-size:14px\">Perini, R. D. L. (2016), \u201cZMOT (Zero Moment Of Truth): O estudo das gera\u00e7\u00f5es e do comportamento do consumidor\u201d, <em>in Connexio, Revista Cientifica Da Escola de Gest\u00e3o e Neg\u00f3cios<\/em>, 5(2), pp. 29-45.<\/p>\n\n\n\n<p style=\"font-size:14px\">Postrel, V. (2004), <em>The substance of style &#8211; How the rise of aesthetic value is remaking commerce, culture and consciousness<\/em>. Harper Collins Publishers: New York, NY.<\/p>\n\n\n\n<p style=\"font-size:14px\">Prado, L. \u00c1.; Frogeri, R. F. (2019), \u201cMarketing de Influ\u00eancia &#8211; um novo caminho para o Marketing por meio dos <em>Digital Influencers<\/em>\u201d, <em>in Intera\u00e7\u00e3o &#8211; Revista de Ensino, Pesquisa e Extens\u00e3o<\/em>, 19(2), pp. 43-58. Dispon\u00edvel em: <a href=\"https:\/\/doi.org\/10.33836\/interacao.v19i2.136\" target=\"_blank\" rel=\"noreferrer noopener\">https:\/\/doi.org\/10.33836\/interacao.v19i2.136<\/a><\/p>\n\n\n\n<p style=\"font-size:14px\">Salminen, K. (2018), <em>Creating Influencer Marketing Campaign in Social Media<\/em>, Tese do Programme International Business Administration, specialization Marketing, Tallinn: Tallinn University of Technology.<\/p>\n\n\n\n<p style=\"font-size:14px\">Sammis, K.; LINCOLN, C.; POMPONI, S. (2015), <em>Influencer Marketing For Dummies<\/em>, Hoboken, NJ: John Wiley &amp; Sons.<\/p>\n\n\n\n<p style=\"font-size:14px\">Sheth, J. N.; Parvatiyar, A. (1995), \u201cThe Evolution of Relationship Marketing\u201d,<em> in International Business Review<\/em>, 4(4), pp. 397-418.<\/p>\n\n\n\n<p style=\"font-size:14px\">Schroth, H. (2019). \u201cAre you ready for gen Z in the workplace?\u201d, <em>in<\/em> <em>California Management Review<\/em>, 61 (3), pp. 5-18. Dispon\u00edvel em: <a href=\"https:\/\/doi.org\/10.1177\/0008125619841006\">https:\/\/doi.org\/10.1177\/0008125619841006<\/a><\/p>\n\n\n\n<p style=\"font-size:14px\">Solis, B. (2013), <em>What\u2019s the Future of Business: Changing the Way Businesses Create Experiences<\/em>, Hoboken, NJ: John Wiley &amp; Sons.<\/p>\n\n\n\n<p style=\"font-size:14px\">Truelove, C. (2018), \u201cThe incoming tide of Generation Z\u201d, <em>in AMA Quarterly<\/em>, <em>Spring 2018<\/em>, pp. 43-46.<\/p>\n\n\n\n<p style=\"font-size:14px\">Veiga, A. D. C. (2017), <em>Quando a Autenticidade da Marca Falha: Impactos na Perce\u00e7\u00e3o do Consumidor sobre a Responsabilidade Social<\/em>, Tese de Mestrado em Gest\u00e3o, Porto: Universidade Lus\u00edada. Dispon\u00edvel em: <a href=\"http:\/\/repositorio.ulusiada.pt\/handle\/11067\/3713\" target=\"_blank\" rel=\"noreferrer noopener\">http:\/\/repositorio.ulusiada.pt\/handle\/11067\/3713<\/a><\/p>\n\n\n\n<p style=\"font-size:14px\">Weber, L. (2019), <em>Authentic Marketing_ How to Capture Hearts and Minds Through the Power of Purpose<\/em>, Hoboken, NJ: John Wiley &amp; Sons.<\/p>\n\n\n\n<p style=\"font-size:14px\">Westbrook, R. A. (1987), \u201cProduct\/Consumption-Based Affective Responses and Postpurchase Processes\u201d, <em>in Journal of Marketing Research<\/em>, 24(3), pp. 258-270. Dispon\u00edvel em: <a href=\"https:\/\/doi.org\/10.2307\/3151636\" target=\"_blank\" rel=\"noreferrer noopener\">https:\/\/doi.org\/10.2307\/3151636<\/a><\/p>\n\n\n\n<p style=\"font-size:14px\">Zietek, N. (2016), <em>The characteristics and components of fashion influencer marketing<\/em>, Master thesis, Bor\u00e5s: University of Bor\u00e5s, Faculty of Textiles, Engineering and Business.<\/p>\n<\/div>\n<\/div>\n","protected":false},"excerpt":{"rendered":"<p>Contents ArchiveCurrent issue Marketing de influ\u00eancia e autenticidade: impacto no processo de compra da Gera\u00e7\u00e3o Z Mariana Mendes 1, and Jos\u00e9 Magano 1 and Cl\u00e1udia Sousa e Silva 2 1 ISCET &#8211; High Institute&#46;&#46;&#46;<\/p>\n","protected":false},"author":6,"featured_media":0,"parent":0,"menu_order":0,"comment_status":"closed","ping_status":"closed","template":"","meta":{"footnotes":""},"class_list":["post-519","page","type-page","status-publish","hentry"],"_links":{"self":[{"href":"https:\/\/percursoseideias.iscet.pt\/index.php\/wp-json\/wp\/v2\/pages\/519","targetHints":{"allow":["GET"]}}],"collection":[{"href":"https:\/\/percursoseideias.iscet.pt\/index.php\/wp-json\/wp\/v2\/pages"}],"about":[{"href":"https:\/\/percursoseideias.iscet.pt\/index.php\/wp-json\/wp\/v2\/types\/page"}],"author":[{"embeddable":true,"href":"https:\/\/percursoseideias.iscet.pt\/index.php\/wp-json\/wp\/v2\/users\/6"}],"replies":[{"embeddable":true,"href":"https:\/\/percursoseideias.iscet.pt\/index.php\/wp-json\/wp\/v2\/comments?post=519"}],"version-history":[{"count":12,"href":"https:\/\/percursoseideias.iscet.pt\/index.php\/wp-json\/wp\/v2\/pages\/519\/revisions"}],"predecessor-version":[{"id":2913,"href":"https:\/\/percursoseideias.iscet.pt\/index.php\/wp-json\/wp\/v2\/pages\/519\/revisions\/2913"}],"wp:attachment":[{"href":"https:\/\/percursoseideias.iscet.pt\/index.php\/wp-json\/wp\/v2\/media?parent=519"}],"curies":[{"name":"wp","href":"https:\/\/api.w.org\/{rel}","templated":true}]}}