{"id":3089,"date":"2026-01-05T23:42:08","date_gmt":"2026-01-05T23:42:08","guid":{"rendered":"https:\/\/percursoseideias.iscet.pt\/?page_id=3089"},"modified":"2026-01-06T11:19:39","modified_gmt":"2026-01-06T11:19:39","slug":"volume-14-2025-002","status":"publish","type":"page","link":"https:\/\/percursoseideias.iscet.pt\/index.php\/volume-14-2025-002\/","title":{"rendered":"Volume 14 &#8211; 2025 (002)"},"content":{"rendered":"\n<div class=\"wp-block-columns is-layout-flex wp-container-core-columns-is-layout-9d6595d7 wp-block-columns-is-layout-flex\">\n<div class=\"wp-block-column is-layout-flow wp-block-column-is-layout-flow\" style=\"flex-basis:20%\">\n<figure class=\"wp-block-gallery has-nested-images columns-default is-cropped wp-block-gallery-1 is-layout-flex wp-block-gallery-is-layout-flex\">\n<figure class=\"wp-block-image size-large is-style-default\"><img loading=\"lazy\" decoding=\"async\" width=\"819\" height=\"1024\" data-id=\"3062\" src=\"https:\/\/percursoseideias.iscet.pt\/wp-content\/uploads\/2025\/12\/Capa-14-819x1024.jpg\" alt=\"\" class=\"wp-image-3062\" srcset=\"https:\/\/percursoseideias.iscet.pt\/wp-content\/uploads\/2025\/12\/Capa-14-819x1024.jpg 819w, https:\/\/percursoseideias.iscet.pt\/wp-content\/uploads\/2025\/12\/Capa-14-240x300.jpg 240w, https:\/\/percursoseideias.iscet.pt\/wp-content\/uploads\/2025\/12\/Capa-14-768x960.jpg 768w, https:\/\/percursoseideias.iscet.pt\/wp-content\/uploads\/2025\/12\/Capa-14.jpg 1080w\" sizes=\"auto, (max-width: 819px) 100vw, 819px\" \/><\/figure>\n<\/figure>\n\n\n\n<p class=\"has-text-align-center\" style=\"font-size:16px\"><a href=\"https:\/\/percursoseideias.iscet.pt\/index.php\/mp2022n120001\/\"><img loading=\"lazy\" decoding=\"async\" width=\"16\" height=\"13\" class=\"wp-image-373\" style=\"width: 16px;\" src=\"https:\/\/percursoseideias.iscet.pt\/wp-content\/uploads\/2022\/03\/DoubleArrow_Left.jpg\" alt=\"\" srcset=\"https:\/\/percursoseideias.iscet.pt\/wp-content\/uploads\/2022\/03\/DoubleArrow_Left.jpg 1150w, https:\/\/percursoseideias.iscet.pt\/wp-content\/uploads\/2022\/03\/DoubleArrow_Left-300x239.jpg 300w, https:\/\/percursoseideias.iscet.pt\/wp-content\/uploads\/2022\/03\/DoubleArrow_Left-1024x816.jpg 1024w, https:\/\/percursoseideias.iscet.pt\/wp-content\/uploads\/2022\/03\/DoubleArrow_Left-768x612.jpg 768w\" sizes=\"auto, (max-width: 16px) 100vw, 16px\" \/><\/a>  <a href=\"https:\/\/percursoseideias.iscet.pt\/index.php\/sol2022n120002\/\"><img loading=\"lazy\" decoding=\"async\" width=\"11\" height=\"12\" class=\"wp-image-371\" style=\"width: 11px;\" src=\"https:\/\/percursoseideias.iscet.pt\/wp-content\/uploads\/2022\/03\/Arrow_Left.jpg\" alt=\"\" srcset=\"https:\/\/percursoseideias.iscet.pt\/wp-content\/uploads\/2022\/03\/Arrow_Left.jpg 820w, https:\/\/percursoseideias.iscet.pt\/wp-content\/uploads\/2022\/03\/Arrow_Left-269x300.jpg 269w, https:\/\/percursoseideias.iscet.pt\/wp-content\/uploads\/2022\/03\/Arrow_Left-150x150.jpg 150w, https:\/\/percursoseideias.iscet.pt\/wp-content\/uploads\/2022\/03\/Arrow_Left-768x858.jpg 768w, https:\/\/percursoseideias.iscet.pt\/wp-content\/uploads\/2022\/03\/Arrow_Left-80x80.jpg 80w, https:\/\/percursoseideias.iscet.pt\/wp-content\/uploads\/2022\/03\/Arrow_Left-320x320.jpg 320w\" sizes=\"auto, (max-width: 11px) 100vw, 11px\" \/><\/a>  <a href=\"https:\/\/percursoseideias.iscet.pt\/index.php\/current-issues\/\">Contents<\/a>  <a href=\"https:\/\/percursoseideias.iscet.pt\/index.php\/ci2022n120004\/\"><img loading=\"lazy\" decoding=\"async\" width=\"11\" height=\"12\" class=\"wp-image-372\" style=\"width: 11px;\" src=\"https:\/\/percursoseideias.iscet.pt\/wp-content\/uploads\/2022\/03\/Arrow_Right.jpg\" alt=\"\" srcset=\"https:\/\/percursoseideias.iscet.pt\/wp-content\/uploads\/2022\/03\/Arrow_Right.jpg 820w, https:\/\/percursoseideias.iscet.pt\/wp-content\/uploads\/2022\/03\/Arrow_Right-269x300.jpg 269w, https:\/\/percursoseideias.iscet.pt\/wp-content\/uploads\/2022\/03\/Arrow_Right-150x150.jpg 150w, https:\/\/percursoseideias.iscet.pt\/wp-content\/uploads\/2022\/03\/Arrow_Right-768x858.jpg 768w, https:\/\/percursoseideias.iscet.pt\/wp-content\/uploads\/2022\/03\/Arrow_Right-80x80.jpg 80w, https:\/\/percursoseideias.iscet.pt\/wp-content\/uploads\/2022\/03\/Arrow_Right-320x320.jpg 320w\" sizes=\"auto, (max-width: 11px) 100vw, 11px\" \/><\/a>  <a href=\"https:\/\/percursoseideias.iscet.pt\/index.php\/sol2022n120012\/\"><img loading=\"lazy\" decoding=\"async\" width=\"16\" height=\"13\" class=\"wp-image-374\" style=\"width: 16px;\" src=\"https:\/\/percursoseideias.iscet.pt\/wp-content\/uploads\/2022\/03\/DoubleArrow_Right.jpg\" alt=\"\" srcset=\"https:\/\/percursoseideias.iscet.pt\/wp-content\/uploads\/2022\/03\/DoubleArrow_Right.jpg 1150w, https:\/\/percursoseideias.iscet.pt\/wp-content\/uploads\/2022\/03\/DoubleArrow_Right-300x239.jpg 300w, https:\/\/percursoseideias.iscet.pt\/wp-content\/uploads\/2022\/03\/DoubleArrow_Right-1024x816.jpg 1024w, https:\/\/percursoseideias.iscet.pt\/wp-content\/uploads\/2022\/03\/DoubleArrow_Right-768x612.jpg 768w\" sizes=\"auto, (max-width: 16px) 100vw, 16px\" \/><\/a><br><a href=\"https:\/\/percursoseideias.iscet.pt\/index.php\/archive\/\">Archive<\/a><\/p>\n<\/div>\n\n\n\n<div class=\"wp-block-column is-layout-flow wp-block-column-is-layout-flow\" style=\"flex-basis:66.66%\">\n<p style=\"font-size:30px\"><strong>Os contratos de patroc\u00ednio (sponsoring) e de merchandising<\/strong><\/p>\n\n\n\n<p class=\"has-medium-font-size\">Jarbas Eduardo Pereira Martins*<\/p>\n\n\n\n<p style=\"font-size:15px\"><sup>1<\/sup> ISCET &#8211; High Institute of Business and Tourism Sciences, Porto, Portugal<\/p>\n\n\n\n<p style=\"font-size:16px\">To cite this text: Martins, Jarbas E.P. (2025). Os contrato de patroc\u00ednio (sponsoring) e de merchandising, <em>Percursos &amp; Ideias<\/em>, <em>1<\/em>4, 05-19.<\/p>\n\n\n\n<p style=\"font-size:15px\">doi:10.56123\/pi2025n14002<\/p>\n\n\n\n<p style=\"font-size:15px\">Published Language: Portuguese.<\/p>\n\n\n\n<p style=\"font-size:15px\"><a href=\"https:\/\/percursoseideias.iscet.pt\/wp-content\/uploads\/2026\/01\/pi2025n14002.pdf\" data-type=\"attachment\" data-id=\"3106\">View Full Text PDF <img decoding=\"async\" class=\"wp-image-213\" style=\"width: 20px;\" src=\"http:\/\/magano.com\/percursoseideias\/wp-content\/uploads\/2022\/02\/PDF_logo.jpeg\" alt=\"\"><\/a><\/p>\n\n\n\n<p><strong>Abstract<\/strong><\/p>\n\n\n\n<p style=\"font-size:16px\">The article examines sponsorship (sponsoring) and merchandising contracts under Portuguese law, situating them within advertising regulations and copyright\/industrial property frameworks. Sponsorship promotes brands by linking to the public image of notable entities, without a duty of result, highlighting notoriety conflicts and digital oversight (e.g., UGC and VOD). Merchandising commercially exploits artistic works through licenses, under dual legal protection. Both balance contractual autonomy, economic initiative, and consumer safeguards, evolving with digital platforms and EU directives.<\/p>\n\n\n\n<p style=\"font-size:16px\"><strong>Keywords<\/strong><\/p>\n\n\n\n<p style=\"font-size:16px\">Advertising sponsorship, Sponsoring contracts, Intellectual merchandising, Copyright, Digital regulation.<\/p>\n\n\n\n<p style=\"font-size:16px\"><strong>References<\/strong><\/p>\n\n\n\n<p style=\"font-size:16px\">Adams, J. N., Hickey, J. J. B., &amp; Tritton, G. (2007). <em>Merchandising intellectual property<\/em> (3rd ed.). Tottel Publishing.<\/p>\n\n\n\n<p>American Heritage Dictionary of the English Language. (n.d.). <em>Sponsoring<\/em>. In <em>American Heritage Dictionary of the English Language<\/em>. Consultado a 7 de novembro de 2025, dispon\u00edvel em <a href=\"https:\/\/ahdictionary.com\/word\/search.html?q=sponsoring\">https:\/\/ahdictionary.com\/word\/search.html?q=sponsoring<\/a><\/p>\n\n\n\n<p>Assembleia da Rep\u00fablica. (2025). <em>Projeto de Lei n.\u00ba 137\/XVII\/1.\u00aa: Aprova o Estatuto do Mecenato Cultural<\/em>. Consultado a 7 de novembro de 2025. Dispon\u00edvel em <a href=\"https:\/\/www.parlamento.pt\/ActividadeParlamentar\/Paginas\/DetalheIniciativa.aspx?BID=315400\">https:\/\/www.parlamento.pt\/ActividadeParlamentar\/Paginas\/DetalheIniciativa.aspx?BID=315400<\/a><\/p>\n\n\n\n<p>Bradley, P. (2014). <em>The ancient world transformed<\/em> (2.\u00aa ed.). Cengage Learning Australia.<\/p>\n\n\n\n<p>Bruhn, M., &amp; Mehlinger, R. (2005). <em>Rechtliche Gestaltung des Sponsoring<\/em>. C. H. Beck.<\/p>\n\n\n\n<p>Cardoso, G., Baldi, V., Quintanilha, T. L., Paisana, M., &amp; Pais, P. C. (2020). <em>Impacto do branding e conte\u00fados patrocinados no jornalismo<\/em>. OberCom \u2013 Observat\u00f3rio da Comunica\u00e7\u00e3o. Consultado a 7 de novembro de 2025. Dispon\u00edvel em <a href=\"https:\/\/obercom.pt\/wp-content\/uploads\/2020\/02\/Sponsored_content_FINAL_edit_Spain_UK.pdf\">https:\/\/obercom.pt\/wp-content\/uploads\/2020\/02\/Sponsored_content_FINAL_edit_Spain_UK.pdf<\/a><\/p>\n\n\n\n<p>Correia, A. F. (1973). <em>Li\u00e7\u00f5es de Direito Comercial: Volume I<\/em>. Almedina.<\/p>\n\n\n\n<p>Couto Gon\u00e7alves, L. M. (1999). <em>A fun\u00e7\u00e3o distintiva da marca<\/em>. Almedina.<\/p>\n\n\n\n<p>Couto Gon\u00e7alves, L. M. (2024). <em>Manual de Direito Industrial<\/em> (11.\u00aa ed.). Almedina.<\/p>\n\n\n\n<p>Dias Pereira, A. L. (1998). <em>Contratos de patroc\u00ednio publicit\u00e1rio (\u00absponsoring\u00bb)<\/em>. <em>Revista da Ordem dos Advogados<\/em>, 58(1), 317\u2013335.<\/p>\n\n\n\n<p>Dias Pereira, A. L. (1999\/2000). <em>Merchandising e propriedade intelectual: Sobre a explora\u00e7\u00e3o mercantil de personagens protegidas pelo direito de autor<\/em>. <em>Revista da Propriedade Industrial<\/em>, 20, 21\u201328. <a>https:\/\/estudogeral.uc.pt\/bitstream\/10316\/28741\/1\/Merchandising%20e%20propriedade%20intelectual.pdf<\/a><\/p>\n\n\n\n<p>Dias Pereira, A. L. (2004). <em>Business law: A code study (The commercial code of Macau)<\/em>. Imprensa da Universidade de Coimbra.<\/p>\n\n\n\n<p>Engr\u00e1cia Antunes, J. (2009). <em>Direito dos contratos comerciais<\/em> (reimp. 2024). Almedina.<\/p>\n\n\n\n<p>Ferreira de Almeida, C. (1994). <em>Contratos de publicidade<\/em>. <em>Scientia Iuridica<\/em>, dezembro de 1994, 281\u2013301.<\/p>\n\n\n\n<p>Franceschelli, V. (1987). <em>I contratti di sponsorizzazione<\/em>. Giurisprudenza Commerciale.<\/p>\n\n\n\n<p>Geraldes, A. L. (1999). <em>O direito da publicidade: Estudos e pr\u00e1ticas sancionat\u00f3rias<\/em>. Instituto do Consumidor.<\/p>\n\n\n\n<p>Greffenius, G. (2005). <em>Die vertragsrechtliche Problematik des Sportsponsoring<\/em>. In Ammann &amp; Jaspers (Eds.), <em>Rechtsfragen in Wettbewerb und Werbung<\/em> (Vol. 5.9, p. 3). R. W. W. Handelsblatt.<\/p>\n\n\n\n<p>International Chamber of Commerce. (2024). <em>ICC Advertising and Marketing Communications Code: It stands for standards<\/em> (11.\u00aa ed.). International Chamber of Commerce.<\/p>\n\n\n\n<p>Kunz, G. I. (2009). <em>Merchandising: Theory, principles, and practice<\/em> (3.\u00aa ed.). Fairchild Books.<\/p>\n\n\n\n<p>Lima, F. A. P., &amp; Varela, J. M. A. (1987). <em>C\u00f3digo Civil anotado<\/em>. Coimbra Editora.<\/p>\n\n\n\n<p>Mongelli, G. (2006). <em>Sponsorizzazioni<\/em>. Provincia di Matera.<\/p>\n\n\n\n<p>Monteiro, A. P. (1999). <em>Cl\u00e1usula penal e indemniza\u00e7\u00e3o<\/em> (reimp. 2022). Almedina.<\/p>\n\n\n\n<p>Mota Pinto, C. A. (2005). <em>Teoria geral do direito civil<\/em> (4.\u00aa ed.; A. P. Monteiro &amp; P. M. Pinto, Eds.). Coimbra Editora.<\/p>\n\n\n\n<p>Olavo, C. (2005). <em>Propriedade Industrial, Vol. I: Sinais distintivos do com\u00e9rcio e concorr\u00eancia desleal<\/em> (2.\u00aa ed.). Almedina.<\/p>\n\n\n\n<p>Organiza\u00e7\u00e3o Mundial da Propriedade Intelectual. (1994). <em>Character merchandising<\/em> (WO\/INF\/108). <a>https:\/\/www.wipo.int\/documents\/d\/copyright\/docsen-wo_inf_108.pdf<\/a><\/p>\n\n\n\n<p>Payan Martins, A. (1999). <em>O contrato de patroc\u00ednio \u2013 Subs\u00eddios para o estudo de um novo tipo contratual<\/em>. <em>Direito e Justi\u00e7a<\/em>, 12(2), 187\u2013243. Dispon\u00edvel em <a href=\"https:\/\/journals.ucp.pt\/index.php\/direitoejustica\/article\/view\/11119\/10761\">https:\/\/journals.ucp.pt\/index.php\/direitoejustica\/article\/view\/11119\/10761<\/a><\/p>\n\n\n\n<p>Pereira, C. M. da S. (1995). <em>Institui\u00e7\u00f5es de direito civil: Vol. II<\/em> (14.\u00aa ed.). Editora Forense.<\/p>\n\n\n\n<p>Portugal. <em>Colect\u00e2nea de Jurisprud\u00eancia<\/em>. (1998). Ano XXIII, Tomo II, 135\u2013140.<\/p>\n\n\n\n<p>Sacco, R. (1975). <em>Trattato di diritto civile italiano<\/em> (Vol. IV, Tomo II). Unione Tipografico-Editrice Torinese.<\/p>\n\n\n\n<p>S\u00e1 e Mello, A. (2024). <em>Manual de Direito de Autor e Direitos Conexos<\/em> (6.\u00aa ed.). Almedina.<\/p>\n\n\n\n<p>SponsorUnited. (2024). <em>State of the Market: Marketing Partnerships Report<\/em>. Dispon\u00edvel em <a href=\"https:\/\/s3.amazonaws.com\/media.mediapost.com\/uploads\/SPONSORUNITED_market_report_2024.pdf\">https:\/\/s3.amazonaws.com\/media.mediapost.com\/uploads\/SPONSORUNITED_market_report_2024.pdf<\/a> (acedido a 7 de novembro de 2025).<\/p>\n\n\n\n<p style=\"font-size:16px\">Underhill, P. (2007). <em>Comment le merchandising influence l&#8217;achat<\/em>. \u00c9ditions Village Mondial.<\/p>\n<\/div>\n<\/div>\n","protected":false},"excerpt":{"rendered":"<p>Contents Archive Os contratos de patroc\u00ednio (sponsoring) e de merchandising Jarbas Eduardo Pereira Martins* 1 ISCET &#8211; High Institute of Business and Tourism Sciences, Porto, Portugal To cite this text: Martins, Jarbas E.P. (2025).&#46;&#46;&#46;<\/p>\n","protected":false},"author":3,"featured_media":0,"parent":0,"menu_order":0,"comment_status":"closed","ping_status":"closed","template":"","meta":{"footnotes":""},"class_list":["post-3089","page","type-page","status-publish","hentry"],"_links":{"self":[{"href":"https:\/\/percursoseideias.iscet.pt\/index.php\/wp-json\/wp\/v2\/pages\/3089","targetHints":{"allow":["GET"]}}],"collection":[{"href":"https:\/\/percursoseideias.iscet.pt\/index.php\/wp-json\/wp\/v2\/pages"}],"about":[{"href":"https:\/\/percursoseideias.iscet.pt\/index.php\/wp-json\/wp\/v2\/types\/page"}],"author":[{"embeddable":true,"href":"https:\/\/percursoseideias.iscet.pt\/index.php\/wp-json\/wp\/v2\/users\/3"}],"replies":[{"embeddable":true,"href":"https:\/\/percursoseideias.iscet.pt\/index.php\/wp-json\/wp\/v2\/comments?post=3089"}],"version-history":[{"count":6,"href":"https:\/\/percursoseideias.iscet.pt\/index.php\/wp-json\/wp\/v2\/pages\/3089\/revisions"}],"predecessor-version":[{"id":3146,"href":"https:\/\/percursoseideias.iscet.pt\/index.php\/wp-json\/wp\/v2\/pages\/3089\/revisions\/3146"}],"wp:attachment":[{"href":"https:\/\/percursoseideias.iscet.pt\/index.php\/wp-json\/wp\/v2\/media?parent=3089"}],"curies":[{"name":"wp","href":"https:\/\/api.w.org\/{rel}","templated":true}]}}