{"id":3072,"date":"2026-01-06T09:53:18","date_gmt":"2026-01-06T09:53:18","guid":{"rendered":"https:\/\/percursoseideias.iscet.pt\/?page_id=3072"},"modified":"2026-01-06T11:26:11","modified_gmt":"2026-01-06T11:26:11","slug":"volume-14-2025-007","status":"publish","type":"page","link":"https:\/\/percursoseideias.iscet.pt\/index.php\/volume-14-2025-007\/","title":{"rendered":"Volume 14 &#8211; 2025 (007)"},"content":{"rendered":"\n<div class=\"wp-block-columns is-layout-flex wp-container-core-columns-is-layout-9d6595d7 wp-block-columns-is-layout-flex\">\n<div class=\"wp-block-column is-layout-flow wp-block-column-is-layout-flow\" style=\"flex-basis:20%\">\n<figure class=\"wp-block-image size-large\"><img loading=\"lazy\" decoding=\"async\" width=\"819\" height=\"1024\" src=\"https:\/\/percursoseideias.iscet.pt\/wp-content\/uploads\/2025\/12\/Capa-14-819x1024.jpg\" alt=\"\" class=\"wp-image-3062\" srcset=\"https:\/\/percursoseideias.iscet.pt\/wp-content\/uploads\/2025\/12\/Capa-14-819x1024.jpg 819w, https:\/\/percursoseideias.iscet.pt\/wp-content\/uploads\/2025\/12\/Capa-14-240x300.jpg 240w, https:\/\/percursoseideias.iscet.pt\/wp-content\/uploads\/2025\/12\/Capa-14-768x960.jpg 768w, https:\/\/percursoseideias.iscet.pt\/wp-content\/uploads\/2025\/12\/Capa-14.jpg 1080w\" sizes=\"auto, (max-width: 819px) 100vw, 819px\" \/><\/figure>\n\n\n\n<p class=\"has-text-align-center\" style=\"font-size:16px\"><a href=\"https:\/\/percursoseideias.iscet.pt\/index.php\/mp2022n120001\/\"><img loading=\"lazy\" decoding=\"async\" width=\"16\" height=\"13\" class=\"wp-image-373\" style=\"width: 16px;\" src=\"https:\/\/percursoseideias.iscet.pt\/wp-content\/uploads\/2022\/03\/DoubleArrow_Left.jpg\" alt=\"\" srcset=\"https:\/\/percursoseideias.iscet.pt\/wp-content\/uploads\/2022\/03\/DoubleArrow_Left.jpg 1150w, https:\/\/percursoseideias.iscet.pt\/wp-content\/uploads\/2022\/03\/DoubleArrow_Left-300x239.jpg 300w, https:\/\/percursoseideias.iscet.pt\/wp-content\/uploads\/2022\/03\/DoubleArrow_Left-1024x816.jpg 1024w, https:\/\/percursoseideias.iscet.pt\/wp-content\/uploads\/2022\/03\/DoubleArrow_Left-768x612.jpg 768w\" sizes=\"auto, (max-width: 16px) 100vw, 16px\" \/><\/a>  <a href=\"https:\/\/percursoseideias.iscet.pt\/index.php\/sol2022n120002\/\"><img loading=\"lazy\" decoding=\"async\" width=\"11\" height=\"12\" class=\"wp-image-371\" style=\"width: 11px;\" src=\"https:\/\/percursoseideias.iscet.pt\/wp-content\/uploads\/2022\/03\/Arrow_Left.jpg\" alt=\"\" srcset=\"https:\/\/percursoseideias.iscet.pt\/wp-content\/uploads\/2022\/03\/Arrow_Left.jpg 820w, https:\/\/percursoseideias.iscet.pt\/wp-content\/uploads\/2022\/03\/Arrow_Left-269x300.jpg 269w, https:\/\/percursoseideias.iscet.pt\/wp-content\/uploads\/2022\/03\/Arrow_Left-150x150.jpg 150w, https:\/\/percursoseideias.iscet.pt\/wp-content\/uploads\/2022\/03\/Arrow_Left-768x858.jpg 768w, https:\/\/percursoseideias.iscet.pt\/wp-content\/uploads\/2022\/03\/Arrow_Left-80x80.jpg 80w, https:\/\/percursoseideias.iscet.pt\/wp-content\/uploads\/2022\/03\/Arrow_Left-320x320.jpg 320w\" sizes=\"auto, (max-width: 11px) 100vw, 11px\" \/><\/a>  <a href=\"https:\/\/percursoseideias.iscet.pt\/index.php\/current-issues\/\">Contents<\/a>  <a href=\"https:\/\/percursoseideias.iscet.pt\/index.php\/ci2022n120004\/\"><img loading=\"lazy\" decoding=\"async\" width=\"11\" height=\"12\" class=\"wp-image-372\" style=\"width: 11px;\" src=\"https:\/\/percursoseideias.iscet.pt\/wp-content\/uploads\/2022\/03\/Arrow_Right.jpg\" alt=\"\" srcset=\"https:\/\/percursoseideias.iscet.pt\/wp-content\/uploads\/2022\/03\/Arrow_Right.jpg 820w, https:\/\/percursoseideias.iscet.pt\/wp-content\/uploads\/2022\/03\/Arrow_Right-269x300.jpg 269w, https:\/\/percursoseideias.iscet.pt\/wp-content\/uploads\/2022\/03\/Arrow_Right-150x150.jpg 150w, https:\/\/percursoseideias.iscet.pt\/wp-content\/uploads\/2022\/03\/Arrow_Right-768x858.jpg 768w, https:\/\/percursoseideias.iscet.pt\/wp-content\/uploads\/2022\/03\/Arrow_Right-80x80.jpg 80w, https:\/\/percursoseideias.iscet.pt\/wp-content\/uploads\/2022\/03\/Arrow_Right-320x320.jpg 320w\" sizes=\"auto, (max-width: 11px) 100vw, 11px\" \/><\/a>  <a href=\"https:\/\/percursoseideias.iscet.pt\/index.php\/sol2022n120012\/\"><img loading=\"lazy\" decoding=\"async\" width=\"16\" height=\"13\" class=\"wp-image-374\" style=\"width: 16px;\" src=\"https:\/\/percursoseideias.iscet.pt\/wp-content\/uploads\/2022\/03\/DoubleArrow_Right.jpg\" alt=\"\" srcset=\"https:\/\/percursoseideias.iscet.pt\/wp-content\/uploads\/2022\/03\/DoubleArrow_Right.jpg 1150w, https:\/\/percursoseideias.iscet.pt\/wp-content\/uploads\/2022\/03\/DoubleArrow_Right-300x239.jpg 300w, https:\/\/percursoseideias.iscet.pt\/wp-content\/uploads\/2022\/03\/DoubleArrow_Right-1024x816.jpg 1024w, https:\/\/percursoseideias.iscet.pt\/wp-content\/uploads\/2022\/03\/DoubleArrow_Right-768x612.jpg 768w\" sizes=\"auto, (max-width: 16px) 100vw, 16px\" \/><\/a><br><a href=\"https:\/\/percursoseideias.iscet.pt\/index.php\/archive\/\">Archive<\/a><\/p>\n<\/div>\n\n\n\n<div class=\"wp-block-column is-layout-flow wp-block-column-is-layout-flow\" style=\"flex-basis:66.66%\">\n<p style=\"font-size:30px\"><strong><strong>O Papel do Insight na Comunica\u00e7\u00e3o e Identifica\u00e7\u00e3o Pol\u00edtica<\/strong><\/strong><\/p>\n\n\n\n<p class=\"has-medium-font-size\">Martim Dur\u00e3o<a href=\"mailto:professorladeira@gmail.com\" target=\"_blank\" rel=\"noreferrer noopener\"><img decoding=\"async\" class=\"wp-image-299\" style=\"width: 15px;\" src=\"http:\/\/magano.com\/percursoseideias\/wp-content\/uploads\/2022\/02\/envelope.png\" alt=\"\"><\/a> <sup><sup>1<\/sup><\/sup><\/p>\n\n\n\n<p style=\"font-size:15px\"><sup>1<\/sup> ISCET &#8211; High Institute of Business and Tourism Sciences, Porto, Portugal<\/p>\n\n\n\n<p style=\"font-size:16px\">To cite this text: Dur\u00e3o, M. (2025). O Papel do Insight na Comunica\u00e7\u00e3o e Identifica\u00e7\u00e3o Pol\u00edtica, <em>Percursos &amp; Ideias<\/em>, <em>1<\/em>4, 70-81.<\/p>\n\n\n\n<p style=\"font-size:15px\">doi: 10.56123\/pi2025n14007<\/p>\n\n\n\n<p style=\"font-size:15px\">Published Language: Portuguese.<\/p>\n\n\n\n<p style=\"font-size:15px\"><a href=\"https:\/\/percursoseideias.iscet.pt\/wp-content\/uploads\/2026\/01\/pi2025n14007.pdf\" data-type=\"attachment\" data-id=\"3111\">View Full Text PDF <\/a><a href=\"https:\/\/percursoseideias.iscet.pt\/articles\/mp2022n120003.pdf\" target=\"_blank\" rel=\"noreferrer noopener\"><img decoding=\"async\" class=\"wp-image-213\" style=\"width: 20px;\" src=\"http:\/\/magano.com\/percursoseideias\/wp-content\/uploads\/2022\/02\/PDF_logo.jpeg\" alt=\"\"><\/a><\/p>\n\n\n\n<p><strong>Abstract<\/strong><\/p>\n\n\n\n<p style=\"font-size:16px\">This study analyses the concept of insight as applied to political communication, highlighting its strategic role in creating emotional and symbolic bonds between the message and the audience. It explores the psychological mechanisms involving emotion, cognition, and social context, showing how insights activate affective predispositions and promote symbolic identification, authenticity, and political trust. The research addresses the integration of insight with communication theories, such as the Elaboration Likelihood Model, and emphasises the importance of narrative and aesthetic coherence for the construction of lasting relational affinity. It also discusses the role of positive and negative emotions, the influence of digital platforms in amplifying messages, and the ethical challenges associated with the use of emotional appeals. Finally, it highlights the need for qualitative and quantitative assessments to measure the real impact of insight-based strategies, stressing the importance of consistency between discourse and practice in order to maintain voter loyalty and trust over time.<\/p>\n\n\n\n<p style=\"font-size:16px\"><strong>Keywords<\/strong><\/p>\n\n\n\n<p style=\"font-size:16px\">Political communication, Insight, Emotional identification, Relational affinity, Symbolic identification, Elaboration likelihood model, Digital platforms,<br>Political trust, Emotional appeals, Ethical challenges.<\/p>\n\n\n\n<p style=\"font-size:16px\"><strong>References<\/strong><\/p>\n\n\n\n<p style=\"font-size:16px\">Agbim, K. (2023). <em>The role of persuasive appeal in political campaigns in Nigeria<\/em>. 212. <a href=\"https:\/\/doi.org\/10.5281\/zenodo.15241777\">https:\/\/doi.org\/10.5281\/zenodo.15241777<\/a><\/p>\n\n\n\n<p>Alam, S., &amp; Kadarisman, A. (2025). <em>Local culture in advertising: From identity to visual communication strategy (case study on Coca-Cola advertisement Kabayan version)<\/em>. <em>International Journal of Applied and Advanced Multidisciplinary Research (IJAAMR)<\/em>, 3(7), 435\u2013450. <a href=\"https:\/\/doi.org\/10.59890\/ijaamr.v3i7.66\">https:\/\/doi.org\/10.59890\/ijaamr.v3i7.66<\/a><\/p>\n\n\n\n<p>Bhargavi, L. M. (2024). <em>The role of emotional appeal in modern advertising: A study on the role of e-advertisement on consumer buying behaviour<\/em>. <em>ShodhKosh: Journal of Visual and Performing Arts<\/em>, 5(1), 141\u2013153. <a href=\"https:\/\/doi.org\/10.29121\/shodhkosh.v5.i1.2024.1697\">https:\/\/doi.org\/10.29121\/shodhkosh.v5.i1.2024.1697<\/a><\/p>\n\n\n\n<p>Brader, T. (2005). <em>Striking a responsive chord: How political ads motivate and persuade voters by appealing to emotions<\/em>. <em>American Journal of Political Science<\/em>, 49(2), 388\u2013405. <a href=\"http:\/\/www.jstor.org\/stable\/3647684\">http:\/\/www.jstor.org\/stable\/3647684<\/a><\/p>\n\n\n\n<p>Crespo, F., &amp; Hidalgo, P. (2023). <em>Las campa\u00f1as electorales vistas desde el planteamiento de las conexiones emocionales-afectivas y su aplicaci\u00f3n en las elecciones presidenciales de Ecuador 2021<\/em>. <em>Uru: Revista de Comunicaci\u00f3n y Cultura | UASB-E<\/em>, 58\u201368. <a href=\"https:\/\/doi.org\/10.32719\/26312514.2023.8.4\">https:\/\/doi.org\/10.32719\/26312514.2023.8.4<\/a><\/p>\n\n\n\n<p>Crespo-Mart\u00ednez, I., Garrido-Rubia, A., &amp; Rojo-Mart\u00ednez, J. M. (2022). <em>El uso de las emociones en la comunicaci\u00f3n pol\u00edtico-electoral<\/em>. <em>Revista Espa\u00f1ola de Ciencia Pol\u00edtica<\/em>, 58, 175\u2013201. <a href=\"https:\/\/doi.org\/10.21308\/recp.58.06\">https:\/\/doi.org\/10.21308\/recp.58.06<\/a><\/p>\n\n\n\n<p>Egea Medrano, M. A., Garrido Rubia, A., &amp; Rojo-Mart\u00ednez, J. M. (2021). <em>Political iconography and emotions in electoral campaigns: A communicative approach<\/em>. <em>Communication &amp; Society<\/em>, 34(2), 215\u2013230. <a href=\"https:\/\/doi.org\/10.15581\/003.34.2.215-230\">https:\/\/doi.org\/10.15581\/003.34.2.215-230<\/a><\/p>\n\n\n\n<p>Galvano, F. (2021). <em>Integrating consumer behavior insights into effective marketing strategies<\/em>. <a href=\"https:\/\/www.researchgate.net\/publication\/380075292\">https:\/\/www.researchgate.net\/publication\/380075292<\/a><\/p>\n\n\n\n<p>George, O. O., Dosumu, R. E., &amp; Makata, C. O. (2024). <em>Behavioral science applications in brand messaging: Conceptualizing consumer-centric communication models for market differentiation<\/em>. <em>Journal of Frontiers in Multidisciplinary Research<\/em>, 5(1), 119\u2013124. <a>https:\/\/doi.org\/10.54660\/IJFMR.2024.5.1.119-124<\/a><\/p>\n\n\n\n<p>Kotler, P., Kartajaya, H., &amp; Setiawan, I. (2017). <em>Marketing 4.0: Mudan\u00e7a do tradicional para o digital<\/em> (p. 218). Conjuntura Actual Editora. <a href=\"https:\/\/doi.org\/10.4000\/cp.4302\">https:\/\/doi.org\/10.4000\/cp.4302<\/a><\/p>\n\n\n\n<p>McLaughlin, B., Velez, J. A., Gotlieb, M. R., Thompson, B. A., &amp; Krause-McCord, A. (2019). <em>React to the future: Political visualization, emotional reactions and political behavior<\/em>. <em>International Journal of Advertising<\/em>, 38(5), 760\u2013775. <a href=\"https:\/\/doi.org\/10.1080\/02650487.2018.1556193\">https:\/\/doi.org\/10.1080\/02650487.2018.1556193<\/a><\/p>\n\n\n\n<p>Morillas, A. S., Mu\u00f1oz-Sastre, D., &amp; Cansado, M. N. (2020). <em>Importancia de la estrategia de comunicaci\u00f3n y su relaci\u00f3n con el insight para conseguir la eficacia publicitaria: El caso de Espa\u00f1a<\/em>. <em>Cuadernos.info<\/em>. <a href=\"https:\/\/doi.org\/10.7764\/cdi.46.1786\">https:\/\/doi.org\/10.7764\/cdi.46.1786<\/a><\/p>\n\n\n\n<p>Mou, A. J., Rabbi, M. S., &amp; Rainy, T. A. (2025). <em>Strategic use of engagement marketing in digital platforms: A focused analysis of ROI and consumer psychology<\/em>. <em>Journal of Sustainable Development and Policy<\/em>, 1(1), 170\u2013197. <a href=\"https:\/\/doi.org\/10.63125\/hm96p734\">https:\/\/doi.org\/10.63125\/hm96p734<\/a><\/p>\n\n\n\n<p>Putra, A. H. P. K., &amp; Sheyoputri, A. C. A. (2024). <em>Psychological insights in marketing management strategy: A qualitative exploration and literature review<\/em>. <em>Golden Ratio of Marketing and Applied Psychology of Business<\/em>, 4(1), 63\u201375. <a href=\"https:\/\/doi.org\/10.52970\/grmapb.v4i1.466\">https:\/\/doi.org\/10.52970\/grmapb.v4i1.466<\/a><\/p>\n\n\n\n<p>Salisu, B. (2025). <em>Emotive appeal as a mediator between political marketing and student voting behaviour<\/em>. <a href=\"https:\/\/www.researchgate.net\/publication\/391590984\">https:\/\/www.researchgate.net\/publication\/391590984<\/a><\/p>\n\n\n\n<p>Samoilenko, V. (2025). <em>Psychology of influence: How influencers are changing the consumer behavior of young people<\/em>. <em>The American Journal of Management and Economics Innovations<\/em>, 7(5), 119\u2013125. <a href=\"https:\/\/doi.org\/10.37547\/tajmei\/Volume07Issue05-15\">https:\/\/doi.org\/10.37547\/tajmei\/Volume07Issue05-15<\/a><\/p>\n\n\n\n<p>Sattorov, A. (2024). <em>International Journal of Industrial Engineering, Technology &amp; Operations Management<\/em>, 71\u201377. <a href=\"https:\/\/doi.org\/10.62157\/ijietom.v2i2.64\">https:\/\/doi.org\/10.62157\/ijietom.v2i2.64<\/a><\/p>\n\n\n\n<p>Supriyanto, Ady, S. U., &amp; Sayidah, N. (2024). <em>Analysis of marketing psychology: Understanding consumer behavior and its implications for business strategy<\/em>. <em>International Journal of Economics and Management Applications<\/em>, 2(5), 561\u2013570. <a href=\"https:\/\/doi.org\/10.47353\/ijema.v2i5.213\">https:\/\/doi.org\/10.47353\/ijema.v2i5.213<\/a><\/p>\n\n\n\n<p>Umarova, N., &amp; Jurayeva, M. (2024). <em>Philological-CRJPS<\/em>, 5(10), 42\u201349. <a href=\"https:\/\/doi.org\/10.37547\/philological-crjps-05-10-08\">https:\/\/doi.org\/10.37547\/philological-crjps-05-10-08<\/a><\/p>\n\n\n\n<p>Upadhyay, A. K. (2024). <em>Impact of social media advertising on consumer behaviour: An empirical study<\/em>. <em>International Journal of Scientific Research in Engineering and Management (IJSREM)<\/em>, 8(2), 1. <a href=\"https:\/\/doi.org\/10.55041\/IJSREM28882\">https:\/\/doi.org\/10.55041\/IJSREM28882<\/a><\/p>\n\n\n\n<p style=\"font-size:16px\">Yusendra, M. A. E., Pratisti, C., &amp; Paramitasari, N. (2025). <em>When content goes viral: Analyzing the structure and trends of viral marketing research in the digital age<\/em>. <em>Lex Localis \u2013 Journal of Local Self-Government<\/em>, 23(S6).<\/p>\n<\/div>\n<\/div>\n","protected":false},"excerpt":{"rendered":"<p>Contents Archive O Papel do Insight na Comunica\u00e7\u00e3o e Identifica\u00e7\u00e3o Pol\u00edtica Martim Dur\u00e3o 1 1 ISCET &#8211; High Institute of Business and Tourism Sciences, Porto, Portugal To cite this text: Dur\u00e3o, M. (2025). O&#46;&#46;&#46;<\/p>\n","protected":false},"author":3,"featured_media":0,"parent":0,"menu_order":0,"comment_status":"closed","ping_status":"closed","template":"","meta":{"footnotes":""},"class_list":["post-3072","page","type-page","status-publish","hentry"],"_links":{"self":[{"href":"https:\/\/percursoseideias.iscet.pt\/index.php\/wp-json\/wp\/v2\/pages\/3072","targetHints":{"allow":["GET"]}}],"collection":[{"href":"https:\/\/percursoseideias.iscet.pt\/index.php\/wp-json\/wp\/v2\/pages"}],"about":[{"href":"https:\/\/percursoseideias.iscet.pt\/index.php\/wp-json\/wp\/v2\/types\/page"}],"author":[{"embeddable":true,"href":"https:\/\/percursoseideias.iscet.pt\/index.php\/wp-json\/wp\/v2\/users\/3"}],"replies":[{"embeddable":true,"href":"https:\/\/percursoseideias.iscet.pt\/index.php\/wp-json\/wp\/v2\/comments?post=3072"}],"version-history":[{"count":4,"href":"https:\/\/percursoseideias.iscet.pt\/index.php\/wp-json\/wp\/v2\/pages\/3072\/revisions"}],"predecessor-version":[{"id":3153,"href":"https:\/\/percursoseideias.iscet.pt\/index.php\/wp-json\/wp\/v2\/pages\/3072\/revisions\/3153"}],"wp:attachment":[{"href":"https:\/\/percursoseideias.iscet.pt\/index.php\/wp-json\/wp\/v2\/media?parent=3072"}],"curies":[{"name":"wp","href":"https:\/\/api.w.org\/{rel}","templated":true}]}}