{"id":3001,"date":"2025-11-03T21:05:30","date_gmt":"2025-11-03T21:05:30","guid":{"rendered":"https:\/\/percursoseideias.iscet.pt\/?page_id=3001"},"modified":"2025-11-03T21:49:25","modified_gmt":"2025-11-03T21:49:25","slug":"volume-13-2024-004","status":"publish","type":"page","link":"https:\/\/percursoseideias.iscet.pt\/index.php\/volume-13-2024-004\/","title":{"rendered":"Volume 13 &#8211; 2024 (004)"},"content":{"rendered":"\n<div class=\"wp-block-columns is-layout-flex wp-container-core-columns-is-layout-9d6595d7 wp-block-columns-is-layout-flex\">\n<div class=\"wp-block-column is-layout-flow wp-block-column-is-layout-flow\" style=\"flex-basis:20%\">\n<figure class=\"wp-block-image size-large\"><img loading=\"lazy\" decoding=\"async\" width=\"791\" height=\"1024\" src=\"https:\/\/percursoseideias.iscet.pt\/wp-content\/uploads\/2025\/11\/pi_2024_n13-1_Pagina_01-791x1024.jpg\" alt=\"\" class=\"wp-image-2978\" srcset=\"https:\/\/percursoseideias.iscet.pt\/wp-content\/uploads\/2025\/11\/pi_2024_n13-1_Pagina_01-791x1024.jpg 791w, https:\/\/percursoseideias.iscet.pt\/wp-content\/uploads\/2025\/11\/pi_2024_n13-1_Pagina_01-232x300.jpg 232w, https:\/\/percursoseideias.iscet.pt\/wp-content\/uploads\/2025\/11\/pi_2024_n13-1_Pagina_01-768x994.jpg 768w, https:\/\/percursoseideias.iscet.pt\/wp-content\/uploads\/2025\/11\/pi_2024_n13-1_Pagina_01.jpg 799w\" sizes=\"auto, (max-width: 791px) 100vw, 791px\" \/><\/figure>\n\n\n\n<p class=\"has-text-align-center\" style=\"font-size:16px\"><a href=\"https:\/\/percursoseideias.iscet.pt\/index.php\/mp2022n120001\/\"><img loading=\"lazy\" decoding=\"async\" width=\"16\" height=\"13\" class=\"wp-image-373\" style=\"width: 16px;\" src=\"https:\/\/percursoseideias.iscet.pt\/wp-content\/uploads\/2022\/03\/DoubleArrow_Left.jpg\" alt=\"\" srcset=\"https:\/\/percursoseideias.iscet.pt\/wp-content\/uploads\/2022\/03\/DoubleArrow_Left.jpg 1150w, https:\/\/percursoseideias.iscet.pt\/wp-content\/uploads\/2022\/03\/DoubleArrow_Left-300x239.jpg 300w, https:\/\/percursoseideias.iscet.pt\/wp-content\/uploads\/2022\/03\/DoubleArrow_Left-1024x816.jpg 1024w, https:\/\/percursoseideias.iscet.pt\/wp-content\/uploads\/2022\/03\/DoubleArrow_Left-768x612.jpg 768w\" sizes=\"auto, (max-width: 16px) 100vw, 16px\" \/><\/a>  <a href=\"https:\/\/percursoseideias.iscet.pt\/index.php\/sol2022n120002\/\"><img loading=\"lazy\" decoding=\"async\" width=\"11\" height=\"12\" class=\"wp-image-371\" style=\"width: 11px;\" src=\"https:\/\/percursoseideias.iscet.pt\/wp-content\/uploads\/2022\/03\/Arrow_Left.jpg\" alt=\"\" srcset=\"https:\/\/percursoseideias.iscet.pt\/wp-content\/uploads\/2022\/03\/Arrow_Left.jpg 820w, https:\/\/percursoseideias.iscet.pt\/wp-content\/uploads\/2022\/03\/Arrow_Left-269x300.jpg 269w, https:\/\/percursoseideias.iscet.pt\/wp-content\/uploads\/2022\/03\/Arrow_Left-150x150.jpg 150w, https:\/\/percursoseideias.iscet.pt\/wp-content\/uploads\/2022\/03\/Arrow_Left-768x858.jpg 768w, https:\/\/percursoseideias.iscet.pt\/wp-content\/uploads\/2022\/03\/Arrow_Left-80x80.jpg 80w, https:\/\/percursoseideias.iscet.pt\/wp-content\/uploads\/2022\/03\/Arrow_Left-320x320.jpg 320w\" sizes=\"auto, (max-width: 11px) 100vw, 11px\" \/><\/a>  <a href=\"https:\/\/percursoseideias.iscet.pt\/index.php\/current-issues\/\">Contents<\/a>  <a href=\"https:\/\/percursoseideias.iscet.pt\/index.php\/ci2022n120004\/\"><img loading=\"lazy\" decoding=\"async\" width=\"11\" height=\"12\" class=\"wp-image-372\" style=\"width: 11px;\" src=\"https:\/\/percursoseideias.iscet.pt\/wp-content\/uploads\/2022\/03\/Arrow_Right.jpg\" alt=\"\" srcset=\"https:\/\/percursoseideias.iscet.pt\/wp-content\/uploads\/2022\/03\/Arrow_Right.jpg 820w, https:\/\/percursoseideias.iscet.pt\/wp-content\/uploads\/2022\/03\/Arrow_Right-269x300.jpg 269w, https:\/\/percursoseideias.iscet.pt\/wp-content\/uploads\/2022\/03\/Arrow_Right-150x150.jpg 150w, https:\/\/percursoseideias.iscet.pt\/wp-content\/uploads\/2022\/03\/Arrow_Right-768x858.jpg 768w, https:\/\/percursoseideias.iscet.pt\/wp-content\/uploads\/2022\/03\/Arrow_Right-80x80.jpg 80w, https:\/\/percursoseideias.iscet.pt\/wp-content\/uploads\/2022\/03\/Arrow_Right-320x320.jpg 320w\" sizes=\"auto, (max-width: 11px) 100vw, 11px\" \/><\/a>  <a href=\"https:\/\/percursoseideias.iscet.pt\/index.php\/sol2022n120012\/\"><img loading=\"lazy\" decoding=\"async\" width=\"16\" height=\"13\" class=\"wp-image-374\" style=\"width: 16px;\" src=\"https:\/\/percursoseideias.iscet.pt\/wp-content\/uploads\/2022\/03\/DoubleArrow_Right.jpg\" alt=\"\" srcset=\"https:\/\/percursoseideias.iscet.pt\/wp-content\/uploads\/2022\/03\/DoubleArrow_Right.jpg 1150w, https:\/\/percursoseideias.iscet.pt\/wp-content\/uploads\/2022\/03\/DoubleArrow_Right-300x239.jpg 300w, https:\/\/percursoseideias.iscet.pt\/wp-content\/uploads\/2022\/03\/DoubleArrow_Right-1024x816.jpg 1024w, https:\/\/percursoseideias.iscet.pt\/wp-content\/uploads\/2022\/03\/DoubleArrow_Right-768x612.jpg 768w\" sizes=\"auto, (max-width: 16px) 100vw, 16px\" \/><\/a><br><a href=\"https:\/\/percursoseideias.iscet.pt\/index.php\/archive\/\">Archive<\/a><\/p>\n<\/div>\n\n\n\n<div class=\"wp-block-column is-layout-flow wp-block-column-is-layout-flow\" style=\"flex-basis:66.66%\">\n<p style=\"font-size:30px\"><strong>Intelig\u00eancia Artificial: Entre a Inova\u00e7\u00e3o a a Seguran\u00e7a<\/strong><\/p>\n\n\n\n<p class=\"has-medium-font-size\">Melanie Oliveira Neiva Santos<sup>1<\/sup><\/p>\n\n\n\n<p style=\"font-size:15px\"><sup>1<\/sup> ISCET &#8211; High Institute of Business and Tourism Sciences, Porto, Portugal<\/p>\n\n\n\n<p style=\"font-size:16px\">To cite this text: Santos, Melanie O. N. (2024). Intelig\u00eancia Artificial: Entre a Inova\u00e7\u00e3o a a Seguran\u00e7a, <em>Percursos &amp; Ideias<\/em>, <em>1<\/em>3, 31-38.<\/p>\n\n\n\n<p style=\"font-size:15px\">doi: 10.56123\/percursos.2024_n13_0004<\/p>\n\n\n\n<p style=\"font-size:15px\">Published . Language: Portuguese.<\/p>\n\n\n\n<p style=\"font-size:15px\"><a href=\"https:\/\/percursoseideias.iscet.pt\/articles\/pi_2024_n13_0004.pdf\">View Full Text PDF <\/a><a href=\"https:\/\/percursoseideias.iscet.pt\/articles\/mp2022n120003.pdf\" target=\"_blank\" rel=\"noreferrer noopener\"><img decoding=\"async\" class=\"wp-image-213\" style=\"width: 20px;\" src=\"http:\/\/magano.com\/percursoseideias\/wp-content\/uploads\/2022\/02\/PDF_logo.jpeg\" alt=\"\"><\/a><\/p>\n\n\n\n<p><strong>Abstract<\/strong><\/p>\n\n\n\n<p style=\"font-size:16px\">The reflections presented in this text, address the challenges posed by the transformation of the digital environment. In this article the tension between the protection of individuals&#8217; rights and the promotion of innovation using artificial intelligence, is examined within the context of European regulation on Artificial Intelligence (AI). Based on the European regulation, especially the AI Act, we start from a notion of AI, highlighting some of the benefits and risks associated with the use of AI, measures to promote innovation and the legal protection ensured to individual\u00b4s rights.<\/p>\n\n\n\n<p style=\"font-size:16px\"><\/p>\n\n\n\n<p><strong>Keywords<\/strong><\/p>\n\n\n\n<p style=\"font-size:16px\">Artificial Intelligence, Innovation, Risk, Security, Rights.<\/p>\n\n\n\n<p style=\"font-size:16px\"><\/p>\n\n\n\n<p><strong>References<\/strong><\/p>\n\n\n\n<p style=\"font-size:16px\">Comunica\u00e7\u00e3o da Comiss\u00e3o ao Parlamento Europeu, ao Conselho Europeu, ao Conselho, ao Comit\u00e9 Econ\u00f3mico e Social Europeu e ao Comit\u00e9 das Regi\u00f5es. (2018, 25 de abril). <em>Intelig\u00eancia Artificial para a Europa<\/em> (COM (2018) 237 final).<\/p>\n\n\n\n<p style=\"font-size:16px\">Comunica\u00e7\u00e3o da Comiss\u00e3o ao Parlamento Europeu, ao Conselho Europeu, ao Conselho, ao Comit\u00e9 Econ\u00f3mico e Social Europeu e ao Comit\u00e9 das Regi\u00f5es. (2019, 8 de abril). <em>Aumentar a confian\u00e7a numa Intelig\u00eancia Artificial centrada no ser humano<\/em> (COM (2019) 168 final).<\/p>\n\n\n\n<p style=\"font-size:16px\">Conselho da Europa. (2017). <em>Study on the human rights dimensions of automated data processing techniques (in particular algorithms) and possible regulatory implications<\/em> (DGI(2017)12).<\/p>\n\n\n\n<p style=\"font-size:16px\">Custers, B. (2022). New digital rights: Imagining additional fundamental rights for the digital era. <em>Computer Law &amp; Security Review, 44<\/em>, 105636.<\/p>\n\n\n\n<p style=\"font-size:16px\">Divino, S. (2021). Desafios e benef\u00edcios da intelig\u00eancia artificial para o Direito do Consumidor. <em>Revista Brasileira de Pol\u00edticas P\u00fablicas, 11<\/em>(1). ISSN 2179-8338. <a>https:\/\/doi.org\/10.5102\/rbpp.v11i1<\/a>.<\/p>\n\n\n\n<p style=\"font-size:16px\">Enes, G. (2023). A Estrat\u00e9gia Europeia para a Intelig\u00eancia Artificial. In M. R. Guimar\u00e3es &amp; R. T. Pedro (Coords.), <em>Direito e Intelig\u00eancia Artificial<\/em> (pp. 37\u201391). Almedina.<\/p>\n\n\n\n<p style=\"font-size:16px\">Grace, K., et al. (2024). Thousands of AI authors on the future of AI. <em>arXiv:2401.02843.<\/em> <a>https:\/\/arxiv.org\/abs\/2401.02843<\/a><\/p>\n\n\n\n<p style=\"font-size:16px\">Harari, Y. N. (2024). <em>Nexus \u2013 Hist\u00f3ria breve das redes de informa\u00e7\u00e3o: da Idade da Pedra \u00e0 Intelig\u00eancia Artificial.<\/em> Penguin Random House.<\/p>\n\n\n\n<p style=\"font-size:16px\">Leit\u00e3o, A. C. (2023). Algumas notas sobre direitos fundamentais, transforma\u00e7\u00e3o digital e intelig\u00eancia artificial. In M. R. Guimar\u00e3es &amp; R. T. Pedro (Coords.), <em>Direito e Intelig\u00eancia Artificial<\/em> (pp. 10\u201336). Almedina.<\/p>\n\n\n\n<p style=\"font-size:16px\">The Godfather of AI warns about the risks of AI. (s.d.). V\u00eddeo dispon\u00edvel em <a href=\"https:\/\/www.youtube.com\/watch?v=g_Lhmhj1894\">https:\/\/www.youtube.com\/watch?v=g_Lhmhj1894<\/a><\/p>\n<\/div>\n<\/div>\n","protected":false},"excerpt":{"rendered":"<p>Contents Archive Intelig\u00eancia Artificial: Entre a Inova\u00e7\u00e3o a a Seguran\u00e7a Melanie Oliveira Neiva Santos1 1 ISCET &#8211; High Institute of Business and Tourism Sciences, Porto, Portugal To cite this text: Santos, Melanie O. N.&#46;&#46;&#46;<\/p>\n","protected":false},"author":3,"featured_media":0,"parent":0,"menu_order":0,"comment_status":"closed","ping_status":"closed","template":"","meta":{"footnotes":""},"class_list":["post-3001","page","type-page","status-publish","hentry"],"_links":{"self":[{"href":"https:\/\/percursoseideias.iscet.pt\/index.php\/wp-json\/wp\/v2\/pages\/3001","targetHints":{"allow":["GET"]}}],"collection":[{"href":"https:\/\/percursoseideias.iscet.pt\/index.php\/wp-json\/wp\/v2\/pages"}],"about":[{"href":"https:\/\/percursoseideias.iscet.pt\/index.php\/wp-json\/wp\/v2\/types\/page"}],"author":[{"embeddable":true,"href":"https:\/\/percursoseideias.iscet.pt\/index.php\/wp-json\/wp\/v2\/users\/3"}],"replies":[{"embeddable":true,"href":"https:\/\/percursoseideias.iscet.pt\/index.php\/wp-json\/wp\/v2\/comments?post=3001"}],"version-history":[{"count":2,"href":"https:\/\/percursoseideias.iscet.pt\/index.php\/wp-json\/wp\/v2\/pages\/3001\/revisions"}],"predecessor-version":[{"id":3013,"href":"https:\/\/percursoseideias.iscet.pt\/index.php\/wp-json\/wp\/v2\/pages\/3001\/revisions\/3013"}],"wp:attachment":[{"href":"https:\/\/percursoseideias.iscet.pt\/index.php\/wp-json\/wp\/v2\/media?parent=3001"}],"curies":[{"name":"wp","href":"https:\/\/api.w.org\/{rel}","templated":true}]}}