{"id":2550,"date":"2022-09-11T04:59:22","date_gmt":"2022-09-11T04:59:22","guid":{"rendered":"https:\/\/percursoseideias.iscet.pt\/?page_id=2550"},"modified":"2022-10-15T15:30:51","modified_gmt":"2022-10-15T15:30:51","slug":"sol2022n120012","status":"publish","type":"page","link":"https:\/\/percursoseideias.iscet.pt\/index.php\/sol2022n120012\/","title":{"rendered":"Volume 12 \u2013 2022 (0012)"},"content":{"rendered":"\n<div class=\"wp-block-columns is-layout-flex wp-container-core-columns-is-layout-9d6595d7 wp-block-columns-is-layout-flex\">\n<div class=\"wp-block-column is-layout-flow wp-block-column-is-layout-flow\" style=\"flex-basis:20%\">\n<figure class=\"wp-block-image size-large\"><img loading=\"lazy\" decoding=\"async\" width=\"724\" height=\"1024\" src=\"https:\/\/percursoseideias.iscet.pt\/wp-content\/uploads\/2022\/03\/Capa_12-724x1024.jpg\" alt=\"\" class=\"wp-image-2451\" srcset=\"https:\/\/percursoseideias.iscet.pt\/wp-content\/uploads\/2022\/03\/Capa_12-724x1024.jpg 724w, https:\/\/percursoseideias.iscet.pt\/wp-content\/uploads\/2022\/03\/Capa_12-212x300.jpg 212w, https:\/\/percursoseideias.iscet.pt\/wp-content\/uploads\/2022\/03\/Capa_12-768x1086.jpg 768w, https:\/\/percursoseideias.iscet.pt\/wp-content\/uploads\/2022\/03\/Capa_12-1086x1536.jpg 1086w, https:\/\/percursoseideias.iscet.pt\/wp-content\/uploads\/2022\/03\/Capa_12-1448x2048.jpg 1448w, https:\/\/percursoseideias.iscet.pt\/wp-content\/uploads\/2022\/03\/Capa_12-scaled.jpg 1811w\" sizes=\"auto, (max-width: 724px) 100vw, 724px\" \/><\/figure>\n\n\n\n<p class=\"has-text-align-center\" style=\"font-size:16px\"><a href=\"https:\/\/percursoseideias.iscet.pt\/index.php\/mp2022n120001\/\"><img loading=\"lazy\" decoding=\"async\" width=\"16\" height=\"13\" class=\"wp-image-373\" style=\"width: 16px;\" src=\"https:\/\/percursoseideias.iscet.pt\/wp-content\/uploads\/2022\/03\/DoubleArrow_Left.jpg\" alt=\"\" srcset=\"https:\/\/percursoseideias.iscet.pt\/wp-content\/uploads\/2022\/03\/DoubleArrow_Left.jpg 1150w, https:\/\/percursoseideias.iscet.pt\/wp-content\/uploads\/2022\/03\/DoubleArrow_Left-300x239.jpg 300w, https:\/\/percursoseideias.iscet.pt\/wp-content\/uploads\/2022\/03\/DoubleArrow_Left-1024x816.jpg 1024w, https:\/\/percursoseideias.iscet.pt\/wp-content\/uploads\/2022\/03\/DoubleArrow_Left-768x612.jpg 768w\" sizes=\"auto, (max-width: 16px) 100vw, 16px\" \/><\/a>  <a href=\"https:\/\/percursoseideias.iscet.pt\/index.php\/mp2022n120011\/\"><img loading=\"lazy\" decoding=\"async\" width=\"11\" height=\"12\" class=\"wp-image-371\" style=\"width: 11px;\" src=\"https:\/\/percursoseideias.iscet.pt\/wp-content\/uploads\/2022\/03\/Arrow_Left.jpg\" alt=\"\" srcset=\"https:\/\/percursoseideias.iscet.pt\/wp-content\/uploads\/2022\/03\/Arrow_Left.jpg 820w, https:\/\/percursoseideias.iscet.pt\/wp-content\/uploads\/2022\/03\/Arrow_Left-269x300.jpg 269w, https:\/\/percursoseideias.iscet.pt\/wp-content\/uploads\/2022\/03\/Arrow_Left-150x150.jpg 150w, https:\/\/percursoseideias.iscet.pt\/wp-content\/uploads\/2022\/03\/Arrow_Left-768x858.jpg 768w, https:\/\/percursoseideias.iscet.pt\/wp-content\/uploads\/2022\/03\/Arrow_Left-80x80.jpg 80w, https:\/\/percursoseideias.iscet.pt\/wp-content\/uploads\/2022\/03\/Arrow_Left-320x320.jpg 320w\" sizes=\"auto, (max-width: 11px) 100vw, 11px\" \/><\/a>  <a href=\"https:\/\/percursoseideias.iscet.pt\/index.php\/current-issues\/\">Contents<\/a><a href=\"https:\/\/percursoseideias.iscet.pt\/index.php\/pi_2022_n12_0001\/\"><br><\/a><a href=\"https:\/\/percursoseideias.iscet.pt\/index.php\/archive\/\">Archive<\/a><\/p>\n<\/div>\n\n\n\n<div class=\"wp-block-column is-layout-flow wp-block-column-is-layout-flow\" style=\"flex-basis:66.66%\">\n<p style=\"font-size:30px\"><strong><strong><strong>Transforma\u00e7\u00e3o Digital e Prote\u00e7\u00e3o de Dados: Consentimento Informado<\/strong><\/strong><\/strong><\/p>\n\n\n\n<p class=\"has-medium-font-size\">Melanie Oliveira Neiva Santos <a rel=\"noreferrer noopener\" href=\"https:\/\/orcid.org\/0000-0001-7000-200X\" target=\"_blank\"><img decoding=\"async\" class=\"wp-image-258\" style=\"width: 15px;\" src=\"http:\/\/magano.com\/percursoseideias\/wp-content\/uploads\/2022\/02\/orcid-og-image.png\" alt=\"\"><\/a> <a rel=\"noreferrer noopener\" href=\"mailto:moliveira@iscet.pt\" target=\"_blank\"><img decoding=\"async\" class=\"wp-image-299\" style=\"width: 15px;\" src=\"http:\/\/magano.com\/percursoseideias\/wp-content\/uploads\/2022\/02\/envelope.png\" alt=\"\"><\/a> <sup>1<\/sup><\/p>\n\n\n\n<p style=\"font-size:15px\"><sup>1<\/sup> ISCET &#8211; High Institute of Business and Tourism Sciences, Porto, Portugal<\/p>\n\n\n\n<p style=\"font-size:16px\"><a href=\"https:\/\/percursoseideias.iscet.pt\/articles\/sol2022n120012.ris.zip\" target=\"_blank\" rel=\"noreferrer noopener\"><img loading=\"lazy\" decoding=\"async\" width=\"15\" height=\"11\" class=\"wp-image-1530\" style=\"width: 15px;\" src=\"https:\/\/percursoseideias.iscet.pt\/wp-content\/uploads\/2022\/03\/qmarks1.png\" alt=\"\" srcset=\"https:\/\/percursoseideias.iscet.pt\/wp-content\/uploads\/2022\/03\/qmarks1.png 632w, https:\/\/percursoseideias.iscet.pt\/wp-content\/uploads\/2022\/03\/qmarks1-300x229.png 300w\" sizes=\"auto, (max-width: 15px) 100vw, 15px\" \/><\/a> <a href=\"https:\/\/percursoseideias.iscet.pt\/articles\/sol2022n120012.ris.zip\" target=\"_blank\" rel=\"noreferrer noopener\">Download citation<\/a>. To cite this text:<\/p>\n\n\n\n<p style=\"font-size:15px\">Santos, M. O. N. (2022). Transforma\u00e7\u00e3o Digital e Prote\u00e7\u00e3o de Dados: Consentimento Informado, <em>Percursos &amp; Ideias<\/em>, <em>12<\/em>, 100-105.<\/p>\n\n\n\n<p style=\"font-size:15px\">doi:10.56123\/percursos.2022.n12.100<\/p>\n\n\n\n<p style=\"font-size:15px\">Published 12 October 2022. Language: Portuguese.<\/p>\n\n\n\n<p style=\"font-size:15px\">Section: Solicitor.<\/p>\n\n\n\n<p style=\"font-size:15px\"><a href=\"https:\/\/percursoseideias.iscet.pt\/articles\/sol2022n120012.pdf\" target=\"_blank\" rel=\"noreferrer noopener\">View Full Text PDF<\/a> <a href=\"https:\/\/percursoseideias.iscet.pt\/articles\/sol2022n120012.pdf\" target=\"_blank\" rel=\"noreferrer noopener\"><img decoding=\"async\" class=\"wp-image-213\" style=\"width: 20px;\" src=\"http:\/\/magano.com\/percursoseideias\/wp-content\/uploads\/2022\/02\/PDF_logo.jpeg\" alt=\"\"><\/a>  <\/p>\n\n\n\n<p><strong>Abstract<\/strong><\/p>\n\n\n\n<p style=\"font-size:16px\">In this paper, we undertake to study the central role informed consent plays, with regard to the processing of personal data. To that purpose we will be examining the elements and conditions to obtain a valid and informed consent. We shall pay special attention to children\u00b4s consent in the context of information society services.<\/p>\n\n\n\n<p><strong>Keywords<\/strong><\/p>\n\n\n\n<p>Personal data, Informed consent, Children, Information society services.<\/p>\n\n\n\n<p><strong>References<\/strong><\/p>\n\n\n\n<p style=\"font-size:14px\">BERGEMANN, Benjamin (2018), \u201cThe Consent Paradox: Accounting for the Prominent Role of Consent in Data Protection\u201d, in Marit Hansen, Eleni Kosta, Igor Nai-Fovino, and Simone Fischer-H\u00fcbner (ed.), <em>Privacy and Identity Management. The Smart Revolution<\/em>, Cham, Springer International Publishing, 526:111\u201331.<\/p>\n\n\n\n<p style=\"font-size:14px\">Bundesbeauftragte f\u00fcr den Datenschutz und die Informationsfreiheit (2019), <em>Activity Report 2019, 28th Activity Report on Data Protection<\/em>, dispon\u00edvel em: <a href=\"https:\/\/www.bfdi.bund.de\/SharedDocs\/Publikationen\/EN\/ActivityReport\/2019.html?nn=14157620\">https:\/\/www.bfdi.bund.de\/SharedDocs\/Publikationen\/EN\/ActivityReport\/2019.html?nn=14157620<\/a><\/p>\n\n\n\n<p style=\"font-size:14px\">CALV\u00c3O, Filipa F. Urbano (2018), \u201cDireito da Prote\u00e7\u00e3o de Dados Pessoais, Relat\u00f3rio sobre o programa, os conte\u00fados e os m\u00e9todos de ensino da disciplina\u201d, Universidade Cat\u00f3lica Editora, Porto.<\/p>\n\n\n\n<p style=\"font-size:14px\">Comiss\u00e3o Nacional de Prote\u00e7\u00e3o de Dados (2018), <em>Parecer 20\/2018<\/em> <em>Assembleia da Rep\u00fablica Comiss\u00e3o de As. Constitucionais, Direitos, Liberdades e Garantias,<\/em> dispon\u00edvel em:<\/p>\n\n\n\n<p style=\"font-size:14px\"><a href=\"https:\/\/www.cnpd.pt\/decisoes\/historico-de-decisoes\/?year=2018&amp;type=4&amp;ent=&amp;pgd=1\">https:\/\/www.cnpd.pt\/decisoes\/historico-de-decisoes\/?year=2018&amp;type=4&amp;ent=&amp;pgd=1<\/a><\/p>\n\n\n\n<p style=\"font-size:14px\">Comunica\u00e7\u00e3o da Comiss\u00e3o ao Parlamento Europeu, ao Conselho, ao Comit\u00e9 Econ\u00f3mico e Social e ao Comit\u00e9 das Regi\u00f5es &#8211; COM 2021\/118\/final, <em>Orienta\u00e7\u00f5es para a Digitaliza\u00e7\u00e3o at\u00e9 2030: a via europeia para a D\u00e9cada Digital<\/em>, dispon\u00edvel em:<\/p>\n\n\n\n<p style=\"font-size:14px\"><a href=\"https:\/\/eur-lex.europa.eu\/legal-content\/pt\/TXT\/?uri=CELEX%3A52021DC0118\">https:\/\/eur-lex.europa.eu\/legal-content\/pt\/TXT\/?uri=CELEX%3A52021DC0118<\/a><\/p>\n\n\n\n<p style=\"font-size:14px\">CORDEIRO, A. Barreto Menezes (2020), <em>Direito da Prote\u00e7\u00e3o de Dados \u00e0 luz do RGPD e da Lei n\u00ba 58\/2019<\/em>, reimp., Coimbra, Almedina.<\/p>\n\n\n\n<p style=\"font-size:14px\">CORDEIRO, A. Barreto Menezes et al. (2021), <em>Coment\u00e1rio ao Regulamento Geral de Prote\u00e7\u00e3o de Dados e \u00e0 Lei n\u00ba 58\/2019<\/em>, in A. Barreto Menezes Cordeiro (coord.), Coimbra, Almedina, pp. 70-76.<\/p>\n\n\n\n<p style=\"font-size:14px\">CUNHA, Paulo Ferreira (2021) <em>Metodologia Jur\u00eddica, Inicia\u00e7\u00e3o &amp; Dicion\u00e1rio<\/em>, Coimbra, Almedina.<\/p>\n\n\n\n<p style=\"font-size:14px\">Grupo de Trabalho Internacional sobre a Prote\u00e7\u00e3o de Dados nas Telecomunica\u00e7\u00f5es (2019) \u201cProte\u00e7\u00e3o da privacidade das crian\u00e7as nos servi\u00e7os em linha\u201d, <em>F\u00f3rum de Prote\u00e7\u00e3o de Dados<\/em>, n\u00ba 6, novembro 2019, Comiss\u00e3o Nacional de Prote\u00e7\u00e3o de Dados, pp. 50-57.<\/p>\n\n\n\n<p style=\"font-size:14px\">GUERRA, Clara (2019), \u201cConsequ\u00eancias do Caso \u2018Planet49\u2019 na atividade de marketing\u201d, in <em>F\u00f3rum de Prote\u00e7\u00e3o de Dados<\/em>, n\u00ba 6, pp. 94-115. Dispon\u00edvel em: <a href=\"https:\/\/www.cnpd.pt\/comunicacao-publica\/revista-forum\/\">https:\/\/www.cnpd.pt\/comunicacao-publica\/revista-forum\/<\/a><\/p>\n\n\n\n<p style=\"font-size:14px\">LAMEGO, Jos\u00e9 (2021) <em>Elementos de Metodologia Jur\u00eddica<\/em>, Coimbra, Almedina.<\/p>\n\n\n\n<p style=\"font-size:14px\">MACHADO, Jo\u00e3o Baptista (2021) <em>Introdu\u00e7\u00e3o ao Direito e ao Discurso Legitimador<\/em>, 27\u00aa reimp., Coimbra, Almedina.<\/p>\n\n\n\n<p style=\"font-size:14px\">MAGRI\u00c7O, Manuel Aires (2019), \u201cA prote\u00e7\u00e3o de dados pessoais e a privacidade das crian\u00e7as no ciberespa\u00e7o\u201d, in <em>F\u00f3rum de Prote\u00e7\u00e3o de Dados<\/em>, n\u00ba 6, pp. 19-35. Dispon\u00edvel em: <a href=\"https:\/\/www.cnpd.pt\/comunicacao-publica\/revista-forum\/\">https:\/\/www.cnpd.pt\/comunicacao-publica\/revista-forum\/<\/a><\/p>\n\n\n\n<p style=\"font-size:14px\">O\u2019NEILL, B., DREYER, S. &amp; DINH, T. (2020), <em>The Third Better Internet for Kids Policy Map: Implementing the European Strategy for a Better Internet for Children in European Member States<\/em>. Dispon\u00edvel em: <a href=\"https:\/\/www.betterinternetforkids.eu\/bikmap\">https:\/\/www.betterinternetforkids.eu\/bikmap<\/a><\/p>\n\n\n\n<p style=\"font-size:14px\"><\/p>\n<\/div>\n<\/div>\n","protected":false},"excerpt":{"rendered":"<p>ContentsArchive Transforma\u00e7\u00e3o Digital e Prote\u00e7\u00e3o de Dados: Consentimento Informado Melanie Oliveira Neiva Santos 1 1 ISCET &#8211; High Institute of Business and Tourism Sciences, Porto, Portugal Download citation. To cite this text: Santos, M.&#46;&#46;&#46;<\/p>\n","protected":false},"author":6,"featured_media":0,"parent":0,"menu_order":0,"comment_status":"closed","ping_status":"closed","template":"","meta":{"footnotes":""},"class_list":["post-2550","page","type-page","status-publish","hentry"],"_links":{"self":[{"href":"https:\/\/percursoseideias.iscet.pt\/index.php\/wp-json\/wp\/v2\/pages\/2550","targetHints":{"allow":["GET"]}}],"collection":[{"href":"https:\/\/percursoseideias.iscet.pt\/index.php\/wp-json\/wp\/v2\/pages"}],"about":[{"href":"https:\/\/percursoseideias.iscet.pt\/index.php\/wp-json\/wp\/v2\/types\/page"}],"author":[{"embeddable":true,"href":"https:\/\/percursoseideias.iscet.pt\/index.php\/wp-json\/wp\/v2\/users\/6"}],"replies":[{"embeddable":true,"href":"https:\/\/percursoseideias.iscet.pt\/index.php\/wp-json\/wp\/v2\/comments?post=2550"}],"version-history":[{"count":19,"href":"https:\/\/percursoseideias.iscet.pt\/index.php\/wp-json\/wp\/v2\/pages\/2550\/revisions"}],"predecessor-version":[{"id":2869,"href":"https:\/\/percursoseideias.iscet.pt\/index.php\/wp-json\/wp\/v2\/pages\/2550\/revisions\/2869"}],"wp:attachment":[{"href":"https:\/\/percursoseideias.iscet.pt\/index.php\/wp-json\/wp\/v2\/media?parent=2550"}],"curies":[{"name":"wp","href":"https:\/\/api.w.org\/{rel}","templated":true}]}}