{"id":153,"date":"2022-03-01T19:45:27","date_gmt":"2022-03-01T19:45:27","guid":{"rendered":"http:\/\/percursoseideias.iscet.pt\/?page_id=153"},"modified":"2022-03-03T15:39:29","modified_gmt":"2022-03-03T15:39:29","slug":"volumes-34-2011-12-social-service-issue","status":"publish","type":"page","link":"https:\/\/percursoseideias.iscet.pt\/index.php\/volumes-34-2011-12-social-service-issue\/","title":{"rendered":"Volumes 3&#038;4 (2011\/12) &#8211; Social Service Issue"},"content":{"rendered":"\n<div class=\"wp-block-columns is-layout-flex wp-container-core-columns-is-layout-9d6595d7 wp-block-columns-is-layout-flex\">\n<div class=\"wp-block-column is-layout-flow wp-block-column-is-layout-flow\" style=\"flex-basis:33.33%\">\n<figure class=\"wp-block-image size-large\"><img loading=\"lazy\" decoding=\"async\" width=\"745\" height=\"1024\" src=\"https:\/\/percursoseideias.iscet.pt\/wp-content\/uploads\/2022\/03\/revista-percursos-ideias-3_4_ss-745x1024.png\" alt=\"\" class=\"wp-image-316\" srcset=\"https:\/\/percursoseideias.iscet.pt\/wp-content\/uploads\/2022\/03\/revista-percursos-ideias-3_4_ss-745x1024.png 745w, https:\/\/percursoseideias.iscet.pt\/wp-content\/uploads\/2022\/03\/revista-percursos-ideias-3_4_ss-218x300.png 218w, https:\/\/percursoseideias.iscet.pt\/wp-content\/uploads\/2022\/03\/revista-percursos-ideias-3_4_ss-768x1056.png 768w, https:\/\/percursoseideias.iscet.pt\/wp-content\/uploads\/2022\/03\/revista-percursos-ideias-3_4_ss-1117x1536.png 1117w, https:\/\/percursoseideias.iscet.pt\/wp-content\/uploads\/2022\/03\/revista-percursos-ideias-3_4_ss-1489x2048.png 1489w, https:\/\/percursoseideias.iscet.pt\/wp-content\/uploads\/2022\/03\/revista-percursos-ideias-3_4_ss.png 1844w\" sizes=\"auto, (max-width: 745px) 100vw, 745px\" \/><\/figure>\n\n\n\n<p class=\"has-text-align-center\" style=\"font-size:16px\"><a href=\"https:\/\/percursoseideias.iscet.pt\/index.php\/volume-1-2009\/\"><img loading=\"lazy\" decoding=\"async\" width=\"16\" height=\"13\" class=\"wp-image-373\" style=\"width: 16px;\" src=\"https:\/\/percursoseideias.iscet.pt\/wp-content\/uploads\/2022\/03\/DoubleArrow_Left.jpg\" alt=\"\" srcset=\"https:\/\/percursoseideias.iscet.pt\/wp-content\/uploads\/2022\/03\/DoubleArrow_Left.jpg 1150w, https:\/\/percursoseideias.iscet.pt\/wp-content\/uploads\/2022\/03\/DoubleArrow_Left-300x239.jpg 300w, https:\/\/percursoseideias.iscet.pt\/wp-content\/uploads\/2022\/03\/DoubleArrow_Left-1024x816.jpg 1024w, https:\/\/percursoseideias.iscet.pt\/wp-content\/uploads\/2022\/03\/DoubleArrow_Left-768x612.jpg 768w\" sizes=\"auto, (max-width: 16px) 100vw, 16px\" \/><\/a>  <a href=\"https:\/\/percursoseideias.iscet.pt\/index.php\/volumes-34-2011-12-tourism-issue\/\"><img loading=\"lazy\" decoding=\"async\" width=\"11\" height=\"12\" class=\"wp-image-371\" style=\"width: 11px;\" src=\"https:\/\/percursoseideias.iscet.pt\/wp-content\/uploads\/2022\/03\/Arrow_Left.jpg\" alt=\"\" srcset=\"https:\/\/percursoseideias.iscet.pt\/wp-content\/uploads\/2022\/03\/Arrow_Left.jpg 820w, https:\/\/percursoseideias.iscet.pt\/wp-content\/uploads\/2022\/03\/Arrow_Left-269x300.jpg 269w, https:\/\/percursoseideias.iscet.pt\/wp-content\/uploads\/2022\/03\/Arrow_Left-150x150.jpg 150w, https:\/\/percursoseideias.iscet.pt\/wp-content\/uploads\/2022\/03\/Arrow_Left-768x858.jpg 768w, https:\/\/percursoseideias.iscet.pt\/wp-content\/uploads\/2022\/03\/Arrow_Left-80x80.jpg 80w, https:\/\/percursoseideias.iscet.pt\/wp-content\/uploads\/2022\/03\/Arrow_Left-320x320.jpg 320w\" sizes=\"auto, (max-width: 11px) 100vw, 11px\" \/><\/a>  <a href=\"https:\/\/percursoseideias.iscet.pt\/index.php\/archive\/\">Archive<\/a>  <a href=\"https:\/\/percursoseideias.iscet.pt\/index.php\/volumes-34-2011-12-solicitor-issue\/\"><img loading=\"lazy\" decoding=\"async\" width=\"11\" height=\"12\" class=\"wp-image-372\" style=\"width: 11px;\" src=\"https:\/\/percursoseideias.iscet.pt\/wp-content\/uploads\/2022\/03\/Arrow_Right.jpg\" alt=\"\" srcset=\"https:\/\/percursoseideias.iscet.pt\/wp-content\/uploads\/2022\/03\/Arrow_Right.jpg 820w, https:\/\/percursoseideias.iscet.pt\/wp-content\/uploads\/2022\/03\/Arrow_Right-269x300.jpg 269w, https:\/\/percursoseideias.iscet.pt\/wp-content\/uploads\/2022\/03\/Arrow_Right-150x150.jpg 150w, https:\/\/percursoseideias.iscet.pt\/wp-content\/uploads\/2022\/03\/Arrow_Right-768x858.jpg 768w, https:\/\/percursoseideias.iscet.pt\/wp-content\/uploads\/2022\/03\/Arrow_Right-80x80.jpg 80w, https:\/\/percursoseideias.iscet.pt\/wp-content\/uploads\/2022\/03\/Arrow_Right-320x320.jpg 320w\" sizes=\"auto, (max-width: 11px) 100vw, 11px\" \/><\/a>  <a href=\"https:\/\/percursoseideias.iscet.pt\/index.php\/volume-11-2021\/\"><img loading=\"lazy\" decoding=\"async\" width=\"16\" height=\"13\" class=\"wp-image-374\" style=\"width: 16px;\" src=\"https:\/\/percursoseideias.iscet.pt\/wp-content\/uploads\/2022\/03\/DoubleArrow_Right.jpg\" alt=\"\" srcset=\"https:\/\/percursoseideias.iscet.pt\/wp-content\/uploads\/2022\/03\/DoubleArrow_Right.jpg 1150w, https:\/\/percursoseideias.iscet.pt\/wp-content\/uploads\/2022\/03\/DoubleArrow_Right-300x239.jpg 300w, https:\/\/percursoseideias.iscet.pt\/wp-content\/uploads\/2022\/03\/DoubleArrow_Right-1024x816.jpg 1024w, https:\/\/percursoseideias.iscet.pt\/wp-content\/uploads\/2022\/03\/DoubleArrow_Right-768x612.jpg 768w\" sizes=\"auto, (max-width: 16px) 100vw, 16px\" \/><\/a><br><a href=\"https:\/\/percursoseideias.iscet.pt\/wp-content\/uploads\/2022\/03\/PercursosIdeias_2011-12_N03-04_SS_Completo.pdf\" target=\"_blank\" rel=\"noreferrer noopener\">Complete issue<\/a><br><a href=\"https:\/\/percursoseideias.iscet.pt\/index.php\/current-issues\/\">Current issue<\/a><\/p>\n<\/div>\n\n\n\n<div class=\"wp-block-column is-layout-flow wp-block-column-is-layout-flow\" style=\"flex-basis:66.66%\">\n<p><strong>Table of contents<\/strong><\/p>\n\n\n\n<figure class=\"wp-block-table is-style-regular\" style=\"font-size:16px\"><table><tbody><tr><td class=\"has-text-align-left\" data-align=\"left\">Editorial<br>\u00c2ngela Leite <a href=\"https:\/\/orcid.org\/0000-0003-0560-1756\" target=\"_blank\" rel=\"noreferrer noopener\"><img loading=\"lazy\" decoding=\"async\" width=\"15\" height=\"15\" class=\"wp-image-174\" style=\"width: 15px;\" src=\"https:\/\/percursoseideias.iscet.pt\/wp-content\/uploads\/2022\/03\/orcid-og-image.png\" alt=\"\" srcset=\"https:\/\/percursoseideias.iscet.pt\/wp-content\/uploads\/2022\/03\/orcid-og-image.png 263w, https:\/\/percursoseideias.iscet.pt\/wp-content\/uploads\/2022\/03\/orcid-og-image-150x150.png 150w, https:\/\/percursoseideias.iscet.pt\/wp-content\/uploads\/2022\/03\/orcid-og-image-80x80.png 80w\" sizes=\"auto, (max-width: 15px) 100vw, 15px\" \/><\/a><\/td><td class=\"has-text-align-right\" data-align=\"right\"><a href=\"https:\/\/percursoseideias.iscet.pt\/wp-content\/uploads\/2022\/03\/PercursosIdeias_2011-12_N03-04_SS_Editorial.pdf\" target=\"_blank\" rel=\"noreferrer noopener\"><img loading=\"lazy\" decoding=\"async\" width=\"50\" height=\"50\" class=\"wp-image-175\" style=\"width: 50px;\" src=\"https:\/\/percursoseideias.iscet.pt\/wp-content\/uploads\/2022\/03\/PDF_logo.jpeg\" alt=\"\" srcset=\"https:\/\/percursoseideias.iscet.pt\/wp-content\/uploads\/2022\/03\/PDF_logo.jpeg 612w, https:\/\/percursoseideias.iscet.pt\/wp-content\/uploads\/2022\/03\/PDF_logo-300x300.jpeg 300w, https:\/\/percursoseideias.iscet.pt\/wp-content\/uploads\/2022\/03\/PDF_logo-150x150.jpeg 150w, https:\/\/percursoseideias.iscet.pt\/wp-content\/uploads\/2022\/03\/PDF_logo-80x80.jpeg 80w, https:\/\/percursoseideias.iscet.pt\/wp-content\/uploads\/2022\/03\/PDF_logo-320x320.jpeg 320w\" sizes=\"auto, (max-width: 50px) 100vw, 50px\" \/><\/a><\/td><\/tr><tr><td class=\"has-text-align-left\" data-align=\"left\"><a href=\"https:\/\/percursoseideias.iscet.pt\/index.php\/pi_2011-12_n03-04_ss01-2\/\">Los Servicios Sociales em el Marco de la Gesti\u00f3n de Calidad<\/a><br>Juan Carlos Jaramillo Sevilla, Melania Coya Garc\u00eda<\/td><td class=\"has-text-align-right\" data-align=\"right\"><a href=\"https:\/\/percursoseideias.iscet.pt\/wp-content\/uploads\/2022\/03\/PI_2011-12_N03-04_SS01.pdf\" target=\"_blank\" rel=\"noreferrer noopener\"><img loading=\"lazy\" decoding=\"async\" width=\"50\" height=\"50\" class=\"wp-image-175\" style=\"width: 50px;\" src=\"https:\/\/percursoseideias.iscet.pt\/wp-content\/uploads\/2022\/03\/PDF_logo.jpeg\" alt=\"\" srcset=\"https:\/\/percursoseideias.iscet.pt\/wp-content\/uploads\/2022\/03\/PDF_logo.jpeg 612w, https:\/\/percursoseideias.iscet.pt\/wp-content\/uploads\/2022\/03\/PDF_logo-300x300.jpeg 300w, https:\/\/percursoseideias.iscet.pt\/wp-content\/uploads\/2022\/03\/PDF_logo-150x150.jpeg 150w, https:\/\/percursoseideias.iscet.pt\/wp-content\/uploads\/2022\/03\/PDF_logo-80x80.jpeg 80w, https:\/\/percursoseideias.iscet.pt\/wp-content\/uploads\/2022\/03\/PDF_logo-320x320.jpeg 320w\" sizes=\"auto, (max-width: 50px) 100vw, 50px\" \/><\/a><\/td><\/tr><tr><td class=\"has-text-align-left\" data-align=\"left\"><a href=\"https:\/\/percursoseideias.iscet.pt\/index.php\/pi_2011-12_n03-04_ss02-2\/\">As Crian\u00e7as como Categoria Geracional Aut\u00f3noma: O Estatuto da Crian\u00e7a ao Longo dos Tempos<\/a><br>Ana Catarina Martins Correia Soares<\/td><td class=\"has-text-align-right\" data-align=\"right\"><a href=\"https:\/\/percursoseideias.iscet.pt\/wp-content\/uploads\/2022\/03\/PI_2011-12_N03-04_SS02.pdf\" target=\"_blank\" rel=\"noreferrer noopener\"><img loading=\"lazy\" decoding=\"async\" width=\"50\" height=\"50\" class=\"wp-image-175\" style=\"width: 50px;\" src=\"https:\/\/percursoseideias.iscet.pt\/wp-content\/uploads\/2022\/03\/PDF_logo.jpeg\" alt=\"\" srcset=\"https:\/\/percursoseideias.iscet.pt\/wp-content\/uploads\/2022\/03\/PDF_logo.jpeg 612w, https:\/\/percursoseideias.iscet.pt\/wp-content\/uploads\/2022\/03\/PDF_logo-300x300.jpeg 300w, https:\/\/percursoseideias.iscet.pt\/wp-content\/uploads\/2022\/03\/PDF_logo-150x150.jpeg 150w, https:\/\/percursoseideias.iscet.pt\/wp-content\/uploads\/2022\/03\/PDF_logo-80x80.jpeg 80w, https:\/\/percursoseideias.iscet.pt\/wp-content\/uploads\/2022\/03\/PDF_logo-320x320.jpeg 320w\" sizes=\"auto, (max-width: 50px) 100vw, 50px\" \/><\/a><\/td><\/tr><tr><td class=\"has-text-align-left\" data-align=\"left\"><a href=\"https:\/\/percursoseideias.iscet.pt\/index.php\/pi_2011-12_n03-04_ss03-2\/\">Solid\u00e3o na Comunidade Universit\u00e1ria<\/a><br>Doris Macaringue, Quit\u00e9ria Cossa, C\u00e9lia Buque, Gracinda Mataveia, Alcides Sitoe<\/td><td class=\"has-text-align-right\" data-align=\"right\"><a href=\"https:\/\/percursoseideias.iscet.pt\/wp-content\/uploads\/2022\/03\/PI_2011-12_N03-04_SS03.pdf\" target=\"_blank\" rel=\"noreferrer noopener\"><img loading=\"lazy\" decoding=\"async\" width=\"50\" height=\"50\" class=\"wp-image-175\" style=\"width: 50px;\" src=\"https:\/\/percursoseideias.iscet.pt\/wp-content\/uploads\/2022\/03\/PDF_logo.jpeg\" alt=\"\" srcset=\"https:\/\/percursoseideias.iscet.pt\/wp-content\/uploads\/2022\/03\/PDF_logo.jpeg 612w, https:\/\/percursoseideias.iscet.pt\/wp-content\/uploads\/2022\/03\/PDF_logo-300x300.jpeg 300w, https:\/\/percursoseideias.iscet.pt\/wp-content\/uploads\/2022\/03\/PDF_logo-150x150.jpeg 150w, https:\/\/percursoseideias.iscet.pt\/wp-content\/uploads\/2022\/03\/PDF_logo-80x80.jpeg 80w, https:\/\/percursoseideias.iscet.pt\/wp-content\/uploads\/2022\/03\/PDF_logo-320x320.jpeg 320w\" sizes=\"auto, (max-width: 50px) 100vw, 50px\" \/><\/a><\/td><\/tr><tr><td class=\"has-text-align-left\" data-align=\"left\"><a href=\"https:\/\/percursoseideias.iscet.pt\/index.php\/pi_2011-12_n03-04_ss04-2\/\">A Relev\u00e2ncia Pedag\u00f3gica do Cinema na Forma\u00e7\u00e3o em Trabalho Social: Imagem, Narrativa e Sofrimento<\/a><br>Nuno Fadigas<\/td><td class=\"has-text-align-right\" data-align=\"right\"><a href=\"https:\/\/percursoseideias.iscet.pt\/wp-content\/uploads\/2022\/03\/PI_2011-12_N03-04_SS04.pdf\" target=\"_blank\" rel=\"noreferrer noopener\"><img loading=\"lazy\" decoding=\"async\" width=\"50\" height=\"50\" class=\"wp-image-175\" style=\"width: 50px;\" src=\"https:\/\/percursoseideias.iscet.pt\/wp-content\/uploads\/2022\/03\/PDF_logo.jpeg\" alt=\"\" srcset=\"https:\/\/percursoseideias.iscet.pt\/wp-content\/uploads\/2022\/03\/PDF_logo.jpeg 612w, https:\/\/percursoseideias.iscet.pt\/wp-content\/uploads\/2022\/03\/PDF_logo-300x300.jpeg 300w, https:\/\/percursoseideias.iscet.pt\/wp-content\/uploads\/2022\/03\/PDF_logo-150x150.jpeg 150w, https:\/\/percursoseideias.iscet.pt\/wp-content\/uploads\/2022\/03\/PDF_logo-80x80.jpeg 80w, https:\/\/percursoseideias.iscet.pt\/wp-content\/uploads\/2022\/03\/PDF_logo-320x320.jpeg 320w\" sizes=\"auto, (max-width: 50px) 100vw, 50px\" \/><\/a><\/td><\/tr><tr><td class=\"has-text-align-left\" data-align=\"left\"><a href=\"https:\/\/percursoseideias.iscet.pt\/index.php\/pi_2011-12_n03-04_ss05-2\/\">Solid\u00e3o na Sa\u00fade<\/a><br>\u00c2ngela Leite <a rel=\"noreferrer noopener\" href=\"https:\/\/orcid.org\/0000-0003-0560-1756\" target=\"_blank\"><img loading=\"lazy\" decoding=\"async\" width=\"15\" height=\"15\" class=\"wp-image-174\" style=\"width: 15px;\" src=\"https:\/\/percursoseideias.iscet.pt\/wp-content\/uploads\/2022\/03\/orcid-og-image.png\" alt=\"\" srcset=\"https:\/\/percursoseideias.iscet.pt\/wp-content\/uploads\/2022\/03\/orcid-og-image.png 263w, https:\/\/percursoseideias.iscet.pt\/wp-content\/uploads\/2022\/03\/orcid-og-image-150x150.png 150w, https:\/\/percursoseideias.iscet.pt\/wp-content\/uploads\/2022\/03\/orcid-og-image-80x80.png 80w\" sizes=\"auto, (max-width: 15px) 100vw, 15px\" \/><\/a>, Maria Jo\u00e3o Carvalho<\/td><td class=\"has-text-align-right\" data-align=\"right\"><a href=\"https:\/\/percursoseideias.iscet.pt\/wp-content\/uploads\/2022\/03\/PI_2011-12_N03-04_SS05.pdf\" target=\"_blank\" rel=\"noreferrer noopener\"><img loading=\"lazy\" decoding=\"async\" width=\"50\" height=\"50\" class=\"wp-image-175\" style=\"width: 50px;\" src=\"https:\/\/percursoseideias.iscet.pt\/wp-content\/uploads\/2022\/03\/PDF_logo.jpeg\" alt=\"\" srcset=\"https:\/\/percursoseideias.iscet.pt\/wp-content\/uploads\/2022\/03\/PDF_logo.jpeg 612w, https:\/\/percursoseideias.iscet.pt\/wp-content\/uploads\/2022\/03\/PDF_logo-300x300.jpeg 300w, https:\/\/percursoseideias.iscet.pt\/wp-content\/uploads\/2022\/03\/PDF_logo-150x150.jpeg 150w, https:\/\/percursoseideias.iscet.pt\/wp-content\/uploads\/2022\/03\/PDF_logo-80x80.jpeg 80w, https:\/\/percursoseideias.iscet.pt\/wp-content\/uploads\/2022\/03\/PDF_logo-320x320.jpeg 320w\" sizes=\"auto, (max-width: 50px) 100vw, 50px\" \/><\/a><\/td><\/tr><tr><td class=\"has-text-align-left\" data-align=\"left\"><a href=\"https:\/\/percursoseideias.iscet.pt\/index.php\/pi_2011-12_n03-04_ss06-2\/\">Sedentarismo Social e Nomadismo Cultural: A Poss\u00edvel Complementaridade <\/a><br>&#8211; An\u00e1lise de um Caso de Interven\u00e7\u00e3o S\u00f3cio-Educativa com Recurso \u00e0 Media\u00e7\u00e3o Junto de uma Comunidade Cigana (Paredes)<br>M\u00f3nica Patr\u00edcia Nogueira Bessa<\/td><td class=\"has-text-align-right\" data-align=\"right\"><a href=\"https:\/\/percursoseideias.iscet.pt\/wp-content\/uploads\/2022\/03\/PI_2011-12_N03-04_SS06.pdf\" target=\"_blank\" rel=\"noreferrer noopener\"><img loading=\"lazy\" decoding=\"async\" width=\"50\" height=\"50\" class=\"wp-image-175\" style=\"width: 50px;\" src=\"https:\/\/percursoseideias.iscet.pt\/wp-content\/uploads\/2022\/03\/PDF_logo.jpeg\" alt=\"\" srcset=\"https:\/\/percursoseideias.iscet.pt\/wp-content\/uploads\/2022\/03\/PDF_logo.jpeg 612w, https:\/\/percursoseideias.iscet.pt\/wp-content\/uploads\/2022\/03\/PDF_logo-300x300.jpeg 300w, https:\/\/percursoseideias.iscet.pt\/wp-content\/uploads\/2022\/03\/PDF_logo-150x150.jpeg 150w, https:\/\/percursoseideias.iscet.pt\/wp-content\/uploads\/2022\/03\/PDF_logo-80x80.jpeg 80w, https:\/\/percursoseideias.iscet.pt\/wp-content\/uploads\/2022\/03\/PDF_logo-320x320.jpeg 320w\" sizes=\"auto, (max-width: 50px) 100vw, 50px\" \/><\/a><\/td><\/tr><tr><td class=\"has-text-align-left\" data-align=\"left\"><a href=\"https:\/\/percursoseideias.iscet.pt\/index.php\/pi_2011-12_n03-04_ss07-2\/\">Projetos de Interven\u00e7\u00e3o: Uma Realidade Social<\/a><br>F\u00e1tima Vilela<\/td><td class=\"has-text-align-right\" data-align=\"right\"><a href=\"https:\/\/percursoseideias.iscet.pt\/wp-content\/uploads\/2022\/03\/PI_2011-12_N03-04_SS07.pdf\" target=\"_blank\" rel=\"noreferrer noopener\"><img loading=\"lazy\" decoding=\"async\" width=\"50\" height=\"50\" class=\"wp-image-175\" style=\"width: 50px;\" src=\"https:\/\/percursoseideias.iscet.pt\/wp-content\/uploads\/2022\/03\/PDF_logo.jpeg\" alt=\"\" srcset=\"https:\/\/percursoseideias.iscet.pt\/wp-content\/uploads\/2022\/03\/PDF_logo.jpeg 612w, https:\/\/percursoseideias.iscet.pt\/wp-content\/uploads\/2022\/03\/PDF_logo-300x300.jpeg 300w, https:\/\/percursoseideias.iscet.pt\/wp-content\/uploads\/2022\/03\/PDF_logo-150x150.jpeg 150w, https:\/\/percursoseideias.iscet.pt\/wp-content\/uploads\/2022\/03\/PDF_logo-80x80.jpeg 80w, https:\/\/percursoseideias.iscet.pt\/wp-content\/uploads\/2022\/03\/PDF_logo-320x320.jpeg 320w\" sizes=\"auto, (max-width: 50px) 100vw, 50px\" \/><\/a><\/td><\/tr><tr><td class=\"has-text-align-left\" data-align=\"left\"><a href=\"https:\/\/percursoseideias.iscet.pt\/index.php\/pi_2011-12_n03-04_ss08-2\/\">Avalia\u00e7\u00e3o da Solid\u00e3o em Pessoas Idosas: Evid\u00eancias de um Estudo Emp\u00edrico na Cidade do Porto<\/a><br>Paulo Gaspar<\/td><td class=\"has-text-align-right\" data-align=\"right\"><a href=\"https:\/\/percursoseideias.iscet.pt\/wp-content\/uploads\/2022\/03\/PI_2011-12_N03-04_SS08.pdf\" target=\"_blank\" rel=\"noreferrer noopener\"><img loading=\"lazy\" decoding=\"async\" width=\"50\" height=\"50\" class=\"wp-image-175\" style=\"width: 50px;\" src=\"https:\/\/percursoseideias.iscet.pt\/wp-content\/uploads\/2022\/03\/PDF_logo.jpeg\" alt=\"\" srcset=\"https:\/\/percursoseideias.iscet.pt\/wp-content\/uploads\/2022\/03\/PDF_logo.jpeg 612w, https:\/\/percursoseideias.iscet.pt\/wp-content\/uploads\/2022\/03\/PDF_logo-300x300.jpeg 300w, https:\/\/percursoseideias.iscet.pt\/wp-content\/uploads\/2022\/03\/PDF_logo-150x150.jpeg 150w, https:\/\/percursoseideias.iscet.pt\/wp-content\/uploads\/2022\/03\/PDF_logo-80x80.jpeg 80w, https:\/\/percursoseideias.iscet.pt\/wp-content\/uploads\/2022\/03\/PDF_logo-320x320.jpeg 320w\" sizes=\"auto, (max-width: 50px) 100vw, 50px\" \/><\/a><\/td><\/tr><\/tbody><\/table><\/figure>\n<\/div>\n<\/div>\n","protected":false},"excerpt":{"rendered":"<p>Archive Complete issueCurrent issue Table of contents Editorial\u00c2ngela Leite Los Servicios Sociales em el Marco de la Gesti\u00f3n de CalidadJuan Carlos Jaramillo Sevilla, Melania Coya Garc\u00eda As Crian\u00e7as como Categoria Geracional Aut\u00f3noma: O Estatuto&#46;&#46;&#46;<\/p>\n","protected":false},"author":6,"featured_media":0,"parent":0,"menu_order":0,"comment_status":"closed","ping_status":"closed","template":"","meta":{"footnotes":""},"class_list":["post-153","page","type-page","status-publish","hentry"],"_links":{"self":[{"href":"https:\/\/percursoseideias.iscet.pt\/index.php\/wp-json\/wp\/v2\/pages\/153","targetHints":{"allow":["GET"]}}],"collection":[{"href":"https:\/\/percursoseideias.iscet.pt\/index.php\/wp-json\/wp\/v2\/pages"}],"about":[{"href":"https:\/\/percursoseideias.iscet.pt\/index.php\/wp-json\/wp\/v2\/types\/page"}],"author":[{"embeddable":true,"href":"https:\/\/percursoseideias.iscet.pt\/index.php\/wp-json\/wp\/v2\/users\/6"}],"replies":[{"embeddable":true,"href":"https:\/\/percursoseideias.iscet.pt\/index.php\/wp-json\/wp\/v2\/comments?post=153"}],"version-history":[{"count":11,"href":"https:\/\/percursoseideias.iscet.pt\/index.php\/wp-json\/wp\/v2\/pages\/153\/revisions"}],"predecessor-version":[{"id":1086,"href":"https:\/\/percursoseideias.iscet.pt\/index.php\/wp-json\/wp\/v2\/pages\/153\/revisions\/1086"}],"wp:attachment":[{"href":"https:\/\/percursoseideias.iscet.pt\/index.php\/wp-json\/wp\/v2\/media?parent=153"}],"curies":[{"name":"wp","href":"https:\/\/api.w.org\/{rel}","templated":true}]}}