{"id":1503,"date":"2022-03-04T17:28:38","date_gmt":"2022-03-04T17:28:38","guid":{"rendered":"http:\/\/percursoseideias.iscet.pt\/?page_id=1503"},"modified":"2022-10-15T15:30:39","modified_gmt":"2022-10-15T15:30:39","slug":"ci2022n120004","status":"publish","type":"page","link":"https:\/\/percursoseideias.iscet.pt\/index.php\/ci2022n120004\/","title":{"rendered":"Volume 12 \u2013 2022 (0004)"},"content":{"rendered":"\n<div class=\"wp-block-columns is-layout-flex wp-container-core-columns-is-layout-9d6595d7 wp-block-columns-is-layout-flex\">\n<div class=\"wp-block-column is-layout-flow wp-block-column-is-layout-flow\" style=\"flex-basis:20%\">\n<figure class=\"wp-block-image size-large\"><img loading=\"lazy\" decoding=\"async\" width=\"724\" height=\"1024\" src=\"https:\/\/percursoseideias.iscet.pt\/wp-content\/uploads\/2022\/03\/Capa_12-724x1024.jpg\" alt=\"\" class=\"wp-image-2451\" srcset=\"https:\/\/percursoseideias.iscet.pt\/wp-content\/uploads\/2022\/03\/Capa_12-724x1024.jpg 724w, https:\/\/percursoseideias.iscet.pt\/wp-content\/uploads\/2022\/03\/Capa_12-212x300.jpg 212w, https:\/\/percursoseideias.iscet.pt\/wp-content\/uploads\/2022\/03\/Capa_12-768x1086.jpg 768w, https:\/\/percursoseideias.iscet.pt\/wp-content\/uploads\/2022\/03\/Capa_12-1086x1536.jpg 1086w, https:\/\/percursoseideias.iscet.pt\/wp-content\/uploads\/2022\/03\/Capa_12-1448x2048.jpg 1448w, https:\/\/percursoseideias.iscet.pt\/wp-content\/uploads\/2022\/03\/Capa_12-scaled.jpg 1811w\" sizes=\"auto, (max-width: 724px) 100vw, 724px\" \/><\/figure>\n\n\n\n<p class=\"has-text-align-center\" style=\"font-size:16px\"><a href=\"https:\/\/percursoseideias.iscet.pt\/index.php\/mp2022n120001\/\"><img loading=\"lazy\" decoding=\"async\" width=\"16\" height=\"13\" class=\"wp-image-373\" style=\"width: 16px;\" src=\"https:\/\/percursoseideias.iscet.pt\/wp-content\/uploads\/2022\/03\/DoubleArrow_Left.jpg\" alt=\"\" srcset=\"https:\/\/percursoseideias.iscet.pt\/wp-content\/uploads\/2022\/03\/DoubleArrow_Left.jpg 1150w, https:\/\/percursoseideias.iscet.pt\/wp-content\/uploads\/2022\/03\/DoubleArrow_Left-300x239.jpg 300w, https:\/\/percursoseideias.iscet.pt\/wp-content\/uploads\/2022\/03\/DoubleArrow_Left-1024x816.jpg 1024w, https:\/\/percursoseideias.iscet.pt\/wp-content\/uploads\/2022\/03\/DoubleArrow_Left-768x612.jpg 768w\" sizes=\"auto, (max-width: 16px) 100vw, 16px\" \/><\/a>  <a href=\"https:\/\/percursoseideias.iscet.pt\/index.php\/mp2022n120003\/\"><img loading=\"lazy\" decoding=\"async\" width=\"11\" height=\"12\" class=\"wp-image-371\" style=\"width: 11px;\" src=\"https:\/\/percursoseideias.iscet.pt\/wp-content\/uploads\/2022\/03\/Arrow_Left.jpg\" alt=\"\" srcset=\"https:\/\/percursoseideias.iscet.pt\/wp-content\/uploads\/2022\/03\/Arrow_Left.jpg 820w, https:\/\/percursoseideias.iscet.pt\/wp-content\/uploads\/2022\/03\/Arrow_Left-269x300.jpg 269w, https:\/\/percursoseideias.iscet.pt\/wp-content\/uploads\/2022\/03\/Arrow_Left-150x150.jpg 150w, https:\/\/percursoseideias.iscet.pt\/wp-content\/uploads\/2022\/03\/Arrow_Left-768x858.jpg 768w, https:\/\/percursoseideias.iscet.pt\/wp-content\/uploads\/2022\/03\/Arrow_Left-80x80.jpg 80w, https:\/\/percursoseideias.iscet.pt\/wp-content\/uploads\/2022\/03\/Arrow_Left-320x320.jpg 320w\" sizes=\"auto, (max-width: 11px) 100vw, 11px\" \/><\/a>  <a href=\"https:\/\/percursoseideias.iscet.pt\/index.php\/current-issues\/\">Contents<\/a>  <a href=\"https:\/\/percursoseideias.iscet.pt\/index.php\/mp2022n120005\/\"><img loading=\"lazy\" decoding=\"async\" width=\"11\" height=\"12\" class=\"wp-image-372\" style=\"width: 11px;\" src=\"https:\/\/percursoseideias.iscet.pt\/wp-content\/uploads\/2022\/03\/Arrow_Right.jpg\" alt=\"\" srcset=\"https:\/\/percursoseideias.iscet.pt\/wp-content\/uploads\/2022\/03\/Arrow_Right.jpg 820w, https:\/\/percursoseideias.iscet.pt\/wp-content\/uploads\/2022\/03\/Arrow_Right-269x300.jpg 269w, https:\/\/percursoseideias.iscet.pt\/wp-content\/uploads\/2022\/03\/Arrow_Right-150x150.jpg 150w, https:\/\/percursoseideias.iscet.pt\/wp-content\/uploads\/2022\/03\/Arrow_Right-768x858.jpg 768w, https:\/\/percursoseideias.iscet.pt\/wp-content\/uploads\/2022\/03\/Arrow_Right-80x80.jpg 80w, https:\/\/percursoseideias.iscet.pt\/wp-content\/uploads\/2022\/03\/Arrow_Right-320x320.jpg 320w\" sizes=\"auto, (max-width: 11px) 100vw, 11px\" \/><\/a>  <a href=\"https:\/\/percursoseideias.iscet.pt\/index.php\/sol2022n120012\/\"><img loading=\"lazy\" decoding=\"async\" width=\"16\" height=\"13\" class=\"wp-image-374\" style=\"width: 16px;\" src=\"https:\/\/percursoseideias.iscet.pt\/wp-content\/uploads\/2022\/03\/DoubleArrow_Right.jpg\" alt=\"\" srcset=\"https:\/\/percursoseideias.iscet.pt\/wp-content\/uploads\/2022\/03\/DoubleArrow_Right.jpg 1150w, https:\/\/percursoseideias.iscet.pt\/wp-content\/uploads\/2022\/03\/DoubleArrow_Right-300x239.jpg 300w, https:\/\/percursoseideias.iscet.pt\/wp-content\/uploads\/2022\/03\/DoubleArrow_Right-1024x816.jpg 1024w, https:\/\/percursoseideias.iscet.pt\/wp-content\/uploads\/2022\/03\/DoubleArrow_Right-768x612.jpg 768w\" sizes=\"auto, (max-width: 16px) 100vw, 16px\" \/><\/a><br><a href=\"https:\/\/percursoseideias.iscet.pt\/index.php\/archive\/\">Archive<\/a><\/p>\n<\/div>\n\n\n\n<div class=\"wp-block-column is-layout-flow wp-block-column-is-layout-flow\" style=\"flex-basis:66.66%\">\n<p style=\"font-size:30px\"><strong>O Com\u00e9rcio Eletr\u00f3nico na Uni\u00e3o Europeia e o Novo Regime do IVA<\/strong><\/p>\n\n\n\n<p class=\"has-medium-font-size\">Eduardo Martins <a href=\"mailto:emartins@iscet.pt\" target=\"_blank\" rel=\"noreferrer noopener\"><img decoding=\"async\" class=\"wp-image-299\" style=\"width: 15px;\" src=\"http:\/\/magano.com\/percursoseideias\/wp-content\/uploads\/2022\/02\/envelope.png\" alt=\"\"><\/a> <sup>1<\/sup><\/p>\n\n\n\n<p style=\"font-size:15px\"><sup>1<\/sup> ISCET &#8211; High Institute of Business and Tourism Sciences, Porto, Portugal<\/p>\n\n\n\n<p style=\"font-size:16px\"><a href=\"https:\/\/percursoseideias.iscet.pt\/articles\/sol2022n120004.ris.zip\" target=\"_blank\" rel=\"noreferrer noopener\"><img loading=\"lazy\" decoding=\"async\" width=\"15\" height=\"11\" class=\"wp-image-1530\" style=\"width: 15px;\" src=\"https:\/\/percursoseideias.iscet.pt\/wp-content\/uploads\/2022\/03\/qmarks1.png\" alt=\"\" srcset=\"https:\/\/percursoseideias.iscet.pt\/wp-content\/uploads\/2022\/03\/qmarks1.png 632w, https:\/\/percursoseideias.iscet.pt\/wp-content\/uploads\/2022\/03\/qmarks1-300x229.png 300w\" sizes=\"auto, (max-width: 15px) 100vw, 15px\" \/><\/a> <a href=\"https:\/\/percursoseideias.iscet.pt\/articles\/sol2022n120004.ris.zip\" target=\"_blank\" rel=\"noreferrer noopener\">Download citation<\/a>. To cite this text:<\/p>\n\n\n\n<p style=\"font-size:15px\">Martins, E. (2022). O Com\u00e9rcio Eletr\u00f3nico na Uni\u00e3o Europeia e o Novo Regime do IVA, <em>Percursos &amp; Ideias<\/em>, <em>12<\/em>, 27-30.<\/p>\n\n\n\n<p style=\"font-size:15px\">doi:10.56123\/percursos.2022.n12.27<\/p>\n\n\n\n<p style=\"font-size:15px\">Published 12 October 2022. Language: Portuguese.<\/p>\n\n\n\n<p style=\"font-size:15px\">Section: International Commerce.<\/p>\n\n\n\n<p style=\"font-size:15px\"><a rel=\"noreferrer noopener\" href=\"https:\/\/percursoseideias.iscet.pt\/articles\/ci2022n120004.pdf\" target=\"_blank\">View Full Text PDF<\/a> <a href=\"https:\/\/percursoseideias.iscet.pt\/articles\/ci2022n120004.pdf\" target=\"_blank\" rel=\"noreferrer noopener\"><img decoding=\"async\" class=\"wp-image-213\" style=\"width: 20px;\" src=\"http:\/\/magano.com\/percursoseideias\/wp-content\/uploads\/2022\/02\/PDF_logo.jpeg\" alt=\"\"><\/a>  <\/p>\n\n\n\n<p><strong>Abstract<\/strong><\/p>\n\n\n\n<p style=\"font-size:16px\">Although there is no Value Added Tax within the European Union, national tax regimes pose problems for cross-border transactions, namely in terms of multiple taxation on the same product or service and different national rates on the same tax factor which claimed for a definite solution. The growth of e-commerce and its international potential imposed an increased sense of importance to this movement. The new cross-border VAT regime, part of the European Commission&#8217;s Digital Single Market Strategy, in which the EU intends to modernize and simplify the VAT system for online sales of goods, seeks to address these problems and strengthen the European Union&#8217;s internal market through innovative mechanisms, such as the VAT Single Desk. This article seeks to understand these movements of legislative innovation, evaluating their broad impact on the national legal system and the European Union.<\/p>\n\n\n\n<p><strong>Keywords<\/strong><\/p>\n\n\n\n<p style=\"font-size:16px\">VAT, European Union, One Stop Shop, Council Directive (EU) 2017\/2455, Council Directive (EU) 2019\/1995.<\/p>\n\n\n\n<p><strong>References<\/strong><\/p>\n\n\n\n<p style=\"font-size:14px\">Alesina, Alberto; Ardagna, Silvia; Perotti, Roberto; Schiantarelli, Fabio (2002), \u201cFiscal Policy, Profits and Investiment\u201d, in <em>American Economic Review<\/em>, 92(3), pp. 571-589.<\/p>\n\n\n\n<p style=\"font-size:14px\">Campos, Diogo Leite (1980), \u201cTributa\u00e7\u00e3o da fam\u00edlia. Carga fiscal e inconstitucionalidade\u201d, in <em>Boletim da Faculdade de Direito de Coimbra<\/em>, Coimbra, Faculdade de Direito da Universidade de Coimbra.<\/p>\n\n\n\n<p style=\"font-size:14px\">____ (1987), \u201cAspectos Fiscais da Ades\u00e3o \u2013 O melhor IVA da CEE\u201d, in <em>Cadernos do IEP (Instituto de Estudos Pol\u00edticos)<\/em>, vol. 1, p\u00e1gs. 35 e segs.<\/p>\n\n\n\n<p style=\"font-size:14px\">Comiss\u00e3o Europeia (2016), <em>A Digital Single Market in Europe: Bringing Down Barriers to Unlock Online Opportunities<\/em>, Bruxelas, Publications Office.<\/p>\n\n\n\n<p style=\"font-size:14px\">____ (2020), <em>Explanatory Notes on VAT e-commerce Rules<\/em>, Bruxelas, Comiss\u00e3o Europeia. Dispon\u00edvel em: <a href=\"https:\/\/ec.europa.eu\/taxation_customs\/sites\/taxation\/files\/vatecommerceexplanatory_notes_30092020.pdf\" target=\"_blank\" rel=\"noreferrer noopener\">https:\/\/ec.europa.eu\/taxation_customs\/sites\/taxation\/files\/vatecommerceexplanatory_notes_30092020.pdf<\/a><\/p>\n\n\n\n<p style=\"font-size:14px\">Doesum, Ad van; Kesteren, Herman; Norden, Gert-Jan van (2016), <em>Fundamentals of EU VAT Law<\/em>, Bruxelas, Wolters Kluwer.<\/p>\n\n\n\n<p style=\"font-size:14px\">Merkx, Madeleine (2019), \u201cVAT and Blockchain: Challenges and Opportunities Ahead\u201d, in: <em>EC Tax Review<\/em>, 28(2), pp. 83-89.<\/p>\n\n\n\n<p style=\"font-size:14px\">Nabais, Jos\u00e9 Casalta (1998), <em>O Dever Fundamental de Pagar Impostos<\/em>, 4\u00aa reimpress\u00e3o em 2015, Coimbra, Almedina.<\/p>\n\n\n\n<p style=\"font-size:14px\">Nabais, Jos\u00e9 Casalta (2019), <em>Direito Fiscal<\/em>, 11.\u00aa ed., Coimbra, Almedina.<\/p>\n\n\n\n<p style=\"font-size:14px\">Palma, Clodilde Celorico (2014), \u201cIntrodu\u00e7\u00e3o ao Imposto Sobre o Valor Acrescentado\u201d, in <em>Cadernos IDEFF<\/em>, n.\u00ba 1, 6.\u00aa ed., Coimbra, Almedina.<\/p>\n\n\n\n<p style=\"font-size:14px\">Vasques, S\u00e9rgio (2015), <em>Imposto sobre o Valor Acrescentado<\/em>, Coimbra, Almedina.<a><\/a><\/p>\n<\/div>\n<\/div>\n\n\n\n<p><\/p>\n","protected":false},"excerpt":{"rendered":"<p>Contents Archive O Com\u00e9rcio Eletr\u00f3nico na Uni\u00e3o Europeia e o Novo Regime do IVA Eduardo Martins 1 1 ISCET &#8211; High Institute of Business and Tourism Sciences, Porto, Portugal Download citation. To cite this&#46;&#46;&#46;<\/p>\n","protected":false},"author":6,"featured_media":0,"parent":0,"menu_order":0,"comment_status":"closed","ping_status":"closed","template":"","meta":{"footnotes":""},"class_list":["post-1503","page","type-page","status-publish","hentry"],"_links":{"self":[{"href":"https:\/\/percursoseideias.iscet.pt\/index.php\/wp-json\/wp\/v2\/pages\/1503","targetHints":{"allow":["GET"]}}],"collection":[{"href":"https:\/\/percursoseideias.iscet.pt\/index.php\/wp-json\/wp\/v2\/pages"}],"about":[{"href":"https:\/\/percursoseideias.iscet.pt\/index.php\/wp-json\/wp\/v2\/types\/page"}],"author":[{"embeddable":true,"href":"https:\/\/percursoseideias.iscet.pt\/index.php\/wp-json\/wp\/v2\/users\/6"}],"replies":[{"embeddable":true,"href":"https:\/\/percursoseideias.iscet.pt\/index.php\/wp-json\/wp\/v2\/comments?post=1503"}],"version-history":[{"count":30,"href":"https:\/\/percursoseideias.iscet.pt\/index.php\/wp-json\/wp\/v2\/pages\/1503\/revisions"}],"predecessor-version":[{"id":2868,"href":"https:\/\/percursoseideias.iscet.pt\/index.php\/wp-json\/wp\/v2\/pages\/1503\/revisions\/2868"}],"wp:attachment":[{"href":"https:\/\/percursoseideias.iscet.pt\/index.php\/wp-json\/wp\/v2\/media?parent=1503"}],"curies":[{"name":"wp","href":"https:\/\/api.w.org\/{rel}","templated":true}]}}