{"id":1489,"date":"2022-03-04T16:54:06","date_gmt":"2022-03-04T16:54:06","guid":{"rendered":"http:\/\/percursoseideias.iscet.pt\/?page_id=1489"},"modified":"2022-10-15T15:30:07","modified_gmt":"2022-10-15T15:30:07","slug":"sol2022n120010","status":"publish","type":"page","link":"https:\/\/percursoseideias.iscet.pt\/index.php\/sol2022n120010\/","title":{"rendered":"Volume 12 &#8211; 2022 (0010)"},"content":{"rendered":"\n<div class=\"wp-block-columns is-layout-flex wp-container-core-columns-is-layout-9d6595d7 wp-block-columns-is-layout-flex\">\n<div class=\"wp-block-column is-layout-flow wp-block-column-is-layout-flow\" style=\"flex-basis:20%\">\n<figure class=\"wp-block-image size-large\"><img loading=\"lazy\" decoding=\"async\" width=\"724\" height=\"1024\" src=\"https:\/\/percursoseideias.iscet.pt\/wp-content\/uploads\/2022\/03\/Capa_12-724x1024.jpg\" alt=\"\" class=\"wp-image-2451\" srcset=\"https:\/\/percursoseideias.iscet.pt\/wp-content\/uploads\/2022\/03\/Capa_12-724x1024.jpg 724w, https:\/\/percursoseideias.iscet.pt\/wp-content\/uploads\/2022\/03\/Capa_12-212x300.jpg 212w, https:\/\/percursoseideias.iscet.pt\/wp-content\/uploads\/2022\/03\/Capa_12-768x1086.jpg 768w, https:\/\/percursoseideias.iscet.pt\/wp-content\/uploads\/2022\/03\/Capa_12-1086x1536.jpg 1086w, https:\/\/percursoseideias.iscet.pt\/wp-content\/uploads\/2022\/03\/Capa_12-1448x2048.jpg 1448w, https:\/\/percursoseideias.iscet.pt\/wp-content\/uploads\/2022\/03\/Capa_12-scaled.jpg 1811w\" sizes=\"auto, (max-width: 724px) 100vw, 724px\" \/><\/figure>\n\n\n\n<p class=\"has-text-align-center\" style=\"font-size:16px\"><a href=\"https:\/\/percursoseideias.iscet.pt\/index.php\/mp2022n120001\/\"><img loading=\"lazy\" decoding=\"async\" width=\"16\" height=\"13\" class=\"wp-image-373\" style=\"width: 16px;\" src=\"https:\/\/percursoseideias.iscet.pt\/wp-content\/uploads\/2022\/03\/DoubleArrow_Left.jpg\" alt=\"\" srcset=\"https:\/\/percursoseideias.iscet.pt\/wp-content\/uploads\/2022\/03\/DoubleArrow_Left.jpg 1150w, https:\/\/percursoseideias.iscet.pt\/wp-content\/uploads\/2022\/03\/DoubleArrow_Left-300x239.jpg 300w, https:\/\/percursoseideias.iscet.pt\/wp-content\/uploads\/2022\/03\/DoubleArrow_Left-1024x816.jpg 1024w, https:\/\/percursoseideias.iscet.pt\/wp-content\/uploads\/2022\/03\/DoubleArrow_Left-768x612.jpg 768w\" sizes=\"auto, (max-width: 16px) 100vw, 16px\" \/><\/a>  <a href=\"https:\/\/percursoseideias.iscet.pt\/index.php\/tur2022n120009\/\"><img loading=\"lazy\" decoding=\"async\" width=\"11\" height=\"12\" class=\"wp-image-371\" style=\"width: 11px;\" src=\"https:\/\/percursoseideias.iscet.pt\/wp-content\/uploads\/2022\/03\/Arrow_Left.jpg\" alt=\"\" srcset=\"https:\/\/percursoseideias.iscet.pt\/wp-content\/uploads\/2022\/03\/Arrow_Left.jpg 820w, https:\/\/percursoseideias.iscet.pt\/wp-content\/uploads\/2022\/03\/Arrow_Left-269x300.jpg 269w, https:\/\/percursoseideias.iscet.pt\/wp-content\/uploads\/2022\/03\/Arrow_Left-150x150.jpg 150w, https:\/\/percursoseideias.iscet.pt\/wp-content\/uploads\/2022\/03\/Arrow_Left-768x858.jpg 768w, https:\/\/percursoseideias.iscet.pt\/wp-content\/uploads\/2022\/03\/Arrow_Left-80x80.jpg 80w, https:\/\/percursoseideias.iscet.pt\/wp-content\/uploads\/2022\/03\/Arrow_Left-320x320.jpg 320w\" sizes=\"auto, (max-width: 11px) 100vw, 11px\" \/><\/a>  <a href=\"https:\/\/percursoseideias.iscet.pt\/index.php\/current-issues\/\">Contents<\/a>  <a href=\"https:\/\/percursoseideias.iscet.pt\/index.php\/mp2022n120011\/\"><img loading=\"lazy\" decoding=\"async\" width=\"11\" height=\"12\" class=\"wp-image-372\" style=\"width: 11px;\" src=\"https:\/\/percursoseideias.iscet.pt\/wp-content\/uploads\/2022\/03\/Arrow_Right.jpg\" alt=\"\" srcset=\"https:\/\/percursoseideias.iscet.pt\/wp-content\/uploads\/2022\/03\/Arrow_Right.jpg 820w, https:\/\/percursoseideias.iscet.pt\/wp-content\/uploads\/2022\/03\/Arrow_Right-269x300.jpg 269w, https:\/\/percursoseideias.iscet.pt\/wp-content\/uploads\/2022\/03\/Arrow_Right-150x150.jpg 150w, https:\/\/percursoseideias.iscet.pt\/wp-content\/uploads\/2022\/03\/Arrow_Right-768x858.jpg 768w, https:\/\/percursoseideias.iscet.pt\/wp-content\/uploads\/2022\/03\/Arrow_Right-80x80.jpg 80w, https:\/\/percursoseideias.iscet.pt\/wp-content\/uploads\/2022\/03\/Arrow_Right-320x320.jpg 320w\" sizes=\"auto, (max-width: 11px) 100vw, 11px\" \/><\/a>  <a href=\"https:\/\/percursoseideias.iscet.pt\/index.php\/sol2022n120012\/\"><img loading=\"lazy\" decoding=\"async\" width=\"16\" height=\"13\" class=\"wp-image-374\" style=\"width: 16px;\" src=\"https:\/\/percursoseideias.iscet.pt\/wp-content\/uploads\/2022\/03\/DoubleArrow_Right.jpg\" alt=\"\" srcset=\"https:\/\/percursoseideias.iscet.pt\/wp-content\/uploads\/2022\/03\/DoubleArrow_Right.jpg 1150w, https:\/\/percursoseideias.iscet.pt\/wp-content\/uploads\/2022\/03\/DoubleArrow_Right-300x239.jpg 300w, https:\/\/percursoseideias.iscet.pt\/wp-content\/uploads\/2022\/03\/DoubleArrow_Right-1024x816.jpg 1024w, https:\/\/percursoseideias.iscet.pt\/wp-content\/uploads\/2022\/03\/DoubleArrow_Right-768x612.jpg 768w\" sizes=\"auto, (max-width: 16px) 100vw, 16px\" \/><\/a><br><a href=\"https:\/\/percursoseideias.iscet.pt\/index.php\/archive\/\">Archive<\/a><\/p>\n<\/div>\n\n\n\n<div class=\"wp-block-column is-layout-flow wp-block-column-is-layout-flow\" style=\"flex-basis:66.66%\">\n<p style=\"font-size:30px\"><strong>A Publicidade e a Prote\u00e7\u00e3o de Dados Pessoais &#8211; O RGPD<\/strong><\/p>\n\n\n\n<p class=\"has-medium-font-size\">Lu\u00edsa Lopes Sousa <a href=\"mailto:lsousa@iscet.pt\" target=\"_blank\" rel=\"noreferrer noopener\"><img decoding=\"async\" class=\"wp-image-299\" style=\"width: 15px;\" src=\"http:\/\/magano.com\/percursoseideias\/wp-content\/uploads\/2022\/02\/envelope.png\" alt=\"\"><\/a> <sup>1<\/sup><\/p>\n\n\n\n<p style=\"font-size:15px\"><sup>1<\/sup> ISCET &#8211; High Institute of Business and Tourism Sciences, Porto, Portugal<\/p>\n\n\n\n<p style=\"font-size:16px\"><a href=\"https:\/\/percursoseideias.iscet.pt\/articles\/sol2022n120010.ris.zip\" target=\"_blank\" rel=\"noreferrer noopener\"><img loading=\"lazy\" decoding=\"async\" width=\"15\" height=\"11\" class=\"wp-image-1530\" style=\"width: 15px;\" src=\"https:\/\/percursoseideias.iscet.pt\/wp-content\/uploads\/2022\/03\/qmarks1.png\" alt=\"\" srcset=\"https:\/\/percursoseideias.iscet.pt\/wp-content\/uploads\/2022\/03\/qmarks1.png 632w, https:\/\/percursoseideias.iscet.pt\/wp-content\/uploads\/2022\/03\/qmarks1-300x229.png 300w\" sizes=\"auto, (max-width: 15px) 100vw, 15px\" \/><\/a> <a href=\"https:\/\/percursoseideias.iscet.pt\/articles\/sol2022n120010.ris.zip\" target=\"_blank\" rel=\"noreferrer noopener\">Download citation<\/a>. To cite this text:<\/p>\n\n\n\n<p style=\"font-size:15px\">Sousa, L. L. (2022). A Publicidade e a Prote\u00e7\u00e3o de Dados Pessoais &#8211; O RGPD, <em>Percursos &amp; Ideias<\/em>, <em>12<\/em>, 78-85.<\/p>\n\n\n\n<p style=\"font-size:15px\">doi:10.56123\/percursos.2022.n12.78<\/p>\n\n\n\n<p style=\"font-size:15px\">Published 12 October 2022. Language: Portuguese.<\/p>\n\n\n\n<p style=\"font-size:15px\">Section: Solicitor.<\/p>\n\n\n\n<p style=\"font-size:15px\"><a href=\"https:\/\/percursoseideias.iscet.pt\/articles\/sol2022n120010.pdf\" target=\"_blank\" rel=\"noreferrer noopener\">View Full Text PDF<\/a> <a href=\"https:\/\/percursoseideias.iscet.pt\/articles\/sol2022n120010.pdf\" target=\"_blank\" rel=\"noreferrer noopener\"><img decoding=\"async\" class=\"wp-image-213\" style=\"width: 20px;\" src=\"http:\/\/magano.com\/percursoseideias\/wp-content\/uploads\/2022\/02\/PDF_logo.jpeg\" alt=\"\"><\/a>  <\/p>\n\n\n\n<p><strong>Abstract<\/strong><\/p>\n\n\n\n<p style=\"font-size:16px\">The General Data Protection Regulation is an EU legislative instrument that aims to standardize legislation on the processing of personal data of citizens of the European Union. As fundamental guiding principles of its conception is the reinforcement of the security and the trust of the data subject, as well as the limitation to the specific purposes to which such treatment is directed. A strong supervisory and sanctioning framework means that all data controllers are now faced with more demanding regulations for which they will have to define stricter commercial communication and data transmission strategies. The figure of the Data Protection Officer is in the scope of supervision and the relationship with the national authorities responsible for compliance with the law, which is decisive for the accountability and implementation of the entire process defined and enshrined in European and National regulations.<\/p>\n\n\n\n<p><strong>Keywords<\/strong><\/p>\n\n\n\n<p style=\"font-size:16px\">Data Protection, Advertising, Data Subject, Security.<\/p>\n\n\n\n<p><strong>References<\/strong><\/p>\n\n\n\n<p style=\"font-size:14px\">COMISS\u00c3O NACIONAL DE PROTE\u00c7\u00c3O DE DADOS, [Consult. a 20\/05\/2021]. Dispon\u00edvel em: <a href=\"https:\/\/www.cnpd.pt\/cidadaos\/direitos\/\" target=\"_blank\" rel=\"noreferrer noopener\">https:\/\/www.cnpd.pt\/cidadaos\/direitos\/<\/a><\/p>\n\n\n\n<p style=\"font-size:14px\">COUTO, M. (2016), <em>O E-commerce \u00e0 luz do direito \u2013 An\u00e1lise do Regulamento Geral da Prote\u00e7\u00e3o de Dados &#8211; A Uniformiza\u00e7\u00e3o na Uni\u00e3o Europeia<\/em>, Trabalho Final de Mestrado em Direito Geral, Porto, Universidade Cat\u00f3lica Portuguesa.<\/p>\n\n\n\n<p style=\"font-size:14px\">GHOSH, D. (2018), \u201cHow GDPR Will Transform Digital Marketing\u201d, in <em>Harvard Business Review<\/em>.<\/p>\n\n\n\n<p style=\"font-size:14px\">JESUS, I. (2016), <em>O Novo Regime Jur\u00eddico de Protec\u00e7\u00e3o de Dados Pessoais na Europa<\/em>, Lisboa, Faculdade de Direito da Universidade Nova de Lisboa.<\/p>\n\n\n\n<p style=\"font-size:14px\">LOUREIRO, F. (2018), <em>Direito Aplicado ao Marketing &#8211; Curso de Marketing<\/em>. Sebenta, Leiria, Escola Superior de Tecnologia e Gest\u00e3o do Instituto Polit\u00e9cnico de Leiria.<\/p>\n\n\n\n<p style=\"font-size:14px\">MAGALH\u00c3ES, F.; PEREIRA, M. (2018), <em>Regulamento Geral de Prote\u00e7\u00e3o de Dados. Manual Pr\u00e1tico <\/em>(2.\u00aa ed.), Porto, Vida Econ\u00f3mica.<\/p>\n\n\n\n<p style=\"font-size:14px\">MARQUES, E.; MEIRELES, J. (2018), <em>Privacidade Eletr\u00f3nica: da diretiva \u00e0 proposta de regulamento<\/em>, [Consult. a 20\/05\/2021]. Dispon\u00edvel em: <a href=\"https:\/\/www.publico.pt\/2018\/01\/28\/sociedade\/opiniao\/privacidade-eletronica-dadiretiva-a-proposta-de-regulamento-1801069\" target=\"_blank\" rel=\"noreferrer noopener\">https:\/\/www.publico.pt\/2018\/01\/28\/sociedade\/opiniao\/privacidade-eletronica-dadiretiva-a-proposta-de-regulamento-1801069<\/a><\/p>\n\n\n\n<p style=\"font-size:14px\">PEDREIRA, F. (2019), Nova Lei do RGPD: \u201cAgora \u00e9 que v\u00e3o come\u00e7ar os problemas jur\u00eddicos\u201d, [Consult. a 20\/05\/2021]. Dispon\u00edvel em: <a href=\"https:\/\/eco.sapo.pt\/2019\/09\/26\/nova-lei-do-rgpd-agora-e-que-vao-comecar-os-problemas-juridicos\/\" target=\"_blank\" rel=\"noreferrer noopener\">https:\/\/eco.sapo.pt\/2019\/09\/26\/nova-lei-do-rgpd-agora-e-que-vao-comecar-os-problemas-juridicos\/<\/a><\/p>\n\n\n\n<p style=\"font-size:14px\">PORTAL DO DPO, <em>Encarregado de Prote\u00e7\u00e3o de Dados<\/em>, [Consult. a 17\/05\/2021]. Dispon\u00edvel em: <a href=\"https:\/\/www.portaldodpo.pt\/blog\/service\/cookies\/\" target=\"_blank\" rel=\"noreferrer noopener\">https:\/\/www.portaldodpo.pt\/blog\/service\/cookies\/<\/a><\/p>\n\n\n\n<p style=\"font-size:14px\">REGENTE, D. (2015), <em>A prote\u00e7\u00e3o de dados pessoais e privacidade do utilizador no \u00e2mbito das comunica\u00e7\u00f5es eletr\u00f3nicas<\/em>, Trabalho Final de Mestrado em Direito, Lisboa, Universidade Aut\u00f3noma de Lisboa.<\/p>\n\n\n\n<p style=\"font-size:14px\">RIBEIRO, F. (2017), <em>O Tratamento de Dados Pessoais de Clientes para Marketing, Trabalho Final de Mestrado em Direito<\/em>, Lisboa, Universidade Aut\u00f3noma de Lisboa.<\/p>\n\n\n\n<p style=\"font-size:14px\">SANTOS, A. (2017), <em>As Diretivas Comunit\u00e1rias de Prote\u00e7\u00e3o de Dados Pessoais e a sua Aplica\u00e7\u00e3o em Portugal: Barreiras e Facilitadores<\/em>, Trabalho Final de Mestrado em Gest\u00e3o e Pol\u00edticas P\u00fablicas, Lisboa, Universidade de Lisboa.<\/p>\n\n\n\n<p style=\"font-size:14px\">UNI\u00c3O EUROPEIA, [Consult. a 17\/05\/2021]. Dispon\u00edvel em: <a href=\"https:\/\/europa.eu\/youreurope\/business\/dealing-with-customers\/data-protection\/data-protection-gdpr\/index_pt.htm\" target=\"_blank\" rel=\"noreferrer noopener\">https:\/\/europa.eu\/youreurope\/business\/dealing-with-customers\/data-protection\/data-protection-gdpr\/index_pt.htm<\/a><br><\/p>\n<\/div>\n<\/div>\n","protected":false},"excerpt":{"rendered":"<p>Contents Archive A Publicidade e a Prote\u00e7\u00e3o de Dados Pessoais &#8211; O RGPD Lu\u00edsa Lopes Sousa 1 1 ISCET &#8211; High Institute of Business and Tourism Sciences, Porto, Portugal Download citation. To cite this&#46;&#46;&#46;<\/p>\n","protected":false},"author":6,"featured_media":0,"parent":0,"menu_order":0,"comment_status":"closed","ping_status":"closed","template":"","meta":{"footnotes":""},"class_list":["post-1489","page","type-page","status-publish","hentry"],"_links":{"self":[{"href":"https:\/\/percursoseideias.iscet.pt\/index.php\/wp-json\/wp\/v2\/pages\/1489","targetHints":{"allow":["GET"]}}],"collection":[{"href":"https:\/\/percursoseideias.iscet.pt\/index.php\/wp-json\/wp\/v2\/pages"}],"about":[{"href":"https:\/\/percursoseideias.iscet.pt\/index.php\/wp-json\/wp\/v2\/types\/page"}],"author":[{"embeddable":true,"href":"https:\/\/percursoseideias.iscet.pt\/index.php\/wp-json\/wp\/v2\/users\/6"}],"replies":[{"embeddable":true,"href":"https:\/\/percursoseideias.iscet.pt\/index.php\/wp-json\/wp\/v2\/comments?post=1489"}],"version-history":[{"count":25,"href":"https:\/\/percursoseideias.iscet.pt\/index.php\/wp-json\/wp\/v2\/pages\/1489\/revisions"}],"predecessor-version":[{"id":2866,"href":"https:\/\/percursoseideias.iscet.pt\/index.php\/wp-json\/wp\/v2\/pages\/1489\/revisions\/2866"}],"wp:attachment":[{"href":"https:\/\/percursoseideias.iscet.pt\/index.php\/wp-json\/wp\/v2\/media?parent=1489"}],"curies":[{"name":"wp","href":"https:\/\/api.w.org\/{rel}","templated":true}]}}