{"id":1487,"date":"2022-03-04T16:53:50","date_gmt":"2022-03-04T16:53:50","guid":{"rendered":"http:\/\/percursoseideias.iscet.pt\/?page_id=1487"},"modified":"2022-10-15T15:29:55","modified_gmt":"2022-10-15T15:29:55","slug":"tur2022n120009","status":"publish","type":"page","link":"https:\/\/percursoseideias.iscet.pt\/index.php\/tur2022n120009\/","title":{"rendered":"Volume 12 &#8211; 2022 (0009)"},"content":{"rendered":"\n<div class=\"wp-block-columns is-layout-flex wp-container-core-columns-is-layout-9d6595d7 wp-block-columns-is-layout-flex\">\n<div class=\"wp-block-column is-layout-flow wp-block-column-is-layout-flow\" style=\"flex-basis:20%\">\n<figure class=\"wp-block-image size-large\"><img loading=\"lazy\" decoding=\"async\" width=\"724\" height=\"1024\" src=\"https:\/\/percursoseideias.iscet.pt\/wp-content\/uploads\/2022\/03\/Capa_12-724x1024.jpg\" alt=\"\" class=\"wp-image-2451\" srcset=\"https:\/\/percursoseideias.iscet.pt\/wp-content\/uploads\/2022\/03\/Capa_12-724x1024.jpg 724w, https:\/\/percursoseideias.iscet.pt\/wp-content\/uploads\/2022\/03\/Capa_12-212x300.jpg 212w, https:\/\/percursoseideias.iscet.pt\/wp-content\/uploads\/2022\/03\/Capa_12-768x1086.jpg 768w, https:\/\/percursoseideias.iscet.pt\/wp-content\/uploads\/2022\/03\/Capa_12-1086x1536.jpg 1086w, https:\/\/percursoseideias.iscet.pt\/wp-content\/uploads\/2022\/03\/Capa_12-1448x2048.jpg 1448w, https:\/\/percursoseideias.iscet.pt\/wp-content\/uploads\/2022\/03\/Capa_12-scaled.jpg 1811w\" sizes=\"auto, (max-width: 724px) 100vw, 724px\" \/><\/figure>\n\n\n\n<p class=\"has-text-align-center\" style=\"font-size:16px\"><a href=\"https:\/\/percursoseideias.iscet.pt\/index.php\/mp2022n120001\/\"><img loading=\"lazy\" decoding=\"async\" width=\"16\" height=\"13\" class=\"wp-image-373\" style=\"width: 16px;\" src=\"https:\/\/percursoseideias.iscet.pt\/wp-content\/uploads\/2022\/03\/DoubleArrow_Left.jpg\" alt=\"\" srcset=\"https:\/\/percursoseideias.iscet.pt\/wp-content\/uploads\/2022\/03\/DoubleArrow_Left.jpg 1150w, https:\/\/percursoseideias.iscet.pt\/wp-content\/uploads\/2022\/03\/DoubleArrow_Left-300x239.jpg 300w, https:\/\/percursoseideias.iscet.pt\/wp-content\/uploads\/2022\/03\/DoubleArrow_Left-1024x816.jpg 1024w, https:\/\/percursoseideias.iscet.pt\/wp-content\/uploads\/2022\/03\/DoubleArrow_Left-768x612.jpg 768w\" sizes=\"auto, (max-width: 16px) 100vw, 16px\" \/><\/a>  <a href=\"https:\/\/percursoseideias.iscet.pt\/index.php\/ci2022n120008\/\"><img loading=\"lazy\" decoding=\"async\" width=\"11\" height=\"12\" class=\"wp-image-371\" style=\"width: 11px;\" src=\"https:\/\/percursoseideias.iscet.pt\/wp-content\/uploads\/2022\/03\/Arrow_Left.jpg\" alt=\"\" srcset=\"https:\/\/percursoseideias.iscet.pt\/wp-content\/uploads\/2022\/03\/Arrow_Left.jpg 820w, https:\/\/percursoseideias.iscet.pt\/wp-content\/uploads\/2022\/03\/Arrow_Left-269x300.jpg 269w, https:\/\/percursoseideias.iscet.pt\/wp-content\/uploads\/2022\/03\/Arrow_Left-150x150.jpg 150w, https:\/\/percursoseideias.iscet.pt\/wp-content\/uploads\/2022\/03\/Arrow_Left-768x858.jpg 768w, https:\/\/percursoseideias.iscet.pt\/wp-content\/uploads\/2022\/03\/Arrow_Left-80x80.jpg 80w, https:\/\/percursoseideias.iscet.pt\/wp-content\/uploads\/2022\/03\/Arrow_Left-320x320.jpg 320w\" sizes=\"auto, (max-width: 11px) 100vw, 11px\" \/><\/a>  <a href=\"https:\/\/percursoseideias.iscet.pt\/index.php\/current-issues\/\">Contents<\/a>  <a href=\"https:\/\/percursoseideias.iscet.pt\/index.php\/sol2022n120010\/\"><img loading=\"lazy\" decoding=\"async\" width=\"11\" height=\"12\" class=\"wp-image-372\" style=\"width: 11px;\" src=\"https:\/\/percursoseideias.iscet.pt\/wp-content\/uploads\/2022\/03\/Arrow_Right.jpg\" alt=\"\" srcset=\"https:\/\/percursoseideias.iscet.pt\/wp-content\/uploads\/2022\/03\/Arrow_Right.jpg 820w, https:\/\/percursoseideias.iscet.pt\/wp-content\/uploads\/2022\/03\/Arrow_Right-269x300.jpg 269w, https:\/\/percursoseideias.iscet.pt\/wp-content\/uploads\/2022\/03\/Arrow_Right-150x150.jpg 150w, https:\/\/percursoseideias.iscet.pt\/wp-content\/uploads\/2022\/03\/Arrow_Right-768x858.jpg 768w, https:\/\/percursoseideias.iscet.pt\/wp-content\/uploads\/2022\/03\/Arrow_Right-80x80.jpg 80w, https:\/\/percursoseideias.iscet.pt\/wp-content\/uploads\/2022\/03\/Arrow_Right-320x320.jpg 320w\" sizes=\"auto, (max-width: 11px) 100vw, 11px\" \/><\/a>  <a href=\"https:\/\/percursoseideias.iscet.pt\/index.php\/sol2022n120012\/\"><img loading=\"lazy\" decoding=\"async\" width=\"16\" height=\"13\" class=\"wp-image-374\" style=\"width: 16px;\" src=\"https:\/\/percursoseideias.iscet.pt\/wp-content\/uploads\/2022\/03\/DoubleArrow_Right.jpg\" alt=\"\" srcset=\"https:\/\/percursoseideias.iscet.pt\/wp-content\/uploads\/2022\/03\/DoubleArrow_Right.jpg 1150w, https:\/\/percursoseideias.iscet.pt\/wp-content\/uploads\/2022\/03\/DoubleArrow_Right-300x239.jpg 300w, https:\/\/percursoseideias.iscet.pt\/wp-content\/uploads\/2022\/03\/DoubleArrow_Right-1024x816.jpg 1024w, https:\/\/percursoseideias.iscet.pt\/wp-content\/uploads\/2022\/03\/DoubleArrow_Right-768x612.jpg 768w\" sizes=\"auto, (max-width: 16px) 100vw, 16px\" \/><\/a><br><a href=\"https:\/\/percursoseideias.iscet.pt\/index.php\/archive\/\">Archive<\/a><\/p>\n<\/div>\n\n\n\n<div class=\"wp-block-column is-layout-flow wp-block-column-is-layout-flow\" style=\"flex-basis:66.66%\">\n<p style=\"font-size:30px\"><strong>Rota Tur\u00edstica do Jogo do Pau em Cabeceiras de Basto: Breve Introdu\u00e7\u00e3o \u00e0 Representa\u00e7\u00e3o Social desta Maestria na Literatura Portuguesa<\/strong><\/p>\n\n\n\n<p class=\"has-medium-font-size\">L\u00eddia Aguiar <img decoding=\"async\" class=\"wp-image-258\" style=\"width: 15px;\" src=\"http:\/\/magano.com\/percursoseideias\/wp-content\/uploads\/2022\/02\/orcid-og-image.png\" alt=\"\"> <a href=\"mailto:laguiar@iscet.pt\" target=\"_blank\" rel=\"noreferrer noopener\"><img decoding=\"async\" class=\"wp-image-299\" style=\"width: 15px;\" src=\"http:\/\/magano.com\/percursoseideias\/wp-content\/uploads\/2022\/02\/envelope.png\" alt=\"\"><\/a> <sup>1<\/sup> and Rita Ribeiro <a rel=\"noreferrer noopener\" href=\"mailto:jfernandes@iscet.pt\" target=\"_blank\"><img decoding=\"async\" class=\"wp-image-299\" style=\"width: 15px;\" src=\"http:\/\/magano.com\/percursoseideias\/wp-content\/uploads\/2022\/02\/envelope.png\" alt=\"\"><\/a> <sup>1<\/sup><\/p>\n\n\n\n<p style=\"font-size:15px\"><sup>1<\/sup> ISCET &#8211; High Institute of Business and Tourism Sciences, Porto, Portugal<\/p>\n\n\n\n<p style=\"font-size:16px\"><a href=\"https:\/\/percursoseideias.iscet.pt\/articles\/tur2022n120009.ris.zip\" target=\"_blank\" rel=\"noreferrer noopener\"><img loading=\"lazy\" decoding=\"async\" width=\"15\" height=\"11\" class=\"wp-image-1530\" style=\"width: 15px;\" src=\"https:\/\/percursoseideias.iscet.pt\/wp-content\/uploads\/2022\/03\/qmarks1.png\" alt=\"\" srcset=\"https:\/\/percursoseideias.iscet.pt\/wp-content\/uploads\/2022\/03\/qmarks1.png 632w, https:\/\/percursoseideias.iscet.pt\/wp-content\/uploads\/2022\/03\/qmarks1-300x229.png 300w\" sizes=\"auto, (max-width: 15px) 100vw, 15px\" \/><\/a> <a href=\"https:\/\/percursoseideias.iscet.pt\/articles\/tur2022n120009.ris.zip\" target=\"_blank\" rel=\"noreferrer noopener\">Download citation<\/a>. To cite this text:<\/p>\n\n\n\n<p style=\"font-size:15px\">Aguiar, L. &amp; Ribeiro, R. (2022). Rota Tur\u00edstica do Jogo do Pau em Cabeceiras de Basto: Breve Introdu\u00e7\u00e3o \u00e0 Representa\u00e7\u00e3o Social desta Maestria na Literatura Portuguesa, <em>Percursos &amp; Ideias<\/em>, <em>12<\/em>, 69-77.<\/p>\n\n\n\n<p style=\"font-size:15px\">doi:10.56123\/percursos.2022.n12.69<\/p>\n\n\n\n<p style=\"font-size:15px\">Published 12 October 2022. Language: Portuguese.<\/p>\n\n\n\n<p style=\"font-size:15px\">Section: Tourism.<\/p>\n\n\n\n<p style=\"font-size:15px\"><a href=\"https:\/\/percursoseideias.iscet.pt\/articles\/tur2022n120009.pdf\" target=\"_blank\" rel=\"noreferrer noopener\">View Full Text PDF<\/a> <a href=\"https:\/\/percursoseideias.iscet.pt\/articles\/tur2022n120009.pdf\" target=\"_blank\" rel=\"noreferrer noopener\"><img decoding=\"async\" class=\"wp-image-213\" style=\"width: 20px;\" src=\"http:\/\/magano.com\/percursoseideias\/wp-content\/uploads\/2022\/02\/PDF_logo.jpeg\" alt=\"\"><\/a>  <\/p>\n\n\n\n<p><strong>Abstract<\/strong><\/p>\n\n\n\n<p style=\"font-size:16px\">The Jogo do Pau (in English, \u201cThe Stick Game\u201d) is a martial art developed mainly in rural areas, where the stick was a weapon of easy access and firearms were scarce. Until the middle of the 20th century, in the north of Portugal, a rural society prevailed. It needed to defend itself, be it from wild animals or serious altercations over issues such as water, land, women or any other reason. It was amidst this social context that the Jogo do Pau came into being, with its crude and virile technique. With the opening up of rural society to urbanisation and the subsequent emigration of its people, this art form made its way into the cities and adapted itself accordingly. In this article, we aim to present a brief journey through portuguese literature. Methodologically we chose to quote three works, and, in this way, create a route to transport the reader to Cabeceiras de Basto \u2013 a municipality which has applied for the recognition of Jogo do Pau as an Intangible Cultural Heritage of Portugal. A bibliographical review and the fieldwork carried out by the authors within the scope of the study to be submitted in the aforementioned application, have been used.<\/p>\n\n\n\n<p><strong>Keywords<\/strong><\/p>\n\n\n\n<p style=\"font-size:16px\">Jogo do Pau; Portuguese literature; Social representations; Cabeceiras de Basto Route.<\/p>\n\n\n\n<p><strong>References<\/strong><\/p>\n\n\n\n<p>AGUIAR, L. (2015), <em>Routes de la contrabande dans les r\u00e9gions frontali\u00e8res Galice-Portugal (Melga\u00e7o): la musealisation de la m\u00e9moire et des traditios<\/em>, Tese de Doutoramento, Girona, Universidade de Girona.<\/p>\n\n\n\n<p style=\"font-size:14px\">BESSA Lu\u00eds, A. (1995), <em>A Sibila<\/em>, Guimar\u00e3es, Guimar\u00e3es Editores.<\/p>\n\n\n\n<p style=\"font-size:14px\">CA\u00c7ADOR, A. N. (1963), <em>Jogo do Pau: Esgrima Nacional<\/em>, Lisboa, Tipografia Almeida.<\/p>\n\n\n\n<p style=\"font-size:14px\">CASTELO BRANCO, C. (1999), \u201cComo ela o amava!\u201d, cit em <em>Noites de Lamego<\/em>, Lisboa, Publica\u00e7\u00f5es Europa Am\u00e9rica.<\/p>\n\n\n\n<p style=\"font-size:14px\">CMCB \u2013 C\u00c2MARA MUNICIPAL DE CABECEIRAS DE BASTO (s\/d), <em>Casa do Tempo<\/em>, [Consult. a 12\/10\/2021.]. Dispon\u00edvel em: https:\/\/cabeceirasdebasto.pt\/equipamentos-publicos-casa-do-tempo.<\/p>\n\n\n\n<p style=\"font-size:14px\">DGPC \u2013 DIRE\u00c7\u00c3O GERAL DO PATRIM\u00d3NIO CULTURAL (s\/d), [Consult. a 05\/10\/2021]. Dispon\u00edvel em: <a href=\"http:\/\/www.patrimoniocultural.gov.pt\/pt\/\" target=\"_blank\" rel=\"noreferrer noopener\">http:\/\/www.patrimoniocultural.gov.pt\/pt\/<\/a>.<\/p>\n\n\n\n<p style=\"font-size:14px\">FERNANDES, I. M. (2013), <em>Cabeceiras de Basto: Hist\u00f3ria e Patrim\u00f3nio<\/em>, Cabeceiras de Basto, C\u00e2mara Municipal de Cabeceiras de Basto.<\/p>\n\n\n\n<p style=\"font-size:14px\">FERREIRA, L.; AGUIAR, L.; PINTO, J. (2012), \u201cTurismo Cultural, Itiner\u00e1rios Tur\u00edsticos e impactos nos destinos\u201d, in <em>Cultur: Revista de Cultura e Turismo<\/em>, ano 06, n.\u00ba 02, pp. 109-126.<\/p>\n\n\n\n<p style=\"font-size:14px\">FIGUEIRA, L. M. (2013), <em>Manual para a elabora\u00e7\u00e3o de Roteiros de Turismo Cultural<\/em>, Tomar, Instituto Polit\u00e9cnico de Tomar.<\/p>\n\n\n\n<p style=\"font-size:14px\">HOPFER, F. (1924), <em>Duas palavras sobre o jogo do pau<\/em>, Lisboa, J. Rodrigues &amp; C\u00aa.<\/p>\n\n\n\n<p style=\"font-size:14px\">LOPES, P. (2020), <em>O Jogo do Pau Portugu\u00eas \u2013 A arte marcial portuguesa, uma tradi\u00e7\u00e3o com s\u00e9culos de pr\u00e1tica<\/em>, Porto, Editora 5 Livros.<\/p>\n\n\n\n<p style=\"font-size:14px\">RUSSO, N. (1980), \u201cO Jogo do Pau\u201d, in <em>Interven\u00e7\u00e3o \u2013 Revista de anima\u00e7\u00e3o s\u00f3cio-cultural<\/em>, janeiro\/fevereiro (14), pp. 23-27.<\/p>\n\n\n\n<p style=\"font-size:14px\">TORGA, M. (1943), <em>O Senhor Ventura<\/em>, Coimbra, Atl\u00e2ntica.<\/p>\n<\/div>\n<\/div>\n","protected":false},"excerpt":{"rendered":"<p>Contents Archive Rota Tur\u00edstica do Jogo do Pau em Cabeceiras de Basto: Breve Introdu\u00e7\u00e3o \u00e0 Representa\u00e7\u00e3o Social desta Maestria na Literatura Portuguesa L\u00eddia Aguiar 1 and Rita Ribeiro 1 1 ISCET &#8211; High Institute&#46;&#46;&#46;<\/p>\n","protected":false},"author":6,"featured_media":0,"parent":0,"menu_order":0,"comment_status":"closed","ping_status":"closed","template":"","meta":{"footnotes":""},"class_list":["post-1487","page","type-page","status-publish","hentry"],"_links":{"self":[{"href":"https:\/\/percursoseideias.iscet.pt\/index.php\/wp-json\/wp\/v2\/pages\/1487","targetHints":{"allow":["GET"]}}],"collection":[{"href":"https:\/\/percursoseideias.iscet.pt\/index.php\/wp-json\/wp\/v2\/pages"}],"about":[{"href":"https:\/\/percursoseideias.iscet.pt\/index.php\/wp-json\/wp\/v2\/types\/page"}],"author":[{"embeddable":true,"href":"https:\/\/percursoseideias.iscet.pt\/index.php\/wp-json\/wp\/v2\/users\/6"}],"replies":[{"embeddable":true,"href":"https:\/\/percursoseideias.iscet.pt\/index.php\/wp-json\/wp\/v2\/comments?post=1487"}],"version-history":[{"count":24,"href":"https:\/\/percursoseideias.iscet.pt\/index.php\/wp-json\/wp\/v2\/pages\/1487\/revisions"}],"predecessor-version":[{"id":2865,"href":"https:\/\/percursoseideias.iscet.pt\/index.php\/wp-json\/wp\/v2\/pages\/1487\/revisions\/2865"}],"wp:attachment":[{"href":"https:\/\/percursoseideias.iscet.pt\/index.php\/wp-json\/wp\/v2\/media?parent=1487"}],"curies":[{"name":"wp","href":"https:\/\/api.w.org\/{rel}","templated":true}]}}