{"id":1483,"date":"2022-03-04T16:53:15","date_gmt":"2022-03-04T16:53:15","guid":{"rendered":"http:\/\/percursoseideias.iscet.pt\/?page_id=1483"},"modified":"2022-10-15T15:29:11","modified_gmt":"2022-10-15T15:29:11","slug":"tur2022n120007","status":"publish","type":"page","link":"https:\/\/percursoseideias.iscet.pt\/index.php\/tur2022n120007\/","title":{"rendered":"Volume 12 &#8211; 2022 (0007)"},"content":{"rendered":"\n<div class=\"wp-block-columns is-layout-flex wp-container-core-columns-is-layout-9d6595d7 wp-block-columns-is-layout-flex\">\n<div class=\"wp-block-column is-layout-flow wp-block-column-is-layout-flow\" style=\"flex-basis:20%\">\n<figure class=\"wp-block-image size-large\"><img loading=\"lazy\" decoding=\"async\" width=\"724\" height=\"1024\" src=\"https:\/\/percursoseideias.iscet.pt\/wp-content\/uploads\/2022\/03\/Capa_12-724x1024.jpg\" alt=\"\" class=\"wp-image-2451\" srcset=\"https:\/\/percursoseideias.iscet.pt\/wp-content\/uploads\/2022\/03\/Capa_12-724x1024.jpg 724w, https:\/\/percursoseideias.iscet.pt\/wp-content\/uploads\/2022\/03\/Capa_12-212x300.jpg 212w, https:\/\/percursoseideias.iscet.pt\/wp-content\/uploads\/2022\/03\/Capa_12-768x1086.jpg 768w, https:\/\/percursoseideias.iscet.pt\/wp-content\/uploads\/2022\/03\/Capa_12-1086x1536.jpg 1086w, https:\/\/percursoseideias.iscet.pt\/wp-content\/uploads\/2022\/03\/Capa_12-1448x2048.jpg 1448w, https:\/\/percursoseideias.iscet.pt\/wp-content\/uploads\/2022\/03\/Capa_12-scaled.jpg 1811w\" sizes=\"auto, (max-width: 724px) 100vw, 724px\" \/><\/figure>\n\n\n\n<p class=\"has-text-align-center\" style=\"font-size:16px\"><a href=\"https:\/\/percursoseideias.iscet.pt\/index.php\/mp2022n120001\/\"><img loading=\"lazy\" decoding=\"async\" width=\"16\" height=\"13\" class=\"wp-image-373\" style=\"width: 16px;\" src=\"https:\/\/percursoseideias.iscet.pt\/wp-content\/uploads\/2022\/03\/DoubleArrow_Left.jpg\" alt=\"\" srcset=\"https:\/\/percursoseideias.iscet.pt\/wp-content\/uploads\/2022\/03\/DoubleArrow_Left.jpg 1150w, https:\/\/percursoseideias.iscet.pt\/wp-content\/uploads\/2022\/03\/DoubleArrow_Left-300x239.jpg 300w, https:\/\/percursoseideias.iscet.pt\/wp-content\/uploads\/2022\/03\/DoubleArrow_Left-1024x816.jpg 1024w, https:\/\/percursoseideias.iscet.pt\/wp-content\/uploads\/2022\/03\/DoubleArrow_Left-768x612.jpg 768w\" sizes=\"auto, (max-width: 16px) 100vw, 16px\" \/><\/a>  <a href=\"https:\/\/percursoseideias.iscet.pt\/index.php\/tur2022n120006\/\"><img loading=\"lazy\" decoding=\"async\" width=\"11\" height=\"12\" class=\"wp-image-371\" style=\"width: 11px;\" src=\"https:\/\/percursoseideias.iscet.pt\/wp-content\/uploads\/2022\/03\/Arrow_Left.jpg\" alt=\"\" srcset=\"https:\/\/percursoseideias.iscet.pt\/wp-content\/uploads\/2022\/03\/Arrow_Left.jpg 820w, https:\/\/percursoseideias.iscet.pt\/wp-content\/uploads\/2022\/03\/Arrow_Left-269x300.jpg 269w, https:\/\/percursoseideias.iscet.pt\/wp-content\/uploads\/2022\/03\/Arrow_Left-150x150.jpg 150w, https:\/\/percursoseideias.iscet.pt\/wp-content\/uploads\/2022\/03\/Arrow_Left-768x858.jpg 768w, https:\/\/percursoseideias.iscet.pt\/wp-content\/uploads\/2022\/03\/Arrow_Left-80x80.jpg 80w, https:\/\/percursoseideias.iscet.pt\/wp-content\/uploads\/2022\/03\/Arrow_Left-320x320.jpg 320w\" sizes=\"auto, (max-width: 11px) 100vw, 11px\" \/><\/a>  <a href=\"https:\/\/percursoseideias.iscet.pt\/index.php\/current-issues\/\">Contents<\/a>  <a href=\"https:\/\/percursoseideias.iscet.pt\/index.php\/ci2022n120008\"><img loading=\"lazy\" decoding=\"async\" width=\"11\" height=\"12\" class=\"wp-image-372\" style=\"width: 11px;\" src=\"https:\/\/percursoseideias.iscet.pt\/wp-content\/uploads\/2022\/03\/Arrow_Right.jpg\" alt=\"\" srcset=\"https:\/\/percursoseideias.iscet.pt\/wp-content\/uploads\/2022\/03\/Arrow_Right.jpg 820w, https:\/\/percursoseideias.iscet.pt\/wp-content\/uploads\/2022\/03\/Arrow_Right-269x300.jpg 269w, https:\/\/percursoseideias.iscet.pt\/wp-content\/uploads\/2022\/03\/Arrow_Right-150x150.jpg 150w, https:\/\/percursoseideias.iscet.pt\/wp-content\/uploads\/2022\/03\/Arrow_Right-768x858.jpg 768w, https:\/\/percursoseideias.iscet.pt\/wp-content\/uploads\/2022\/03\/Arrow_Right-80x80.jpg 80w, https:\/\/percursoseideias.iscet.pt\/wp-content\/uploads\/2022\/03\/Arrow_Right-320x320.jpg 320w\" sizes=\"auto, (max-width: 11px) 100vw, 11px\" \/><\/a>  <a href=\"https:\/\/percursoseideias.iscet.pt\/index.php\/sol2022n120012\/\"><img loading=\"lazy\" decoding=\"async\" width=\"16\" height=\"13\" class=\"wp-image-374\" style=\"width: 16px;\" src=\"https:\/\/percursoseideias.iscet.pt\/wp-content\/uploads\/2022\/03\/DoubleArrow_Right.jpg\" alt=\"\" srcset=\"https:\/\/percursoseideias.iscet.pt\/wp-content\/uploads\/2022\/03\/DoubleArrow_Right.jpg 1150w, https:\/\/percursoseideias.iscet.pt\/wp-content\/uploads\/2022\/03\/DoubleArrow_Right-300x239.jpg 300w, https:\/\/percursoseideias.iscet.pt\/wp-content\/uploads\/2022\/03\/DoubleArrow_Right-1024x816.jpg 1024w, https:\/\/percursoseideias.iscet.pt\/wp-content\/uploads\/2022\/03\/DoubleArrow_Right-768x612.jpg 768w\" sizes=\"auto, (max-width: 16px) 100vw, 16px\" \/><\/a><br><a href=\"https:\/\/percursoseideias.iscet.pt\/index.php\/archive\/\">Archive<\/a><\/p>\n<\/div>\n\n\n\n<div class=\"wp-block-column is-layout-flow wp-block-column-is-layout-flow\" style=\"flex-basis:66.66%\">\n<p style=\"font-size:30px\"><strong>Patrim\u00f3nios Alimentares e Sociabilidade: O Banquete como Met\u00e1fora de Poder e Ostenta\u00e7\u00e3o<\/strong><\/p>\n\n\n\n<p class=\"has-medium-font-size\">Josefina Salvado <a href=\"https:\/\/orcid.org\/0000-0003-0351-4544\" target=\"_blank\" rel=\"noreferrer noopener\"><img decoding=\"async\" class=\"wp-image-258\" style=\"width: 15px;\" src=\"http:\/\/magano.com\/percursoseideias\/wp-content\/uploads\/2022\/02\/orcid-og-image.png\" alt=\"\"><\/a> <a href=\"mailto:jsalvado@iscet.pt\" target=\"_blank\" rel=\"noreferrer noopener\"><img decoding=\"async\" class=\"wp-image-299\" style=\"width: 15px;\" src=\"http:\/\/magano.com\/percursoseideias\/wp-content\/uploads\/2022\/02\/envelope.png\" alt=\"\"><\/a> <sup>1<\/sup><\/p>\n\n\n\n<p style=\"font-size:15px\"><sup>1<\/sup> ISCET &#8211; High Institute of Business and Tourism Sciences, Porto, Portugal<\/p>\n\n\n\n<p style=\"font-size:16px\"><a href=\"https:\/\/percursoseideias.iscet.pt\/articles\/tur2022n120007.ris.zip\" target=\"_blank\" rel=\"noreferrer noopener\"><img loading=\"lazy\" decoding=\"async\" width=\"15\" height=\"11\" class=\"wp-image-1530\" style=\"width: 15px;\" src=\"https:\/\/percursoseideias.iscet.pt\/wp-content\/uploads\/2022\/03\/qmarks1.png\" alt=\"\" srcset=\"https:\/\/percursoseideias.iscet.pt\/wp-content\/uploads\/2022\/03\/qmarks1.png 632w, https:\/\/percursoseideias.iscet.pt\/wp-content\/uploads\/2022\/03\/qmarks1-300x229.png 300w\" sizes=\"auto, (max-width: 15px) 100vw, 15px\" \/><\/a> <a href=\"https:\/\/percursoseideias.iscet.pt\/articles\/tur2022n120007.ris.zip\" target=\"_blank\" rel=\"noreferrer noopener\">Download citation<\/a>. To cite this text:<\/p>\n\n\n\n<p style=\"font-size:15px\">Salvado, J. (2022). Patrim\u00f3nios Alimentares e Sociabilidade: O Banquete como Met\u00e1fora de Poder e Ostenta\u00e7\u00e3o, <em>Percursos &amp; Ideias<\/em>, <em>12<\/em>, 46-55.<\/p>\n\n\n\n<p style=\"font-size:15px\">doi:10.56123\/percursos.2022.n12.46<\/p>\n\n\n\n<p style=\"font-size:15px\">Published 12 October 2022. Language: Portuguese.<\/p>\n\n\n\n<p style=\"font-size:15px\">Section: Tourism.<\/p>\n\n\n\n<p style=\"font-size:15px\"><a href=\"https:\/\/percursoseideias.iscet.pt\/articles\/tur2022n120007.pdf\" target=\"_blank\" rel=\"noreferrer noopener\">View Full Text PDF<\/a> <a href=\"https:\/\/percursoseideias.iscet.pt\/articles\/tur2022n120007.pdf\" target=\"_blank\" rel=\"noreferrer noopener\"><img decoding=\"async\" class=\"wp-image-213\" style=\"width: 20px;\" src=\"http:\/\/magano.com\/percursoseideias\/wp-content\/uploads\/2022\/02\/PDF_logo.jpeg\" alt=\"\"><\/a>  <\/p>\n\n\n\n<p><strong>Abstract<\/strong><\/p>\n\n\n\n<p style=\"font-size:16px\">Food and its uses follow the logic of historical time. The civilizational process integrates food as a cultural product and the phenomenon of commensality as an expression of different cultural, social, anthropological and ethnological models. The banquet is a socially structured event and a privileged space for rituals, presentations and performances. A parallel of symbolisms of magnificence and power in the table apparatus will be interpreted, in different historical contexts and using different types of narrative. In the ancient Rome (biographical work \u201cThe life of the 12 Caesars\u201d by Suetonius) and at the royal table of the Middle Ages (pictorial narrative of the prenuptial banquet of King Jo\u00e3o I, based on the illumination of Chronique d \u2019Angleterre by Jean Wavrin). It is concluded that the table as a microcosm of social rhetoric and of coding hierarchies, perpetuates through time.<\/p>\n\n\n\n<p><strong>Keywords<\/strong><\/p>\n\n\n\n<p style=\"font-size:16px\">Banquet, Commensality, Rituals, Ancient Rome, Middle Ages.<\/p>\n\n\n\n<p><strong>References<\/strong><\/p>\n\n\n\n<p style=\"font-size:14px\">BRAND\u00c3O, J. (2009), <em>M\u00e1scaras dos C\u00e9sares: teatro e moralidade nas Vidas suetonianas<\/em>, Coimbra, Imprensa da Universidade de Coimbra.<\/p>\n\n\n\n<p style=\"font-size:14px\">BUESCU, A. &amp; FELISMINO, D. (ed.) (2011), <em>A mesa dos reis de Portugal. Of\u00edcios, consumos, cerim\u00f3nias e representa\u00e7\u00f5es (s\u00e9culos XIII-XVIII)<\/em>, Lisboa, C\u00edrculo de Leitores.<\/p>\n\n\n\n<p style=\"font-size:14px\">BUSTAMANTE, R. M. da C. (2005), \u201cBanquete romano, comensalidade em tempo de Paz\u201d, <em>in<\/em> <em>Anais do XXIII Simp\u00f3sio Nacional de Hist\u00f3ria<\/em>, Londrina, 17-22\/07\/2005, Hist\u00f3ria, Guerra e Paz, pp. 1-10.<\/p>\n\n\n\n<p style=\"font-size:14px\">CEVASCO, M. E. (2003), <em>Dez li\u00e7\u00f5es sobre estudos culturais<\/em>, S\u00e3o Paulo, Boitempo.<\/p>\n\n\n\n<p style=\"font-size:14px\">D\u2019ARMS, J. H. (2004), \u201cThe Culinary Reality of Roman Upper-Class Convivia: Integrating Texts and Images\u201d, <em>in Comparative Studies in Society and History<\/em>, 46(3), pp. 428-450.<\/p>\n\n\n\n<p style=\"font-size:14px\">DALBY, A. (2001), \u201cDining with the Caesars\u201d, <em>in<\/em> Harlan Walker (ed.), <em>Food and the memory<\/em>, <em>Proceedings of the Oxford Symposium on food and cookery 2000<\/em>, Devon, Prospect Books, pp. 81-93.<\/p>\n\n\n\n<p style=\"font-size:14px\">DUPONT, F. (1998), \u201cGram\u00e1tica da Alimenta\u00e7\u00e3o e das Refei\u00e7\u00f5es Romanas\u201d, <em>in<\/em> J. Flandrin &amp; Ma. Montanari (coord.), <em>Hist\u00f3ria da Alimenta\u00e7\u00e3o \u2013 Dos prim\u00f3rdios \u00e0 Idade M\u00e9dia<\/em>, 2\u00aa ed., Lisboa, Terramar, pp. 173-188.<\/p>\n\n\n\n<p style=\"font-size:14px\">FLANDRIN, J. L.; MONTANARI, M. (1998) (coord.), <em>Hist\u00f3ria da Alimenta\u00e7\u00e3o, dos prim\u00f3rdios \u00e0 Idade M\u00e9dia<\/em>, Lisboa, Edi\u00e7\u00e3o Terramar.<\/p>\n\n\n\n<p style=\"font-size:14px\">GIACOSA, I. (1992), <em>A taste of ancient Rome<\/em>, Chicago, University Chicago Press.<\/p>\n\n\n\n<p style=\"font-size:14px\">MORENO, H. B. (1988), \u201cO poder central e o poder local: modos de converg\u00eancia e de conflito nos s\u00e9culos XIV e XV\u201d, in <em>Revista de Hist\u00f3ria<\/em>, 8, pp. 53-67.<\/p>\n\n\n\n<p style=\"font-size:14px\">ORNELLAS E CASTRO, I. (2012), \u201cDiscursos e Rituais na Mesa Romana: luxo, moralismo e equ\u00edvocos\u201d, <em>in<\/em> Carmen Soares e Paula Barata Dias (coord.), <em>Contributos para a Hist\u00f3ria da Alimenta\u00e7\u00e3o na Antiguidade<\/em>, Coimbra, Imprensa da Universidade de Coimbra, pp. 69-79.<\/p>\n\n\n\n<p style=\"font-size:14px\">____ (2013), <em>O livro de cozinha de Ap\u00edcio. Um brevi\u00e1rio do gosto imperial romano, Introdu\u00e7\u00e3o, Tradu\u00e7\u00e3o e Coment\u00e1rios<\/em>, Lisboa, Colares Editora.<\/p>\n\n\n\n<p style=\"font-size:14px\">RIIKONEN, T.; WIDGER, D. (eds.) (2016), \u201c<em>Gaius Tranquillus Suetonius, The lives of the twelve Caesars<\/em>\u201d, [Consult. a 10\/01\/2020]. Dispon\u00edvel em: <a href=\"http:\/\/eremita.di.uminho.pt\/gutenberg\/6\/4\/0\/6400\/6400-h\/6400-h.htm\" target=\"_blank\" rel=\"noreferrer noopener\">http:\/\/eremita.di.uminho.pt\/gutenberg\/6\/4\/0\/6400\/6400-h\/6400-h.htm<\/a>.<\/p>\n\n\n\n<p style=\"font-size:14px\">RITCHIE, C. (1995), <em>Comida e civiliza\u00e7\u00e3o, de como a hist\u00f3ria foi influenciada pelos gostos humanos<\/em>, Lisboa, Editora Ass\u00edrio &amp; Alvim.<\/p>\n\n\n\n<p style=\"font-size:14px\">RODR\u00cdGUEZ-NORIEGA GUILL\u00c9N, L.&nbsp;(1998),&nbsp;<em>Banquete de los eruditos<\/em>, Tomo I, Madrid, Gredos.<\/p>\n\n\n\n<p style=\"font-size:14px\">STEFANI, G.; BORGONGINO, M. (2005), \u201cCibus. L\u2019alimentazione degli antichi romani. Le testimonianzi dell\u2019area vesuviana\u201d, <em>in Cibi e Sapori a Pompei e dintorni<\/em>, Soprintendenza Archeologica di Pompei, Edizioni Flavianus, pp. 60, apud Rodrigues, M. (2014), \u201cBanquetes Romanos: comensalidade, hierarquia e poder na Roma Antiga\u201d, <em>NEARCO \u2013 Revista Eletr\u00f3nica de Antiguidade<\/em>, Ano VII, N.\u00ba II.<\/p>\n\n\n\n<p style=\"font-size:14px\">TH\u00c9BERT, Y. (2009), \u201cArquitetura dom\u00e9stica na \u00c1frica Romana\u201d, <em>in<\/em> P. Veyne (org.), <em>Hist\u00f3ria da vida Privada I: do Imp\u00e9rio Romano ao ano 1000<\/em>, S\u00e3o Paulo, Companhia das Letras, pp. 301-397.<\/p>\n\n\n\n<p style=\"font-size:14px\">THUILLIER, G.; TULARD, L. (1992), <em>Histoire local et regional<\/em>, Paris, PUF, pp. 28-32. VEYNE, P. (1989), \u201cO Imp\u00e9rio Romano\u201d, <em>in<\/em> P. Veyne (org.), <em>Hist\u00f3ria da vida Privada I: do Imp\u00e9rio Romano ao ano 1000<\/em>, S\u00e3o Paulo, Companhia das Letras, pp. 18-211.<\/p>\n<\/div>\n<\/div>\n","protected":false},"excerpt":{"rendered":"<p>Contents Archive Patrim\u00f3nios Alimentares e Sociabilidade: O Banquete como Met\u00e1fora de Poder e Ostenta\u00e7\u00e3o Josefina Salvado 1 1 ISCET &#8211; High Institute of Business and Tourism Sciences, Porto, Portugal Download citation. To cite this&#46;&#46;&#46;<\/p>\n","protected":false},"author":6,"featured_media":0,"parent":0,"menu_order":0,"comment_status":"closed","ping_status":"closed","template":"","meta":{"footnotes":""},"class_list":["post-1483","page","type-page","status-publish","hentry"],"_links":{"self":[{"href":"https:\/\/percursoseideias.iscet.pt\/index.php\/wp-json\/wp\/v2\/pages\/1483","targetHints":{"allow":["GET"]}}],"collection":[{"href":"https:\/\/percursoseideias.iscet.pt\/index.php\/wp-json\/wp\/v2\/pages"}],"about":[{"href":"https:\/\/percursoseideias.iscet.pt\/index.php\/wp-json\/wp\/v2\/types\/page"}],"author":[{"embeddable":true,"href":"https:\/\/percursoseideias.iscet.pt\/index.php\/wp-json\/wp\/v2\/users\/6"}],"replies":[{"embeddable":true,"href":"https:\/\/percursoseideias.iscet.pt\/index.php\/wp-json\/wp\/v2\/comments?post=1483"}],"version-history":[{"count":28,"href":"https:\/\/percursoseideias.iscet.pt\/index.php\/wp-json\/wp\/v2\/pages\/1483\/revisions"}],"predecessor-version":[{"id":2863,"href":"https:\/\/percursoseideias.iscet.pt\/index.php\/wp-json\/wp\/v2\/pages\/1483\/revisions\/2863"}],"wp:attachment":[{"href":"https:\/\/percursoseideias.iscet.pt\/index.php\/wp-json\/wp\/v2\/media?parent=1483"}],"curies":[{"name":"wp","href":"https:\/\/api.w.org\/{rel}","templated":true}]}}