{"id":1479,"date":"2022-03-04T16:52:37","date_gmt":"2022-03-04T16:52:37","guid":{"rendered":"http:\/\/percursoseideias.iscet.pt\/?page_id=1479"},"modified":"2022-10-17T19:36:19","modified_gmt":"2022-10-17T19:36:19","slug":"mp2022n120005","status":"publish","type":"page","link":"https:\/\/percursoseideias.iscet.pt\/index.php\/mp2022n120005\/","title":{"rendered":"Volume 12 &#8211; 2022 (0005)"},"content":{"rendered":"\n<div class=\"wp-block-columns is-layout-flex wp-container-core-columns-is-layout-9d6595d7 wp-block-columns-is-layout-flex\">\n<div class=\"wp-block-column is-layout-flow wp-block-column-is-layout-flow\" style=\"flex-basis:20%\">\n<figure class=\"wp-block-image size-large\"><img loading=\"lazy\" decoding=\"async\" width=\"724\" height=\"1024\" src=\"https:\/\/percursoseideias.iscet.pt\/wp-content\/uploads\/2022\/03\/Capa_12-724x1024.jpg\" alt=\"\" class=\"wp-image-2451\" srcset=\"https:\/\/percursoseideias.iscet.pt\/wp-content\/uploads\/2022\/03\/Capa_12-724x1024.jpg 724w, https:\/\/percursoseideias.iscet.pt\/wp-content\/uploads\/2022\/03\/Capa_12-212x300.jpg 212w, https:\/\/percursoseideias.iscet.pt\/wp-content\/uploads\/2022\/03\/Capa_12-768x1086.jpg 768w, https:\/\/percursoseideias.iscet.pt\/wp-content\/uploads\/2022\/03\/Capa_12-1086x1536.jpg 1086w, https:\/\/percursoseideias.iscet.pt\/wp-content\/uploads\/2022\/03\/Capa_12-1448x2048.jpg 1448w, https:\/\/percursoseideias.iscet.pt\/wp-content\/uploads\/2022\/03\/Capa_12-scaled.jpg 1811w\" sizes=\"auto, (max-width: 724px) 100vw, 724px\" \/><\/figure>\n\n\n\n<p class=\"has-text-align-center\" style=\"font-size:16px\"><a href=\"https:\/\/percursoseideias.iscet.pt\/index.php\/mp2022n120001\/\"><img loading=\"lazy\" decoding=\"async\" width=\"16\" height=\"13\" class=\"wp-image-373\" style=\"width: 16px;\" src=\"https:\/\/percursoseideias.iscet.pt\/wp-content\/uploads\/2022\/03\/DoubleArrow_Left.jpg\" alt=\"\" srcset=\"https:\/\/percursoseideias.iscet.pt\/wp-content\/uploads\/2022\/03\/DoubleArrow_Left.jpg 1150w, https:\/\/percursoseideias.iscet.pt\/wp-content\/uploads\/2022\/03\/DoubleArrow_Left-300x239.jpg 300w, https:\/\/percursoseideias.iscet.pt\/wp-content\/uploads\/2022\/03\/DoubleArrow_Left-1024x816.jpg 1024w, https:\/\/percursoseideias.iscet.pt\/wp-content\/uploads\/2022\/03\/DoubleArrow_Left-768x612.jpg 768w\" sizes=\"auto, (max-width: 16px) 100vw, 16px\" \/><\/a>  <a href=\"https:\/\/percursoseideias.iscet.pt\/index.php\/ci2022n120004\/\"><img loading=\"lazy\" decoding=\"async\" width=\"11\" height=\"12\" class=\"wp-image-371\" style=\"width: 11px;\" src=\"https:\/\/percursoseideias.iscet.pt\/wp-content\/uploads\/2022\/03\/Arrow_Left.jpg\" alt=\"\" srcset=\"https:\/\/percursoseideias.iscet.pt\/wp-content\/uploads\/2022\/03\/Arrow_Left.jpg 820w, https:\/\/percursoseideias.iscet.pt\/wp-content\/uploads\/2022\/03\/Arrow_Left-269x300.jpg 269w, https:\/\/percursoseideias.iscet.pt\/wp-content\/uploads\/2022\/03\/Arrow_Left-150x150.jpg 150w, https:\/\/percursoseideias.iscet.pt\/wp-content\/uploads\/2022\/03\/Arrow_Left-768x858.jpg 768w, https:\/\/percursoseideias.iscet.pt\/wp-content\/uploads\/2022\/03\/Arrow_Left-80x80.jpg 80w, https:\/\/percursoseideias.iscet.pt\/wp-content\/uploads\/2022\/03\/Arrow_Left-320x320.jpg 320w\" sizes=\"auto, (max-width: 11px) 100vw, 11px\" \/><\/a>  <a href=\"https:\/\/percursoseideias.iscet.pt\/index.php\/current-issues\/\">Contents<\/a>  <a href=\"https:\/\/percursoseideias.iscet.pt\/index.php\/tur2022n120006\/\"><img loading=\"lazy\" decoding=\"async\" width=\"11\" height=\"12\" class=\"wp-image-372\" style=\"width: 11px;\" src=\"https:\/\/percursoseideias.iscet.pt\/wp-content\/uploads\/2022\/03\/Arrow_Right.jpg\" alt=\"\" srcset=\"https:\/\/percursoseideias.iscet.pt\/wp-content\/uploads\/2022\/03\/Arrow_Right.jpg 820w, https:\/\/percursoseideias.iscet.pt\/wp-content\/uploads\/2022\/03\/Arrow_Right-269x300.jpg 269w, https:\/\/percursoseideias.iscet.pt\/wp-content\/uploads\/2022\/03\/Arrow_Right-150x150.jpg 150w, https:\/\/percursoseideias.iscet.pt\/wp-content\/uploads\/2022\/03\/Arrow_Right-768x858.jpg 768w, https:\/\/percursoseideias.iscet.pt\/wp-content\/uploads\/2022\/03\/Arrow_Right-80x80.jpg 80w, https:\/\/percursoseideias.iscet.pt\/wp-content\/uploads\/2022\/03\/Arrow_Right-320x320.jpg 320w\" sizes=\"auto, (max-width: 11px) 100vw, 11px\" \/><\/a>  <a href=\"https:\/\/percursoseideias.iscet.pt\/index.php\/sol2022n120012\/\"><img loading=\"lazy\" decoding=\"async\" width=\"16\" height=\"13\" class=\"wp-image-374\" style=\"width: 16px;\" src=\"https:\/\/percursoseideias.iscet.pt\/wp-content\/uploads\/2022\/03\/DoubleArrow_Right.jpg\" alt=\"\" srcset=\"https:\/\/percursoseideias.iscet.pt\/wp-content\/uploads\/2022\/03\/DoubleArrow_Right.jpg 1150w, https:\/\/percursoseideias.iscet.pt\/wp-content\/uploads\/2022\/03\/DoubleArrow_Right-300x239.jpg 300w, https:\/\/percursoseideias.iscet.pt\/wp-content\/uploads\/2022\/03\/DoubleArrow_Right-1024x816.jpg 1024w, https:\/\/percursoseideias.iscet.pt\/wp-content\/uploads\/2022\/03\/DoubleArrow_Right-768x612.jpg 768w\" sizes=\"auto, (max-width: 16px) 100vw, 16px\" \/><\/a><br><a href=\"https:\/\/percursoseideias.iscet.pt\/index.php\/archive\/\">Archive<\/a><\/p>\n<\/div>\n\n\n\n<div class=\"wp-block-column is-layout-flow wp-block-column-is-layout-flow\" style=\"flex-basis:66.66%\">\n<p style=\"font-size:30px\"><strong>A Import\u00e2ncia das Eventos Culturais numa Estrat\u00e9gia de Marketing Territorial: O Caso do &#8220;Mosteiro de Emo\u00e7\u00f5es&#8221;<\/strong><\/p>\n\n\n\n<p class=\"has-medium-font-size\">Jo\u00e3o Abreu <a rel=\"noreferrer noopener\" href=\"mailto:academiadasemocoes@gmail.com\" target=\"_blank\"><img decoding=\"async\" class=\"wp-image-299\" style=\"width: 15px;\" src=\"http:\/\/magano.com\/percursoseideias\/wp-content\/uploads\/2022\/02\/envelope.png\" alt=\"\"><\/a> <sup>1<\/sup> and Lu\u00eds Ferreira <a rel=\"noreferrer noopener\" href=\"https:\/\/orcid.org\/0000-0002-4880-5591\" target=\"_blank\"><img loading=\"lazy\" decoding=\"async\" width=\"15\" height=\"15\" class=\"wp-image-174\" style=\"width: 15px;\" src=\"https:\/\/percursoseideias.iscet.pt\/wp-content\/uploads\/2022\/03\/orcid-og-image.png\" alt=\"\" srcset=\"https:\/\/percursoseideias.iscet.pt\/wp-content\/uploads\/2022\/03\/orcid-og-image.png 263w, https:\/\/percursoseideias.iscet.pt\/wp-content\/uploads\/2022\/03\/orcid-og-image-150x150.png 150w, https:\/\/percursoseideias.iscet.pt\/wp-content\/uploads\/2022\/03\/orcid-og-image-80x80.png 80w\" sizes=\"auto, (max-width: 15px) 100vw, 15px\" \/><\/a> <a rel=\"noreferrer noopener\" href=\"mailto:lferreira@iscet.pt\" target=\"_blank\"><img decoding=\"async\" class=\"wp-image-299\" style=\"width: 15px;\" src=\"http:\/\/magano.com\/percursoseideias\/wp-content\/uploads\/2022\/02\/envelope.png\" alt=\"\"><\/a> <sup>1<\/sup><\/p>\n\n\n\n<p style=\"font-size:15px\"><sup>1<\/sup> ISCET &#8211; High Institute of Business and Tourism Sciences, Porto, Portugal<\/p>\n\n\n\n<p style=\"font-size:16px\"><a href=\"https:\/\/percursoseideias.iscet.pt\/articles\/mp2022n120005.ris.zip\" target=\"_blank\" rel=\"noreferrer noopener\"><img loading=\"lazy\" decoding=\"async\" width=\"15\" height=\"11\" class=\"wp-image-1530\" style=\"width: 15px;\" src=\"https:\/\/percursoseideias.iscet.pt\/wp-content\/uploads\/2022\/03\/qmarks1.png\" alt=\"\" srcset=\"https:\/\/percursoseideias.iscet.pt\/wp-content\/uploads\/2022\/03\/qmarks1.png 632w, https:\/\/percursoseideias.iscet.pt\/wp-content\/uploads\/2022\/03\/qmarks1-300x229.png 300w\" sizes=\"auto, (max-width: 15px) 100vw, 15px\" \/><\/a> <a href=\"https:\/\/percursoseideias.iscet.pt\/articles\/mp2022n120005.ris.zip\" target=\"_blank\" rel=\"noreferrer noopener\">Download citation<\/a>. To cite this text:<\/p>\n\n\n\n<p style=\"font-size:15px\">Abreu, J. &amp; Ferreira, L. (2022). A Import\u00e2ncia das Eventos Culturais numa Estrat\u00e9gia de Marketing Territorial: O Caso do &#8220;Mosteiro de Emo\u00e7\u00f5es&#8221;, <em>Percursos &amp; Ideias<\/em>, <em>12<\/em>, 31-37.<\/p>\n\n\n\n<p style=\"font-size:15px\">doi:10.56123\/percursos.2022.n12.31<\/p>\n\n\n\n<p style=\"font-size:15px\">Published 12 October 2022. Language: Portuguese.<\/p>\n\n\n\n<p style=\"font-size:15px\">Section: Marketing &amp; Advertising.<\/p>\n\n\n\n<p style=\"font-size:15px\"><a href=\"https:\/\/percursoseideias.iscet.pt\/articles\/mp2022n120005.pdf\" target=\"_blank\" rel=\"noreferrer noopener\">View Full Text PDF<\/a> <a href=\"https:\/\/percursoseideias.iscet.pt\/articles\/mp2022n120005.pdf\" target=\"_blank\" rel=\"noreferrer noopener\"><img decoding=\"async\" class=\"wp-image-213\" style=\"width: 20px;\" src=\"http:\/\/magano.com\/percursoseideias\/wp-content\/uploads\/2022\/02\/PDF_logo.jpeg\" alt=\"\"><\/a>  <\/p>\n\n\n\n<p><strong>Abstract<\/strong><\/p>\n\n\n\n<p style=\"font-size:16px\">This article analyzes the importance of cultural events in a territorial marketing strategy, presenting the case of Mosteiro das Emo\u00e7\u00f5es (Monastery of Emotions) in Cabeceiras de Basto municipality. Emphasizing the existence of resources, attractions, and distinctive assets in the territory, it discusses the ability to identify significant unique elements that enhance initiatives relevant to the affirmation of a destination. The marketing strategy, supported by the marketing-mix, boosts the relevance of cultural events, recognizing their contribution to the territorial brand. The Mosteiro das Emo\u00e7\u00f5es, described in this context, is positioned as a strategic and integrating event, constituting an outstanding happening, capable of generating community involvement and attracting visitors, as well as increasing direct or indirect economic benefits and and the acquisition of greater visibility and notoriety of the territory.<\/p>\n\n\n\n<p><strong>Keywords<\/strong><\/p>\n\n\n\n<p style=\"font-size:16px\">Cultural events, City marketing, Mosteiro de Emo\u00e7\u00f5es (Monastery of Emotions), Cabeceiras de Basto.<\/p>\n\n\n\n<p><strong>References<\/strong><\/p>\n\n\n\n<p style=\"font-size:14px\">BIZARRO, V. L. T. (2015), <em>Gest\u00e3o de eventos \u2013 ferramenta de comunica\u00e7\u00e3o para as marcas: um estudo de caso de fatores de dificuldade e de sucesso<\/em>, Disserta\u00e7\u00e3o submetida ao Instituto Superior de Contabilidade e Administra\u00e7\u00e3o de Lisboa para cumprimento dos requisitos necess\u00e1rios \u00e0 obten\u00e7\u00e3o do grau de Mestre em Gest\u00e3o e Empreendedorismo, realizada sob a orienta\u00e7\u00e3o cient\u00edfica do Professor Doutor Jos\u00e9 Moleiro Martins. Lisboa, Instituto Superior de Contabilidade e Administra\u00e7\u00e3o de Lisboa.<\/p>\n\n\n\n<p style=\"font-size:14px\">DINNIE, K. (2004), \u201cPlace branding: overview of an emerging literature\u201d, in <em>Place Branding<\/em>, 1(1), pp. 106-110.<\/p>\n\n\n\n<p style=\"font-size:14px\">FANECA, M. S. P. (2018), <em>Comunica\u00e7\u00e3o aut\u00e1rquica no setor do turismo: o caso da C\u00e2mara Municipal de Lisboa<\/em>, Disserta\u00e7\u00e3o de Mestrado em Ci\u00eancias da Comunica\u00e7\u00e3o com especializa\u00e7\u00e3o em Comunica\u00e7\u00e3o Estrat\u00e9gica, sob a orienta\u00e7\u00e3o da Professora Doutora Ivone Ferreira. Lisboa, Universidade Nova de Lisboa, Faculdade de Ci\u00eancias Sociais e Humanas.<\/p>\n\n\n\n<p style=\"font-size:14px\">FIGUEIREDO, R. R. (2015), <em>Rela\u00e7\u00f5es P\u00fablicas versus Marketing no setor da cultura em Portugal &#8211; EGEAC, um Estudo de Caso<\/em>, Disserta\u00e7\u00e3o submetida como requisito parcial para obten\u00e7\u00e3o do rau de mestre em gest\u00e3o estrat\u00e9gica das rela\u00e7\u00f5es p\u00fablicas, sob orienta\u00e7\u00e3o da Professora Doutora Sandra Pereira). Lisboa, Escola Superior de Comunica\u00e7\u00e3o Social.<\/p>\n\n\n\n<p style=\"font-size:14px\">FORTUNA, C. (2012), \u201cPatrim\u00f3nio, Turismo e Emo\u00e7\u00e3o\u201d, in <em>Revista Cr\u00edtica de Ci\u00eancias Sociais<\/em>, 97, pp. 23-40.<\/p>\n\n\n\n<p style=\"font-size:14px\">GAIO, S; GOUVEIA, L. B. (2007), \u201cO Branding Territorial: uma abordagem metodol\u00f3gica \u00e0 Cidade\u201d, in <em>Revista A Obra Nasce<\/em>, pp. 27-36.<\/p>\n\n\n\n<p style=\"font-size:14px\">GODINHO, P. (2012), <em>Os usos da mem\u00f3ria e pr\u00e1ticas do patrim\u00f3nio, A Ieltsar se vai ao longe<\/em>, Lisboa, Universidade Nova e Edi\u00e7\u00f5es Colibri.<\/p>\n\n\n\n<p style=\"font-size:14px\">HOYLE Jr., L. H. (2003), <em>Marketing de Eventos: como Promover com Sucesso Eventos, Festivais, Conven\u00e7\u00f5es e Exposi\u00e7\u00f5es<\/em>, S\u00e3o Paulo, Editora Atlas.<\/p>\n\n\n\n<p style=\"font-size:14px\">MARTINS, X. (2015), <em>O Patrim\u00f3nio Cultural no Marketing dos Lugares e no Desenvolvimento dos Territ\u00f3rios Rurais: o Concelho do Sabugal<\/em>, Disserta\u00e7\u00e3o de Mestrado, Coimbra, Universidade de Coimbra, Faculdade de Letras.<\/p>\n\n\n\n<p style=\"font-size:14px\">OLIVEIRA, S. R. C. (2014), <em>Comunica\u00e7\u00e3o de Eventos Municipais<\/em>, Projeto apresentado \u00e0 Universidade de Aveiro para cumprimento dos requisitos necess\u00e1rios \u00e0 obten\u00e7\u00e3o do grau de Mestre em L\u00ednguas e Rela\u00e7\u00f5es Empresariais, realizada sob a orienta\u00e7\u00e3o cient\u00edfica da Prof. Doutora Maria Teresa Costa Gomes Roberto. Aveiro, Universidade de Aveiro, Departamento de L\u00ednguas e Culturas.<\/p>\n\n\n\n<p style=\"font-size:14px\">PEREIRA, A., MOUR\u00c3O. L. (2016), \u201cCabeceiras de Basto \u2013 Mosteiro de S. Miguel de Refojos, elemento central na Marca do Territ\u00f3rio\u201d, in AA. VV, <em>Success Full \u2013 Casos de Sucesso nos Munic\u00edpios Portugueses<\/em> (1\u00aa ed.), Santo Tirso, Editora Idioteque, pp. 73-102.<\/p>\n\n\n\n<p style=\"font-size:14px\">RAMALHO, J. (2013), \u201cOs grandes eventos e a promo\u00e7\u00e3o da imagem externa de Portugal\u201d, in <em>Revista Janes<\/em>, 26, pp. 60-61.<\/p>\n\n\n\n<p style=\"font-size:14px\">SEISDEDOS. G. (2007), <em>C\u00f3mo gestionar las ciudades del siglo XXI \u2013 Del City Marketing al Urban Management<\/em>, Madrid, Pearson Education.<\/p>\n\n\n\n<p style=\"font-size:14px\">SILVA, E. C. (2015), \u201cMarketing P\u00fablico: uma plataforma de \u2018trocas\u2019 no setor p\u00fablico\u201d, in <em>Revista Eletr\u00f3nica de Administra\u00e7\u00e3o<\/em> (Online), 14(1), ed. 26, jan-jun, 2015, pp. 20-42.<\/p>\n\n\n\n<p style=\"font-size:14px\">SOUSA, B., RIBEIRO, I. (2018), \u201cCity marketing e os eventos: Um estudo de caso aplicado ao Carnaval de Ovar\u201d, in <em>European Journal of Applied Business Management<\/em>, Special Issue, pp. 73-84. VAQUERO, M. C. (2002), <em>La ciudad hist\u00f3rica como destino tur\u00edstico<\/em> (1\u00aa ed.), Barcelona, Ariel Turismo.<\/p>\n<\/div>\n<\/div>\n","protected":false},"excerpt":{"rendered":"<p>Contents Archive A Import\u00e2ncia das Eventos Culturais numa Estrat\u00e9gia de Marketing Territorial: O Caso do &#8220;Mosteiro de Emo\u00e7\u00f5es&#8221; Jo\u00e3o Abreu 1 and Lu\u00eds Ferreira 1 1 ISCET &#8211; High Institute of Business and Tourism&#46;&#46;&#46;<\/p>\n","protected":false},"author":6,"featured_media":0,"parent":0,"menu_order":0,"comment_status":"closed","ping_status":"closed","template":"","meta":{"footnotes":""},"class_list":["post-1479","page","type-page","status-publish","hentry"],"_links":{"self":[{"href":"https:\/\/percursoseideias.iscet.pt\/index.php\/wp-json\/wp\/v2\/pages\/1479","targetHints":{"allow":["GET"]}}],"collection":[{"href":"https:\/\/percursoseideias.iscet.pt\/index.php\/wp-json\/wp\/v2\/pages"}],"about":[{"href":"https:\/\/percursoseideias.iscet.pt\/index.php\/wp-json\/wp\/v2\/types\/page"}],"author":[{"embeddable":true,"href":"https:\/\/percursoseideias.iscet.pt\/index.php\/wp-json\/wp\/v2\/users\/6"}],"replies":[{"embeddable":true,"href":"https:\/\/percursoseideias.iscet.pt\/index.php\/wp-json\/wp\/v2\/comments?post=1479"}],"version-history":[{"count":29,"href":"https:\/\/percursoseideias.iscet.pt\/index.php\/wp-json\/wp\/v2\/pages\/1479\/revisions"}],"predecessor-version":[{"id":2871,"href":"https:\/\/percursoseideias.iscet.pt\/index.php\/wp-json\/wp\/v2\/pages\/1479\/revisions\/2871"}],"wp:attachment":[{"href":"https:\/\/percursoseideias.iscet.pt\/index.php\/wp-json\/wp\/v2\/media?parent=1479"}],"curies":[{"name":"wp","href":"https:\/\/api.w.org\/{rel}","templated":true}]}}