{"id":1473,"date":"2022-03-04T16:51:39","date_gmt":"2022-03-04T16:51:39","guid":{"rendered":"http:\/\/percursoseideias.iscet.pt\/?page_id=1473"},"modified":"2022-10-15T15:28:15","modified_gmt":"2022-10-15T15:28:15","slug":"sol2022n120002","status":"publish","type":"page","link":"https:\/\/percursoseideias.iscet.pt\/index.php\/sol2022n120002\/","title":{"rendered":"Volume 12 &#8211; 2022 (0002)"},"content":{"rendered":"\n<div class=\"wp-block-columns is-layout-flex wp-container-core-columns-is-layout-9d6595d7 wp-block-columns-is-layout-flex\">\n<div class=\"wp-block-column is-layout-flow wp-block-column-is-layout-flow\" style=\"flex-basis:20%\">\n<figure class=\"wp-block-image size-large\"><img loading=\"lazy\" decoding=\"async\" width=\"724\" height=\"1024\" src=\"https:\/\/percursoseideias.iscet.pt\/wp-content\/uploads\/2022\/03\/Capa_12-724x1024.jpg\" alt=\"\" class=\"wp-image-2451\" srcset=\"https:\/\/percursoseideias.iscet.pt\/wp-content\/uploads\/2022\/03\/Capa_12-724x1024.jpg 724w, https:\/\/percursoseideias.iscet.pt\/wp-content\/uploads\/2022\/03\/Capa_12-212x300.jpg 212w, https:\/\/percursoseideias.iscet.pt\/wp-content\/uploads\/2022\/03\/Capa_12-768x1086.jpg 768w, https:\/\/percursoseideias.iscet.pt\/wp-content\/uploads\/2022\/03\/Capa_12-1086x1536.jpg 1086w, https:\/\/percursoseideias.iscet.pt\/wp-content\/uploads\/2022\/03\/Capa_12-1448x2048.jpg 1448w, https:\/\/percursoseideias.iscet.pt\/wp-content\/uploads\/2022\/03\/Capa_12-scaled.jpg 1811w\" sizes=\"auto, (max-width: 724px) 100vw, 724px\" \/><\/figure>\n\n\n\n<p class=\"has-text-align-center\" style=\"font-size:16px\"><a href=\"https:\/\/percursoseideias.iscet.pt\/index.php\/mp2022n120001\/\"><img loading=\"lazy\" decoding=\"async\" width=\"16\" height=\"13\" class=\"wp-image-373\" style=\"width: 16px;\" src=\"https:\/\/percursoseideias.iscet.pt\/wp-content\/uploads\/2022\/03\/DoubleArrow_Left.jpg\" alt=\"\" srcset=\"https:\/\/percursoseideias.iscet.pt\/wp-content\/uploads\/2022\/03\/DoubleArrow_Left.jpg 1150w, https:\/\/percursoseideias.iscet.pt\/wp-content\/uploads\/2022\/03\/DoubleArrow_Left-300x239.jpg 300w, https:\/\/percursoseideias.iscet.pt\/wp-content\/uploads\/2022\/03\/DoubleArrow_Left-1024x816.jpg 1024w, https:\/\/percursoseideias.iscet.pt\/wp-content\/uploads\/2022\/03\/DoubleArrow_Left-768x612.jpg 768w\" sizes=\"auto, (max-width: 16px) 100vw, 16px\" \/><\/a>  <a href=\"https:\/\/percursoseideias.iscet.pt\/index.php\/mp2022n120001\/\"><img loading=\"lazy\" decoding=\"async\" width=\"11\" height=\"12\" class=\"wp-image-371\" style=\"width: 11px;\" src=\"https:\/\/percursoseideias.iscet.pt\/wp-content\/uploads\/2022\/03\/Arrow_Left.jpg\" alt=\"\" srcset=\"https:\/\/percursoseideias.iscet.pt\/wp-content\/uploads\/2022\/03\/Arrow_Left.jpg 820w, https:\/\/percursoseideias.iscet.pt\/wp-content\/uploads\/2022\/03\/Arrow_Left-269x300.jpg 269w, https:\/\/percursoseideias.iscet.pt\/wp-content\/uploads\/2022\/03\/Arrow_Left-150x150.jpg 150w, https:\/\/percursoseideias.iscet.pt\/wp-content\/uploads\/2022\/03\/Arrow_Left-768x858.jpg 768w, https:\/\/percursoseideias.iscet.pt\/wp-content\/uploads\/2022\/03\/Arrow_Left-80x80.jpg 80w, https:\/\/percursoseideias.iscet.pt\/wp-content\/uploads\/2022\/03\/Arrow_Left-320x320.jpg 320w\" sizes=\"auto, (max-width: 11px) 100vw, 11px\" \/><\/a>  <a href=\"https:\/\/percursoseideias.iscet.pt\/index.php\/current-issues\/\">Contents<\/a>  <a href=\"https:\/\/percursoseideias.iscet.pt\/index.php\/mp2022n120003\/\"><img loading=\"lazy\" decoding=\"async\" width=\"11\" height=\"12\" class=\"wp-image-372\" style=\"width: 11px;\" src=\"https:\/\/percursoseideias.iscet.pt\/wp-content\/uploads\/2022\/03\/Arrow_Right.jpg\" alt=\"\" srcset=\"https:\/\/percursoseideias.iscet.pt\/wp-content\/uploads\/2022\/03\/Arrow_Right.jpg 820w, https:\/\/percursoseideias.iscet.pt\/wp-content\/uploads\/2022\/03\/Arrow_Right-269x300.jpg 269w, https:\/\/percursoseideias.iscet.pt\/wp-content\/uploads\/2022\/03\/Arrow_Right-150x150.jpg 150w, https:\/\/percursoseideias.iscet.pt\/wp-content\/uploads\/2022\/03\/Arrow_Right-768x858.jpg 768w, https:\/\/percursoseideias.iscet.pt\/wp-content\/uploads\/2022\/03\/Arrow_Right-80x80.jpg 80w, https:\/\/percursoseideias.iscet.pt\/wp-content\/uploads\/2022\/03\/Arrow_Right-320x320.jpg 320w\" sizes=\"auto, (max-width: 11px) 100vw, 11px\" \/><\/a>  <a href=\"https:\/\/percursoseideias.iscet.pt\/index.php\/sol2022n120012\/\"><img loading=\"lazy\" decoding=\"async\" width=\"16\" height=\"13\" class=\"wp-image-374\" style=\"width: 16px;\" src=\"https:\/\/percursoseideias.iscet.pt\/wp-content\/uploads\/2022\/03\/DoubleArrow_Right.jpg\" alt=\"\" srcset=\"https:\/\/percursoseideias.iscet.pt\/wp-content\/uploads\/2022\/03\/DoubleArrow_Right.jpg 1150w, https:\/\/percursoseideias.iscet.pt\/wp-content\/uploads\/2022\/03\/DoubleArrow_Right-300x239.jpg 300w, https:\/\/percursoseideias.iscet.pt\/wp-content\/uploads\/2022\/03\/DoubleArrow_Right-1024x816.jpg 1024w, https:\/\/percursoseideias.iscet.pt\/wp-content\/uploads\/2022\/03\/DoubleArrow_Right-768x612.jpg 768w\" sizes=\"auto, (max-width: 16px) 100vw, 16px\" \/><\/a><br><a href=\"https:\/\/percursoseideias.iscet.pt\/index.php\/archive\/\">Archive<\/a><\/p>\n<\/div>\n\n\n\n<div class=\"wp-block-column is-layout-flow wp-block-column-is-layout-flow\" style=\"flex-basis:66.66%\">\n<p style=\"font-size:30px\"><strong>Telemedicina versus Prote\u00e7\u00e3o de Dados Pessoais. Os Dados de Sa\u00fade como Dados Pessoais<\/strong><\/p>\n\n\n\n<p class=\"has-medium-font-size\">Ana Paula Cabral <a rel=\"noreferrer noopener\" href=\"mailto:acabral@iscet.pt.\" target=\"_blank\"><img decoding=\"async\" class=\"wp-image-299\" style=\"width: 15px;\" src=\"http:\/\/magano.com\/percursoseideias\/wp-content\/uploads\/2022\/02\/envelope.png\" alt=\"\"><\/a> <sup>1<\/sup><\/p>\n\n\n\n<p style=\"font-size:15px\"><sup>1<\/sup> ISCET &#8211; High Institute of Business and Tourism Sciences, Porto, Portugal<\/p>\n\n\n\n<p style=\"font-size:16px\"><a href=\"https:\/\/percursoseideias.iscet.pt\/articles\/sol2022n120002.ris.zip\" target=\"_blank\" rel=\"noreferrer noopener\"><img loading=\"lazy\" decoding=\"async\" width=\"15\" height=\"11\" class=\"wp-image-1530\" style=\"width: 15px;\" src=\"https:\/\/percursoseideias.iscet.pt\/wp-content\/uploads\/2022\/03\/qmarks1.png\" alt=\"\" srcset=\"https:\/\/percursoseideias.iscet.pt\/wp-content\/uploads\/2022\/03\/qmarks1.png 632w, https:\/\/percursoseideias.iscet.pt\/wp-content\/uploads\/2022\/03\/qmarks1-300x229.png 300w\" sizes=\"auto, (max-width: 15px) 100vw, 15px\" \/><\/a> <a href=\"https:\/\/percursoseideias.iscet.pt\/articles\/sol2022n120002.ris.zip\" target=\"_blank\" rel=\"noreferrer noopener\">Download citation<\/a>. To cite this text:<\/p>\n\n\n\n<p style=\"font-size:15px\">Cabral, A. P. (2022). Telemedicina versus Prote\u00e7\u00e3o de Dados Pessoais. Os Dados de Sa\u00fade como Dados Pessoais, <em>Percursos &amp; Ideias<\/em>, <em>12<\/em>, 13-19.<\/p>\n\n\n\n<p style=\"font-size:15px\">doi:10.56123\/percursos.2022.n12.13<\/p>\n\n\n\n<p style=\"font-size:15px\">Published 12 October 2022. Language: Portuguese.<\/p>\n\n\n\n<p style=\"font-size:15px\">Section: Solicitor.<\/p>\n\n\n\n<p style=\"font-size:15px\"><a href=\"https:\/\/percursoseideias.iscet.pt\/articles\/sol2022n120002.pdf\" target=\"_blank\" rel=\"noreferrer noopener\">View Full Text PDF<\/a> <a href=\"https:\/\/percursoseideias.iscet.pt\/articles\/sol2022n120002.pdf\" target=\"_blank\" rel=\"noreferrer noopener\"><img decoding=\"async\" class=\"wp-image-213\" style=\"width: 20px;\" src=\"http:\/\/magano.com\/percursoseideias\/wp-content\/uploads\/2022\/02\/PDF_logo.jpeg\" alt=\"\"><\/a>  <\/p>\n\n\n\n<p><strong>Abstract<\/strong><\/p>\n\n\n\n<p style=\"font-size:16px\">Telemedicine was adopted, in the Portuguese Health System, as a tool that helps in the provision of health care, helping, in a pandemic, against the spread of the virus that causes COVID-19. However, the use of telemedicine contributes to an increased risk of breaching personal data, especially special data such as health data. There is a great challenge to strike a balance between the increasingly frequent use of telemedicine (a non-regression reality) and the protection of personal data, especially health data. This challenge of conforming the requirements of protection of the fundamental right to health protection with the protection of privacy, personal data, can be achieved with an effort of legal provision, of new regulation of this reality, accompanied by extra care when using the telemedicine, in order to avoid the realization of the risk of violation of the aforementioned data.<\/p>\n\n\n\n<p><strong>Keywords<\/strong><\/p>\n\n\n\n<p style=\"font-size:16px\">Personal data, Protection, Health, Telemedicine, Pandemic.<\/p>\n\n\n\n<p><strong>References<\/strong><\/p>\n\n\n\n<p style=\"font-size:14px\">ANDRADE, Jos\u00e9 Carlos Vieira de (2019), <em>Os Direitos Fundamentais Na Constitui\u00e7\u00e3o Portuguesa de 1976<\/em>, 6\u00aa ed., Coimbra, Almedina.<\/p>\n\n\n\n<p style=\"font-size:14px\">CALV\u00c3O, Filipa Urbano (2018), <em>Direito da Prote\u00e7\u00e3o de Dados Pessoais<\/em>, Porto, Universidade Cat\u00f3lica.<\/p>\n\n\n\n<p style=\"font-size:14px\">CANOTILHO, J. J. Gomes (2018, Reimpress\u00e3o 2019), <em>Direito Constitucional e Teoria da Constitui\u00e7\u00e3o<\/em>, 7\u00aa ed., Coimbra, Almedina.<\/p>\n\n\n\n<p style=\"font-size:14px\">CANOTILHO, J. J. Gomes; MOREIRA, Vital (2014), <em>Constitui\u00e7\u00e3o da Rep\u00fablica Portuguesa Anotada<\/em>, Vol. I, 4\u00aa Ed. Revista \u2013 Reimpress\u00e3o, Coimbra, Coimbra Editora.<\/p>\n\n\n\n<p style=\"font-size:14px\">CNPD (2007), <em>Tratamento de dados de sa\u00fade: estudos e ensaios cl\u00ednicos<\/em>, 1\u00aa ed., Lisboa, Comiss\u00e3o Nacional de Prote\u00e7\u00e3o de Dados.<\/p>\n\n\n\n<p style=\"font-size:14px\">COMISS\u00c3O NACIONAL DE PROTE\u00c7\u00c3O DE DADOS (2015), F\u00f3rum de Prote\u00e7\u00e3o de Dados N.\u00ba 1, jul. 2015. Lisboa:<\/p>\n\n\n\n<p style=\"font-size:14px\">CORDEIRO, A. Barreto Menezes (2020), <em>Direito da Prote\u00e7\u00e3o de Dados \u2013 \u00c0 luz do RGPD e da Lei n.\u00ba 58\/2019<\/em>, Coimbra, Almedina.<\/p>\n\n\n\n<p style=\"font-size:14px\">EPORTUGAL GOV, [Consult. a 05\/04\/2021]. Dispon\u00edvel em: <a href=\"https:\/\/eportugal.gov.pt\/\" target=\"_blank\" rel=\"noreferrer noopener\">https:\/\/eportugal.gov.pt\/<\/a><\/p>\n\n\n\n<p style=\"font-size:14px\">EUROPEAN COMMISSION (2020), <em>Data protection as a pillar of citizens\u2019 empowerment and the EU\u2019s approach to the digital transition &#8211; two years of application of the General Data Protection Regulation<\/em>, Communication from the commission to the European Parliament and the Council, Brussels, European Commission.<\/p>\n\n\n\n<p style=\"font-size:14px\">LEAL, Cristina (2016), <em>O ac\u00f3rd\u00e3o Schrems do Tribunal de Justi\u00e7a da Uni\u00e3o Europeia: repercuss\u00f5es na esfera de a\u00e7\u00e3o das autoridades nacionais de prote\u00e7\u00e3o de dados<\/em>, S\/l, Comiss\u00e3o Nacional de Prote\u00e7\u00e3o de Dados.<\/p>\n\n\n\n<p style=\"font-size:14px\">MARTINS, H.; SANTANA, R.; LOUREIRO, P.; CORTES, M. (coord.), <em>Plano Estrat\u00e9gico Nacional para a Telessa\u00fade 2019-2022<\/em>, Lisboa, SPMS \u2013 Servi\u00e7os Partilhados do Minist\u00e9rio da Sa\u00fade, E.P.E. Centro Nacional de TeleSa\u00fade.<\/p>\n\n\n\n<p style=\"font-size:14px\">MATOS, R.; SANTANA, R.; MENDES, R. V.; MARQUES, A. P.; &amp; MESTRE, R. (2014), <em>Telemedicina em Portugal: onde estamos<\/em>, Lisboa, Funda\u00e7\u00e3o Calouste Gulbenkian.<\/p>\n\n\n\n<p style=\"font-size:14px\">MIRANDA, Jorge (2017), <em>Direitos Fundamentais<\/em>, Coimbra, Almedina.<\/p>\n\n\n\n<p style=\"font-size:14px\">PINHEIRO, Alexandre Sousa; COELHO, Cristina Pimenta; DUARTE, Tatiana; GON\u00c7ALVES, Carlos Jorge; GON\u00c7ALVES, Catarina Pina (2018), <em>Coment\u00e1rio ao Regulamento Geral de Prote\u00e7\u00e3o de Dados<\/em>, Coimbra, Almedina.<\/p>\n\n\n\n<p style=\"font-size:14px\">WORLD HEALTH ORGANIZATION (2010), <em>Telemedicine: Opportunities and developments in member states<\/em>, [Consult. 05\/04\/2021]. Dispon\u00edvel em: <a href=\"https:\/\/www.who.int\/goe\/publications\/goe_telemedicine_2010.pdf\" target=\"_blank\" rel=\"noreferrer noopener\">https:\/\/www.who.int\/goe\/publications\/goe_telemedicine_2010.pdf<\/a><\/p>\n<\/div>\n<\/div>\n\n\n\n<p><\/p>\n","protected":false},"excerpt":{"rendered":"<p>Contents Archive Telemedicina versus Prote\u00e7\u00e3o de Dados Pessoais. Os Dados de Sa\u00fade como Dados Pessoais Ana Paula Cabral 1 1 ISCET &#8211; High Institute of Business and Tourism Sciences, Porto, Portugal Download citation. To&#46;&#46;&#46;<\/p>\n","protected":false},"author":6,"featured_media":0,"parent":0,"menu_order":0,"comment_status":"closed","ping_status":"closed","template":"","meta":{"footnotes":""},"class_list":["post-1473","page","type-page","status-publish","hentry"],"_links":{"self":[{"href":"https:\/\/percursoseideias.iscet.pt\/index.php\/wp-json\/wp\/v2\/pages\/1473","targetHints":{"allow":["GET"]}}],"collection":[{"href":"https:\/\/percursoseideias.iscet.pt\/index.php\/wp-json\/wp\/v2\/pages"}],"about":[{"href":"https:\/\/percursoseideias.iscet.pt\/index.php\/wp-json\/wp\/v2\/types\/page"}],"author":[{"embeddable":true,"href":"https:\/\/percursoseideias.iscet.pt\/index.php\/wp-json\/wp\/v2\/users\/6"}],"replies":[{"embeddable":true,"href":"https:\/\/percursoseideias.iscet.pt\/index.php\/wp-json\/wp\/v2\/comments?post=1473"}],"version-history":[{"count":32,"href":"https:\/\/percursoseideias.iscet.pt\/index.php\/wp-json\/wp\/v2\/pages\/1473\/revisions"}],"predecessor-version":[{"id":2859,"href":"https:\/\/percursoseideias.iscet.pt\/index.php\/wp-json\/wp\/v2\/pages\/1473\/revisions\/2859"}],"wp:attachment":[{"href":"https:\/\/percursoseideias.iscet.pt\/index.php\/wp-json\/wp\/v2\/media?parent=1473"}],"curies":[{"name":"wp","href":"https:\/\/api.w.org\/{rel}","templated":true}]}}