{"id":1218,"date":"2022-03-03T16:47:50","date_gmt":"2022-03-03T16:47:50","guid":{"rendered":"http:\/\/percursoseideias.iscet.pt\/?page_id=1218"},"modified":"2022-03-06T11:20:21","modified_gmt":"2022-03-06T11:20:21","slug":"pi_2010_n02_tr03-2","status":"publish","type":"page","link":"https:\/\/percursoseideias.iscet.pt\/index.php\/pi_2010_n02_tr03-2\/","title":{"rendered":"Volume 2 &#8211; 2010 &#8211; Tourism Issue (TR03)"},"content":{"rendered":"\n<div class=\"wp-block-columns is-layout-flex wp-container-core-columns-is-layout-9d6595d7 wp-block-columns-is-layout-flex\">\n<div class=\"wp-block-column is-layout-flow wp-block-column-is-layout-flow\" style=\"flex-basis:20%\">\n<figure class=\"wp-block-image size-large\"><img loading=\"lazy\" decoding=\"async\" width=\"732\" height=\"1024\" src=\"https:\/\/percursoseideias.iscet.pt\/wp-content\/uploads\/2022\/03\/revista-percursos-ideias-2_TUR-732x1024.png\" alt=\"\" class=\"wp-image-348\" srcset=\"https:\/\/percursoseideias.iscet.pt\/wp-content\/uploads\/2022\/03\/revista-percursos-ideias-2_TUR-732x1024.png 732w, https:\/\/percursoseideias.iscet.pt\/wp-content\/uploads\/2022\/03\/revista-percursos-ideias-2_TUR-214x300.png 214w, https:\/\/percursoseideias.iscet.pt\/wp-content\/uploads\/2022\/03\/revista-percursos-ideias-2_TUR-768x1074.png 768w, https:\/\/percursoseideias.iscet.pt\/wp-content\/uploads\/2022\/03\/revista-percursos-ideias-2_TUR-1098x1536.png 1098w, https:\/\/percursoseideias.iscet.pt\/wp-content\/uploads\/2022\/03\/revista-percursos-ideias-2_TUR-1464x2048.png 1464w, https:\/\/percursoseideias.iscet.pt\/wp-content\/uploads\/2022\/03\/revista-percursos-ideias-2_TUR.png 1788w\" sizes=\"auto, (max-width: 732px) 100vw, 732px\" \/><\/figure>\n\n\n\n<p class=\"has-text-align-center\" style=\"font-size:16px\"><a href=\"https:\/\/percursoseideias.iscet.pt\/index.php\/pi_2010_n02_tr01-2\/\"><img loading=\"lazy\" decoding=\"async\" width=\"16\" height=\"13\" class=\"wp-image-373\" style=\"width: 16px;\" src=\"https:\/\/percursoseideias.iscet.pt\/wp-content\/uploads\/2022\/03\/DoubleArrow_Left.jpg\" alt=\"\" srcset=\"https:\/\/percursoseideias.iscet.pt\/wp-content\/uploads\/2022\/03\/DoubleArrow_Left.jpg 1150w, https:\/\/percursoseideias.iscet.pt\/wp-content\/uploads\/2022\/03\/DoubleArrow_Left-300x239.jpg 300w, https:\/\/percursoseideias.iscet.pt\/wp-content\/uploads\/2022\/03\/DoubleArrow_Left-1024x816.jpg 1024w, https:\/\/percursoseideias.iscet.pt\/wp-content\/uploads\/2022\/03\/DoubleArrow_Left-768x612.jpg 768w\" sizes=\"auto, (max-width: 16px) 100vw, 16px\" \/><\/a>  <a href=\"https:\/\/percursoseideias.iscet.pt\/index.php\/pi_2010_n02_tr02-2\/\"><img loading=\"lazy\" decoding=\"async\" width=\"11\" height=\"12\" class=\"wp-image-371\" style=\"width: 11px;\" src=\"https:\/\/percursoseideias.iscet.pt\/wp-content\/uploads\/2022\/03\/Arrow_Left.jpg\" alt=\"\" srcset=\"https:\/\/percursoseideias.iscet.pt\/wp-content\/uploads\/2022\/03\/Arrow_Left.jpg 820w, https:\/\/percursoseideias.iscet.pt\/wp-content\/uploads\/2022\/03\/Arrow_Left-269x300.jpg 269w, https:\/\/percursoseideias.iscet.pt\/wp-content\/uploads\/2022\/03\/Arrow_Left-150x150.jpg 150w, https:\/\/percursoseideias.iscet.pt\/wp-content\/uploads\/2022\/03\/Arrow_Left-768x858.jpg 768w, https:\/\/percursoseideias.iscet.pt\/wp-content\/uploads\/2022\/03\/Arrow_Left-80x80.jpg 80w, https:\/\/percursoseideias.iscet.pt\/wp-content\/uploads\/2022\/03\/Arrow_Left-320x320.jpg 320w\" sizes=\"auto, (max-width: 11px) 100vw, 11px\" \/><\/a>  <a href=\"https:\/\/percursoseideias.iscet.pt\/index.php\/volumes-2-2010-tourism-issue\/\">Contents<\/a>  <a href=\"https:\/\/percursoseideias.iscet.pt\/index.php\/pi_2010_n02_tr04-2\/\"><img loading=\"lazy\" decoding=\"async\" width=\"11\" height=\"12\" class=\"wp-image-372\" style=\"width: 11px;\" src=\"https:\/\/percursoseideias.iscet.pt\/wp-content\/uploads\/2022\/03\/Arrow_Right.jpg\" alt=\"\" srcset=\"https:\/\/percursoseideias.iscet.pt\/wp-content\/uploads\/2022\/03\/Arrow_Right.jpg 820w, https:\/\/percursoseideias.iscet.pt\/wp-content\/uploads\/2022\/03\/Arrow_Right-269x300.jpg 269w, https:\/\/percursoseideias.iscet.pt\/wp-content\/uploads\/2022\/03\/Arrow_Right-150x150.jpg 150w, https:\/\/percursoseideias.iscet.pt\/wp-content\/uploads\/2022\/03\/Arrow_Right-768x858.jpg 768w, https:\/\/percursoseideias.iscet.pt\/wp-content\/uploads\/2022\/03\/Arrow_Right-80x80.jpg 80w, https:\/\/percursoseideias.iscet.pt\/wp-content\/uploads\/2022\/03\/Arrow_Right-320x320.jpg 320w\" sizes=\"auto, (max-width: 11px) 100vw, 11px\" \/><\/a>  <a href=\"https:\/\/percursoseideias.iscet.pt\/index.php\/pi_2010_n02_tr19-2\/\"><img loading=\"lazy\" decoding=\"async\" width=\"16\" height=\"13\" class=\"wp-image-374\" style=\"width: 16px;\" src=\"https:\/\/percursoseideias.iscet.pt\/wp-content\/uploads\/2022\/03\/DoubleArrow_Right.jpg\" alt=\"\" srcset=\"https:\/\/percursoseideias.iscet.pt\/wp-content\/uploads\/2022\/03\/DoubleArrow_Right.jpg 1150w, https:\/\/percursoseideias.iscet.pt\/wp-content\/uploads\/2022\/03\/DoubleArrow_Right-300x239.jpg 300w, https:\/\/percursoseideias.iscet.pt\/wp-content\/uploads\/2022\/03\/DoubleArrow_Right-1024x816.jpg 1024w, https:\/\/percursoseideias.iscet.pt\/wp-content\/uploads\/2022\/03\/DoubleArrow_Right-768x612.jpg 768w\" sizes=\"auto, (max-width: 16px) 100vw, 16px\" \/><\/a><br><a href=\"https:\/\/percursoseideias.iscet.pt\/index.php\/archive\/\">Archive<\/a><br><a href=\"https:\/\/percursoseideias.iscet.pt\/index.php\/current-issues\/\">Current issue<\/a><\/p>\n<\/div>\n\n\n\n<div class=\"wp-block-column is-layout-flow wp-block-column-is-layout-flow\" style=\"flex-basis:66.66%\">\n<p style=\"font-size:30px\"><strong>A Import\u00e2ncia das Tecnologias de Informa\u00e7\u00e3o e Comunica\u00e7\u00e3o no Desenvolvimento das Rotas dos Vinhos Portuguesas<\/strong><\/p>\n\n\n\n<p class=\"has-medium-font-size\">Cristina Barroco<sup>1<\/sup>, Suzanne Amaro<sup>1<\/sup> and Joaquim Antunes<sup>1<\/sup><\/p>\n\n\n\n<p style=\"font-size:15px\"><sup>1<\/sup> Polytechnic Institute of Viseu, Portugal<\/p>\n\n\n\n<p style=\"font-size:16px\">To cite this text:<\/p>\n\n\n\n<p style=\"font-size:15px\">Barroco, C., Amaro, S. &amp; Antunes, J. (2010), A Import\u00e2ncia das Tecnologias de Informa\u00e7\u00e3o e Comunica\u00e7\u00e3o no Desenvolvimento das Rotas dos Vinhos Portuguesas, <em>Percursos &amp; Ideias<\/em>, Vol. 2, pp. 21-30.<\/p>\n\n\n\n<p style=\"font-size:15px\"><a href=\"https:\/\/percursoseideias.iscet.pt\/wp-content\/uploads\/2022\/03\/PI_2010_N02_TR03.pdf\" target=\"_blank\" rel=\"noreferrer noopener\">View full text PDF<\/a> <a href=\"https:\/\/percursoseideias.iscet.pt\/wp-content\/uploads\/2022\/03\/PI_2010_N02_TR03.pdf\" target=\"_blank\" rel=\"noreferrer noopener\"><img decoding=\"async\" class=\"wp-image-213\" style=\"width: 20px;\" src=\"http:\/\/magano.com\/percursoseideias\/wp-content\/uploads\/2022\/02\/PDF_logo.jpeg\" alt=\"\"><\/a>  <\/p>\n\n\n\n<p><strong>Abstract<\/strong><\/p>\n\n\n\n<p style=\"font-size:16px\">Wine routes, while privileged instruments of organization and publicity of Enotourism, are catalytic poles for the potentialities the wine regions have within themselves, acting as a lever for the local and regional development. In this study, we approach the theme of the usage of Information and Communication Technologies (ICT) as an essential instrument for the development of the 11 wine routes that exist in Portugal. Using various indicators, we will analyse the presence of the Portuguese Wine Routes on the Internet and the quality of their sites (information provided, strategic alliances, languages, etc.). The information obtained is a starting point for the implementation of strategies to make the wine routes more competitive so that they may accomplish their main function: to contribute to local and regional development.<\/p>\n\n\n\n<p><strong>Keywords<\/strong><\/p>\n\n\n\n<p style=\"font-size:16px\">Enotourism, ICT, Regional Development, Wine Routes.<\/p>\n<\/div>\n<\/div>\n","protected":false},"excerpt":{"rendered":"<p>Contents ArchiveCurrent issue A Import\u00e2ncia das Tecnologias de Informa\u00e7\u00e3o e Comunica\u00e7\u00e3o no Desenvolvimento das Rotas dos Vinhos Portuguesas Cristina Barroco1, Suzanne Amaro1 and Joaquim Antunes1 1 Polytechnic Institute of Viseu, Portugal To cite this&#46;&#46;&#46;<\/p>\n","protected":false},"author":6,"featured_media":0,"parent":0,"menu_order":0,"comment_status":"closed","ping_status":"closed","template":"","meta":{"footnotes":""},"class_list":["post-1218","page","type-page","status-publish","hentry"],"_links":{"self":[{"href":"https:\/\/percursoseideias.iscet.pt\/index.php\/wp-json\/wp\/v2\/pages\/1218","targetHints":{"allow":["GET"]}}],"collection":[{"href":"https:\/\/percursoseideias.iscet.pt\/index.php\/wp-json\/wp\/v2\/pages"}],"about":[{"href":"https:\/\/percursoseideias.iscet.pt\/index.php\/wp-json\/wp\/v2\/types\/page"}],"author":[{"embeddable":true,"href":"https:\/\/percursoseideias.iscet.pt\/index.php\/wp-json\/wp\/v2\/users\/6"}],"replies":[{"embeddable":true,"href":"https:\/\/percursoseideias.iscet.pt\/index.php\/wp-json\/wp\/v2\/comments?post=1218"}],"version-history":[{"count":5,"href":"https:\/\/percursoseideias.iscet.pt\/index.php\/wp-json\/wp\/v2\/pages\/1218\/revisions"}],"predecessor-version":[{"id":2018,"href":"https:\/\/percursoseideias.iscet.pt\/index.php\/wp-json\/wp\/v2\/pages\/1218\/revisions\/2018"}],"wp:attachment":[{"href":"https:\/\/percursoseideias.iscet.pt\/index.php\/wp-json\/wp\/v2\/media?parent=1218"}],"curies":[{"name":"wp","href":"https:\/\/api.w.org\/{rel}","templated":true}]}}