{"id":120,"date":"2022-03-01T19:26:44","date_gmt":"2022-03-01T19:26:44","guid":{"rendered":"http:\/\/percursoseideias.iscet.pt\/?page_id=120"},"modified":"2022-03-03T08:14:38","modified_gmt":"2022-03-03T08:14:38","slug":"volume-8-2018","status":"publish","type":"page","link":"https:\/\/percursoseideias.iscet.pt\/index.php\/volume-8-2018\/","title":{"rendered":"Volume 8 (2018)"},"content":{"rendered":"\n<div class=\"wp-block-columns is-layout-flex wp-container-core-columns-is-layout-9d6595d7 wp-block-columns-is-layout-flex\">\n<div class=\"wp-block-column is-layout-flow wp-block-column-is-layout-flow\" style=\"flex-basis:33.33%\">\n<figure class=\"wp-block-image size-full\"><img loading=\"lazy\" decoding=\"async\" width=\"436\" height=\"640\" src=\"https:\/\/percursoseideias.iscet.pt\/wp-content\/uploads\/2022\/03\/revista-percursos-ideias-8.png\" alt=\"\" class=\"wp-image-230\" srcset=\"https:\/\/percursoseideias.iscet.pt\/wp-content\/uploads\/2022\/03\/revista-percursos-ideias-8.png 436w, https:\/\/percursoseideias.iscet.pt\/wp-content\/uploads\/2022\/03\/revista-percursos-ideias-8-204x300.png 204w\" sizes=\"auto, (max-width: 436px) 100vw, 436px\" \/><\/figure>\n\n\n\n<p class=\"has-text-align-center\" style=\"font-size:16px\"><a href=\"https:\/\/percursoseideias.iscet.pt\/index.php\/volume-1-2009\/\"><img loading=\"lazy\" decoding=\"async\" width=\"16\" height=\"13\" class=\"wp-image-373\" style=\"width: 16px;\" src=\"https:\/\/percursoseideias.iscet.pt\/wp-content\/uploads\/2022\/03\/DoubleArrow_Left.jpg\" alt=\"\" srcset=\"https:\/\/percursoseideias.iscet.pt\/wp-content\/uploads\/2022\/03\/DoubleArrow_Left.jpg 1150w, https:\/\/percursoseideias.iscet.pt\/wp-content\/uploads\/2022\/03\/DoubleArrow_Left-300x239.jpg 300w, https:\/\/percursoseideias.iscet.pt\/wp-content\/uploads\/2022\/03\/DoubleArrow_Left-1024x816.jpg 1024w, https:\/\/percursoseideias.iscet.pt\/wp-content\/uploads\/2022\/03\/DoubleArrow_Left-768x612.jpg 768w\" sizes=\"auto, (max-width: 16px) 100vw, 16px\" \/><\/a>  <a href=\"https:\/\/percursoseideias.iscet.pt\/index.php\/volume-7-2016-international-commerce-issue\/\"><img loading=\"lazy\" decoding=\"async\" width=\"11\" height=\"12\" class=\"wp-image-371\" style=\"width: 11px;\" src=\"https:\/\/percursoseideias.iscet.pt\/wp-content\/uploads\/2022\/03\/Arrow_Left.jpg\" alt=\"\" srcset=\"https:\/\/percursoseideias.iscet.pt\/wp-content\/uploads\/2022\/03\/Arrow_Left.jpg 820w, https:\/\/percursoseideias.iscet.pt\/wp-content\/uploads\/2022\/03\/Arrow_Left-269x300.jpg 269w, https:\/\/percursoseideias.iscet.pt\/wp-content\/uploads\/2022\/03\/Arrow_Left-150x150.jpg 150w, https:\/\/percursoseideias.iscet.pt\/wp-content\/uploads\/2022\/03\/Arrow_Left-768x858.jpg 768w, https:\/\/percursoseideias.iscet.pt\/wp-content\/uploads\/2022\/03\/Arrow_Left-80x80.jpg 80w, https:\/\/percursoseideias.iscet.pt\/wp-content\/uploads\/2022\/03\/Arrow_Left-320x320.jpg 320w\" sizes=\"auto, (max-width: 11px) 100vw, 11px\" \/><\/a>  <a href=\"https:\/\/percursoseideias.iscet.pt\/index.php\/archive\/\">Archive<\/a>  <a href=\"https:\/\/percursoseideias.iscet.pt\/index.php\/volume-9-2019\/\"><img loading=\"lazy\" decoding=\"async\" width=\"11\" height=\"12\" class=\"wp-image-372\" style=\"width: 11px;\" src=\"https:\/\/percursoseideias.iscet.pt\/wp-content\/uploads\/2022\/03\/Arrow_Right.jpg\" alt=\"\" srcset=\"https:\/\/percursoseideias.iscet.pt\/wp-content\/uploads\/2022\/03\/Arrow_Right.jpg 820w, https:\/\/percursoseideias.iscet.pt\/wp-content\/uploads\/2022\/03\/Arrow_Right-269x300.jpg 269w, https:\/\/percursoseideias.iscet.pt\/wp-content\/uploads\/2022\/03\/Arrow_Right-150x150.jpg 150w, https:\/\/percursoseideias.iscet.pt\/wp-content\/uploads\/2022\/03\/Arrow_Right-768x858.jpg 768w, https:\/\/percursoseideias.iscet.pt\/wp-content\/uploads\/2022\/03\/Arrow_Right-80x80.jpg 80w, https:\/\/percursoseideias.iscet.pt\/wp-content\/uploads\/2022\/03\/Arrow_Right-320x320.jpg 320w\" sizes=\"auto, (max-width: 11px) 100vw, 11px\" \/><\/a>  <a href=\"https:\/\/percursoseideias.iscet.pt\/index.php\/volume-11-2021\/\"><img loading=\"lazy\" decoding=\"async\" width=\"16\" height=\"13\" class=\"wp-image-374\" style=\"width: 16px;\" src=\"https:\/\/percursoseideias.iscet.pt\/wp-content\/uploads\/2022\/03\/DoubleArrow_Right.jpg\" alt=\"\" srcset=\"https:\/\/percursoseideias.iscet.pt\/wp-content\/uploads\/2022\/03\/DoubleArrow_Right.jpg 1150w, https:\/\/percursoseideias.iscet.pt\/wp-content\/uploads\/2022\/03\/DoubleArrow_Right-300x239.jpg 300w, https:\/\/percursoseideias.iscet.pt\/wp-content\/uploads\/2022\/03\/DoubleArrow_Right-1024x816.jpg 1024w, https:\/\/percursoseideias.iscet.pt\/wp-content\/uploads\/2022\/03\/DoubleArrow_Right-768x612.jpg 768w\" sizes=\"auto, (max-width: 16px) 100vw, 16px\" \/><\/a><br><a href=\"https:\/\/percursoseideias.iscet.pt\/wp-content\/uploads\/2022\/03\/PercursosIdeias_2018_N08_Completo.pdf\" target=\"_blank\" rel=\"noreferrer noopener\">Complete issue<\/a><br><a href=\"https:\/\/percursoseideias.iscet.pt\/index.php\/current-issues\/\">Current issue<\/a><\/p>\n<\/div>\n\n\n\n<div class=\"wp-block-column is-layout-flow wp-block-column-is-layout-flow\" style=\"flex-basis:66.66%\">\n<p><strong>Table of contents<\/strong><\/p>\n\n\n\n<figure class=\"wp-block-table alignleft is-style-regular\" style=\"font-size:16px\"><table><tbody><tr><td class=\"has-text-align-left\" data-align=\"left\">Editorial<br>Adalberto Dias de Carvalho <a rel=\"noreferrer noopener\" href=\"https:\/\/orcid.org\/%200000-0001-5826-7582\" target=\"_blank\"><img loading=\"lazy\" decoding=\"async\" width=\"15\" height=\"15\" class=\"wp-image-174\" style=\"width: 15px;\" src=\"https:\/\/percursoseideias.iscet.pt\/wp-content\/uploads\/2022\/03\/orcid-og-image.png\" alt=\"\" srcset=\"https:\/\/percursoseideias.iscet.pt\/wp-content\/uploads\/2022\/03\/orcid-og-image.png 263w, https:\/\/percursoseideias.iscet.pt\/wp-content\/uploads\/2022\/03\/orcid-og-image-150x150.png 150w, https:\/\/percursoseideias.iscet.pt\/wp-content\/uploads\/2022\/03\/orcid-og-image-80x80.png 80w\" sizes=\"auto, (max-width: 15px) 100vw, 15px\" \/><\/a><\/td><td class=\"has-text-align-right\" data-align=\"right\"><a href=\"https:\/\/percursoseideias.iscet.pt\/wp-content\/uploads\/2022\/03\/PI_2018_N08_Editorial.pdf\" target=\"_blank\" rel=\"noreferrer noopener\"><img loading=\"lazy\" decoding=\"async\" width=\"50\" height=\"50\" class=\"wp-image-175\" style=\"width: 50px;\" src=\"https:\/\/percursoseideias.iscet.pt\/wp-content\/uploads\/2022\/03\/PDF_logo.jpeg\" alt=\"\" srcset=\"https:\/\/percursoseideias.iscet.pt\/wp-content\/uploads\/2022\/03\/PDF_logo.jpeg 612w, https:\/\/percursoseideias.iscet.pt\/wp-content\/uploads\/2022\/03\/PDF_logo-300x300.jpeg 300w, https:\/\/percursoseideias.iscet.pt\/wp-content\/uploads\/2022\/03\/PDF_logo-150x150.jpeg 150w, https:\/\/percursoseideias.iscet.pt\/wp-content\/uploads\/2022\/03\/PDF_logo-80x80.jpeg 80w, https:\/\/percursoseideias.iscet.pt\/wp-content\/uploads\/2022\/03\/PDF_logo-320x320.jpeg 320w\" sizes=\"auto, (max-width: 50px) 100vw, 50px\" \/><\/a><\/td><\/tr><tr><td class=\"has-text-align-left\" data-align=\"left\"><a href=\"https:\/\/percursoseideias.iscet.pt\/index.php\/pi_2018_n08_0001-2\/\">Titula\u00e7\u00e3o de neg\u00f3cios jur\u00eddicos por documento particular autenticado<\/a><br>Lu\u00eds Ribeiro<\/td><td class=\"has-text-align-right\" data-align=\"right\"><a href=\"https:\/\/percursoseideias.iscet.pt\/wp-content\/uploads\/2022\/03\/PI_2018_N08_0001.pdf\" target=\"_blank\" rel=\"noreferrer noopener\"><img loading=\"lazy\" decoding=\"async\" width=\"50\" height=\"50\" class=\"wp-image-175\" style=\"width: 50px;\" src=\"https:\/\/percursoseideias.iscet.pt\/wp-content\/uploads\/2022\/03\/PDF_logo.jpeg\" alt=\"\" srcset=\"https:\/\/percursoseideias.iscet.pt\/wp-content\/uploads\/2022\/03\/PDF_logo.jpeg 612w, https:\/\/percursoseideias.iscet.pt\/wp-content\/uploads\/2022\/03\/PDF_logo-300x300.jpeg 300w, https:\/\/percursoseideias.iscet.pt\/wp-content\/uploads\/2022\/03\/PDF_logo-150x150.jpeg 150w, https:\/\/percursoseideias.iscet.pt\/wp-content\/uploads\/2022\/03\/PDF_logo-80x80.jpeg 80w, https:\/\/percursoseideias.iscet.pt\/wp-content\/uploads\/2022\/03\/PDF_logo-320x320.jpeg 320w\" sizes=\"auto, (max-width: 50px) 100vw, 50px\" \/><\/a><\/td><\/tr><tr><td class=\"has-text-align-left\" data-align=\"left\"><a href=\"https:\/\/percursoseideias.iscet.pt\/index.php\/pi_2018_n08_0002-2\/\">Reflex\u00f5es sobre as recentes altera\u00e7\u00f5es ao Regime do Arrendamento Urbano \u2013 Perspetivas Futuras<\/a><br>Lu\u00edsa Maria Baptista Lopes Sousa<\/td><td class=\"has-text-align-right\" data-align=\"right\"><a href=\"https:\/\/percursoseideias.iscet.pt\/wp-content\/uploads\/2022\/03\/PI_2018_N08_0002.pdf\" target=\"_blank\" rel=\"noreferrer noopener\"><img loading=\"lazy\" decoding=\"async\" width=\"50\" height=\"50\" class=\"wp-image-175\" style=\"width: 50px;\" src=\"https:\/\/percursoseideias.iscet.pt\/wp-content\/uploads\/2022\/03\/PDF_logo.jpeg\" alt=\"\" srcset=\"https:\/\/percursoseideias.iscet.pt\/wp-content\/uploads\/2022\/03\/PDF_logo.jpeg 612w, https:\/\/percursoseideias.iscet.pt\/wp-content\/uploads\/2022\/03\/PDF_logo-300x300.jpeg 300w, https:\/\/percursoseideias.iscet.pt\/wp-content\/uploads\/2022\/03\/PDF_logo-150x150.jpeg 150w, https:\/\/percursoseideias.iscet.pt\/wp-content\/uploads\/2022\/03\/PDF_logo-80x80.jpeg 80w, https:\/\/percursoseideias.iscet.pt\/wp-content\/uploads\/2022\/03\/PDF_logo-320x320.jpeg 320w\" sizes=\"auto, (max-width: 50px) 100vw, 50px\" \/><\/a><\/td><\/tr><tr><td class=\"has-text-align-left\" data-align=\"left\"><a href=\"https:\/\/percursoseideias.iscet.pt\/index.php\/pi_2018_n08_0003-2\/\">Os institutos da prescri\u00e7\u00e3o e da caducidade no C\u00f3digo Civil<\/a><br>Melanie de Oliveira Neiva Santos <a rel=\"noreferrer noopener\" href=\"https:\/\/orcid.org\/0000-0001-7000-200X\" target=\"_blank\"><img loading=\"lazy\" decoding=\"async\" width=\"15\" height=\"15\" class=\"wp-image-174\" style=\"width: 15px;\" src=\"https:\/\/percursoseideias.iscet.pt\/wp-content\/uploads\/2022\/03\/orcid-og-image.png\" alt=\"\" srcset=\"https:\/\/percursoseideias.iscet.pt\/wp-content\/uploads\/2022\/03\/orcid-og-image.png 263w, https:\/\/percursoseideias.iscet.pt\/wp-content\/uploads\/2022\/03\/orcid-og-image-150x150.png 150w, https:\/\/percursoseideias.iscet.pt\/wp-content\/uploads\/2022\/03\/orcid-og-image-80x80.png 80w\" sizes=\"auto, (max-width: 15px) 100vw, 15px\" \/><\/a><\/td><td class=\"has-text-align-right\" data-align=\"right\"><a href=\"https:\/\/percursoseideias.iscet.pt\/wp-content\/uploads\/2022\/03\/PI_2018_N08_0003.pdf\" target=\"_blank\" rel=\"noreferrer noopener\"><img loading=\"lazy\" decoding=\"async\" width=\"50\" height=\"50\" class=\"wp-image-175\" style=\"width: 50px;\" src=\"https:\/\/percursoseideias.iscet.pt\/wp-content\/uploads\/2022\/03\/PDF_logo.jpeg\" alt=\"\" srcset=\"https:\/\/percursoseideias.iscet.pt\/wp-content\/uploads\/2022\/03\/PDF_logo.jpeg 612w, https:\/\/percursoseideias.iscet.pt\/wp-content\/uploads\/2022\/03\/PDF_logo-300x300.jpeg 300w, https:\/\/percursoseideias.iscet.pt\/wp-content\/uploads\/2022\/03\/PDF_logo-150x150.jpeg 150w, https:\/\/percursoseideias.iscet.pt\/wp-content\/uploads\/2022\/03\/PDF_logo-80x80.jpeg 80w, https:\/\/percursoseideias.iscet.pt\/wp-content\/uploads\/2022\/03\/PDF_logo-320x320.jpeg 320w\" sizes=\"auto, (max-width: 50px) 100vw, 50px\" \/><\/a><\/td><\/tr><tr><td class=\"has-text-align-left\" data-align=\"left\"><a href=\"https:\/\/percursoseideias.iscet.pt\/index.php\/pi_2018_n08_0004-2\/\">A Emerg\u00eancia e Desenvolvimento global do Corporate Governance<\/a><br>Cl\u00e1udio Flores<\/td><td class=\"has-text-align-right\" data-align=\"right\"><a href=\"https:\/\/percursoseideias.iscet.pt\/wp-content\/uploads\/2022\/03\/PI_2018_N08_0004.pdf\" target=\"_blank\" rel=\"noreferrer noopener\"><img loading=\"lazy\" decoding=\"async\" width=\"50\" height=\"50\" class=\"wp-image-175\" style=\"width: 50px;\" src=\"https:\/\/percursoseideias.iscet.pt\/wp-content\/uploads\/2022\/03\/PDF_logo.jpeg\" alt=\"\" srcset=\"https:\/\/percursoseideias.iscet.pt\/wp-content\/uploads\/2022\/03\/PDF_logo.jpeg 612w, https:\/\/percursoseideias.iscet.pt\/wp-content\/uploads\/2022\/03\/PDF_logo-300x300.jpeg 300w, https:\/\/percursoseideias.iscet.pt\/wp-content\/uploads\/2022\/03\/PDF_logo-150x150.jpeg 150w, https:\/\/percursoseideias.iscet.pt\/wp-content\/uploads\/2022\/03\/PDF_logo-80x80.jpeg 80w, https:\/\/percursoseideias.iscet.pt\/wp-content\/uploads\/2022\/03\/PDF_logo-320x320.jpeg 320w\" sizes=\"auto, (max-width: 50px) 100vw, 50px\" \/><\/a><\/td><\/tr><tr><td class=\"has-text-align-left\" data-align=\"left\"><a href=\"https:\/\/percursoseideias.iscet.pt\/index.php\/pi_2018_n08_0005-2\/\">Pena de Morte: 150 anos depois da sua aboli\u00e7\u00e3o em Portugal \u2013 O Estado e a pena de morte<\/a><br>Ana Paula Cabral<\/td><td class=\"has-text-align-right\" data-align=\"right\"><a href=\"https:\/\/percursoseideias.iscet.pt\/wp-content\/uploads\/2022\/03\/PI_2018_N08_0005.pdf\" target=\"_blank\" rel=\"noreferrer noopener\"><img loading=\"lazy\" decoding=\"async\" width=\"50\" height=\"50\" class=\"wp-image-175\" style=\"width: 50px;\" src=\"https:\/\/percursoseideias.iscet.pt\/wp-content\/uploads\/2022\/03\/PDF_logo.jpeg\" alt=\"\" srcset=\"https:\/\/percursoseideias.iscet.pt\/wp-content\/uploads\/2022\/03\/PDF_logo.jpeg 612w, https:\/\/percursoseideias.iscet.pt\/wp-content\/uploads\/2022\/03\/PDF_logo-300x300.jpeg 300w, https:\/\/percursoseideias.iscet.pt\/wp-content\/uploads\/2022\/03\/PDF_logo-150x150.jpeg 150w, https:\/\/percursoseideias.iscet.pt\/wp-content\/uploads\/2022\/03\/PDF_logo-80x80.jpeg 80w, https:\/\/percursoseideias.iscet.pt\/wp-content\/uploads\/2022\/03\/PDF_logo-320x320.jpeg 320w\" sizes=\"auto, (max-width: 50px) 100vw, 50px\" \/><\/a><\/td><\/tr><tr><td class=\"has-text-align-left\" data-align=\"left\"><a href=\"https:\/\/percursoseideias.iscet.pt\/index.php\/pi_2018_n08_0006-2\/\">Jogos com fronteiras: o regresso do proteccionismo e do mercantilismo<\/a><br>Jos\u00e9 Pedro Teixeira Fernandes <a rel=\"noreferrer noopener\" href=\"https:\/\/orcid.org\/0000-0002-5633-4443\" target=\"_blank\"><img loading=\"lazy\" decoding=\"async\" width=\"15\" height=\"15\" class=\"wp-image-174\" style=\"width: 15px;\" src=\"https:\/\/percursoseideias.iscet.pt\/wp-content\/uploads\/2022\/03\/orcid-og-image.png\" alt=\"\" srcset=\"https:\/\/percursoseideias.iscet.pt\/wp-content\/uploads\/2022\/03\/orcid-og-image.png 263w, https:\/\/percursoseideias.iscet.pt\/wp-content\/uploads\/2022\/03\/orcid-og-image-150x150.png 150w, https:\/\/percursoseideias.iscet.pt\/wp-content\/uploads\/2022\/03\/orcid-og-image-80x80.png 80w\" sizes=\"auto, (max-width: 15px) 100vw, 15px\" \/><\/a><\/td><td class=\"has-text-align-right\" data-align=\"right\"><a href=\"https:\/\/percursoseideias.iscet.pt\/wp-content\/uploads\/2022\/03\/PI_2018_N08_0006.pdf\" target=\"_blank\" rel=\"noreferrer noopener\"><img loading=\"lazy\" decoding=\"async\" width=\"50\" height=\"50\" class=\"wp-image-175\" style=\"width: 50px;\" src=\"https:\/\/percursoseideias.iscet.pt\/wp-content\/uploads\/2022\/03\/PDF_logo.jpeg\" alt=\"\" srcset=\"https:\/\/percursoseideias.iscet.pt\/wp-content\/uploads\/2022\/03\/PDF_logo.jpeg 612w, https:\/\/percursoseideias.iscet.pt\/wp-content\/uploads\/2022\/03\/PDF_logo-300x300.jpeg 300w, https:\/\/percursoseideias.iscet.pt\/wp-content\/uploads\/2022\/03\/PDF_logo-150x150.jpeg 150w, https:\/\/percursoseideias.iscet.pt\/wp-content\/uploads\/2022\/03\/PDF_logo-80x80.jpeg 80w, https:\/\/percursoseideias.iscet.pt\/wp-content\/uploads\/2022\/03\/PDF_logo-320x320.jpeg 320w\" sizes=\"auto, (max-width: 50px) 100vw, 50px\" \/><\/a><\/td><\/tr><tr><td class=\"has-text-align-left\" data-align=\"left\"><a href=\"https:\/\/percursoseideias.iscet.pt\/index.php\/pi_2018_n08_0007-2\/\">City logistics \u2013 Literature review<\/a><br>Norberto Ant\u00f3nio Leite Bessa <a rel=\"noreferrer noopener\" href=\"https:\/\/orcid.org\/0000-0002-2726-7958\" target=\"_blank\"><img loading=\"lazy\" decoding=\"async\" width=\"15\" height=\"15\" class=\"wp-image-174\" style=\"width: 15px;\" src=\"https:\/\/percursoseideias.iscet.pt\/wp-content\/uploads\/2022\/03\/orcid-og-image.png\" alt=\"\" srcset=\"https:\/\/percursoseideias.iscet.pt\/wp-content\/uploads\/2022\/03\/orcid-og-image.png 263w, https:\/\/percursoseideias.iscet.pt\/wp-content\/uploads\/2022\/03\/orcid-og-image-150x150.png 150w, https:\/\/percursoseideias.iscet.pt\/wp-content\/uploads\/2022\/03\/orcid-og-image-80x80.png 80w\" sizes=\"auto, (max-width: 15px) 100vw, 15px\" \/><\/a><\/td><td class=\"has-text-align-right\" data-align=\"right\"><a href=\"https:\/\/percursoseideias.iscet.pt\/wp-content\/uploads\/2022\/03\/PI_2018_N08_0007.pdf\" target=\"_blank\" rel=\"noreferrer noopener\"><img loading=\"lazy\" decoding=\"async\" width=\"50\" height=\"50\" class=\"wp-image-175\" style=\"width: 50px;\" src=\"https:\/\/percursoseideias.iscet.pt\/wp-content\/uploads\/2022\/03\/PDF_logo.jpeg\" alt=\"\" srcset=\"https:\/\/percursoseideias.iscet.pt\/wp-content\/uploads\/2022\/03\/PDF_logo.jpeg 612w, https:\/\/percursoseideias.iscet.pt\/wp-content\/uploads\/2022\/03\/PDF_logo-300x300.jpeg 300w, https:\/\/percursoseideias.iscet.pt\/wp-content\/uploads\/2022\/03\/PDF_logo-150x150.jpeg 150w, https:\/\/percursoseideias.iscet.pt\/wp-content\/uploads\/2022\/03\/PDF_logo-80x80.jpeg 80w, https:\/\/percursoseideias.iscet.pt\/wp-content\/uploads\/2022\/03\/PDF_logo-320x320.jpeg 320w\" sizes=\"auto, (max-width: 50px) 100vw, 50px\" \/><\/a><\/td><\/tr><tr><td class=\"has-text-align-left\" data-align=\"left\"><a href=\"https:\/\/percursoseideias.iscet.pt\/index.php\/pi_2018_n08_0008-2\/\">A fronteira e o turismo<\/a><br>Jos\u00e9 Henrique Rocha Mour\u00e3o<\/td><td class=\"has-text-align-right\" data-align=\"right\"><a href=\"https:\/\/percursoseideias.iscet.pt\/wp-content\/uploads\/2022\/03\/PI_2018_N08_0008.pdf\" target=\"_blank\" rel=\"noreferrer noopener\"><img loading=\"lazy\" decoding=\"async\" width=\"50\" height=\"50\" class=\"wp-image-175\" style=\"width: 50px;\" src=\"https:\/\/percursoseideias.iscet.pt\/wp-content\/uploads\/2022\/03\/PDF_logo.jpeg\" alt=\"\" srcset=\"https:\/\/percursoseideias.iscet.pt\/wp-content\/uploads\/2022\/03\/PDF_logo.jpeg 612w, https:\/\/percursoseideias.iscet.pt\/wp-content\/uploads\/2022\/03\/PDF_logo-300x300.jpeg 300w, https:\/\/percursoseideias.iscet.pt\/wp-content\/uploads\/2022\/03\/PDF_logo-150x150.jpeg 150w, https:\/\/percursoseideias.iscet.pt\/wp-content\/uploads\/2022\/03\/PDF_logo-80x80.jpeg 80w, https:\/\/percursoseideias.iscet.pt\/wp-content\/uploads\/2022\/03\/PDF_logo-320x320.jpeg 320w\" sizes=\"auto, (max-width: 50px) 100vw, 50px\" \/><\/a><\/td><\/tr><tr><td class=\"has-text-align-left\" data-align=\"left\"><a href=\"https:\/\/percursoseideias.iscet.pt\/index.php\/pi_2018_n08_0009-2\/\">Duas turistas estrangeiras no Porto de Oitocentos: da condi\u00e7\u00e3o feminina aos limites do turismo<\/a><br>Jorge Ricardo Pinto <a rel=\"noreferrer noopener\" href=\"https:\/\/orcid.org\/0000-0002-0195-3853\" target=\"_blank\"><img loading=\"lazy\" decoding=\"async\" width=\"15\" height=\"15\" class=\"wp-image-174\" style=\"width: 15px;\" src=\"https:\/\/percursoseideias.iscet.pt\/wp-content\/uploads\/2022\/03\/orcid-og-image.png\" alt=\"\" srcset=\"https:\/\/percursoseideias.iscet.pt\/wp-content\/uploads\/2022\/03\/orcid-og-image.png 263w, https:\/\/percursoseideias.iscet.pt\/wp-content\/uploads\/2022\/03\/orcid-og-image-150x150.png 150w, https:\/\/percursoseideias.iscet.pt\/wp-content\/uploads\/2022\/03\/orcid-og-image-80x80.png 80w\" sizes=\"auto, (max-width: 15px) 100vw, 15px\" \/><\/a>, Daniela Alves, H\u00e9lder Barbosa, Marta Lopes<\/td><td class=\"has-text-align-right\" data-align=\"right\"><a href=\"https:\/\/percursoseideias.iscet.pt\/wp-content\/uploads\/2022\/03\/PI_2018_N08_0009.pdf\" target=\"_blank\" rel=\"noreferrer noopener\"><img loading=\"lazy\" decoding=\"async\" width=\"50\" height=\"50\" class=\"wp-image-175\" style=\"width: 50px;\" src=\"https:\/\/percursoseideias.iscet.pt\/wp-content\/uploads\/2022\/03\/PDF_logo.jpeg\" alt=\"\" srcset=\"https:\/\/percursoseideias.iscet.pt\/wp-content\/uploads\/2022\/03\/PDF_logo.jpeg 612w, https:\/\/percursoseideias.iscet.pt\/wp-content\/uploads\/2022\/03\/PDF_logo-300x300.jpeg 300w, https:\/\/percursoseideias.iscet.pt\/wp-content\/uploads\/2022\/03\/PDF_logo-150x150.jpeg 150w, https:\/\/percursoseideias.iscet.pt\/wp-content\/uploads\/2022\/03\/PDF_logo-80x80.jpeg 80w, https:\/\/percursoseideias.iscet.pt\/wp-content\/uploads\/2022\/03\/PDF_logo-320x320.jpeg 320w\" sizes=\"auto, (max-width: 50px) 100vw, 50px\" \/><\/a><\/td><\/tr><tr><td class=\"has-text-align-left\" data-align=\"left\"><a href=\"https:\/\/percursoseideias.iscet.pt\/index.php\/pi_2018_n08_0010-2\/\">Young adults and the consumption of soft drinks. Aspects of consumer behaviour regarding soft drinks consumption and consumer loyalty<\/a><br>Ana Catarina Martins Correia Soares<\/td><td class=\"has-text-align-right\" data-align=\"right\"><a href=\"https:\/\/percursoseideias.iscet.pt\/wp-content\/uploads\/2022\/03\/PI_2018_N08_0010.pdf\" target=\"_blank\" rel=\"noreferrer noopener\"><img loading=\"lazy\" decoding=\"async\" width=\"50\" height=\"50\" class=\"wp-image-175\" style=\"width: 50px;\" src=\"https:\/\/percursoseideias.iscet.pt\/wp-content\/uploads\/2022\/03\/PDF_logo.jpeg\" alt=\"\" srcset=\"https:\/\/percursoseideias.iscet.pt\/wp-content\/uploads\/2022\/03\/PDF_logo.jpeg 612w, https:\/\/percursoseideias.iscet.pt\/wp-content\/uploads\/2022\/03\/PDF_logo-300x300.jpeg 300w, https:\/\/percursoseideias.iscet.pt\/wp-content\/uploads\/2022\/03\/PDF_logo-150x150.jpeg 150w, https:\/\/percursoseideias.iscet.pt\/wp-content\/uploads\/2022\/03\/PDF_logo-80x80.jpeg 80w, https:\/\/percursoseideias.iscet.pt\/wp-content\/uploads\/2022\/03\/PDF_logo-320x320.jpeg 320w\" sizes=\"auto, (max-width: 50px) 100vw, 50px\" \/><\/a><\/td><\/tr><\/tbody><\/table><\/figure>\n<\/div>\n<\/div>\n","protected":false},"excerpt":{"rendered":"<p>Archive Complete issueCurrent issue Table of contents EditorialAdalberto Dias de Carvalho Titula\u00e7\u00e3o de neg\u00f3cios jur\u00eddicos por documento particular autenticadoLu\u00eds Ribeiro Reflex\u00f5es sobre as recentes altera\u00e7\u00f5es ao Regime do Arrendamento Urbano \u2013 Perspetivas FuturasLu\u00edsa Maria&#46;&#46;&#46;<\/p>\n","protected":false},"author":6,"featured_media":0,"parent":0,"menu_order":0,"comment_status":"closed","ping_status":"closed","template":"","meta":{"footnotes":""},"class_list":["post-120","page","type-page","status-publish","hentry"],"_links":{"self":[{"href":"https:\/\/percursoseideias.iscet.pt\/index.php\/wp-json\/wp\/v2\/pages\/120","targetHints":{"allow":["GET"]}}],"collection":[{"href":"https:\/\/percursoseideias.iscet.pt\/index.php\/wp-json\/wp\/v2\/pages"}],"about":[{"href":"https:\/\/percursoseideias.iscet.pt\/index.php\/wp-json\/wp\/v2\/types\/page"}],"author":[{"embeddable":true,"href":"https:\/\/percursoseideias.iscet.pt\/index.php\/wp-json\/wp\/v2\/users\/6"}],"replies":[{"embeddable":true,"href":"https:\/\/percursoseideias.iscet.pt\/index.php\/wp-json\/wp\/v2\/comments?post=120"}],"version-history":[{"count":16,"href":"https:\/\/percursoseideias.iscet.pt\/index.php\/wp-json\/wp\/v2\/pages\/120\/revisions"}],"predecessor-version":[{"id":709,"href":"https:\/\/percursoseideias.iscet.pt\/index.php\/wp-json\/wp\/v2\/pages\/120\/revisions\/709"}],"wp:attachment":[{"href":"https:\/\/percursoseideias.iscet.pt\/index.php\/wp-json\/wp\/v2\/media?parent=120"}],"curies":[{"name":"wp","href":"https:\/\/api.w.org\/{rel}","templated":true}]}}