{"id":1072,"date":"2022-03-03T15:35:29","date_gmt":"2022-03-03T15:35:29","guid":{"rendered":"http:\/\/percursoseideias.iscet.pt\/?page_id=1072"},"modified":"2022-03-06T21:19:20","modified_gmt":"2022-03-06T21:19:20","slug":"pi_2011-12_n03-04_ss03-2","status":"publish","type":"page","link":"https:\/\/percursoseideias.iscet.pt\/index.php\/pi_2011-12_n03-04_ss03-2\/","title":{"rendered":"Volumes 3&#038;4 &#8211; 2011\/12 &#8211; Social Service Issue (SS03)"},"content":{"rendered":"\n<div class=\"wp-block-columns is-layout-flex wp-container-core-columns-is-layout-9d6595d7 wp-block-columns-is-layout-flex\">\n<div class=\"wp-block-column is-layout-flow wp-block-column-is-layout-flow\" style=\"flex-basis:20%\">\n<figure class=\"wp-block-image size-large\"><img loading=\"lazy\" decoding=\"async\" width=\"745\" height=\"1024\" src=\"https:\/\/percursoseideias.iscet.pt\/wp-content\/uploads\/2022\/03\/revista-percursos-ideias-3_4_ss-745x1024.png\" alt=\"\" class=\"wp-image-316\" srcset=\"https:\/\/percursoseideias.iscet.pt\/wp-content\/uploads\/2022\/03\/revista-percursos-ideias-3_4_ss-745x1024.png 745w, https:\/\/percursoseideias.iscet.pt\/wp-content\/uploads\/2022\/03\/revista-percursos-ideias-3_4_ss-218x300.png 218w, https:\/\/percursoseideias.iscet.pt\/wp-content\/uploads\/2022\/03\/revista-percursos-ideias-3_4_ss-768x1056.png 768w, https:\/\/percursoseideias.iscet.pt\/wp-content\/uploads\/2022\/03\/revista-percursos-ideias-3_4_ss-1117x1536.png 1117w, https:\/\/percursoseideias.iscet.pt\/wp-content\/uploads\/2022\/03\/revista-percursos-ideias-3_4_ss-1489x2048.png 1489w, https:\/\/percursoseideias.iscet.pt\/wp-content\/uploads\/2022\/03\/revista-percursos-ideias-3_4_ss.png 1844w\" sizes=\"auto, (max-width: 745px) 100vw, 745px\" \/><\/figure>\n\n\n\n<p class=\"has-text-align-center\" style=\"font-size:16px\"><a href=\"https:\/\/percursoseideias.iscet.pt\/index.php\/pi_2011-12_n03-04_ss01-2\/\"><img loading=\"lazy\" decoding=\"async\" width=\"16\" height=\"13\" class=\"wp-image-373\" style=\"width: 16px;\" src=\"https:\/\/percursoseideias.iscet.pt\/wp-content\/uploads\/2022\/03\/DoubleArrow_Left.jpg\" alt=\"\" srcset=\"https:\/\/percursoseideias.iscet.pt\/wp-content\/uploads\/2022\/03\/DoubleArrow_Left.jpg 1150w, https:\/\/percursoseideias.iscet.pt\/wp-content\/uploads\/2022\/03\/DoubleArrow_Left-300x239.jpg 300w, https:\/\/percursoseideias.iscet.pt\/wp-content\/uploads\/2022\/03\/DoubleArrow_Left-1024x816.jpg 1024w, https:\/\/percursoseideias.iscet.pt\/wp-content\/uploads\/2022\/03\/DoubleArrow_Left-768x612.jpg 768w\" sizes=\"auto, (max-width: 16px) 100vw, 16px\" \/><\/a>  <a href=\"https:\/\/percursoseideias.iscet.pt\/index.php\/pi_2011-12_n03-04_ss02-2\/\"><img loading=\"lazy\" decoding=\"async\" width=\"11\" height=\"12\" class=\"wp-image-371\" style=\"width: 11px;\" src=\"https:\/\/percursoseideias.iscet.pt\/wp-content\/uploads\/2022\/03\/Arrow_Left.jpg\" alt=\"\" srcset=\"https:\/\/percursoseideias.iscet.pt\/wp-content\/uploads\/2022\/03\/Arrow_Left.jpg 820w, https:\/\/percursoseideias.iscet.pt\/wp-content\/uploads\/2022\/03\/Arrow_Left-269x300.jpg 269w, https:\/\/percursoseideias.iscet.pt\/wp-content\/uploads\/2022\/03\/Arrow_Left-150x150.jpg 150w, https:\/\/percursoseideias.iscet.pt\/wp-content\/uploads\/2022\/03\/Arrow_Left-768x858.jpg 768w, https:\/\/percursoseideias.iscet.pt\/wp-content\/uploads\/2022\/03\/Arrow_Left-80x80.jpg 80w, https:\/\/percursoseideias.iscet.pt\/wp-content\/uploads\/2022\/03\/Arrow_Left-320x320.jpg 320w\" sizes=\"auto, (max-width: 11px) 100vw, 11px\" \/><\/a>  <a href=\"https:\/\/percursoseideias.iscet.pt\/index.php\/volumes-34-2011-12-social-service-issue\/\">Contents<\/a>  <a href=\"https:\/\/percursoseideias.iscet.pt\/index.php\/pi_2011-12_n03-04_ss04-2\/\"><img loading=\"lazy\" decoding=\"async\" width=\"11\" height=\"12\" class=\"wp-image-372\" style=\"width: 11px;\" src=\"https:\/\/percursoseideias.iscet.pt\/wp-content\/uploads\/2022\/03\/Arrow_Right.jpg\" alt=\"\" srcset=\"https:\/\/percursoseideias.iscet.pt\/wp-content\/uploads\/2022\/03\/Arrow_Right.jpg 820w, https:\/\/percursoseideias.iscet.pt\/wp-content\/uploads\/2022\/03\/Arrow_Right-269x300.jpg 269w, https:\/\/percursoseideias.iscet.pt\/wp-content\/uploads\/2022\/03\/Arrow_Right-150x150.jpg 150w, https:\/\/percursoseideias.iscet.pt\/wp-content\/uploads\/2022\/03\/Arrow_Right-768x858.jpg 768w, https:\/\/percursoseideias.iscet.pt\/wp-content\/uploads\/2022\/03\/Arrow_Right-80x80.jpg 80w, https:\/\/percursoseideias.iscet.pt\/wp-content\/uploads\/2022\/03\/Arrow_Right-320x320.jpg 320w\" sizes=\"auto, (max-width: 11px) 100vw, 11px\" \/><\/a>  <a href=\"https:\/\/percursoseideias.iscet.pt\/index.php\/pi_2011-12_n03-04_ss08-2\/\"><img loading=\"lazy\" decoding=\"async\" width=\"16\" height=\"13\" class=\"wp-image-374\" style=\"width: 16px;\" src=\"https:\/\/percursoseideias.iscet.pt\/wp-content\/uploads\/2022\/03\/DoubleArrow_Right.jpg\" alt=\"\" srcset=\"https:\/\/percursoseideias.iscet.pt\/wp-content\/uploads\/2022\/03\/DoubleArrow_Right.jpg 1150w, https:\/\/percursoseideias.iscet.pt\/wp-content\/uploads\/2022\/03\/DoubleArrow_Right-300x239.jpg 300w, https:\/\/percursoseideias.iscet.pt\/wp-content\/uploads\/2022\/03\/DoubleArrow_Right-1024x816.jpg 1024w, https:\/\/percursoseideias.iscet.pt\/wp-content\/uploads\/2022\/03\/DoubleArrow_Right-768x612.jpg 768w\" sizes=\"auto, (max-width: 16px) 100vw, 16px\" \/><\/a><br><a href=\"https:\/\/percursoseideias.iscet.pt\/index.php\/archive\/\">Archive<\/a><br><a href=\"https:\/\/percursoseideias.iscet.pt\/index.php\/current-issues\/\">Current issue<\/a><\/p>\n<\/div>\n\n\n\n<div class=\"wp-block-column is-layout-flow wp-block-column-is-layout-flow\" style=\"flex-basis:66.66%\">\n<p style=\"font-size:30px\"><strong>Solid\u00e3o na Comunidade Universit\u00e1ria<\/strong><\/p>\n\n\n\n<p class=\"has-medium-font-size\">Doris Macaringue<sup>1<\/sup>, Quit\u00e9ria Cossa<sup>2<\/sup>, C\u00e9lia Buque<sup>2<\/sup>, Gracinda Mataveia<sup>2<\/sup> and Alcides Sitoe<sup><sup>2<\/sup><\/sup><\/p>\n\n\n\n<p style=\"font-size:15px\"><sup>1<\/sup> Instituto Superior de Tecnologias e Gest\u00e3o, Portugal<br><sup>2<\/sup> Universidade Eduardo Mondlane, Maputo, Mozambique<\/p>\n\n\n\n<p style=\"font-size:15px\"><\/p>\n\n\n\n<p style=\"font-size:16px\">To cite this text:<\/p>\n\n\n\n<p style=\"font-size:15px\">Macaringue, D., Cossa, Q., Sitoe, C. B. G. M. A., Sitoe, G. M. A. &amp; Sitoe, A. (2012), Solid\u00e3o na Comunidade Universit\u00e1ria, <em>Percursos &amp; Ideias<\/em>, Vol. 3&amp;4, pp. 21-38.<\/p>\n\n\n\n<p style=\"font-size:15px\"><a href=\"https:\/\/percursoseideias.iscet.pt\/wp-content\/uploads\/2022\/03\/PI_2011-12_N03-04_SS03.pdf\" target=\"_blank\" rel=\"noreferrer noopener\">View full text PDF<\/a> <a href=\"https:\/\/percursoseideias.iscet.pt\/wp-content\/uploads\/2022\/03\/PI_2011-12_N03-04_SS03.pdf\" target=\"_blank\" rel=\"noreferrer noopener\"><img decoding=\"async\" class=\"wp-image-213\" style=\"width: 20px;\" src=\"http:\/\/magano.com\/percursoseideias\/wp-content\/uploads\/2022\/02\/PDF_logo.jpeg\" alt=\"\"><\/a> <\/p>\n\n\n\n<p><strong>Abstract<\/strong><\/p>\n\n\n\n<p style=\"font-size:16px\">This paper aims to diagnose and understand the magnitude of the loneliness phenomenon within the university community and students\u2019 population. The study begins with literature review that contextualizes the phenomenon of loneliness, discusses the reasons associated with its emergence, its implications on individual\u2019s health, development and psycho-social well-being. It discusses the tools used for its measurement (the Portuguese version of the UCLA Loneliness Scale and the Differential Loneliness Scale for Student Population) type of answers and its processing, objectivity\/subjectivity as well as the limitations of the study, in particular with the possible implications of using a tool developed for different socio-cultural and anthropological context. Finally, the study in chapter 5 presents the results produced by gender and education in order to verify the influence of these variables on the survey results. Although, results presented in chapter 5 show, in general, that the situation is not necessarily dramatic, it points out the need to be more aware of the problem. Although results by education and sex do not show clearly, and in a general way, the existence of significant differences between both variables, they do exist in 6 of the 18 questions of the UCLA questionnaire, particularly in what concerns the answers given by the male group.<\/p>\n\n\n\n<p><strong>Keywords<\/strong><\/p>\n\n\n\n<p style=\"font-size:16px\">Loneliness, Identity, University, Intervention.<\/p>\n<\/div>\n<\/div>\n\n\n\n<p><\/p>\n","protected":false},"excerpt":{"rendered":"<p>Contents ArchiveCurrent issue Solid\u00e3o na Comunidade Universit\u00e1ria Doris Macaringue1, Quit\u00e9ria Cossa2, C\u00e9lia Buque2, Gracinda Mataveia2 and Alcides Sitoe2 1 Instituto Superior de Tecnologias e Gest\u00e3o, Portugal2 Universidade Eduardo Mondlane, Maputo, Mozambique To cite this&#46;&#46;&#46;<\/p>\n","protected":false},"author":6,"featured_media":0,"parent":0,"menu_order":0,"comment_status":"closed","ping_status":"closed","template":"","meta":{"footnotes":""},"class_list":["post-1072","page","type-page","status-publish","hentry"],"_links":{"self":[{"href":"https:\/\/percursoseideias.iscet.pt\/index.php\/wp-json\/wp\/v2\/pages\/1072","targetHints":{"allow":["GET"]}}],"collection":[{"href":"https:\/\/percursoseideias.iscet.pt\/index.php\/wp-json\/wp\/v2\/pages"}],"about":[{"href":"https:\/\/percursoseideias.iscet.pt\/index.php\/wp-json\/wp\/v2\/types\/page"}],"author":[{"embeddable":true,"href":"https:\/\/percursoseideias.iscet.pt\/index.php\/wp-json\/wp\/v2\/users\/6"}],"replies":[{"embeddable":true,"href":"https:\/\/percursoseideias.iscet.pt\/index.php\/wp-json\/wp\/v2\/comments?post=1072"}],"version-history":[{"count":5,"href":"https:\/\/percursoseideias.iscet.pt\/index.php\/wp-json\/wp\/v2\/pages\/1072\/revisions"}],"predecessor-version":[{"id":2171,"href":"https:\/\/percursoseideias.iscet.pt\/index.php\/wp-json\/wp\/v2\/pages\/1072\/revisions\/2171"}],"wp:attachment":[{"href":"https:\/\/percursoseideias.iscet.pt\/index.php\/wp-json\/wp\/v2\/media?parent=1072"}],"curies":[{"name":"wp","href":"https:\/\/api.w.org\/{rel}","templated":true}]}}